{"id":3467,"date":"2025-09-23T17:08:36","date_gmt":"2025-09-23T23:08:36","guid":{"rendered":"https:\/\/sanjose.wordcamp.org\/2025\/?page_id=3467"},"modified":"2025-10-27T10:01:07","modified_gmt":"2025-10-27T16:01:07","slug":"contributor-day","status":"publish","type":"page","link":"https:\/\/sanjose.wordcamp.org\/2025\/contributor-day\/","title":{"rendered":"Contributor Day"},"content":{"rendered":"\n<div id=\"top\" class=\"wp-block-group has-global-padding is-layout-constrained wp-block-group-is-layout-constrained\">\n<div class=\"wp-block-columns alignwide is-layout-flex wp-container-core-columns-is-layout-26ad6e46 wp-block-columns-is-layout-flex\" style=\"padding-top:0;padding-bottom:var(--wp--preset--spacing--50)\">\n<div class=\"wp-block-column is-layout-flow wp-block-column-is-layout-flow\" style=\"flex-basis:50%\">\n<h1 class=\"wp-block-heading alignwide has-accent-3-color has-text-color has-link-color wp-elements-e3eda91df181dcef889438faa2525d1e\" style=\"font-size:clamp(2.418rem, 2.418rem + ((1vw - 0.2rem) * 3.621), 4.5rem);font-style:normal;font-weight:1000\">Contributor Day<\/h1>\n\n\n\n<h2 class=\"wp-block-heading alignwide has-x-large-font-size\"><\/h2>\n<\/div>\n\n\n\n<div class=\"wp-block-column is-layout-flow wp-block-column-is-layout-flow\" style=\"flex-basis:50%\">\n<div style=\"height:var(--wp--preset--spacing--20)\" aria-hidden=\"true\" class=\"wp-block-spacer\"><\/div>\n\n\n\n<a href=\"#top\" class=\"back-to-top-button\" aria-label=\"Volver arriba\" title=\"Volver arriba\">\n  <span aria-hidden=\"true\">\u2191<\/span>\n<\/a>\n<\/div>\n<\/div>\n<\/div>\n\n\n\n<div class=\"wp-block-group has-global-padding is-layout-constrained wp-block-group-is-layout-constrained\">\n<div class=\"wp-block-columns alignwide is-layout-flex wp-container-core-columns-is-layout-26ad6e46 wp-block-columns-is-layout-flex\" style=\"padding-top:0;padding-bottom:var(--wp--preset--spacing--50)\">\n<div class=\"wp-block-column is-layout-flow wp-block-column-is-layout-flow\" style=\"flex-basis:100%\">\n<p>\ud83d\udccd Se realiza el <strong>31 de octubre a las 2:00 p.m.<\/strong> en la Universidad Latina, edificio C.<\/p>\n\n\n\n<p>\ud83d\udc99 Est\u00e1 <strong>incluido con tu entrada al WordCamp<\/strong>, as\u00ed que pod\u00e9s participar sin costo adicional.<\/p>\n\n\n\n<h2 class=\"wp-block-heading alignwide has-x-large-font-size\"><strong>\u00bfQu\u00e9 es el contributor Day?<\/strong><\/h2>\n\n\n\n<p>Es un evento que re\u00fane a la comunidad de usuarios de WordPress con el prop\u00f3sito de contribuir al proyecto de c\u00f3digo abierto de WordPress. Esto implica que cualquier persona puede participar, aportando sus conocimientos y esfuerzos para mejorar esta valiosa herramienta.WordPress se sustenta en la colaboraci\u00f3n de personas como nosotros para su desarrollo continuo y \u00e9xito. Por lo tanto, cualquiera puede marcar la diferencia al dedicar incluso solo unas horas de su tiempo para colaborar en este proyecto.<\/p>\n\n\n\n<p>Este a\u00f1o, estamos muy emocionados de anunciar la segunda edici\u00f3n del Contributor Day en San Jos\u00e9, Costa Rica. A pesar de haber celebrado exitosamente 6 WordCamps en nuestro pa\u00eds, esta ocasi\u00f3n marcar\u00e1 un hito especial al tener nuevas mesas de trabajo y reservar un espacio exclusivo para involucrarnos activamente en la contribuci\u00f3n a diversos equipos dentro de la comunidad de WordPress.<\/p>\n\n\n\n<p>Estamos entusiasmados y queremos invitarte a unirte a esta valiosa actividad que hemos preparado con gran dedicaci\u00f3n y cari\u00f1o. Tu participaci\u00f3n har\u00e1 que este evento sea a\u00fan m\u00e1s especial y significativo.&nbsp;<\/p>\n\n\n\n<p><strong>\u00a1Esperamos contar contigo!<\/strong><\/p>\n<\/div>\n<\/div>\n<\/div>\n\n\n\n<div class=\"wp-block-group has-global-padding is-layout-constrained wp-block-group-is-layout-constrained\">\n<div class=\"wp-block-columns alignwide is-layout-flex wp-container-core-columns-is-layout-26ad6e46 wp-block-columns-is-layout-flex\" style=\"padding-top:0;padding-bottom:var(--wp--preset--spacing--50)\">\n<div class=\"wp-block-column is-layout-flow wp-block-column-is-layout-flow\" style=\"flex-basis:100%\">\n<h2 class=\"wp-block-heading alignwide has-x-large-font-size\"><strong>\u00bfCu\u00e1l es el objetivo del contributor day?<\/strong><\/h2>\n\n\n\n<p>El Contributor Day se lleva a cabo con el prop\u00f3sito de fomentar la participaci\u00f3n activa de los asistentes en diversas actividades relacionadas con WordPress. Estas actividades abarcan desde traducciones y participaci\u00f3n en la comunidad hasta la incorporaci\u00f3n de im\u00e1genes en el directorio de WordPress, la identificaci\u00f3n y soluci\u00f3n de errores, y la contribuci\u00f3n de contenido multimedia, como videos, a WordPress TV.&nbsp;<\/p>\n\n\n\n<p>\u00a1Todas estas actividades son una oportunidad excepcional para aprender, colaborar y marcar una diferencia significativa en la comunidad de WordPress!<\/p>\n<\/div>\n<\/div>\n<\/div>\n\n\n\n<div class=\"wp-block-group has-global-padding is-layout-constrained wp-block-group-is-layout-constrained\">\n<div class=\"wp-block-columns alignwide is-layout-flex wp-container-core-columns-is-layout-26ad6e46 wp-block-columns-is-layout-flex\" style=\"padding-top:0;padding-bottom:var(--wp--preset--spacing--50)\">\n<div class=\"wp-block-column is-layout-flow wp-block-column-is-layout-flow\" style=\"flex-basis:100%\">\n<h2 class=\"wp-block-heading alignwide has-x-large-font-size\"><strong>\u00bfQu\u00e9 obtienen los participantes al participar en el contributor day?<\/strong><\/h2>\n\n\n\n<p>El Contributor Day te ofrece la oportunidad de adquirir conocimientos sobre c\u00f3mo contribuir a WordPress, perfeccionar tus habilidades a trav\u00e9s de la colaboraci\u00f3n con otros miembros apasionados de la comunidad y compartir un momento enriquecedor con personas que comparten tu inter\u00e9s por WordPress.&nbsp;<\/p>\n\n\n\n<p>Estas horas se caracterizan por la diversi\u00f3n y la energ\u00eda positiva, brind\u00e1ndote la posibilidad de establecer nuevas amistades y ampliar tu red profesional.<\/p>\n\n\n\n<p>Adem\u00e1s, al participar, tienes la posibilidad de obtener reconocimientos en tus perfiles, como la medalla de \u00abContributor de Fotograf\u00eda\u00bb o \u00abEditor de Traducciones\u00bb. Estos logros no solo destacan tu compromiso, sino que tambi\u00e9n son una forma de mostrar tu contribuci\u00f3n a la comunidad de WordPress.<\/p>\n<\/div>\n<\/div>\n<\/div>\n\n\n\n<div class=\"wp-block-group has-global-padding is-layout-constrained wp-block-group-is-layout-constrained\">\n<div class=\"wp-block-columns alignwide is-layout-flex wp-container-core-columns-is-layout-26ad6e46 wp-block-columns-is-layout-flex\" style=\"padding-top:0;padding-bottom:var(--wp--preset--spacing--50)\">\n<div class=\"wp-block-column is-layout-flow wp-block-column-is-layout-flow\" style=\"flex-basis:100%\">\n<h2 class=\"wp-block-heading alignwide has-x-large-font-size\"><strong>\u00bfEn qu\u00e9 puedes colaborar?<\/strong><\/h2>\n\n\n\n<p>El Contributor Day se organiza en torno a mesas de trabajo, y en cada una de ellas, encontrar\u00e1s una o m\u00e1s personas responsables que estar\u00e1n disponibles para explicar y orientar a todos los asistentes acerca de las actividades planificadas para el evento.<\/p>\n<\/div>\n<\/div>\n<\/div>\n\n\n\n<div class=\"wp-block-group has-global-padding is-layout-constrained wp-block-group-is-layout-constrained\">\n<div class=\"wp-block-columns alignwide is-layout-flex wp-container-core-columns-is-layout-26ad6e46 wp-block-columns-is-layout-flex\" style=\"padding-top:0;padding-bottom:var(--wp--preset--spacing--50)\">\n<div class=\"wp-block-column is-layout-flow wp-block-column-is-layout-flow\" style=\"flex-basis:100%\">\n<h2 class=\"wp-block-heading alignwide has-x-large-font-size\"><strong>\u00bfC\u00f3mo prepararse para el Contributor Day?<\/strong><\/h2>\n\n\n\n<p><strong>Para prepararte para este d\u00eda, se recomienda:<\/strong><br><br>1. Reg\u00edstrate en una cuenta de&nbsp;<strong>wordpress.org<\/strong>. Esta cuenta se puede utilizar para todas las actividades de contribuci\u00f3n.<\/p>\n\n\n\n<p>2. Crea una cuenta en gravatar.com. Si deseas utilizar una imagen o avatar en tu perfil de WordPress, ve a gravatar.com y crea una cuenta utilizando la misma direcci\u00f3n de correo electr\u00f3nico.<\/p>\n\n\n\n<p>3. \u00danete al equipo internacional de Make WordPress en Slack.<\/p>\n\n\n\n<p>\u2013 Para esto, necesitas una invitaci\u00f3n, as\u00ed que, mientras est\u00e1s conectado con tu cuenta de wordpress.org, visita la p\u00e1gina de&nbsp;<a href=\"https:\/\/make.wordpress.org\/chat\/\">WordPress + Slack<\/a>&nbsp;y haz clic en el enlace para recibir la invitaci\u00f3n por correo electr\u00f3nico.<\/p>\n\n\n\n<p>\u2013 Desde el correo electr\u00f3nico, inicia sesi\u00f3n en el equipo de Slack. Para tu direcci\u00f3n de correo electr\u00f3nico, utiliza {nombre de usuario}@chat.wordpress.org, donde {nombre de usuario} es el nombre de usuario que elegiste para wordpress.org. Si es posible, elige el mismo nombre de usuario para Slack.<\/p>\n\n\n\n<p>\u2013 Si lo deseas, tambi\u00e9n puedes&nbsp;<a href=\"https:\/\/slack.com\/downloads\/\">descargar la aplicaci\u00f3n de Slack<\/a>.&nbsp;<\/p>\n\n\n\n<p><strong>4. Una computadora portatil (no olvides el cargador)<\/strong><\/p>\n\n\n\n<p><strong>\u00a1Prep\u00e1rate para unirte y hacer tu aporte!<\/strong><\/p>\n<\/div>\n<\/div>\n<\/div>\n\n\n\n<div class=\"wp-block-group has-global-padding is-layout-constrained wp-block-group-is-layout-constrained\">\n<div class=\"wp-block-columns alignwide is-layout-flex wp-container-core-columns-is-layout-26ad6e46 wp-block-columns-is-layout-flex\" style=\"padding-top:0;padding-bottom:var(--wp--preset--spacing--50)\">\n<div class=\"wp-block-column is-layout-flow wp-block-column-is-layout-flow\" style=\"flex-basis:100%\">\n<h2 class=\"wp-block-heading alignwide has-x-large-font-size\"><strong>Equipos de Colaboraci\u00f3n<\/strong><\/h2>\n\n\n\n<div class=\"wp-block-columns is-layout-flex wp-container-core-columns-is-layout-28f84493 wp-block-columns-is-layout-flex\">\n<div class=\"wp-block-column has-base-background-color has-background is-layout-flow wp-block-column-is-layout-flow\" style=\"padding-top:var(--wp--preset--spacing--30);padding-right:var(--wp--preset--spacing--30);padding-bottom:var(--wp--preset--spacing--30);padding-left:var(--wp--preset--spacing--30);flex-basis:50%\">\n<div class=\"wp-block-group is-vertical is-layout-flex wp-container-core-group-is-layout-fe9cc265 wp-block-group-is-layout-flex\">\n<h2 class=\"wp-block-heading\"><strong>Traducciones<\/strong><\/h2>\n\n\n\n<p>WordPress es utilizado en todo el mundo y en m\u00faltiples idiomas. En esta mesa, nos enfocaremos en traducir WordPress al espa\u00f1ol de Costa Rica, incluyendo plugins, temas y dem\u00e1s documentaci\u00f3n que actualmente est\u00e1 en ingl\u00e9s. Algunos miembros de nuestra comunidad ya tienen experiencia en traducci\u00f3n gracias a eventos pasados de traducci\u00f3n a nivel mundial.<\/p>\n\n\n\n<div class=\"wp-block-buttons is-layout-flex wp-block-buttons-is-layout-flex\">\n<div class=\"wp-block-button\"><a class=\"wp-block-button__link has-accent-2-background-color has-background wp-element-button\" href=\"https:\/\/make.wordpress.org\/polyglots\/handbook\/translating\/how-to-translate\/\" target=\"_blank\" rel=\"noreferrer noopener\">Invol\u00facrate<\/a><\/div>\n<\/div>\n<\/div>\n<\/div>\n\n\n\n<div class=\"wp-block-column has-base-background-color has-background is-layout-flow wp-block-column-is-layout-flow\" style=\"padding-top:var(--wp--preset--spacing--30);padding-right:var(--wp--preset--spacing--30);padding-bottom:var(--wp--preset--spacing--30);padding-left:var(--wp--preset--spacing--30);flex-basis:50%\">\n<div class=\"wp-block-group is-vertical is-layout-flex wp-container-core-group-is-layout-fe9cc265 wp-block-group-is-layout-flex\">\n<h2 class=\"wp-block-heading\"><strong>WP Photo<\/strong><\/h2>\n\n\n\n<p>En este equipo, nos dedicaremos a enriquecer el directorio de WordPress con fotos: https:\/\/wordpress.org\/photos\/, las cuales ser\u00e1n revisadas y aprobadas por colaborares con autoridad de aprobaci\u00f3n de fotos. Para participar, te solicitamos que traigas al menos 5 fotos de buena calidad de resoluci\u00f3n, sin rostros visibles y que cumplan con nuestro c\u00f3digo de conducta.&nbsp;<\/p>\n\n\n\n<div class=\"wp-block-buttons is-layout-flex wp-block-buttons-is-layout-flex\">\n<div class=\"wp-block-button\"><a class=\"wp-block-button__link has-contrast-color has-accent-1-background-color has-text-color has-background has-link-color wp-element-button\" href=\"https:\/\/make.wordpress.org\/photos\/\">Invol\u00facrate<\/a><\/div>\n<\/div>\n<\/div>\n<\/div>\n<\/div>\n\n\n\n<div class=\"wp-block-columns is-layout-flex wp-container-core-columns-is-layout-28f84493 wp-block-columns-is-layout-flex\">\n<div class=\"wp-block-column has-base-background-color has-background is-layout-flow wp-block-column-is-layout-flow\" style=\"padding-top:var(--wp--preset--spacing--30);padding-right:var(--wp--preset--spacing--30);padding-bottom:var(--wp--preset--spacing--30);padding-left:var(--wp--preset--spacing--30);flex-basis:50%\">\n<div class=\"wp-block-group is-vertical is-layout-flex wp-container-core-group-is-layout-fe9cc265 wp-block-group-is-layout-flex\">\n<h2 class=\"wp-block-heading\"><strong>Comunidad<\/strong><\/h2>\n\n\n\n<p>En esta mesa, informaremos a las personas sobre c\u00f3mo pueden contribuir a WordPress, c\u00f3mo organizar Meetups, los roles en un WordCamp (como organizador o voluntario) y responderemos a sus preguntas sobre el funcionamiento de la comunidad. Tambi\u00e9n compartiremos acerca del equipo de Diversidad y los talleres que se realizan dentro de la comunidad global de WordPress.<\/p>\n\n\n\n<div class=\"wp-block-buttons is-layout-flex wp-block-buttons-is-layout-flex\">\n<div class=\"wp-block-button\"><a class=\"wp-block-button__link wp-element-button\" href=\"https:\/\/make.wordpress.org\/community\/2019\/10\/04\/how-to-contribute-to-the-global-community-team\/\" target=\"_blank\" rel=\"noreferrer noopener\">Invol\u00facrate<\/a><\/div>\n<\/div>\n<\/div>\n<\/div>\n\n\n\n<div class=\"wp-block-column has-base-background-color has-background is-layout-flow wp-block-column-is-layout-flow\" style=\"padding-top:var(--wp--preset--spacing--30);padding-right:var(--wp--preset--spacing--30);padding-bottom:var(--wp--preset--spacing--30);padding-left:var(--wp--preset--spacing--30);flex-basis:50%\">\n<div class=\"wp-block-group is-vertical is-layout-flex wp-container-core-group-is-layout-fe9cc265 wp-block-group-is-layout-flex\">\n<h2 class=\"wp-block-heading\"><strong>WordPress TV<\/strong><\/h2>\n\n\n\n<p>En https:\/\/wordpress.tv\/, puedes acceder a una amplia selecci\u00f3n de conferencias de WordCamps, talleres y tutoriales de WordPress de todo el mundo.<\/p>\n\n\n\n<p>\u00bfTe gustar\u00eda colaborar para que las charlas de este WordCamp est\u00e9n disponibles lo m\u00e1s pronto posible para todos?<\/p>\n\n\n\n<div class=\"wp-block-buttons is-layout-flex wp-block-buttons-is-layout-flex\">\n<div class=\"wp-block-button\"><a class=\"wp-block-button__link has-contrast-background-color has-background wp-element-button\" href=\"https:\/\/make.wordpress.org\/tv\/handbook\/about\/contributor-day\/#resources-for-participants\" target=\"_blank\" rel=\"noreferrer noopener\">Invol\u00facrate<\/a><\/div>\n<\/div>\n<\/div>\n<\/div>\n<\/div>\n\n\n\n<div class=\"wp-block-columns is-layout-flex wp-container-core-columns-is-layout-28f84493 wp-block-columns-is-layout-flex\">\n<div class=\"wp-block-column has-base-background-color has-background is-layout-flow wp-block-column-is-layout-flow\" style=\"padding-top:var(--wp--preset--spacing--30);padding-right:var(--wp--preset--spacing--30);padding-bottom:var(--wp--preset--spacing--30);padding-left:var(--wp--preset--spacing--30);flex-basis:50%\">\n<div class=\"wp-block-group is-vertical is-layout-flex wp-container-core-group-is-layout-fe9cc265 wp-block-group-is-layout-flex\">\n<h2 class=\"wp-block-heading\"><strong>Core<\/strong><\/h2>\n\n\n\n<p>Estos equipos se dedican a la contribuci\u00f3n de c\u00f3digo a WordPress. Puedes ayudar a actualizar c\u00f3digo existente, corregir errores y contribuir en PHP, HTML, JavaScript o CSS. Hay tareas disponibles para todos los niveles de experiencia.<\/p>\n\n\n\n<div class=\"wp-block-buttons is-layout-flex wp-block-buttons-is-layout-flex\">\n<div class=\"wp-block-button\"><a class=\"wp-block-button__link has-accent-2-background-color has-background wp-element-button\" href=\"https:\/\/make.wordpress.org\/core\/handbook\/\" target=\"_blank\" rel=\"noreferrer noopener\">Invol\u00facrate<\/a><\/div>\n<\/div>\n<\/div>\n<\/div>\n\n\n\n<div class=\"wp-block-column has-base-background-color has-background is-layout-flow wp-block-column-is-layout-flow\" style=\"padding-top:var(--wp--preset--spacing--30);padding-right:var(--wp--preset--spacing--30);padding-bottom:var(--wp--preset--spacing--30);padding-left:var(--wp--preset--spacing--30);flex-basis:50%\">\n<div class=\"wp-block-group is-vertical is-layout-flex wp-container-core-group-is-layout-fe9cc265 wp-block-group-is-layout-flex\">\n<h2 class=\"wp-block-heading\"><strong>Soporte<\/strong><\/h2>\n\n\n\n<p>Este equipo se encargar\u00e1 de responder preguntas en el foro de WordPress y ayudar a resolver dudas de los usuarios.<\/p>\n\n\n\n<div class=\"wp-block-buttons is-layout-flex wp-block-buttons-is-layout-flex\">\n<div class=\"wp-block-button\"><a class=\"wp-block-button__link has-contrast-color has-accent-1-background-color has-text-color has-background has-link-color wp-element-button\" href=\"https:\/\/make.wordpress.org\/support\/handbook\/getting-started\/getting-started-at-a-contributor-day\/\" target=\"_blank\" rel=\"noreferrer noopener\">Invol\u00facrate<\/a><\/div>\n<\/div>\n<\/div>\n<\/div>\n<\/div>\n\n\n\n<div class=\"wp-block-columns is-layout-flex wp-container-core-columns-is-layout-28f84493 wp-block-columns-is-layout-flex\">\n<div class=\"wp-block-column has-base-background-color has-background is-layout-flow wp-block-column-is-layout-flow\" style=\"padding-top:var(--wp--preset--spacing--30);padding-right:var(--wp--preset--spacing--30);padding-bottom:var(--wp--preset--spacing--30);padding-left:var(--wp--preset--spacing--30);flex-basis:50%\">\n<div class=\"wp-block-group is-vertical is-layout-flex wp-container-core-group-is-layout-fe9cc265 wp-block-group-is-layout-flex\">\n<h2 class=\"wp-block-heading\"><strong>Marketing<\/strong><\/h2>\n\n\n\n<p>El equipo de Marketing promociona WordPress entre los usuarios y colaboradores actuales y futuros.<\/p>\n\n\n\n<div class=\"wp-block-buttons is-layout-flex wp-block-buttons-is-layout-flex\">\n<div class=\"wp-block-button\"><a class=\"wp-block-button__link has-contrast-background-color has-background wp-element-button\" href=\"https:\/\/make.wordpress.org\/marketing\/handbook\/getting-involved\/new-contributor-orientation\/\" target=\"_blank\" rel=\"noreferrer noopener\">Invol\u00facrate<\/a><\/div>\n<\/div>\n<\/div>\n<\/div>\n<\/div>\n<\/div>\n<\/div>\n<\/div>\n","protected":false},"excerpt":{"rendered":"<p>Contributor Day \u2191 \ud83d\udccd Se realiza el 31 de octubre a las 2:00 p.m. en la Universidad Latina, edificio C. \ud83d\udc99 Est\u00e1 incluido con tu entrada al WordCamp, as\u00ed que pod\u00e9s participar sin costo adicional. \u00bfQu\u00e9 es el contributor Day? Es un evento que re\u00fane a la comunidad de usuarios de WordPress con el prop\u00f3sito [&hellip;]<\/p>\n","protected":false},"author":15785048,"featured_media":0,"parent":0,"menu_order":0,"comment_status":"closed","ping_status":"closed","template":"","meta":{"jetpack_post_was_ever_published":false,"footnotes":""},"class_list":["post-3467","page","type-page","status-publish","hentry"],"jetpack_sharing_enabled":true,"_links":{"self":[{"href":"https:\/\/sanjose.wordcamp.org\/2025\/wp-json\/wp\/v2\/pages\/3467","targetHints":{"allow":["GET"]}}],"collection":[{"href":"https:\/\/sanjose.wordcamp.org\/2025\/wp-json\/wp\/v2\/pages"}],"about":[{"href":"https:\/\/sanjose.wordcamp.org\/2025\/wp-json\/wp\/v2\/types\/page"}],"author":[{"embeddable":true,"href":"https:\/\/sanjose.wordcamp.org\/2025\/wp-json\/wp\/v2\/users\/15785048"}],"replies":[{"embeddable":true,"href":"https:\/\/sanjose.wordcamp.org\/2025\/wp-json\/wp\/v2\/comments?post=3467"}],"version-history":[{"count":7,"href":"https:\/\/sanjose.wordcamp.org\/2025\/wp-json\/wp\/v2\/pages\/3467\/revisions"}],"predecessor-version":[{"id":4401,"href":"https:\/\/sanjose.wordcamp.org\/2025\/wp-json\/wp\/v2\/pages\/3467\/revisions\/4401"}],"wp:attachment":[{"href":"https:\/\/sanjose.wordcamp.org\/2025\/wp-json\/wp\/v2\/media?parent=3467"}],"curies":[{"name":"wp","href":"https:\/\/api.w.org\/{rel}","templated":true}]}}