{"id":20,"date":"2024-12-11T03:30:12","date_gmt":"2024-12-11T09:30:12","guid":{"rendered":"https:\/\/sanjose.wordcamp.org\/2025\/code-of-conduct\/"},"modified":"2025-09-04T17:11:58","modified_gmt":"2025-09-04T23:11:58","slug":"codigo-de-conducta","status":"publish","type":"page","link":"https:\/\/sanjose.wordcamp.org\/2025\/codigo-de-conducta\/","title":{"rendered":"C\u00f3digo de conducta"},"content":{"rendered":"\n<div class=\"wp-block-group has-global-padding is-layout-constrained wp-block-group-is-layout-constrained\">\n<div class=\"wp-block-group alignfull is-layout-flow wp-block-group-is-layout-flow\" id=\"top\">\n<div class=\"wp-block-group alignfull has-global-padding is-layout-constrained wp-block-group-is-layout-constrained\" style=\"padding-top:var(--wp--preset--spacing--50);padding-bottom:var(--wp--preset--spacing--50)\">\n<div class=\"wp-block-columns alignwide is-layout-flex wp-container-core-columns-is-layout-26ad6e46 wp-block-columns-is-layout-flex\" style=\"padding-top:0;padding-bottom:var(--wp--preset--spacing--50)\">\n<div class=\"wp-block-column is-layout-flow wp-block-column-is-layout-flow\" style=\"flex-basis:50%\">\n<h1 class=\"wp-block-heading alignwide has-accent-3-color has-text-color has-link-color wp-elements-d23978840fc9240cc90062d2e2978f70\" style=\"font-size:clamp(2.418rem, 2.418rem + ((1vw - 0.2rem) * 3.621), 4.5rem);font-style:normal;font-weight:1000\">C\u00f3digo de Conducta<\/h1>\n\n\n\n<h2 class=\"wp-block-heading alignwide has-x-large-font-size\"><\/h2>\n<\/div>\n\n\n\n<div class=\"wp-block-column is-layout-flow wp-block-column-is-layout-flow\" style=\"flex-basis:50%\">\n<div style=\"height:var(--wp--preset--spacing--20)\" aria-hidden=\"true\" class=\"wp-block-spacer\"><\/div>\n\n\n\n<a href=\"#top\" class=\"back-to-top-button\" aria-label=\"Volver arriba\" title=\"Volver arriba\">\n  <span aria-hidden=\"true\">\u2191<\/span>\n<\/a>\n<\/div>\n<\/div>\n<\/div>\n<\/div>\n<\/div>\n\n\n\n<div class=\"wp-block-columns is-layout-flex wp-container-core-columns-is-layout-28f84493 wp-block-columns-is-layout-flex\">\n<div class=\"wp-block-column has-base-background-color has-background is-layout-flow wp-block-column-is-layout-flow\" style=\"padding-top:var(--wp--preset--spacing--40);padding-right:var(--wp--preset--spacing--30);padding-bottom:var(--wp--preset--spacing--40);padding-left:var(--wp--preset--spacing--30)\">\n<h3 class=\"wp-block-heading has-accent-3-color has-text-color has-link-color wp-elements-1a003978992872c66a443b27cac9cc3b\">1. Prop\u00f3sito<\/h3>\n\n\n\n<p>WordCamp San Jos\u00e9 2025, Costa Rica cree que nuestra comunidad debe estar abierta para todo el mundo. Como tal, estamos comprometidos a proporcionar un ambiente agradable, seguro y acogedor para todos, independientemente de su sexo, orientaci\u00f3n sexual, discapacidad, etnia, religi\u00f3n, sistema operativo preferido, lenguaje de programaci\u00f3n o editor de texto.<\/p>\n\n\n\n<p>Este c\u00f3digo de conducta resume nuestras expectativas para el comportamiento de los participantes, as\u00ed como las consecuencias de un comportamiento inaceptable.<\/p>\n\n\n\n<p>Instamos a todos los patrocinadores, voluntarios, conferenciantes, asistentes y otros participantes a ayudarnos a tener una experiencia de conferencia segura y positiva para todos.<\/p>\n\n\n\n<h3 class=\"wp-block-heading has-accent-3-color has-text-color has-link-color wp-elements-931dfb16efe0a7162088521adfe314ce\">2. Comunidad Open Source<\/h3>\n\n\n\n<p>Un objetivo adicional de este c\u00f3digo de conducta es incrementar la Comunidad Open Source, alentando a los participantes a reconocer y fortalecer las relaciones entre lo que hacemos y la sociedad en general.<\/p>\n\n\n\n<p>Al servicio de este objetivo, los organizadores de WordCamp San Jos\u00e9, Costa Rica tomar\u00e1n notas para realizar nominaciones de los miembros ejemplares de la comunidad durante todo el evento y reconocer\u00e1n a los seleccionados despu\u00e9s de la conferencia en el sitio web.<\/p>\n\n\n\n<p>Queremos saber si ves a alguien que est\u00e1 haciendo un esfuerzo extra para asegurar que nuestra comunidad sea acogedora, amable y alienta a todos los participantes a contribuir en la mayor medida.<\/p>\n\n\n\n<h3 class=\"wp-block-heading has-accent-3-color has-text-color has-link-color wp-elements-0b1ed9aa59e9665fc6d187f89f0bd9ea\">3. Comportamiento esperado<\/h3>\n\n\n\n<ul class=\"wp-block-list\">\n<li>Sea considerado, respetuoso y colaborativo.<\/li>\n\n\n\n<li>Abstenerse de conducta y lenguaje degradante, discriminatorio o de acoso.<\/li>\n\n\n\n<li>Sea consciente de su entorno y de sus compa\u00f1eros. Alerte a los organizadores de la conferencia si usted nota una situaci\u00f3n peligrosa o que alguien est\u00e1 en peligro.<\/li>\n\n\n\n<li>Participe de una manera aut\u00e9ntica y activa. Al hacerlo, usted ayuda a crear WordCamp San Jos\u00e9, Costa Rica y eso cuenta.<\/li>\n<\/ul>\n\n\n\n<h3 class=\"wp-block-heading has-accent-3-color has-text-color has-link-color wp-elements-11deaf19d5cdfd98a6c3d647d82a5c74\">4. Comportamiento inaceptable<\/h3>\n\n\n\n<p>Entre los comportamientos inaceptables se incluyen: intimidaci\u00f3n, acoso, abusivo conducta discriminatoria, despectiva o degradante por parte de cualquier asistentes WordCamp San Jos\u00e9, Costa Rica y eventos relacionados. WordCamp San Jos\u00e9, Costa Rica puede compartir espacios con otras personas; por favor sea respetuoso con todos en estos lugares.<\/p>\n\n\n\n<p>El acoso incluye: comentarios verbales ofensivos relacionados con el g\u00e9nero, la orientaci\u00f3n sexual, la raza, la religi\u00f3n, la discapacidad; uso inadecuado de desnudos y\/o im\u00e1genes sexuales en espacios p\u00fablicos (incluyendo diapositivas en la presentaci\u00f3n); intimidaci\u00f3n deliberada, acecho o siguiente; acosar fotograf\u00eda o grabaci\u00f3n; interrupci\u00f3n sostenida de charlas y otros eventos; contacto f\u00edsico inapropiado y atenci\u00f3n sexual no deseada.<\/p>\n\n\n\n<h3 class=\"wp-block-heading has-accent-3-color has-text-color has-link-color wp-elements-e65fbfc0821c8e5a9ebd20e41cd7d8b3\">5. Consecuencias de un comportamiento inaceptable<\/h3>\n\n\n\n<p>El comportamiento inaceptable no ser\u00e1 tolerado por los dem\u00e1s asistentes, organizadores, personal del evento, patrocinadores u otras personas que compartan espacio con la WordCamp San Jos\u00e9, Costa Rica.<\/p>\n\n\n\n<p>Se espera que ante un comportamiento inaceptable sea detenido inmediatamente.<\/p>\n\n\n\n<p>Si un participante se involucra en una conducta inaceptable, los organizadores de la conferencia pueden tomar cualquier acci\u00f3n que consideren apropiada, hasta la expulsi\u00f3n de la conferencia sin previo aviso o reembolso.<\/p>\n\n\n\n<h3 class=\"wp-block-heading has-accent-3-color has-text-color has-link-color wp-elements-98c4624cf0a4b359990646fc2339ec7b\">6. \u00bfQu\u00e9 hacer si usted es testigo o es objeto de comportamiento inaceptable?<\/h3>\n\n\n\n<p>Si usted est\u00e1 sujeto a un comportamiento inaceptable, nota que alguien est\u00e1 siendo objeto del mismo, o tiene otras preocupaciones, por favor notifique a un organizador de la conferencia tan pronto como le sea posible.<\/p>\n\n\n\n<p>El equipo WordCamp San Jos\u00e9, Costa Rica estar\u00e1 disponible para ayudar a los participantes en el contacto con seguridad o la polic\u00eda local, para proporcionar servicios de acompa\u00f1antes, o para ayudar de otra manera a los que experimenten un comportamiento inaceptable o que se sientan seguros durante la duraci\u00f3n de la conferencia.<\/p>\n\n\n\n<p>Cualquier voluntario puede conectar con un organizador de la conferencia. Tambi\u00e9n puede llegar al mostrador especial de inscripci\u00f3n en el vest\u00edbulo y pedirlo a los organizadores.<\/p>\n\n\n\n<h3 class=\"wp-block-heading has-accent-3-color has-text-color has-link-color wp-elements-1f4f6f3cd502c87ea6bcb97aab6a6019\">7. Alcance<\/h3>\n\n\n\n<p>Esperamos que todos los participantes de la conferencia (patrocinadores, voluntarios, ponentes, asistentes y otros invitados) respeten el c\u00f3digo de conducta en todas las salas y los eventos sociales relacionados.<\/p>\n\n\n\n<h3 class=\"wp-block-heading has-accent-3-color has-text-color has-link-color wp-elements-23921c8dc38fd9ab6d04bba6a89d1de9\">8. Informaci\u00f3n de contacto<\/h3>\n\n\n\n<p>Correo: <strong><a href=\"mailto:sanjose@wordcamp.org\">sanjose@wordcamp.org<\/a><\/strong><\/p>\n\n\n\n<h3 class=\"wp-block-heading has-accent-3-color has-text-color has-link-color wp-elements-cf2fa24293a6575193af276682b4d423\">9. Licencia y atribuci\u00f3n<\/h3>\n\n\n\n<p>Este C\u00f3digo de Conducta est\u00e1 adaptado a nuestro evento partiendo del trabajo del Open Source Bridge. El original est\u00e1 disponible en Open Source Bridge 2018 y est\u00e1 liberado bajo la misma licencia Creative Commons Attribution-ShareAlike.<\/p>\n\n\n\n<h3 class=\"wp-block-heading\">Declaraci\u00f3n sobre eventos sociales o complementarios<\/h3>\n\n\n\n<p>Los eventos sociales y suplementarios est\u00e1n pensados para proporcionar oportunidades de networking y educaci\u00f3n adicional, as\u00ed como una oportunidad para relajarse despu\u00e9s de un WordCamp completo. Tambi\u00e9n deben ser lugares donde los asistentes puedan sentirse seguros y protegidos.<\/p>\n\n\n\n<p>Queremos que disfrutes en estos eventos, y queremos que lo hagas de forma segura. Si experimentas una violaci\u00f3n del C\u00f3digo de Conducta, ves una violaci\u00f3n, est\u00e1s preocupado por el bienestar, la seguridad o el comportamiento de otro asistente, o tienes una pregunta en general (\u00a1entendemos que las violaciones no siempre son obvias!) cont\u00e1ctanos inmediatamente notific\u00e1ndolo a un organizador de WordCamp o enviando un correo electr\u00f3nico a <a href=\"mailto:report@wordcamp.org\">report@wordcamp.org<\/a>. <\/p>\n\n\n\n<p>En los eventos presenciales, si necesitas ayuda o eres incapaz de retirarte de forma c\u00f3moda o segura de una situaci\u00f3n en la que no quieres estar, los organizadores dar\u00e1n prioridad a ayudarte de forma inmediata y discreta. Por ejemplo, si no se encuentra bien, si no se ha organizado el transporte, si est\u00e1 ebrio, si est\u00e1 solo o con alguien en quien no conf\u00eda, si se siente abrumado o si ha sido testigo de una infracci\u00f3n del C\u00f3digo de Conducta. Pida ayuda a cualquier voluntario u organizador cercano.<\/p>\n<\/div>\n<\/div>\n","protected":false},"excerpt":{"rendered":"<p>C\u00f3digo de Conducta \u2191 1. Prop\u00f3sito WordCamp San Jos\u00e9 2025, Costa Rica cree que nuestra comunidad debe estar abierta para todo el mundo. Como tal, estamos comprometidos a proporcionar un ambiente agradable, seguro y acogedor para todos, independientemente de su sexo, orientaci\u00f3n sexual, discapacidad, etnia, religi\u00f3n, sistema operativo preferido, lenguaje de programaci\u00f3n o editor de [&hellip;]<\/p>\n","protected":false},"author":15079632,"featured_media":0,"parent":0,"menu_order":0,"comment_status":"closed","ping_status":"closed","template":"","meta":{"jetpack_post_was_ever_published":false,"footnotes":""},"class_list":["post-20","page","type-page","status-publish","hentry"],"jetpack_sharing_enabled":true,"_links":{"self":[{"href":"https:\/\/sanjose.wordcamp.org\/2025\/wp-json\/wp\/v2\/pages\/20","targetHints":{"allow":["GET"]}}],"collection":[{"href":"https:\/\/sanjose.wordcamp.org\/2025\/wp-json\/wp\/v2\/pages"}],"about":[{"href":"https:\/\/sanjose.wordcamp.org\/2025\/wp-json\/wp\/v2\/types\/page"}],"author":[{"embeddable":true,"href":"https:\/\/sanjose.wordcamp.org\/2025\/wp-json\/wp\/v2\/users\/15079632"}],"replies":[{"embeddable":true,"href":"https:\/\/sanjose.wordcamp.org\/2025\/wp-json\/wp\/v2\/comments?post=20"}],"version-history":[{"count":10,"href":"https:\/\/sanjose.wordcamp.org\/2025\/wp-json\/wp\/v2\/pages\/20\/revisions"}],"predecessor-version":[{"id":3330,"href":"https:\/\/sanjose.wordcamp.org\/2025\/wp-json\/wp\/v2\/pages\/20\/revisions\/3330"}],"wp:attachment":[{"href":"https:\/\/sanjose.wordcamp.org\/2025\/wp-json\/wp\/v2\/media?parent=20"}],"curies":[{"name":"wp","href":"https:\/\/api.w.org\/{rel}","templated":true}]}}