{"id":2988,"date":"2024-10-12T15:53:37","date_gmt":"2024-10-12T21:53:37","guid":{"rendered":"https:\/\/sanjose.wordcamp.org\/2024\/?page_id=2988"},"modified":"2024-10-12T16:06:10","modified_gmt":"2024-10-12T22:06:10","slug":"after-party","status":"publish","type":"page","link":"https:\/\/sanjose.wordcamp.org\/2024\/after-party\/","title":{"rendered":"After Party"},"content":{"rendered":"\n<h2 class=\"wp-block-heading\">El Muro Art Pub<\/h2>\n\n\n\n<p><strong><a href=\"https:\/\/www.google.com\/search?sca_esv=e03db10f84c1bc64&amp;rlz=1C1CHBF_esCR1088CR1088&amp;sxsrf=ADLYWIKrCQsEDqWAz-8Mne8KoYWAS8LdVw:1728769769598&amp;q=el+muro+art+pub+direcci%C3%B3n&amp;ludocid=16394304365950737055&amp;sa=X&amp;sqi=2&amp;ved=2ahUKEwj8uo-g6YmJAxUQQjABHU_pBJcQ6BN6BAgoEAI\">Direcci\u00f3n<\/a>:&nbsp;<\/strong>25 al norte del parque Moraz\u00e1n, San Jos\u00e9, 10101<\/p>\n\n\n\n<p><a href=\"https:\/\/www.waze.com\/es-419\/live-map\/directions?to=ll.9.93634%2C-84.075172\">https:\/\/www.waze.com\/es-419\/live-map\/directions?to=ll.9.93634%2C-84.075172<\/a><\/p>\n\n\n\n<p><\/p>\n\n\n\n<p>*Frente al lugar hay un parqueo p\u00fablico (de pago)<\/p>\n","protected":false},"excerpt":{"rendered":"<p>El Muro Art Pub Direcci\u00f3n:&nbsp;25 al norte del parque Moraz\u00e1n, San Jos\u00e9, 10101 https:\/\/www.waze.com\/es-419\/live-map\/directions?to=ll.9.93634%2C-84.075172 *Frente al lugar hay un parqueo p\u00fablico (de pago)<\/p>\n","protected":false},"author":21001864,"featured_media":0,"parent":0,"menu_order":0,"comment_status":"closed","ping_status":"closed","template":"","meta":{"jetpack_post_was_ever_published":false,"footnotes":""},"class_list":["post-2988","page","type-page","status-publish","hentry"],"jetpack_sharing_enabled":true,"_links":{"self":[{"href":"https:\/\/sanjose.wordcamp.org\/2024\/wp-json\/wp\/v2\/pages\/2988","targetHints":{"allow":["GET"]}}],"collection":[{"href":"https:\/\/sanjose.wordcamp.org\/2024\/wp-json\/wp\/v2\/pages"}],"about":[{"href":"https:\/\/sanjose.wordcamp.org\/2024\/wp-json\/wp\/v2\/types\/page"}],"author":[{"embeddable":true,"href":"https:\/\/sanjose.wordcamp.org\/2024\/wp-json\/wp\/v2\/users\/21001864"}],"replies":[{"embeddable":true,"href":"https:\/\/sanjose.wordcamp.org\/2024\/wp-json\/wp\/v2\/comments?post=2988"}],"version-history":[{"count":4,"href":"https:\/\/sanjose.wordcamp.org\/2024\/wp-json\/wp\/v2\/pages\/2988\/revisions"}],"predecessor-version":[{"id":2994,"href":"https:\/\/sanjose.wordcamp.org\/2024\/wp-json\/wp\/v2\/pages\/2988\/revisions\/2994"}],"wp:attachment":[{"href":"https:\/\/sanjose.wordcamp.org\/2024\/wp-json\/wp\/v2\/media?parent=2988"}],"curies":[{"name":"wp","href":"https:\/\/api.w.org\/{rel}","templated":true}]}}