{"id":20,"date":"2024-02-19T19:14:09","date_gmt":"2024-02-20T01:14:09","guid":{"rendered":"https:\/\/sanjose.wordcamp.org\/2024\/code-of-conduct\/"},"modified":"2024-07-27T10:57:12","modified_gmt":"2024-07-27T16:57:12","slug":"code-of-conduct","status":"publish","type":"page","link":"https:\/\/sanjose.wordcamp.org\/2024\/code-of-conduct\/","title":{"rendered":"C\u00f3digo de conducta"},"content":{"rendered":"\n<figure class=\"wp-block-image alignfull size-full\"><img loading=\"lazy\" decoding=\"async\" width=\"2560\" height=\"633\" src=\"https:\/\/sanjose.wordcamp.org\/2024\/files\/2024\/07\/Banners-WCSJ24-Website_CodigoConducta-scaled.jpg\" alt=\"\" class=\"wp-image-1213\" srcset=\"https:\/\/sanjose.wordcamp.org\/2024\/files\/2024\/07\/Banners-WCSJ24-Website_CodigoConducta-scaled.jpg 2560w, https:\/\/sanjose.wordcamp.org\/2024\/files\/2024\/07\/Banners-WCSJ24-Website_CodigoConducta-300x74.jpg 300w, https:\/\/sanjose.wordcamp.org\/2024\/files\/2024\/07\/Banners-WCSJ24-Website_CodigoConducta-1024x253.jpg 1024w, https:\/\/sanjose.wordcamp.org\/2024\/files\/2024\/07\/Banners-WCSJ24-Website_CodigoConducta-768x190.jpg 768w, https:\/\/sanjose.wordcamp.org\/2024\/files\/2024\/07\/Banners-WCSJ24-Website_CodigoConducta-500x124.jpg 500w, https:\/\/sanjose.wordcamp.org\/2024\/files\/2024\/07\/Banners-WCSJ24-Website_CodigoConducta-1536x380.jpg 1536w, https:\/\/sanjose.wordcamp.org\/2024\/files\/2024\/07\/Banners-WCSJ24-Website_CodigoConducta-2048x507.jpg 2048w\" sizes=\"auto, (max-width: 2560px) 100vw, 2560px\" \/><\/figure>\n\n\n\n<div class=\"wp-block-group alignwide has-global-padding is-layout-constrained wp-container-core-group-is-layout-1629ea14 wp-block-group-is-layout-constrained\">\n<div style=\"height:100px\" aria-hidden=\"true\" class=\"wp-block-spacer\"><\/div>\n\n\n\n<h3 class=\"wp-block-heading\"><strong>1. Prop\u00f3sito<\/strong><\/h3>\n\n\n\n<p class=\"has-contrast-color has-text-color has-dm-sans-font-family\" style=\"font-size:clamp(14.082px, 0.88rem + ((1vw - 3.2px) * 0.721), 21px);font-style:normal;font-weight:400\">WordCamp San Jos\u00e9, Costa Rica cree que nuestra comunidad debe estar abierta para todo el mundo. Como tal, estamos comprometidos a proporcionar un ambiente agradable, seguro y acogedor para todos, independientemente de su sexo, orientaci\u00f3n sexual, discapacidad, etnia, religi\u00f3n, sistema operativo preferido, lenguaje de programaci\u00f3n o editor de texto.<\/p>\n\n\n\n<p class=\"has-contrast-color has-text-color has-dm-sans-font-family\" style=\"font-size:clamp(14.082px, 0.88rem + ((1vw - 3.2px) * 0.721), 21px);font-style:normal;font-weight:400\">Este c\u00f3digo de conducta resume nuestras expectativas para el comportamiento de los participantes, as\u00ed como las consecuencias de un comportamiento inaceptable.<\/p>\n\n\n\n<p class=\"has-contrast-color has-text-color has-dm-sans-font-family\" style=\"font-size:clamp(14.082px, 0.88rem + ((1vw - 3.2px) * 0.721), 21px);font-style:normal;font-weight:400\">Instamos a todos los patrocinadores, voluntarios, conferenciantes, asistentes y otros participantes a ayudarnos a tener una experiencia de conferencia segura y positiva para todos.<\/p>\n\n\n\n<h3 class=\"wp-block-heading has-contrast-color has-text-color has-dm-sans-font-family\" style=\"font-size:clamp(18.959px, 1.185rem + ((1vw - 3.2px) * 1.15), 30px);font-style:normal;font-weight:800\">2. Comunidad Open Source<\/h3>\n\n\n\n<p class=\"has-contrast-color has-text-color has-dm-sans-font-family\" style=\"font-size:clamp(14.082px, 0.88rem + ((1vw - 3.2px) * 0.721), 21px);font-style:normal;font-weight:400\">Un objetivo adicional de este c\u00f3digo de conducta es incrementar la Comunidad Open Source, alentando a los participantes a reconocer y fortalecer las relaciones entre lo que hacemos y la sociedad en general.<\/p>\n\n\n\n<p class=\"has-contrast-color has-text-color has-dm-sans-font-family\" style=\"font-size:clamp(14.082px, 0.88rem + ((1vw - 3.2px) * 0.721), 21px);font-style:normal;font-weight:400\">Al servicio de este objetivo, los organizadores de WordCamp San Jos\u00e9, Costa Rica tomar\u00e1n notas para realizar nominaciones de los miembros ejemplares de la comunidad durante todo el evento y reconocer\u00e1n a los seleccionados despu\u00e9s de la conferencia en el sitio web.<\/p>\n\n\n\n<p class=\"has-contrast-color has-text-color has-dm-sans-font-family\" style=\"font-size:clamp(14.082px, 0.88rem + ((1vw - 3.2px) * 0.721), 21px);font-style:normal;font-weight:400\">Queremos saber si ves a alguien que est\u00e1 haciendo un esfuerzo extra para asegurar que nuestra comunidad sea acogedora, amable y alienta a todos los participantes a contribuir en la mayor medida.<\/p>\n\n\n\n<h3 class=\"wp-block-heading has-contrast-color has-text-color has-dm-sans-font-family\" style=\"font-size:clamp(18.959px, 1.185rem + ((1vw - 3.2px) * 1.15), 30px);font-style:normal;font-weight:800\">3. Comportamiento esperado<\/h3>\n\n\n\n<ul class=\"wp-block-list has-contrast-color has-text-color has-dm-sans-font-family\">\n<li style=\"font-size:clamp(14.082px, 0.88rem + ((1vw - 3.2px) * 0.721), 21px);\" class=\"has-dm-sans-font-family\">Sea considerado, respetuoso y colaborativo.<\/li>\n\n\n\n<li style=\"font-size:clamp(14.082px, 0.88rem + ((1vw - 3.2px) * 0.721), 21px);\" class=\"has-dm-sans-font-family\">Abstenerse de conducta y lenguaje degradante, discriminatorio o de acoso.<\/li>\n\n\n\n<li style=\"font-size:clamp(14.082px, 0.88rem + ((1vw - 3.2px) * 0.721), 21px);\" class=\"has-dm-sans-font-family\">Sea consciente de su entorno y de sus compa\u00f1eros. Alerte a los organizadores de la conferencia si usted nota una situaci\u00f3n peligrosa o que alguien est\u00e1 en peligro.<\/li>\n\n\n\n<li style=\"font-size:clamp(14.082px, 0.88rem + ((1vw - 3.2px) * 0.721), 21px);\" class=\"has-dm-sans-font-family\">Participe de una manera aut\u00e9ntica y activa. Al hacerlo, usted ayuda a crear WordCamp San Jos\u00e9, Costa Rica y eso cuenta.<\/li>\n<\/ul>\n\n\n\n<h3 class=\"wp-block-heading has-contrast-color has-text-color has-dm-sans-font-family\" style=\"font-size:clamp(18.959px, 1.185rem + ((1vw - 3.2px) * 1.15), 30px);font-style:normal;font-weight:800\">4. Comportamiento inaceptable<\/h3>\n\n\n\n<p class=\"has-contrast-color has-text-color has-dm-sans-font-family\">Entre los comportamientos inaceptables se incluyen: intimidaci\u00f3n, acoso, abusivo conducta discriminatoria, despectiva o degradante por parte de cualquier asistentes WordCamp San Jos\u00e9, Costa Rica y eventos relacionados. Lugares WordCamp San Jos\u00e9, Costa Rica puede compartir espacios con otras personas; por favor ser respetuoso con todos en estos lugares.<\/p>\n\n\n\n<p class=\"has-contrast-color has-text-color has-dm-sans-font-family\">El acoso incluye: comentarios verbales ofensivos relacionados con el g\u00e9nero, la orientaci\u00f3n sexual, la raza, la religi\u00f3n, la discapacidad; uso inadecuado de desnudos y\/o im\u00e1genes sexuales en espacios p\u00fablicos (incluyendo diapositivas en la presentaci\u00f3n); intimidaci\u00f3n deliberada, acecho o siguiente; acosar fotograf\u00eda o grabaci\u00f3n; interrupci\u00f3n sostenida de charlas y otros eventos; contacto f\u00edsico inapropiado y atenci\u00f3n sexual no deseada.<\/p>\n\n\n\n<h3 class=\"wp-block-heading has-contrast-color has-text-color has-dm-sans-font-family\" style=\"font-size:clamp(18.959px, 1.185rem + ((1vw - 3.2px) * 1.15), 30px);font-style:normal;font-weight:800\">5. Consecuencias de un comportamiento inaceptable<\/h3>\n\n\n\n<p class=\"has-contrast-color has-text-color has-dm-sans-font-family\" style=\"font-style:normal;font-weight:400\">El comportamiento inaceptable no ser\u00e1 tolerado por los dem\u00e1s asistentes, organizadores, personal del evento, patrocinadores u otras personas que compartan espacio con la WordCamp San Jos\u00e9, Costa Rica.<\/p>\n\n\n\n<p class=\"has-contrast-color has-text-color has-dm-sans-font-family\" style=\"font-style:normal;font-weight:400\">Se espera que ante un comportamiento inaceptable sea detenido inmediatamente.<\/p>\n\n\n\n<p class=\"has-contrast-color has-text-color has-dm-sans-font-family\" style=\"font-style:normal;font-weight:400\">Si un participante se involucra en una conducta inaceptable, los organizadores de la conferencia pueden tomar cualquier acci\u00f3n que consideren apropiada, hasta la expulsi\u00f3n de la conferencia sin previo aviso o reembolso.<\/p>\n\n\n\n<h3 class=\"wp-block-heading has-contrast-color has-text-color has-dm-sans-font-family\" style=\"font-size:clamp(18.959px, 1.185rem + ((1vw - 3.2px) * 1.15), 30px);font-style:normal;font-weight:800\">6. \u00bfQu\u00e9 hacer si usted es testigo o es objeto de comportamiento inaceptable?<\/h3>\n\n\n\n<p class=\"has-contrast-color has-text-color has-dm-sans-font-family\" style=\"font-size:clamp(14.082px, 0.88rem + ((1vw - 3.2px) * 0.721), 21px);font-style:normal;font-weight:400\">Si usted est\u00e1 sujeto a un comportamiento inaceptable, nota que alguien est\u00e1 siendo objeto del mismo, o tiene otras preocupaciones, por favor notifique a un organizador de la conferencia tan pronto como le sea posible.<\/p>\n\n\n\n<p class=\"has-contrast-color has-text-color has-dm-sans-font-family\" style=\"font-size:clamp(14.082px, 0.88rem + ((1vw - 3.2px) * 0.721), 21px);font-style:normal;font-weight:400\">El equipo WordCamp San Jos\u00e9, Costa Rica estar\u00e1 disponible para ayudar a los participantes en el contacto con seguridad o la polic\u00eda local, para proporcionar servicios de acompa\u00f1antes, o para ayudar de otra manera a los que experimenten un comportamiento inaceptable o que se sientan seguros durante la duraci\u00f3n de la conferencia.<\/p>\n\n\n\n<p class=\"has-contrast-color has-text-color has-dm-sans-font-family\" style=\"font-size:clamp(14.082px, 0.88rem + ((1vw - 3.2px) * 0.721), 21px);font-style:normal;font-weight:400\">Cualquier voluntario puede conectar con un organizador de la conferencia. Tambi\u00e9n puede llegar al mostrador especial de inscripci\u00f3n en el vest\u00edbulo y pedirlo a los organizadores.<\/p>\n\n\n\n<h3 class=\"wp-block-heading has-contrast-color has-text-color has-dm-sans-font-family\" style=\"font-size:clamp(18.959px, 1.185rem + ((1vw - 3.2px) * 1.15), 30px);font-style:normal;font-weight:800\">7. Alcance<\/h3>\n\n\n\n<p class=\"has-contrast-color has-text-color has-dm-sans-font-family\" style=\"font-size:clamp(14.082px, 0.88rem + ((1vw - 3.2px) * 0.721), 21px);font-style:normal;font-weight:400\">Esperamos que todos los participantes de la conferencia (patrocinadores, voluntarios, ponentes, asistentes y otros invitados) respeten el c\u00f3digo de conducta en todas las salas y los eventos sociales relacionados.<\/p>\n\n\n\n<h3 class=\"wp-block-heading has-contrast-color has-text-color has-dm-sans-font-family\" style=\"font-size:clamp(18.959px, 1.185rem + ((1vw - 3.2px) * 1.15), 30px);font-style:normal;font-weight:800\">8. Informaci\u00f3n de contacto<\/h3>\n\n\n\n<p class=\"has-contrast-color has-text-color\">Correo: <strong>sanjose@wordcamp.org<\/strong><\/p>\n\n\n\n<h3 class=\"wp-block-heading has-contrast-color has-text-color has-dm-sans-font-family\" style=\"font-size:clamp(18.959px, 1.185rem + ((1vw - 3.2px) * 1.15), 30px);font-style:normal;font-weight:800\">9. Licencia y atribuci\u00f3n<\/h3>\n\n\n\n<p>Este C\u00f3digo de Conducta est\u00e1 adaptado a nuestro evento partiendo del trabajo del Open Source Bridge. El original est\u00e1 disponible en Open Source Bridge 2018 y est\u00e1 liberado bajo la misma licencia Creative Commons Attribution-ShareAlike.<\/p>\n\n\n\n<div style=\"height:100px\" aria-hidden=\"true\" class=\"wp-block-spacer\"><\/div>\n<\/div>\n","protected":false},"excerpt":{"rendered":"<p>1. Prop\u00f3sito WordCamp San Jos\u00e9, Costa Rica cree que nuestra comunidad debe estar abierta para todo el mundo. Como tal, estamos comprometidos a proporcionar un ambiente agradable, seguro y acogedor para todos, independientemente de su sexo, orientaci\u00f3n sexual, discapacidad, etnia, religi\u00f3n, sistema operativo preferido, lenguaje de programaci\u00f3n o editor de texto. Este c\u00f3digo de conducta [&hellip;]<\/p>\n","protected":false},"author":20697526,"featured_media":0,"parent":0,"menu_order":0,"comment_status":"closed","ping_status":"closed","template":"page-no-title","meta":{"jetpack_post_was_ever_published":false,"footnotes":""},"class_list":["post-20","page","type-page","status-publish","hentry"],"jetpack_sharing_enabled":true,"_links":{"self":[{"href":"https:\/\/sanjose.wordcamp.org\/2024\/wp-json\/wp\/v2\/pages\/20","targetHints":{"allow":["GET"]}}],"collection":[{"href":"https:\/\/sanjose.wordcamp.org\/2024\/wp-json\/wp\/v2\/pages"}],"about":[{"href":"https:\/\/sanjose.wordcamp.org\/2024\/wp-json\/wp\/v2\/types\/page"}],"author":[{"embeddable":true,"href":"https:\/\/sanjose.wordcamp.org\/2024\/wp-json\/wp\/v2\/users\/20697526"}],"replies":[{"embeddable":true,"href":"https:\/\/sanjose.wordcamp.org\/2024\/wp-json\/wp\/v2\/comments?post=20"}],"version-history":[{"count":9,"href":"https:\/\/sanjose.wordcamp.org\/2024\/wp-json\/wp\/v2\/pages\/20\/revisions"}],"predecessor-version":[{"id":1310,"href":"https:\/\/sanjose.wordcamp.org\/2024\/wp-json\/wp\/v2\/pages\/20\/revisions\/1310"}],"wp:attachment":[{"href":"https:\/\/sanjose.wordcamp.org\/2024\/wp-json\/wp\/v2\/media?parent=20"}],"curies":[{"name":"wp","href":"https:\/\/api.w.org\/{rel}","templated":true}]}}