{"id":1377,"date":"2024-07-27T23:23:18","date_gmt":"2024-07-28T05:23:18","guid":{"rendered":"https:\/\/sanjose.wordcamp.org\/2024\/?page_id=1377"},"modified":"2024-09-09T12:38:31","modified_gmt":"2024-09-09T18:38:31","slug":"noticias","status":"publish","type":"page","link":"https:\/\/sanjose.wordcamp.org\/2024\/noticias\/","title":{"rendered":"Noticias"},"content":{"rendered":"\n<figure class=\"wp-block-image alignfull size-full\"><img loading=\"lazy\" decoding=\"async\" width=\"1940\" height=\"480\" src=\"https:\/\/sanjose.wordcamp.org\/2024\/files\/2024\/07\/Banners-WCSJ24-Website9_Mesa-de-trabajo-1-copia-8.png\" alt=\"\" class=\"wp-image-1379\" srcset=\"https:\/\/sanjose.wordcamp.org\/2024\/files\/2024\/07\/Banners-WCSJ24-Website9_Mesa-de-trabajo-1-copia-8.png 1940w, https:\/\/sanjose.wordcamp.org\/2024\/files\/2024\/07\/Banners-WCSJ24-Website9_Mesa-de-trabajo-1-copia-8-300x74.png 300w, https:\/\/sanjose.wordcamp.org\/2024\/files\/2024\/07\/Banners-WCSJ24-Website9_Mesa-de-trabajo-1-copia-8-1024x253.png 1024w, https:\/\/sanjose.wordcamp.org\/2024\/files\/2024\/07\/Banners-WCSJ24-Website9_Mesa-de-trabajo-1-copia-8-768x190.png 768w, https:\/\/sanjose.wordcamp.org\/2024\/files\/2024\/07\/Banners-WCSJ24-Website9_Mesa-de-trabajo-1-copia-8-500x124.png 500w, https:\/\/sanjose.wordcamp.org\/2024\/files\/2024\/07\/Banners-WCSJ24-Website9_Mesa-de-trabajo-1-copia-8-1536x380.png 1536w\" sizes=\"auto, (max-width: 1940px) 100vw, 1940px\" \/><\/figure>\n\n\n\n<div style=\"height:100px\" aria-hidden=\"true\" class=\"wp-block-spacer\"><\/div>\n\n\n\n<div class=\"wp-block-query alignwide is-layout-flow wp-block-query-is-layout-flow\"><ul class=\"columns-3 wp-block-post-template is-layout-grid wp-container-core-post-template-is-layout-6d3fbd8f wp-block-post-template-is-layout-grid\"><li class=\"wp-block-post post-2798 post type-post status-publish format-standard has-post-thumbnail hentry category-noticias\">\n<figure class=\"wp-block-post-featured-image\"><img loading=\"lazy\" decoding=\"async\" width=\"1080\" height=\"1080\" src=\"https:\/\/sanjose.wordcamp.org\/2024\/files\/2024\/10\/Agradecimiento-a-WordPress.png\" class=\"attachment-post-thumbnail size-post-thumbnail wp-post-image\" alt=\"\" style=\"object-fit:cover;\" srcset=\"https:\/\/sanjose.wordcamp.org\/2024\/files\/2024\/10\/Agradecimiento-a-WordPress.png 1080w, https:\/\/sanjose.wordcamp.org\/2024\/files\/2024\/10\/Agradecimiento-a-WordPress-300x300.png 300w, https:\/\/sanjose.wordcamp.org\/2024\/files\/2024\/10\/Agradecimiento-a-WordPress-1024x1024.png 1024w, https:\/\/sanjose.wordcamp.org\/2024\/files\/2024\/10\/Agradecimiento-a-WordPress-150x150.png 150w, https:\/\/sanjose.wordcamp.org\/2024\/files\/2024\/10\/Agradecimiento-a-WordPress-768x768.png 768w\" sizes=\"auto, (max-width: 1080px) 100vw, 1080px\" \/><\/figure>\n\n<div class=\"wp-block-post-date\"><time datetime=\"2024-10-07T11:50:30-06:00\"><a href=\"https:\/\/sanjose.wordcamp.org\/2024\/agradecimiento-a-wordpress-com-por-su-patrocinio-en-el-wordcamp-san-jose-2024\/\">7 de octubre de 2024<\/a><\/time><\/div>\n\n<h2 class=\"wp-block-post-title\"><a href=\"https:\/\/sanjose.wordcamp.org\/2024\/agradecimiento-a-wordpress-com-por-su-patrocinio-en-el-wordcamp-san-jose-2024\/\" target=\"_self\" >Agradecimiento a WordPress.com por su patrocinio en el WordCamp San Jos\u00e9 2024<\/a><\/h2>\n<\/li><li class=\"wp-block-post post-2389 post type-post status-publish format-standard has-post-thumbnail hentry category-patrocinadores\">\n<figure class=\"wp-block-post-featured-image\"><img loading=\"lazy\" decoding=\"async\" width=\"1080\" height=\"1080\" src=\"https:\/\/sanjose.wordcamp.org\/2024\/files\/2024\/09\/codingraph.png\" class=\"attachment-post-thumbnail size-post-thumbnail wp-post-image\" alt=\"\" style=\"object-fit:cover;\" srcset=\"https:\/\/sanjose.wordcamp.org\/2024\/files\/2024\/09\/codingraph.png 1080w, https:\/\/sanjose.wordcamp.org\/2024\/files\/2024\/09\/codingraph-300x300.png 300w, https:\/\/sanjose.wordcamp.org\/2024\/files\/2024\/09\/codingraph-1024x1024.png 1024w, https:\/\/sanjose.wordcamp.org\/2024\/files\/2024\/09\/codingraph-150x150.png 150w, https:\/\/sanjose.wordcamp.org\/2024\/files\/2024\/09\/codingraph-768x768.png 768w\" sizes=\"auto, (max-width: 1080px) 100vw, 1080px\" \/><\/figure>\n\n<div class=\"wp-block-post-date\"><time datetime=\"2024-09-24T08:03:50-06:00\"><a href=\"https:\/\/sanjose.wordcamp.org\/2024\/codingraph-impulsando-el-talento-tecnologico-en-el-wordcamp-san-jose-2024\/\">24 de septiembre de 2024<\/a><\/time><\/div>\n\n<h2 class=\"wp-block-post-title\"><a href=\"https:\/\/sanjose.wordcamp.org\/2024\/codingraph-impulsando-el-talento-tecnologico-en-el-wordcamp-san-jose-2024\/\" target=\"_self\" >Codingraph: impulsando el talento tecnol\u00f3gico en el WordCamp San Jos\u00e9 2024<\/a><\/h2>\n<\/li><li class=\"wp-block-post post-1801 post type-post status-publish format-standard has-post-thumbnail hentry category-noticias\">\n<figure class=\"wp-block-post-featured-image\"><img loading=\"lazy\" decoding=\"async\" width=\"1210\" height=\"680\" src=\"https:\/\/sanjose.wordcamp.org\/2024\/files\/2024\/08\/Fotos-Grupa-WCSJ2023-2-2.jpg\" class=\"attachment-post-thumbnail size-post-thumbnail wp-post-image\" alt=\"Fotos Grupal WordCamp San Jos\u00e9\" style=\"object-fit:cover;\" srcset=\"https:\/\/sanjose.wordcamp.org\/2024\/files\/2024\/08\/Fotos-Grupa-WCSJ2023-2-2.jpg 1210w, https:\/\/sanjose.wordcamp.org\/2024\/files\/2024\/08\/Fotos-Grupa-WCSJ2023-2-2-300x169.jpg 300w, https:\/\/sanjose.wordcamp.org\/2024\/files\/2024\/08\/Fotos-Grupa-WCSJ2023-2-2-1024x575.jpg 1024w, https:\/\/sanjose.wordcamp.org\/2024\/files\/2024\/08\/Fotos-Grupa-WCSJ2023-2-2-768x432.jpg 768w, https:\/\/sanjose.wordcamp.org\/2024\/files\/2024\/08\/Fotos-Grupa-WCSJ2023-2-2-500x281.jpg 500w\" sizes=\"auto, (max-width: 1210px) 100vw, 1210px\" \/><\/figure>\n\n<div class=\"wp-block-post-date\"><time datetime=\"2024-08-28T10:00:00-06:00\"><a href=\"https:\/\/sanjose.wordcamp.org\/2024\/descubre-las-novedades-del-wordcamp-san-jose-2024\/\">28 de agosto de 2024<\/a><\/time><\/div>\n\n<h2 class=\"wp-block-post-title\"><a href=\"https:\/\/sanjose.wordcamp.org\/2024\/descubre-las-novedades-del-wordcamp-san-jose-2024\/\" target=\"_self\" >Descubre las novedades del WordCamp San Jos\u00e9 2024<\/a><\/h2>\n<\/li><li class=\"wp-block-post post-1755 post type-post status-publish format-standard has-post-thumbnail hentry category-patrocinadores\">\n<figure class=\"wp-block-post-featured-image\"><img loading=\"lazy\" decoding=\"async\" width=\"1755\" height=\"1755\" src=\"https:\/\/sanjose.wordcamp.org\/2024\/files\/2024\/08\/WCSJ-Post-Agradecimiento-Patrocinadores.png\" class=\"attachment-post-thumbnail size-post-thumbnail wp-post-image\" alt=\"Agradecimiento a bluehost. WordCamp San Jos\u00e9 2024\" style=\"object-fit:cover;\" srcset=\"https:\/\/sanjose.wordcamp.org\/2024\/files\/2024\/08\/WCSJ-Post-Agradecimiento-Patrocinadores.png 1755w, https:\/\/sanjose.wordcamp.org\/2024\/files\/2024\/08\/WCSJ-Post-Agradecimiento-Patrocinadores-300x300.png 300w, https:\/\/sanjose.wordcamp.org\/2024\/files\/2024\/08\/WCSJ-Post-Agradecimiento-Patrocinadores-1024x1024.png 1024w, https:\/\/sanjose.wordcamp.org\/2024\/files\/2024\/08\/WCSJ-Post-Agradecimiento-Patrocinadores-150x150.png 150w, https:\/\/sanjose.wordcamp.org\/2024\/files\/2024\/08\/WCSJ-Post-Agradecimiento-Patrocinadores-768x768.png 768w, https:\/\/sanjose.wordcamp.org\/2024\/files\/2024\/08\/WCSJ-Post-Agradecimiento-Patrocinadores-1536x1536.png 1536w\" sizes=\"auto, (max-width: 1755px) 100vw, 1755px\" \/><\/figure>\n\n<div class=\"wp-block-post-date\"><time datetime=\"2024-08-23T10:00:00-06:00\"><a href=\"https:\/\/sanjose.wordcamp.org\/2024\/el-poder-de-bluehost-wordpress-alojamiento-web-y-dominios\/\">23 de agosto de 2024<\/a><\/time><\/div>\n\n<h2 class=\"wp-block-post-title\"><a href=\"https:\/\/sanjose.wordcamp.org\/2024\/el-poder-de-bluehost-wordpress-alojamiento-web-y-dominios\/\" target=\"_self\" >El poder de bluehost: WordPress, alojamiento web y dominios<\/a><\/h2>\n<\/li><li class=\"wp-block-post post-2775 post type-post status-publish format-standard has-post-thumbnail hentry category-noticias\">\n<figure class=\"wp-block-post-featured-image\"><img loading=\"lazy\" decoding=\"async\" width=\"1215\" height=\"1215\" src=\"https:\/\/sanjose.wordcamp.org\/2024\/files\/2024\/10\/Agradecimiento-Gravity.png\" class=\"attachment-post-thumbnail size-post-thumbnail wp-post-image\" alt=\"El poder de Gravity Forms estar\u00e1 en el WordCamp San Jos\u00e9 2024.\" style=\"object-fit:cover;\" srcset=\"https:\/\/sanjose.wordcamp.org\/2024\/files\/2024\/10\/Agradecimiento-Gravity.png 1215w, https:\/\/sanjose.wordcamp.org\/2024\/files\/2024\/10\/Agradecimiento-Gravity-300x300.png 300w, https:\/\/sanjose.wordcamp.org\/2024\/files\/2024\/10\/Agradecimiento-Gravity-1024x1024.png 1024w, https:\/\/sanjose.wordcamp.org\/2024\/files\/2024\/10\/Agradecimiento-Gravity-150x150.png 150w, https:\/\/sanjose.wordcamp.org\/2024\/files\/2024\/10\/Agradecimiento-Gravity-768x768.png 768w\" sizes=\"auto, (max-width: 1215px) 100vw, 1215px\" \/><\/figure>\n\n<div class=\"wp-block-post-date\"><time datetime=\"2024-10-06T10:00:00-06:00\"><a href=\"https:\/\/sanjose.wordcamp.org\/2024\/el-poder-de-gravity-forms-estara-en-el-wordcamp-san-jose-2024\/\">6 de octubre de 2024<\/a><\/time><\/div>\n\n<h2 class=\"wp-block-post-title\"><a href=\"https:\/\/sanjose.wordcamp.org\/2024\/el-poder-de-gravity-forms-estara-en-el-wordcamp-san-jose-2024\/\" target=\"_self\" >El poder de Gravity Forms estar\u00e1 en el WordCamp San Jos\u00e9 2024<\/a><\/h2>\n<\/li><li class=\"wp-block-post post-1781 post type-post status-publish format-standard has-post-thumbnail hentry category-patrocinadores\">\n<figure class=\"wp-block-post-featured-image\"><img loading=\"lazy\" decoding=\"async\" width=\"2025\" height=\"2025\" src=\"https:\/\/sanjose.wordcamp.org\/2024\/files\/2024\/08\/WCSJ-Post-Agradecimiento-Patrocinadores-1.png\" class=\"attachment-post-thumbnail size-post-thumbnail wp-post-image\" alt=\"Agradecimiento a WooCommerce. WordCamp San Jos\u00e9 2024\" style=\"object-fit:cover;\" srcset=\"https:\/\/sanjose.wordcamp.org\/2024\/files\/2024\/08\/WCSJ-Post-Agradecimiento-Patrocinadores-1.png 2025w, https:\/\/sanjose.wordcamp.org\/2024\/files\/2024\/08\/WCSJ-Post-Agradecimiento-Patrocinadores-1-300x300.png 300w, https:\/\/sanjose.wordcamp.org\/2024\/files\/2024\/08\/WCSJ-Post-Agradecimiento-Patrocinadores-1-1024x1024.png 1024w, https:\/\/sanjose.wordcamp.org\/2024\/files\/2024\/08\/WCSJ-Post-Agradecimiento-Patrocinadores-1-150x150.png 150w, https:\/\/sanjose.wordcamp.org\/2024\/files\/2024\/08\/WCSJ-Post-Agradecimiento-Patrocinadores-1-768x768.png 768w, https:\/\/sanjose.wordcamp.org\/2024\/files\/2024\/08\/WCSJ-Post-Agradecimiento-Patrocinadores-1-1536x1536.png 1536w\" sizes=\"auto, (max-width: 2025px) 100vw, 2025px\" \/><\/figure>\n\n<div class=\"wp-block-post-date\"><time datetime=\"2024-08-27T10:00:00-06:00\"><a href=\"https:\/\/sanjose.wordcamp.org\/2024\/el-poder-de-woocommerce-impulsando-el-exito-del-comercio-electronico-en-el-wordcamp-san-jose-2024-y-mas-alla\/\">27 de agosto de 2024<\/a><\/time><\/div>\n\n<h2 class=\"wp-block-post-title\"><a href=\"https:\/\/sanjose.wordcamp.org\/2024\/el-poder-de-woocommerce-impulsando-el-exito-del-comercio-electronico-en-el-wordcamp-san-jose-2024-y-mas-alla\/\" target=\"_self\" >El poder de WooCommerce: impulsando el \u00e9xito del comercio electr\u00f3nico en el WordCamp San Jos\u00e9 2024 y m\u00e1s all\u00e1<\/a><\/h2>\n<\/li><\/ul>\n\n<nav class=\"wp-block-query-pagination is-layout-flex wp-block-query-pagination-is-layout-flex\" aria-label=\"Paginaci\u00f3n\">\n\n\n<div class=\"wp-block-query-pagination-numbers\"><span aria-current=\"page\" class=\"page-numbers current\">1<\/span>\n<a class=\"page-numbers\" href=\"?query-8-page=2\">2<\/a>\n<a class=\"page-numbers\" href=\"?query-8-page=3\">3<\/a><\/div>\n\n<a href=\"\/2024\/wp-json\/wp\/v2\/pages\/1377?query-8-page=2\" class=\"wp-block-query-pagination-next\">P\u00e1gina siguiente<\/a>\n<\/nav>\n\n\n<div style=\"height:100px\" aria-hidden=\"true\" class=\"wp-block-spacer\"><\/div>\n<\/div>\n","protected":false},"excerpt":{"rendered":"","protected":false},"author":15653534,"featured_media":0,"parent":0,"menu_order":0,"comment_status":"closed","ping_status":"closed","template":"page-no-title","meta":{"jetpack_post_was_ever_published":false,"footnotes":""},"class_list":["post-1377","page","type-page","status-publish","hentry"],"jetpack_sharing_enabled":true,"_links":{"self":[{"href":"https:\/\/sanjose.wordcamp.org\/2024\/wp-json\/wp\/v2\/pages\/1377","targetHints":{"allow":["GET"]}}],"collection":[{"href":"https:\/\/sanjose.wordcamp.org\/2024\/wp-json\/wp\/v2\/pages"}],"about":[{"href":"https:\/\/sanjose.wordcamp.org\/2024\/wp-json\/wp\/v2\/types\/page"}],"author":[{"embeddable":true,"href":"https:\/\/sanjose.wordcamp.org\/2024\/wp-json\/wp\/v2\/users\/15653534"}],"replies":[{"embeddable":true,"href":"https:\/\/sanjose.wordcamp.org\/2024\/wp-json\/wp\/v2\/comments?post=1377"}],"version-history":[{"count":4,"href":"https:\/\/sanjose.wordcamp.org\/2024\/wp-json\/wp\/v2\/pages\/1377\/revisions"}],"predecessor-version":[{"id":2158,"href":"https:\/\/sanjose.wordcamp.org\/2024\/wp-json\/wp\/v2\/pages\/1377\/revisions\/2158"}],"wp:attachment":[{"href":"https:\/\/sanjose.wordcamp.org\/2024\/wp-json\/wp\/v2\/media?parent=1377"}],"curies":[{"name":"wp","href":"https:\/\/api.w.org\/{rel}","templated":true}]}}