{"id":13,"date":"2023-05-26T17:45:05","date_gmt":"2023-05-26T23:45:05","guid":{"rendered":"https:\/\/sanjose.wordcamp.org\/2023\/?page_id=13"},"modified":"2023-11-28T14:37:42","modified_gmt":"2023-11-28T20:37:42","slug":"tickets","status":"publish","type":"page","link":"https:\/\/sanjose.wordcamp.org\/2023\/tickets\/","title":{"rendered":"Tickets"},"content":{"rendered":"\n<div style=\"height:100px\" aria-hidden=\"true\" class=\"wp-block-spacer\"><\/div>\n\n\n\n<div class=\"wp-block-group has-global-padding is-layout-constrained wp-container-core-group-is-layout-704e782a wp-block-group-is-layout-constrained\">\n<div class=\"wp-block-columns alignwide are-vertically-aligned-top has-contrast-color has-text-color is-layout-flex wp-container-core-columns-is-layout-28f84493 wp-block-columns-is-layout-flex\">\n<div class=\"wp-block-column is-vertically-aligned-top is-layout-flow wp-block-column-is-layout-flow\">\n<figure class=\"wp-block-image aligncenter size-thumbnail is-resized\"><img data-recalc-dims=\"1\" loading=\"lazy\" decoding=\"async\" width=\"150\" height=\"150\" src=\"https:\/\/i0.wp.com\/sanjose.wordcamp.org\/2023\/files\/2023\/06\/Asistente-Espanol-150x150.png?resize=150%2C150&#038;ssl=1\" alt=\"\" class=\"wp-image-1874\" srcset=\"https:\/\/i0.wp.com\/sanjose.wordcamp.org\/2023\/files\/2023\/06\/Asistente-Espanol.png?resize=150%2C150&amp;ssl=1 150w, https:\/\/i0.wp.com\/sanjose.wordcamp.org\/2023\/files\/2023\/06\/Asistente-Espanol.png?resize=300%2C300&amp;ssl=1 300w, https:\/\/i0.wp.com\/sanjose.wordcamp.org\/2023\/files\/2023\/06\/Asistente-Espanol.png?resize=1024%2C1024&amp;ssl=1 1024w, https:\/\/i0.wp.com\/sanjose.wordcamp.org\/2023\/files\/2023\/06\/Asistente-Espanol.png?resize=768%2C768&amp;ssl=1 768w, https:\/\/i0.wp.com\/sanjose.wordcamp.org\/2023\/files\/2023\/06\/Asistente-Espanol.png?w=1067&amp;ssl=1 1067w\" sizes=\"auto, (max-width: 150px) 100vw, 150px\" \/><\/figure>\n\n\n\n<p class=\"has-text-align-center has-dm-sans-font-family\" style=\"font-style:normal;font-weight:700\">Entrada General:<\/p>\n\n\n\n<ul class=\"wp-block-list\">\n<li class=\"has-dm-sans-font-family\">Entrada al evento los dos d\u00edas (s\u00e1bado y domingo)<\/li>\n\n\n\n<li class=\"has-dm-sans-font-family\">Camiseta del Evento<\/li>\n\n\n\n<li class=\"has-dm-sans-font-family\">Swag<\/li>\n\n\n\n<li class=\"has-dm-sans-font-family\">After Party<\/li>\n\n\n\n<li class=\"has-dm-sans-font-family\">Almuerzo, caf\u00e9 y snacks<\/li>\n\n\n\n<li class=\"has-dm-sans-font-family\">Swag de Patrocinadores<\/li>\n\n\n\n<li class=\"has-dm-sans-font-family\">Contributor Day<\/li>\n<\/ul>\n<\/div>\n<\/div>\n<\/div>\n\n\n\n<div style=\"height:100px\" aria-hidden=\"true\" class=\"wp-block-spacer\"><\/div>\n\n\n\n<div class=\"wp-block-columns are-vertically-aligned-center is-layout-flex wp-container-core-columns-is-layout-28f84493 wp-block-columns-is-layout-flex\">\n<div class=\"wp-block-column is-vertically-aligned-center is-layout-flow wp-block-column-is-layout-flow\" style=\"flex-basis:100%\">\n<div class=\"wp-block-group has-global-padding is-layout-constrained wp-block-group-is-layout-constrained\">\n<div class=\"wp-block-columns alignwide are-vertically-aligned-center has-contrast-color has-text-color is-layout-flex wp-container-core-columns-is-layout-28f84493 wp-block-columns-is-layout-flex\">\n<div class=\"wp-block-column is-vertically-aligned-center is-layout-flow wp-block-column-is-layout-flow\">\n<h5 class=\"wp-block-heading has-text-align-center has-contrast-color has-text-color has-dm-sans-font-family has-large-font-size\" style=\"text-transform:none\"><br>\u00a1No te pierdas el evento m\u00e1s esperado del a\u00f1o! <\/h5>\n\n\n\n<p class=\"has-text-align-center has-contrast-color has-text-color has-dm-sans-font-family\" style=\"font-style:normal;font-weight:500\">WordCamp San Jos\u00e9 2023 te trae lo mejor en tecnolog\u00eda y desarrollo web. Aprende de expertos, con\u00e9ctate con la comunidad y descubre las \u00faltimas tendencias en WordPress. \u00a1Compra tu entrada ahora y asegura tu lugar en este incre\u00edble encuentro de innovaci\u00f3n y conocimiento! <\/p>\n\n\n\n<p class=\"has-text-align-center has-base-color has-vivid-cyan-blue-background-color has-text-color has-background has-link-color wp-elements-6e0db97fe91585cd23cfc435fdd50b7f\"><strong>\u00a1Los badges ya est\u00e1n en imprenta!&nbsp;<\/strong>Por tanto, ya no llevar\u00e1 ni tu foto ni tu nombre impreso, pero acceder\u00e1s al evento sin ningun problema.<\/p>\n\n\n\n<p class=\"has-text-align-center has-base-color has-text-color has-background has-link-color wp-elements-4109976b16a16c17f07fdfa92a3e3261\" style=\"background-color:#f99f0d\"><strong>\u00a1Ya se hizo el corte de alimentaci\u00f3n especial, tu entrada incluye alimentaci\u00f3n completa, unicamente que ya no se podr\u00e1n considerar restricciones alimentarias!<\/strong><\/p>\n\n\n\n<p class=\"has-text-align-center has-base-color has-vivid-purple-background-color has-text-color has-background has-link-color wp-elements-bb45a773b6587d4c8e5315d5e624eb78\"><strong>\u00a1El 10 de octubre fue el corte de entradas con talla de camiseta asegurada, tendr\u00e1s tu camiseta sin embargo no podemos asegurar tu talla!<\/strong><\/p>\n\n\n\n<h2 class=\"wp-block-heading has-text-align-center\"><strong>\u00a1\u00daltimas entradas a la venta!<\/strong><\/h2>\n\n\n\n<p class=\"has-text-align-center has-contrast-color has-text-color has-dm-sans-font-family\" style=\"font-style:normal;font-weight:700\">Selecciona tu tipo de entrada a continuaci\u00f3n:<\/p>\n\n\n<a href=\"https:\/\/sanjose.wordcamp.org\/2023\/tickets\/\">Por favor, ve esta p\u00e1gina en un navegador para hacer una compra o gestionar entradas.<\/a>\n<\/div>\n<\/div>\n<\/div>\n<\/div>\n<\/div>\n\n\n\n<div style=\"height:100px\" aria-hidden=\"true\" class=\"wp-block-spacer\"><\/div>\n","protected":false},"excerpt":{"rendered":"<p>Entrada General: \u00a1No te pierdas el evento m\u00e1s esperado del a\u00f1o! WordCamp San Jos\u00e9 2023 te trae lo mejor en tecnolog\u00eda y desarrollo web. Aprende de expertos, con\u00e9ctate con la comunidad y descubre las \u00faltimas tendencias en WordPress. \u00a1Compra tu entrada ahora y asegura tu lugar en este incre\u00edble encuentro de innovaci\u00f3n y conocimiento! \u00a1Los [&hellip;]<\/p>\n","protected":false},"author":15653534,"featured_media":0,"parent":0,"menu_order":0,"comment_status":"closed","ping_status":"closed","template":"wp-custom-template-small-header","meta":{"jetpack_post_was_ever_published":false,"footnotes":""},"class_list":["post-13","page","type-page","status-publish","hentry"],"jetpack_sharing_enabled":true,"jetpack_likes_enabled":true,"_links":{"self":[{"href":"https:\/\/sanjose.wordcamp.org\/2023\/wp-json\/wp\/v2\/pages\/13","targetHints":{"allow":["GET"]}}],"collection":[{"href":"https:\/\/sanjose.wordcamp.org\/2023\/wp-json\/wp\/v2\/pages"}],"about":[{"href":"https:\/\/sanjose.wordcamp.org\/2023\/wp-json\/wp\/v2\/types\/page"}],"author":[{"embeddable":true,"href":"https:\/\/sanjose.wordcamp.org\/2023\/wp-json\/wp\/v2\/users\/15653534"}],"replies":[{"embeddable":true,"href":"https:\/\/sanjose.wordcamp.org\/2023\/wp-json\/wp\/v2\/comments?post=13"}],"version-history":[{"count":37,"href":"https:\/\/sanjose.wordcamp.org\/2023\/wp-json\/wp\/v2\/pages\/13\/revisions"}],"predecessor-version":[{"id":4597,"href":"https:\/\/sanjose.wordcamp.org\/2023\/wp-json\/wp\/v2\/pages\/13\/revisions\/4597"}],"wp:attachment":[{"href":"https:\/\/sanjose.wordcamp.org\/2023\/wp-json\/wp\/v2\/media?parent=13"}],"curies":[{"name":"wp","href":"https:\/\/api.w.org\/{rel}","templated":true}]}}