{"id":11,"date":"2023-04-11T12:06:24","date_gmt":"2023-04-11T18:06:24","guid":{"rendered":"https:\/\/sanjose.wordcamp.org\/2023\/location\/"},"modified":"2023-10-18T19:40:39","modified_gmt":"2023-10-19T01:40:39","slug":"venue","status":"publish","type":"page","link":"https:\/\/sanjose.wordcamp.org\/2023\/venue\/","title":{"rendered":"Venue"},"content":{"rendered":"\n<div style=\"height:100px\" aria-hidden=\"true\" class=\"wp-block-spacer\"><\/div>\n\n\n\n<div class=\"wp-block-group has-global-padding is-layout-constrained wp-block-group-is-layout-constrained\">\n<div class=\"wp-block-columns alignwide is-layout-flex wp-container-core-columns-is-layout-28f84493 wp-block-columns-is-layout-flex\">\n<div class=\"wp-block-column is-layout-flow wp-block-column-is-layout-flow\">\n<figure class=\"wp-block-image aligncenter size-large is-resized\"><img data-recalc-dims=\"1\" loading=\"lazy\" decoding=\"async\" width=\"1024\" height=\"1024\" src=\"https:\/\/i0.wp.com\/sanjose.wordcamp.org\/2023\/files\/2023\/06\/Venue-Espanol-1024x1024.png?resize=1024%2C1024&#038;ssl=1\" alt=\"\" class=\"wp-image-715\" style=\"width:256px;height:256px\" srcset=\"https:\/\/i0.wp.com\/sanjose.wordcamp.org\/2023\/files\/2023\/06\/Venue-Espanol.png?resize=1024%2C1024&amp;ssl=1 1024w, https:\/\/i0.wp.com\/sanjose.wordcamp.org\/2023\/files\/2023\/06\/Venue-Espanol.png?resize=300%2C300&amp;ssl=1 300w, https:\/\/i0.wp.com\/sanjose.wordcamp.org\/2023\/files\/2023\/06\/Venue-Espanol.png?resize=150%2C150&amp;ssl=1 150w, https:\/\/i0.wp.com\/sanjose.wordcamp.org\/2023\/files\/2023\/06\/Venue-Espanol.png?resize=768%2C768&amp;ssl=1 768w, https:\/\/i0.wp.com\/sanjose.wordcamp.org\/2023\/files\/2023\/06\/Venue-Espanol.png?w=1067&amp;ssl=1 1067w\" sizes=\"auto, (max-width: 1000px) 100vw, 1000px\" \/><\/figure>\n\n\n\n<h2 class=\"wp-block-heading has-text-align-center has-contrast-color has-text-color has-dm-sans-font-family\" style=\"font-style:normal;font-weight:700\">Universidad Fid\u00e9litas<\/h2>\n\n\n\n<p class=\"has-text-align-center has-contrast-color has-text-color has-dm-sans-font-family\" style=\"font-style:normal;font-weight:500\">Venue del WordCamp San Jos\u00e9 2023<\/p>\n<\/div>\n<\/div>\n<\/div>\n\n\n\n<div class=\"wp-block-group has-global-padding is-layout-constrained wp-block-group-is-layout-constrained\">\n<div class=\"wp-block-columns is-layout-flex wp-container-core-columns-is-layout-28f84493 wp-block-columns-is-layout-flex\">\n<div class=\"wp-block-column is-layout-flow wp-block-column-is-layout-flow\" style=\"flex-basis:100%\">\n<figure class=\"wp-block-video\"><video height=\"360\" style=\"aspect-ratio: 640 \/ 360;\" width=\"640\" autoplay controls loop muted src=\"https:\/\/sanjose.wordcamp.org\/2023\/files\/2023\/06\/videoplayback.mp4\"><\/video><\/figure>\n<\/div>\n<\/div>\n<\/div>\n\n\n\n<div class=\"wp-block-group has-contrast-color has-text-color has-albert-sans-font-family has-global-padding is-layout-constrained wp-container-core-group-is-layout-704e782a wp-block-group-is-layout-constrained\" style=\"font-style:normal;font-weight:400\">\n<p class=\"has-text-align-center has-dm-sans-font-family\">La Universidad Fid\u00e9litas se convertir\u00e1 en el hogar del WordCamp San Jos\u00e9 2023, este pr\u00f3ximo noviembre, con m\u00e1s de 42 a\u00f1os de experiencia en el campo de la educaci\u00f3n universitaria privada, esta instituci\u00f3n es una de las universidades m\u00e1s prestigiosas de Costa Rica y su amplia sede en San Pedro de Montes de Oca ser\u00e1 un lugar ideal para el desarrollo de la actividad.<\/p>\n\n\n\n<p class=\"has-text-align-center has-dm-sans-font-family\">La instituci\u00f3n educativa, que en los \u00faltimos a\u00f1os ha tenido un enfoque de especializaci\u00f3n en las carreras de ingenier\u00eda, le ha permitido a los profesionales de esta rama tener una educaci\u00f3n de alta calidad gracias a una oferta acad\u00e9mica muy robusta que combina el uso de laboratorios, modernos campus, accesos a programas de posgrado y una gran variedad de servicios.<\/p>\n\n\n\n<p class=\"has-text-align-center has-dm-sans-font-family\">En la actualidad la Universidad tambi\u00e9n ofrece&nbsp;<strong>carreras 100% virtuales<\/strong>&nbsp;como es el caso de la&nbsp;<strong>Ingenier\u00eda en Seguridad Inform\u00e1tica y Ciberseguridad<\/strong>, gracias a un campus virtual excepcional, que cuenta con todas las herramientas de aprendizaje para que los estudiantes puedan desarrollar sus conocimientos e interactuar con otros alumnos y profesores. Bajo esta misma modalidad tambi\u00e9n se pueden cursar de forma completamente virtual las carreras de Administraci\u00f3n de Negocios y Contadur\u00eda P\u00fablica.<\/p>\n\n\n\n<p class=\"has-text-align-center has-dm-sans-font-family\">Si la gran cantidad de carreras que ofrece la universidad, entre ingenier\u00edas, ciencias econ\u00f3micas o sociales, te hace dudar de que puedes estudiar, la universidad tiene un test vocacional disponible desde su&nbsp;<a href=\"https:\/\/ufidelitas.ac.cr\/test-vocacional\/\">sitio web<\/a>&nbsp;que te guiar\u00e1 durante tu proceso de orientaci\u00f3n vocacional y te permitir\u00e1 despejar cualquier duda en el camino.<\/p>\n\n\n\n<p class=\"has-text-align-center has-dm-sans-font-family\">Otra de las ventajas de poder estudiar en una universidad como Fid\u00e9litas es la variedad de&nbsp;<strong>posibilidades para financiar tus estudios<\/strong>, pues la instituci\u00f3n cuenta con un programa de financiamiento interno para los estudiantes, as\u00ed como con una gran variedad de convenios con entidades financieras externas como BAC Credomatic, Banco Nacional, Credix, Kuiki Money y CONAPE.&nbsp;<\/p>\n\n\n\n<p class=\"has-text-align-center has-dm-sans-font-family\">Otro punto fuerte de Fid\u00e9litas es su oferta de maestr\u00edas, en la cual destacan m\u00e1s de 10 programas de estudio enfocados en temas como administraci\u00f3n de negocios, tecnolog\u00edas de la informaci\u00f3n, psicolog\u00eda, derecho notarial, ingenier\u00eda en construcci\u00f3n, talento humano, por mencionar algunos. Adem\u00e1s, cuentan con el doctorado en ciencias empresariales.<\/p>\n\n\n\n<p class=\"has-text-align-center has-dm-sans-font-family\">La Universidad tiene una oferta de&nbsp;<strong>programas t\u00e9cnicos y cursos libres<\/strong>&nbsp;que te ayudar\u00e1n a adquirir de forma f\u00e1cil nuevas habilidades y competencias que te permitir\u00e1n ampliar tus conocimientos y prepararte con las habilidades que se solicitan en el mundo laboral. De esta forma, la universidad siempre estar\u00e1 ah\u00ed para ayudarte y seguir brind\u00e1ndote las herramientas para obtener el conocimiento impartido por los profesionales expertos en cada una de las ramas laborales.<\/p>\n\n\n\n<p class=\"has-text-align-center has-dm-sans-font-family\">En el mundo laboral actual, un segundo idioma como el ingl\u00e9s, el idioma de los negocios es una verdadera necesidad, es por eso que la instituci\u00f3n tiene disponible su programa \u201c<strong>Professional English Academy\u201d<\/strong>&nbsp;que te brinda la oportunidad de adquirir nuevas habilidades y competencias en el idioma Ingl\u00e9s, lo que te permitir\u00e1 ampliar el campo laboral, ser m\u00e1s competitivo y mantenerte vigente en un mundo que exige profesionales biling\u00fces.&nbsp;<\/p>\n<\/div>\n\n\n\n<div style=\"height:287px\" aria-hidden=\"true\" class=\"wp-block-spacer\"><\/div>\n","protected":false},"excerpt":{"rendered":"<p>Universidad Fid\u00e9litas Venue del WordCamp San Jos\u00e9 2023 La Universidad Fid\u00e9litas se convertir\u00e1 en el hogar del WordCamp San Jos\u00e9 2023, este pr\u00f3ximo noviembre, con m\u00e1s de 42 a\u00f1os de experiencia en el campo de la educaci\u00f3n universitaria privada, esta instituci\u00f3n es una de las universidades m\u00e1s prestigiosas de Costa Rica y su amplia sede [&hellip;]<\/p>\n","protected":false},"author":15653534,"featured_media":0,"parent":0,"menu_order":0,"comment_status":"closed","ping_status":"closed","template":"wp-custom-template-small-header","meta":{"jetpack_post_was_ever_published":false,"footnotes":""},"class_list":["post-11","page","type-page","status-publish","hentry"],"jetpack_sharing_enabled":true,"jetpack_likes_enabled":true,"_links":{"self":[{"href":"https:\/\/sanjose.wordcamp.org\/2023\/wp-json\/wp\/v2\/pages\/11","targetHints":{"allow":["GET"]}}],"collection":[{"href":"https:\/\/sanjose.wordcamp.org\/2023\/wp-json\/wp\/v2\/pages"}],"about":[{"href":"https:\/\/sanjose.wordcamp.org\/2023\/wp-json\/wp\/v2\/types\/page"}],"author":[{"embeddable":true,"href":"https:\/\/sanjose.wordcamp.org\/2023\/wp-json\/wp\/v2\/users\/15653534"}],"replies":[{"embeddable":true,"href":"https:\/\/sanjose.wordcamp.org\/2023\/wp-json\/wp\/v2\/comments?post=11"}],"version-history":[{"count":18,"href":"https:\/\/sanjose.wordcamp.org\/2023\/wp-json\/wp\/v2\/pages\/11\/revisions"}],"predecessor-version":[{"id":5635,"href":"https:\/\/sanjose.wordcamp.org\/2023\/wp-json\/wp\/v2\/pages\/11\/revisions\/5635"}],"wp:attachment":[{"href":"https:\/\/sanjose.wordcamp.org\/2023\/wp-json\/wp\/v2\/media?parent=11"}],"curies":[{"name":"wp","href":"https:\/\/api.w.org\/{rel}","templated":true}]}}