{"id":2,"date":"2022-03-16T14:33:18","date_gmt":"2022-03-16T20:33:18","guid":{"rendered":"http:\/\/sanjose.wordcamp.org\/2022\/?page_id=2"},"modified":"2022-11-15T17:06:17","modified_gmt":"2022-11-15T23:06:17","slug":"wcsj22","status":"publish","type":"page","link":"https:\/\/sanjose.wordcamp.org\/2022\/","title":{"rendered":"#WCSJ22"},"content":{"rendered":"\n<figure class=\"wp-block-image aligncenter size-full is-resized\"><img loading=\"lazy\" decoding=\"async\" src=\"https:\/\/sanjose.wordcamp.org\/2022\/files\/2022\/07\/wcsj22-home-intro.png\" alt=\"\" class=\"wp-image-531\" width=\"188\" height=\"137\" \/><\/figure>\n\n\n\n<h1 class=\"has-text-align-center home-quote wp-block-heading\" style=\"font-size:38px\"><strong>WordCamp San Jos\u00e9 2022.<\/strong><\/h1>\n\n\n\n<div class=\"wp-block-buttons is-content-justification-center is-layout-flex wp-container-core-buttons-is-layout-a89b3969 wp-block-buttons-is-layout-flex\">\n<div class=\"wp-block-button has-custom-width wp-block-button__width-50 is-style-fill\"><a class=\"wp-block-button__link has-foreground-color has-text-color has-background wp-element-button\" href=\"https:\/\/wcsj.site\/\" style=\"border-radius:3px;background-color:#06a8d2\" target=\"_blank\" rel=\"\/tickets\/ noopener\">Generar Certificado de Participaci\u00f3n<\/a><\/div>\n<\/div>\n\n\n\n<div style=\"height:75px\" aria-hidden=\"true\" class=\"wp-block-spacer\"><\/div>\n\n\n\n<div class=\"wp-block-columns home-ctas-box is-layout-flex wp-container-core-columns-is-layout-28f84493 wp-block-columns-is-layout-flex\">\n<div class=\"wp-block-column is-layout-flow wp-block-column-is-layout-flow\"><\/div>\n\n\n\n<div class=\"wp-block-column is-layout-flow wp-block-column-is-layout-flow\">\n<figure class=\"wp-block-image size-full has-custom-border\"><img loading=\"lazy\" decoding=\"async\" width=\"1024\" height=\"1024\" src=\"https:\/\/sanjose.wordcamp.org\/2022\/files\/2022\/09\/botones-principales-asistentes.png\" alt=\"\" class=\"wp-image-1411\" style=\"border-radius:150px\" srcset=\"https:\/\/sanjose.wordcamp.org\/2022\/files\/2022\/09\/botones-principales-asistentes.png 1024w, https:\/\/sanjose.wordcamp.org\/2022\/files\/2022\/09\/botones-principales-asistentes-300x300.png 300w, https:\/\/sanjose.wordcamp.org\/2022\/files\/2022\/09\/botones-principales-asistentes-150x150.png 150w, https:\/\/sanjose.wordcamp.org\/2022\/files\/2022\/09\/botones-principales-asistentes-768x768.png 768w\" sizes=\"auto, (max-width: 1024px) 100vw, 1024px\" \/><\/figure>\n\n\n\n<h4 class=\"has-text-align-center wp-block-heading\" style=\"font-size:18px\"><a href=\"https:\/\/sanjose.wordcamp.org\/2022\/asistentes\/\" data-type=\"page\" data-id=\"14\"><strong>Asistentes<\/strong><\/a><\/h4>\n<\/div>\n\n\n\n<div class=\"wp-block-column is-layout-flow wp-block-column-is-layout-flow\">\n<figure class=\"wp-block-image size-full has-custom-border\"><a href=\"https:\/\/sanjose.wordcamp.org\/2022\/ponentes\/\"><img loading=\"lazy\" decoding=\"async\" width=\"1024\" height=\"1024\" src=\"https:\/\/sanjose.wordcamp.org\/2022\/files\/2022\/09\/botones-principales-expositores.png\" alt=\"\" class=\"wp-image-1412\" style=\"border-radius:150px\" srcset=\"https:\/\/sanjose.wordcamp.org\/2022\/files\/2022\/09\/botones-principales-expositores.png 1024w, https:\/\/sanjose.wordcamp.org\/2022\/files\/2022\/09\/botones-principales-expositores-300x300.png 300w, https:\/\/sanjose.wordcamp.org\/2022\/files\/2022\/09\/botones-principales-expositores-150x150.png 150w, https:\/\/sanjose.wordcamp.org\/2022\/files\/2022\/09\/botones-principales-expositores-768x768.png 768w\" sizes=\"auto, (max-width: 1024px) 100vw, 1024px\" \/><\/a><\/figure>\n\n\n\n<h4 class=\"has-text-align-center wp-block-heading\" style=\"font-size:18px\"><strong><a href=\"https:\/\/sanjose.wordcamp.org\/2022\/ponentes\/\">Expositores<\/a><\/strong><\/h4>\n<\/div>\n\n\n\n<div class=\"wp-block-column is-layout-flow wp-block-column-is-layout-flow\">\n<figure class=\"wp-block-image size-full has-custom-border\"><a href=\"https:\/\/sanjose.wordcamp.org\/2022\/patrocinadores\/\"><img loading=\"lazy\" decoding=\"async\" width=\"1024\" height=\"1024\" src=\"https:\/\/sanjose.wordcamp.org\/2022\/files\/2022\/09\/botones-principales-patrocinadores.png\" alt=\"\" class=\"wp-image-1413\" style=\"border-radius:150px\" srcset=\"https:\/\/sanjose.wordcamp.org\/2022\/files\/2022\/09\/botones-principales-patrocinadores.png 1024w, https:\/\/sanjose.wordcamp.org\/2022\/files\/2022\/09\/botones-principales-patrocinadores-300x300.png 300w, https:\/\/sanjose.wordcamp.org\/2022\/files\/2022\/09\/botones-principales-patrocinadores-150x150.png 150w, https:\/\/sanjose.wordcamp.org\/2022\/files\/2022\/09\/botones-principales-patrocinadores-768x768.png 768w\" sizes=\"auto, (max-width: 1024px) 100vw, 1024px\" \/><\/a><\/figure>\n\n\n\n<h4 class=\"has-text-align-center wp-block-heading\" style=\"font-size:18px;text-transform:uppercase\"><strong><a href=\"https:\/\/sanjose.wordcamp.org\/2022\/patrocinadores\/\" data-type=\"page\" data-id=\"10\">Patrocinadores<\/a><\/strong><\/h4>\n<\/div>\n\n\n\n<div class=\"wp-block-column is-layout-flow wp-block-column-is-layout-flow\"><\/div>\n<\/div>\n\n\n\n<div style=\"height:75px\" aria-hidden=\"true\" class=\"wp-block-spacer\"><\/div>\n\n\n\n<div class=\"wp-block-columns is-layout-flex wp-container-core-columns-is-layout-28f84493 wp-block-columns-is-layout-flex\">\n<div class=\"wp-block-column is-layout-flow wp-block-column-is-layout-flow\">\n<h3 class=\"has-text-align-center wp-block-heading\">\u00bfQu\u00e9 hacer en un WordCamp?<\/h3>\n\n\n\n<p class=\"has-text-align-center\">En el  WordCamp San Jos\u00e9 los participantes podr\u00e1n aprender de expertos de Costa Rica y fuera de sus fronteras, a los que les apasiona la ense\u00f1anza y que, desinteresadamente, quieren compartir sus mejores experiencias y tendencias.<\/p>\n\n\n\n<p class=\"has-text-align-center\">Invitamos a todos los estudiantes, profesionales y emprendedores a atreverse a participar de un evento nacional que apoya el conocimiento en tecnolog\u00eda y negocios, para conectar con expositores de primer nivel que donan su tiempo y conocimiento para que todas las personas puedan aprender a realizar p\u00e1ginas webs y comercios electr\u00f3nicos con \u00e9xito.<\/p>\n\n\n\n<div style=\"height:50px\" aria-hidden=\"true\" class=\"wp-block-spacer\"><\/div>\n<\/div>\n<\/div>\n\n\n\n<h2 class=\"has-text-align-center wp-block-heading\">Salas<\/h2>\n\n\n\n<div class=\"wp-block-columns is-layout-flex wp-container-core-columns-is-layout-28f84493 wp-block-columns-is-layout-flex\">\n<div class=\"wp-block-column is-vertically-aligned-center is-layout-flow wp-block-column-is-layout-flow\">\n<figure class=\"wp-block-image aligncenter size-full\"><img loading=\"lazy\" decoding=\"async\" width=\"300\" height=\"300\" src=\"https:\/\/sanjose.wordcamp.org\/2022\/files\/2022\/09\/WordPress.png\" alt=\"\" class=\"wp-image-1696\" srcset=\"https:\/\/sanjose.wordcamp.org\/2022\/files\/2022\/09\/WordPress.png 300w, https:\/\/sanjose.wordcamp.org\/2022\/files\/2022\/09\/WordPress-150x150.png 150w\" sizes=\"auto, (max-width: 300px) 100vw, 300px\" \/><\/figure>\n\n\n\n<h4 class=\"has-text-align-center wp-block-heading\" style=\"font-size:20px\"><strong>WordPress y Accesibilidad<\/strong><\/h4>\n<\/div>\n\n\n\n<div class=\"wp-block-column is-layout-flow wp-block-column-is-layout-flow\">\n<figure class=\"wp-block-image aligncenter size-full\"><img loading=\"lazy\" decoding=\"async\" width=\"300\" height=\"300\" src=\"https:\/\/sanjose.wordcamp.org\/2022\/files\/2022\/09\/Negocios-y-Woo.png\" alt=\"\" class=\"wp-image-1705\" srcset=\"https:\/\/sanjose.wordcamp.org\/2022\/files\/2022\/09\/Negocios-y-Woo.png 300w, https:\/\/sanjose.wordcamp.org\/2022\/files\/2022\/09\/Negocios-y-Woo-150x150.png 150w\" sizes=\"auto, (max-width: 300px) 100vw, 300px\" \/><\/figure>\n\n\n\n<h4 class=\"has-text-align-center wp-block-heading\" style=\"font-size:22px\"><strong>Negocios y Woo<\/strong><\/h4>\n<\/div>\n\n\n\n<div class=\"wp-block-column is-layout-flow wp-block-column-is-layout-flow\">\n<figure class=\"wp-block-image aligncenter size-full\"><img loading=\"lazy\" decoding=\"async\" width=\"300\" height=\"300\" src=\"https:\/\/sanjose.wordcamp.org\/2022\/files\/2022\/09\/disenomarketing.png\" alt=\"\" class=\"wp-image-1718\" srcset=\"https:\/\/sanjose.wordcamp.org\/2022\/files\/2022\/09\/disenomarketing.png 300w, https:\/\/sanjose.wordcamp.org\/2022\/files\/2022\/09\/disenomarketing-150x150.png 150w\" sizes=\"auto, (max-width: 300px) 100vw, 300px\" \/><\/figure>\n\n\n\n<h4 class=\"has-text-align-center wp-block-heading\" style=\"font-size:20px\"><strong>UX &amp; Dise\u00f1o Marketing<\/strong><\/h4>\n<\/div>\n\n\n\n<div class=\"wp-block-column is-layout-flow wp-block-column-is-layout-flow\">\n<figure class=\"wp-block-image aligncenter size-full\"><img loading=\"lazy\" decoding=\"async\" width=\"300\" height=\"300\" src=\"https:\/\/sanjose.wordcamp.org\/2022\/files\/2022\/09\/Desarrollo.png\" alt=\"\" class=\"wp-image-1757\" srcset=\"https:\/\/sanjose.wordcamp.org\/2022\/files\/2022\/09\/Desarrollo.png 300w, https:\/\/sanjose.wordcamp.org\/2022\/files\/2022\/09\/Desarrollo-150x150.png 150w\" sizes=\"auto, (max-width: 300px) 100vw, 300px\" \/><\/figure>\n\n\n\n<h4 class=\"has-text-align-center wp-block-heading\" style=\"font-size:20px\"><strong>Desarrollo<\/strong><\/h4>\n<\/div>\n<\/div>\n\n\n\n<div class=\"wp-block-columns is-layout-flex wp-container-core-columns-is-layout-28f84493 wp-block-columns-is-layout-flex\">\n<div class=\"wp-block-column is-layout-flow wp-block-column-is-layout-flow\">\n<div class=\"wp-block-buttons is-layout-flex wp-block-buttons-is-layout-flex\">\n<div class=\"wp-block-button aligncenter\"><a class=\"wp-block-button__link has-foreground-color has-text-color has-background wp-element-button\" href=\"https:\/\/sanjose.wordcamp.org\/2022\/programa\/\" style=\"border-radius:3px;background-color:#06a8d2\"><strong><span style=\"text-decoration: underline\">Ver Programa<\/span><\/strong><\/a><\/div>\n<\/div>\n<\/div>\n<\/div>\n\n\n\n<div style=\"height:100px\" aria-hidden=\"true\" class=\"wp-block-spacer\"><\/div>\n\n\n\n<figure class=\"wp-block-image aligncenter size-large is-resized\"><img loading=\"lazy\" decoding=\"async\" src=\"https:\/\/sanjose.wordcamp.org\/2022\/files\/2022\/07\/wordpress-logotype-alternative-1024x553.png\" alt=\"\" class=\"wp-image-473\" width=\"256\" height=\"138\" srcset=\"https:\/\/sanjose.wordcamp.org\/2022\/files\/2022\/07\/wordpress-logotype-alternative-1024x553.png 1024w, https:\/\/sanjose.wordcamp.org\/2022\/files\/2022\/07\/wordpress-logotype-alternative-300x162.png 300w, https:\/\/sanjose.wordcamp.org\/2022\/files\/2022\/07\/wordpress-logotype-alternative-768x415.png 768w, https:\/\/sanjose.wordcamp.org\/2022\/files\/2022\/07\/wordpress-logotype-alternative-500x270.png 500w, https:\/\/sanjose.wordcamp.org\/2022\/files\/2022\/07\/wordpress-logotype-alternative-1536x829.png 1536w, https:\/\/sanjose.wordcamp.org\/2022\/files\/2022\/07\/wordpress-logotype-alternative.png 2000w\" sizes=\"auto, (max-width: 256px) 100vw, 256px\" \/><\/figure>\n\n\n\n<p class=\"has-text-align-center\"><strong><span style=\"text-decoration: underline\">WordPress<\/span><\/strong> es el sistema m\u00e1s popular de gesti\u00f3n de contenido que permite crear y mantener un blog o una p\u00e1gina web. Actualmente m\u00e1s del 40% de los sitios del mundo est\u00e1n creados en esta plataforma. El sistema es ideal para principiantes o para aquellos que no tienen demasiados conocimientos t\u00e9cnicos ya que es especialmente f\u00e1cil de utilizar y de optimizar<\/p>\n\n\n\n<div style=\"height:100px\" aria-hidden=\"true\" class=\"wp-block-spacer\"><\/div>\n\n\n\n<h3 class=\"has-text-align-center wp-block-heading\">Noticias sobre el Camp<\/h3>\n\n\n\n<div class=\"wp-block-columns alignwide are-vertically-aligned-center is-layout-flex wp-container-core-columns-is-layout-28f84493 wp-block-columns-is-layout-flex\">\n<div class=\"wp-block-column is-vertically-aligned-center is-layout-flow wp-block-column-is-layout-flow\" style=\"flex-basis:100%\"><ul class=\"wp-block-latest-posts__list is-grid columns-3 aligncenter home-news-box wp-block-latest-posts\"><li><a class=\"wp-block-latest-posts__post-title\" href=\"https:\/\/sanjose.wordcamp.org\/2022\/en-camino-hacia-el-conocimiento-marketing-desde-cero-en-el-wordcamp-sj-2022\/\">En camino hacia el conocimiento: Marketing desde cero en el WordCamp SJ 2022<\/a><\/li>\n<li><a class=\"wp-block-latest-posts__post-title\" href=\"https:\/\/sanjose.wordcamp.org\/2022\/inscripcion-kanban\/\">Mi primer Kanban<\/a><\/li>\n<li><a class=\"wp-block-latest-posts__post-title\" href=\"https:\/\/sanjose.wordcamp.org\/2022\/indicaciones-para-ir-al-wordcamp-sj-2022\/\">Indicaciones para ir al WordCamp SJ 2022<\/a><\/li>\n<li><a class=\"wp-block-latest-posts__post-title\" href=\"https:\/\/sanjose.wordcamp.org\/2022\/inscripcion-figma\/\">Tutorial para taller \u00bfC\u00f3mo presentar un proyecto de dise\u00f1o usando Figma?<\/a><\/li>\n<li><a class=\"wp-block-latest-posts__post-title\" href=\"https:\/\/sanjose.wordcamp.org\/2022\/inscripcion-wplocal\/\">Tutorial Desarrollo local con WPLocal<\/a><\/li>\n<li><a class=\"wp-block-latest-posts__post-title\" href=\"https:\/\/sanjose.wordcamp.org\/2022\/inscripcion-agile\/\">Inscripci\u00f3n a: Inmersi\u00f3n en Agile<\/a><\/li>\n<\/ul><\/div>\n<\/div>\n\n\n\n<div style=\"height:75px\" aria-hidden=\"true\" class=\"wp-block-spacer\"><\/div>\n\n\n\n<div class=\"wp-block-columns alignwide is-layout-flex wp-container-core-columns-is-layout-28f84493 wp-block-columns-is-layout-flex\">\n<div class=\"wp-block-column is-layout-flow wp-block-column-is-layout-flow\">\n<h3 class=\"has-text-align-center wp-block-heading\">Novedades del WordCamp San Jos\u00e9 2022<\/h3>\n\n\n\n<div class=\"wp-block-columns is-layout-flex wp-container-core-columns-is-layout-28f84493 wp-block-columns-is-layout-flex\">\n<div class=\"wp-block-column is-layout-flow wp-block-column-is-layout-flow\">\n<h4 class=\"has-text-align-center wp-block-heading\">Estamos presentes en el Metaverso<\/h4>\n\n\n\n<figure class=\"wp-block-image size-full\"><a href=\"https:\/\/www.spatial.io\/s\/WordCamp-San-Jose-2022-6333a35478785b000145fe3b?share=2190117560677327288\" target=\"_blank\" rel=\"noreferrer noopener\"><img loading=\"lazy\" decoding=\"async\" width=\"850\" height=\"550\" src=\"https:\/\/sanjose.wordcamp.org\/2022\/files\/2022\/10\/WCSJ-en-el-metaverso-1.jpg\" alt=\"\" class=\"wp-image-2904\" srcset=\"https:\/\/sanjose.wordcamp.org\/2022\/files\/2022\/10\/WCSJ-en-el-metaverso-1.jpg 850w, https:\/\/sanjose.wordcamp.org\/2022\/files\/2022\/10\/WCSJ-en-el-metaverso-1-300x194.jpg 300w, https:\/\/sanjose.wordcamp.org\/2022\/files\/2022\/10\/WCSJ-en-el-metaverso-1-768x497.jpg 768w, https:\/\/sanjose.wordcamp.org\/2022\/files\/2022\/10\/WCSJ-en-el-metaverso-1-464x300.jpg 464w\" sizes=\"auto, (max-width: 850px) 100vw, 850px\" \/><\/a><\/figure>\n\n\n\n<p>Aqu\u00ed podr\u00e1s encontrar una galer\u00eda con informaci\u00f3n sobre los organizadores, expositores y adem\u00e1s vivir la experiencia de entrar y participar con otros usuarios del metaverso<\/p>\n\n\n\n<div class=\"wp-block-buttons is-layout-flex wp-block-buttons-is-layout-flex\">\n<div class=\"wp-block-button aligncenter\"><a class=\"wp-block-button__link has-foreground-color has-text-color has-background wp-element-button\" href=\"https:\/\/www.spatial.io\/s\/WordCamp-San-Jose-2022-6333a35478785b000145fe3b?share=2190117560677327288\" style=\"background-color:#06a8d2\" target=\"_blank\" rel=\"noreferrer noopener\"><strong><span style=\"text-decoration: underline\">Ingresar al metaverso<\/span><\/strong><\/a><\/div>\n<\/div>\n<\/div>\n\n\n\n<div class=\"wp-block-column is-layout-flow wp-block-column-is-layout-flow\">\n<h4 class=\"has-text-align-center wp-block-heading\">Estrenamos canal de Tiktok <\/h4>\n\n\n\n<figure class=\"wp-block-image size-full\"><a href=\"https:\/\/www.tiktok.com\/@wordcampsanjose\" target=\"_blank\" rel=\"noreferrer noopener\"><img loading=\"lazy\" decoding=\"async\" width=\"850\" height=\"550\" src=\"https:\/\/sanjose.wordcamp.org\/2022\/files\/2022\/10\/WCSJ-Tiktok.jpg\" alt=\"\" class=\"wp-image-2905\" srcset=\"https:\/\/sanjose.wordcamp.org\/2022\/files\/2022\/10\/WCSJ-Tiktok.jpg 850w, https:\/\/sanjose.wordcamp.org\/2022\/files\/2022\/10\/WCSJ-Tiktok-300x194.jpg 300w, https:\/\/sanjose.wordcamp.org\/2022\/files\/2022\/10\/WCSJ-Tiktok-768x497.jpg 768w, https:\/\/sanjose.wordcamp.org\/2022\/files\/2022\/10\/WCSJ-Tiktok-464x300.jpg 464w\" sizes=\"auto, (max-width: 850px) 100vw, 850px\" \/><\/a><\/figure>\n\n\n\n<p>H\u00e1gamos comunidad, env\u00eda un v\u00eddeo con consejos, tips o an\u00e9cdotas de comunidad al correo: <a href=\"mailto:sanjose@wordcamp.org\">sanjose@wordcamp.org<\/a><\/p>\n\n\n\n<div class=\"wp-block-buttons is-layout-flex wp-block-buttons-is-layout-flex\">\n<div class=\"wp-block-button aligncenter\"><a class=\"wp-block-button__link has-foreground-color has-text-color has-background wp-element-button\" href=\"https:\/\/www.tiktok.com\/@wordcampsanjose\" style=\"background-color:#06a8d2\" target=\"_blank\" rel=\"noreferrer noopener\"><strong><span style=\"text-decoration: underline\">Ver perfil de Tiktok<\/span><\/strong><\/a><\/div>\n<\/div>\n<\/div>\n<\/div>\n\n\n\n<p><\/p>\n<\/div>\n<\/div>\n\n\n\n<div class=\"wp-block-columns alignfull home-venue has-background is-layout-flex wp-container-core-columns-is-layout-28f84493 wp-block-columns-is-layout-flex\" style=\"background-color:#323232\">\n<div class=\"wp-block-column is-layout-flow wp-block-column-is-layout-flow\">\n<div class=\"home-venue-box\">\n<h3>NUEVO VENUE<\/h3>\n\n<p><strong>Universidad Fid\u00e9litas<\/strong><br>\nCampus San Pedro<\/p>\n\n<div class=\"wp-block-button\"><a class=\"wp-block-button__link has-background-color has-text-color has-background wp-element-button\" href=\"https:\/\/sanjose.wordcamp.org\/2022\/sponsor\/universidad-fidelitas\/\" style=\"background-color:#06a8d2\">Nuestro Venue<\/a>   <a class=\"wp-block-button__link has-background-color has-text-color has-background wp-element-button\" href=\"https:\/\/sanjose.wordcamp.org\/2022\/como-llegar-al-wordcamp-san-jose-2022\/\" style=\"background-color:#06a8d2\">\u00a1C\u00f3mo llegar!<\/a><\/div>\n\n\n<div class=\"wp-block-button\"><\/div>\n<\/div>\n<\/div>\n\n\n\n<div class=\"wp-block-column is-layout-flow wp-block-column-is-layout-flow\">\n<figure class=\"wp-block-image\"><img loading=\"lazy\" decoding=\"async\" width=\"1024\" height=\"644\" src=\"https:\/\/sanjose.wordcamp.org\/2022\/files\/2022\/07\/wcsj22-home-newvenue.jpg\" alt=\"\" class=\"wp-image-507\" srcset=\"https:\/\/sanjose.wordcamp.org\/2022\/files\/2022\/07\/wcsj22-home-newvenue.jpg 1024w, https:\/\/sanjose.wordcamp.org\/2022\/files\/2022\/07\/wcsj22-home-newvenue-300x189.jpg 300w, https:\/\/sanjose.wordcamp.org\/2022\/files\/2022\/07\/wcsj22-home-newvenue-768x483.jpg 768w, https:\/\/sanjose.wordcamp.org\/2022\/files\/2022\/07\/wcsj22-home-newvenue-477x300.jpg 477w\" sizes=\"auto, (max-width: 1024px) 100vw, 1024px\" \/><\/figure>\n<\/div>\n<\/div>\n\n\n\n<div style=\"height:50px\" aria-hidden=\"true\" class=\"wp-block-spacer\"><\/div>\n","protected":false},"excerpt":{"rendered":"<p>WordCamp San Jos\u00e9 2022. Asistentes Expositores Patrocinadores \u00bfQu\u00e9 hacer en un WordCamp? En el WordCamp San Jos\u00e9 los participantes podr\u00e1n aprender de expertos de Costa Rica y fuera de sus fronteras, a los que les apasiona la ense\u00f1anza y que, desinteresadamente, quieren compartir sus mejores experiencias y tendencias. Invitamos a todos los estudiantes, profesionales y [&hellip;]<\/p>\n","protected":false},"author":15079632,"featured_media":0,"parent":0,"menu_order":0,"comment_status":"closed","ping_status":"closed","template":"page-large-header","meta":{"jetpack_post_was_ever_published":false,"footnotes":""},"class_list":["post-2","page","type-page","status-publish","hentry"],"jetpack_sharing_enabled":true,"jetpack_likes_enabled":true,"_links":{"self":[{"href":"https:\/\/sanjose.wordcamp.org\/2022\/wp-json\/wp\/v2\/pages\/2","targetHints":{"allow":["GET"]}}],"collection":[{"href":"https:\/\/sanjose.wordcamp.org\/2022\/wp-json\/wp\/v2\/pages"}],"about":[{"href":"https:\/\/sanjose.wordcamp.org\/2022\/wp-json\/wp\/v2\/types\/page"}],"author":[{"embeddable":true,"href":"https:\/\/sanjose.wordcamp.org\/2022\/wp-json\/wp\/v2\/users\/15079632"}],"replies":[{"embeddable":true,"href":"https:\/\/sanjose.wordcamp.org\/2022\/wp-json\/wp\/v2\/comments?post=2"}],"version-history":[{"count":123,"href":"https:\/\/sanjose.wordcamp.org\/2022\/wp-json\/wp\/v2\/pages\/2\/revisions"}],"predecessor-version":[{"id":3385,"href":"https:\/\/sanjose.wordcamp.org\/2022\/wp-json\/wp\/v2\/pages\/2\/revisions\/3385"}],"wp:attachment":[{"href":"https:\/\/sanjose.wordcamp.org\/2022\/wp-json\/wp\/v2\/media?parent=2"}],"curies":[{"name":"wp","href":"https:\/\/api.w.org\/{rel}","templated":true}]}}