{"id":1898,"date":"2022-09-19T17:22:57","date_gmt":"2022-09-19T23:22:57","guid":{"rendered":"https:\/\/sanjose.wordcamp.org\/2022\/?page_id=1898"},"modified":"2022-09-19T17:52:31","modified_gmt":"2022-09-19T23:52:31","slug":"programa","status":"publish","type":"page","link":"https:\/\/sanjose.wordcamp.org\/2022\/programa\/","title":{"rendered":"Programa"},"content":{"rendered":"\n<h3 class=\"has-text-align-center wp-block-heading\" style=\"font-size:25px\"><strong>S\u00e1bado 05 de noviembre, 2022<\/strong><\/h3>\n\n\n\n<h2 class=\"has-text-align-center wp-block-heading\" style=\"font-size:35px\"><a href=\"https:\/\/sanjose.wordcamp.org\/2022\/programa\/programa-sabado-05\/\" data-type=\"page\" data-id=\"7\"><strong>Auditorio Principal<\/strong><\/a><\/h2>\n\n\n\n<div class=\"wp-block-columns is-layout-flex wp-container-core-columns-is-layout-f56f613f wp-block-columns-is-layout-flex\">\n<div class=\"wp-block-column is-layout-constrained wp-block-column-is-layout-constrained\">\n<figure class=\"wp-block-image aligncenter size-full is-resized is-style-default\"><img loading=\"lazy\" decoding=\"async\" src=\"https:\/\/sanjose.wordcamp.org\/2022\/files\/2022\/09\/WordPress.png\" alt=\"\" class=\"wp-image-1696\" width=\"150\" height=\"150\" srcset=\"https:\/\/sanjose.wordcamp.org\/2022\/files\/2022\/09\/WordPress.png 300w, https:\/\/sanjose.wordcamp.org\/2022\/files\/2022\/09\/WordPress-150x150.png 150w\" sizes=\"auto, (max-width: 150px) 100vw, 150px\" \/><\/figure>\n\n\n\n<h4 class=\"has-text-align-center wp-block-heading\" style=\"font-size:18px\"><a href=\"https:\/\/sanjose.wordcamp.org\/2022\/programa\/programa-sabado-05\/\" data-type=\"page\" data-id=\"7\"><strong>WordPress<\/strong><\/a><\/h4>\n<\/div>\n\n\n\n<div class=\"wp-block-column is-layout-constrained wp-block-column-is-layout-constrained\">\n<figure class=\"wp-block-image aligncenter size-full is-resized is-style-default\"><img loading=\"lazy\" decoding=\"async\" src=\"https:\/\/sanjose.wordcamp.org\/2022\/files\/2022\/09\/Negocios-y-Woo-1.png\" alt=\"\" class=\"wp-image-1901\" width=\"150\" height=\"150\" srcset=\"https:\/\/sanjose.wordcamp.org\/2022\/files\/2022\/09\/Negocios-y-Woo-1.png 300w, https:\/\/sanjose.wordcamp.org\/2022\/files\/2022\/09\/Negocios-y-Woo-1-150x150.png 150w\" sizes=\"auto, (max-width: 150px) 100vw, 150px\" \/><\/figure>\n\n\n\n<h4 class=\"has-text-align-center wp-block-heading\" style=\"font-size:18px\"><strong><a href=\"https:\/\/sanjose.wordcamp.org\/2022\/programa\/programa-sabado-05\/\" data-type=\"page\" data-id=\"7\">Negocios<\/a><\/strong><\/h4>\n<\/div>\n\n\n\n<div class=\"wp-block-column is-layout-constrained wp-block-column-is-layout-constrained\">\n<figure class=\"wp-block-image aligncenter size-full is-resized is-style-default\"><img loading=\"lazy\" decoding=\"async\" src=\"https:\/\/sanjose.wordcamp.org\/2022\/files\/2022\/09\/disenomarketing.png\" alt=\"\" class=\"wp-image-1718\" width=\"150\" height=\"150\" srcset=\"https:\/\/sanjose.wordcamp.org\/2022\/files\/2022\/09\/disenomarketing.png 300w, https:\/\/sanjose.wordcamp.org\/2022\/files\/2022\/09\/disenomarketing-150x150.png 150w\" sizes=\"auto, (max-width: 150px) 100vw, 150px\" \/><\/figure>\n\n\n\n<h4 class=\"has-text-align-center wp-block-heading\" style=\"font-size:18px\"><strong><a href=\"https:\/\/sanjose.wordcamp.org\/2022\/programa\/programa-sabado-05\/\" data-type=\"page\" data-id=\"7\">UX &amp; Dise\u00f1o<\/a><\/strong><\/h4>\n<\/div>\n\n\n\n<div class=\"wp-block-column is-layout-constrained wp-block-column-is-layout-constrained\">\n<figure class=\"wp-block-image aligncenter size-full is-style-default\"><img loading=\"lazy\" decoding=\"async\" width=\"300\" height=\"300\" src=\"https:\/\/sanjose.wordcamp.org\/2022\/files\/2022\/09\/Desarrollo.png\" alt=\"\" class=\"wp-image-1757\" srcset=\"https:\/\/sanjose.wordcamp.org\/2022\/files\/2022\/09\/Desarrollo.png 300w, https:\/\/sanjose.wordcamp.org\/2022\/files\/2022\/09\/Desarrollo-150x150.png 150w\" sizes=\"auto, (max-width: 300px) 100vw, 300px\" \/><\/figure>\n\n\n\n<h4 class=\"has-text-align-center wp-block-heading\" style=\"font-size:18px\"><strong><a href=\"https:\/\/sanjose.wordcamp.org\/2022\/programa\/programa-sabado-05\/\" data-type=\"page\" data-id=\"7\">Desarrollo<\/a><\/strong><\/h4>\n<\/div>\n<\/div>\n\n\n\n<h5 class=\"has-text-align-center botonprograma wp-block-heading\" style=\"font-size:22px\"><a href=\"https:\/\/sanjose.wordcamp.org\/2022\/programa\/programa-sabado-05\/\" data-type=\"page\" data-id=\"7\"><strong>Ver programa<\/strong> d\u00eda s\u00e1bado<\/a><\/h5>\n\n\n\n<hr class=\"wp-block-separator has-text-color has-vivid-cyan-blue-color has-alpha-channel-opacity has-vivid-cyan-blue-background-color has-background is-style-dots\" \/>\n\n\n\n<h3 class=\"has-text-align-center wp-block-heading\" style=\"font-size:25px\"><strong>Domingo 06 de noviembre, 2022<\/strong><\/h3>\n\n\n\n<h2 class=\"has-text-align-center wp-block-heading\" style=\"font-size:35px\"><a href=\"https:\/\/sanjose.wordcamp.org\/2022\/programa\/programa-sabado-05\/\" data-type=\"page\" data-id=\"7\"><strong>Auditorio Principal<\/strong><\/a><\/h2>\n\n\n\n<div class=\"wp-block-columns is-layout-flex wp-container-core-columns-is-layout-f56f613f wp-block-columns-is-layout-flex\">\n<div class=\"wp-block-column is-layout-constrained wp-block-column-is-layout-constrained\">\n<figure class=\"wp-block-image aligncenter size-full is-resized is-style-default\"><a href=\"https:\/\/sanjose.wordcamp.org\/2022\/programa\/programa-domingo-06\/\"><img loading=\"lazy\" decoding=\"async\" src=\"https:\/\/sanjose.wordcamp.org\/2022\/files\/2022\/09\/WordPress.png\" alt=\"\" class=\"wp-image-1696\" width=\"150\" height=\"150\" srcset=\"https:\/\/sanjose.wordcamp.org\/2022\/files\/2022\/09\/WordPress.png 300w, https:\/\/sanjose.wordcamp.org\/2022\/files\/2022\/09\/WordPress-150x150.png 150w\" sizes=\"auto, (max-width: 150px) 100vw, 150px\" \/><\/a><\/figure>\n\n\n\n<h4 class=\"has-text-align-center wp-block-heading\" style=\"font-size:18px\"><strong><a href=\"https:\/\/sanjose.wordcamp.org\/2022\/programa\/programa-domingo-06\/\" data-type=\"page\" data-id=\"1877\">Accesibilidad &amp; Comunidad<\/a><\/strong><\/h4>\n<\/div>\n\n\n\n<div class=\"wp-block-column is-layout-constrained wp-block-column-is-layout-constrained\">\n<figure class=\"wp-block-image aligncenter size-full is-resized is-style-default\"><a href=\"https:\/\/sanjose.wordcamp.org\/2022\/programa\/programa-domingo-06\/\"><img loading=\"lazy\" decoding=\"async\" src=\"https:\/\/sanjose.wordcamp.org\/2022\/files\/2022\/09\/Negocios-y-Woo-1.png\" alt=\"\" class=\"wp-image-1901\" width=\"150\" height=\"150\" srcset=\"https:\/\/sanjose.wordcamp.org\/2022\/files\/2022\/09\/Negocios-y-Woo-1.png 300w, https:\/\/sanjose.wordcamp.org\/2022\/files\/2022\/09\/Negocios-y-Woo-1-150x150.png 150w\" sizes=\"auto, (max-width: 150px) 100vw, 150px\" \/><\/a><\/figure>\n\n\n\n<h4 class=\"has-text-align-center wp-block-heading\" style=\"font-size:18px\"><strong><a href=\"https:\/\/sanjose.wordcamp.org\/2022\/programa\/programa-domingo-06\/\" data-type=\"page\" data-id=\"1877\">WooCommerce<\/a><\/strong><\/h4>\n<\/div>\n\n\n\n<div class=\"wp-block-column is-layout-constrained wp-block-column-is-layout-constrained\">\n<figure class=\"wp-block-image aligncenter size-full is-resized is-style-default\"><img loading=\"lazy\" decoding=\"async\" src=\"https:\/\/sanjose.wordcamp.org\/2022\/files\/2022\/09\/disenomarketing.png\" alt=\"\" class=\"wp-image-1718\" width=\"150\" height=\"150\" srcset=\"https:\/\/sanjose.wordcamp.org\/2022\/files\/2022\/09\/disenomarketing.png 300w, https:\/\/sanjose.wordcamp.org\/2022\/files\/2022\/09\/disenomarketing-150x150.png 150w\" sizes=\"auto, (max-width: 150px) 100vw, 150px\" \/><\/figure>\n\n\n\n<h4 class=\"has-text-align-center wp-block-heading\" style=\"font-size:18px\"><strong><a href=\"https:\/\/sanjose.wordcamp.org\/2022\/programa\/programa-domingo-06\/\" data-type=\"page\" data-id=\"1877\">Marketing<\/a><\/strong><\/h4>\n<\/div>\n\n\n\n<div class=\"wp-block-column is-layout-constrained wp-block-column-is-layout-constrained\">\n<figure class=\"wp-block-image aligncenter size-full is-resized is-style-default\"><img loading=\"lazy\" decoding=\"async\" src=\"https:\/\/sanjose.wordcamp.org\/2022\/files\/2022\/09\/Desarrollo.png\" alt=\"\" class=\"wp-image-1757\" width=\"150\" height=\"150\" srcset=\"https:\/\/sanjose.wordcamp.org\/2022\/files\/2022\/09\/Desarrollo.png 300w, https:\/\/sanjose.wordcamp.org\/2022\/files\/2022\/09\/Desarrollo-150x150.png 150w\" sizes=\"auto, (max-width: 150px) 100vw, 150px\" \/><\/figure>\n\n\n\n<h4 class=\"has-text-align-center wp-block-heading\" style=\"font-size:18px\"><strong><a href=\"https:\/\/sanjose.wordcamp.org\/2022\/programa\/programa-domingo-06\/\" data-type=\"page\" data-id=\"1877\">Desarrollo<\/a><\/strong><\/h4>\n<\/div>\n<\/div>\n\n\n\n<h5 class=\"has-text-align-center botonprograma wp-block-heading\" style=\"font-size:22px\"><a href=\"https:\/\/sanjose.wordcamp.org\/2022\/programa\/programa-domingo-06\/\" data-type=\"page\" data-id=\"1877\"><strong>Ver programa<\/strong> d\u00eda domingo<\/a><\/h5>\n","protected":false},"excerpt":{"rendered":"<p>S\u00e1bado 05 de noviembre, 2022 Auditorio Principal WordPress Negocios UX &amp; Dise\u00f1o Desarrollo Ver programa d\u00eda s\u00e1bado Domingo 06 de noviembre, 2022 Auditorio Principal Accesibilidad &amp; Comunidad WooCommerce Marketing Desarrollo Ver programa d\u00eda domingo<\/p>\n","protected":false},"author":15079632,"featured_media":0,"parent":0,"menu_order":0,"comment_status":"closed","ping_status":"closed","template":"","meta":{"_crdt_document":"","jetpack_post_was_ever_published":false,"footnotes":""},"class_list":["post-1898","page","type-page","status-publish","hentry"],"jetpack_sharing_enabled":true,"jetpack_likes_enabled":true,"_links":{"self":[{"href":"https:\/\/sanjose.wordcamp.org\/2022\/wp-json\/wp\/v2\/pages\/1898","targetHints":{"allow":["GET"]}}],"collection":[{"href":"https:\/\/sanjose.wordcamp.org\/2022\/wp-json\/wp\/v2\/pages"}],"about":[{"href":"https:\/\/sanjose.wordcamp.org\/2022\/wp-json\/wp\/v2\/types\/page"}],"author":[{"embeddable":true,"href":"https:\/\/sanjose.wordcamp.org\/2022\/wp-json\/wp\/v2\/users\/15079632"}],"replies":[{"embeddable":true,"href":"https:\/\/sanjose.wordcamp.org\/2022\/wp-json\/wp\/v2\/comments?post=1898"}],"version-history":[{"count":18,"href":"https:\/\/sanjose.wordcamp.org\/2022\/wp-json\/wp\/v2\/pages\/1898\/revisions"}],"predecessor-version":[{"id":1920,"href":"https:\/\/sanjose.wordcamp.org\/2022\/wp-json\/wp\/v2\/pages\/1898\/revisions\/1920"}],"wp:attachment":[{"href":"https:\/\/sanjose.wordcamp.org\/2022\/wp-json\/wp\/v2\/media?parent=1898"}],"curies":[{"name":"wp","href":"https:\/\/api.w.org\/{rel}","templated":true}]}}