{"id":4813,"date":"2019-03-31T15:54:51","date_gmt":"2019-03-31T21:54:51","guid":{"rendered":"https:\/\/2019.sanjose.wordcamp.org\/?page_id=4813"},"modified":"2019-08-26T17:48:33","modified_gmt":"2019-08-26T23:48:33","slug":"kidscamp-faqs","status":"publish","type":"page","link":"https:\/\/sanjose.wordcamp.org\/2019\/kidscamp-faqs\/","title":{"rendered":"KidsCamp FAQs"},"content":{"rendered":"\n<p><strong>P:<\/strong>  \u00bfCu\u00e1ndo es el KidsCamp?<\/p>\n\n\n\n<p><strong><em>R:<\/em><\/strong><em> El KidsCamp se realizar\u00e1 el <strong>Domingo 8 de Setiembre, de  9am a 3:30pm<\/strong>. Con un receso para el almuerzo de 12pm a 1:30pm.<\/em><\/p>\n\n\n\n<p><strong>P:<\/strong>  \u00bfLa entrada cuenta con almuerzo para mi hijo?<\/p>\n\n\n\n<p><strong><em>R:<\/em><\/strong><em> S\u00ed<\/em>, se les brindara almuerzo a todos los ni\u00f1os que asistan al KidsCamp.<\/p>\n\n\n\n<p><strong>P:<\/strong>  \u00bfLa entrada cuenta con camiseta para mi hijo?<\/p>\n\n\n\n<p><strong><em>R:<\/em><\/strong><em> S\u00ed<\/em>, todos los ni\u00f1os que asistan al KidsCamp tendr\u00e1n su camiseta.<\/p>\n\n\n\n<p><strong>P:<\/strong> \u00bfD\u00f3nde se realizar\u00e1 el KidsCamp?<\/p>\n\n\n\n<p><strong><em>R:<\/em><\/strong><em> El KidsCamp se realizar\u00e1 en el mismo lugar del WordCamp, en las aulas y en el Laboratorio del Edificio C de la Universidad Latina de Costa Rica, sede San Pedro.<\/em><\/p>\n\n\n\n<p><strong>P:<\/strong> \u00bfDebo permanecer con mi hijo durante el KidsCamp?<\/p>\n\n\n\n<p><strong><em>R:<\/em><\/strong><em> S\u00ed, el padre o encargado del ni\u00f1o debe estar con \u00e9l durante el KidsCamp, a menos que el ni\u00f1o tenga la edad de 14 a\u00f1os o m\u00e1s. <\/em><\/p>\n\n\n\n<p><strong>P:<\/strong> \u00bfQu\u00e9 sucede si quiero asistir a una charla del WordCamp?<\/p>\n\n\n\n<p><strong><em>R:<\/em><\/strong><em>  El padre o encargado debe permanecer con su ni\u00f1o todo el tiempo, por lo tanto, si desea asistir a una charla del WordCamp, necesitar\u00e1 un encargado que se quede con el ni\u00f1o mientras usted asiste a las charlas. Tambi\u00e9n, debe comprar una entrada para el WordCamp para as\u00ed poder asistir a las charlas. <\/em><\/p>\n\n\n\n<p><strong>P:<\/strong> Yo compr\u00e9 la entrada para mi hijo(s), si voy a estar con mi hijo, \u00bfnecesito comprar una entrada para m\u00ed tambi\u00e9n?<br><br><strong><em>R<\/em><\/strong><em>: Si  desea desean asistir a las charlas del WordCamp, disfrutar del almuerzo y snacks, camisetas, swags, <strong>debe comprar una entrada<\/strong> de asistente al evento.<\/em><\/p>\n\n\n\n<p><strong>P:<\/strong> \u00bfPuedo asistir con m\u00e1s de un ni\u00f1o?<\/p>\n\n\n\n<p><strong><em>R:<\/em><\/strong><em> Recomendamos que un adulto no se haga responsable de m\u00e1s de 2 ni\u00f1os. Ellos necesitar\u00e1 su ayuda en todo momento durante el d\u00eda, estar a cargo de m\u00e1s de dos ni\u00f1os podr\u00eda convertirse en algo abrumador. Cada ni\u00f1o necesita su propia entrada y cada ni\u00f1o debe completar su propio formulario de registro.<\/em><\/p>\n\n\n\n<p><strong>P:<\/strong> \u00bfNecesito traer laptop\/tablet?<br><br><em><strong>R: <\/strong>Para el <strong>Taller Aprendiendo juntos con TITIBOTS Colab<\/strong>, cada ni\u00f1o debe llevar <strong>su propia tableta con sistema Android<\/strong>, para el <strong>Taller Kids explorando STEAM<\/strong> no es necesario llevar laptop ni tableta. Para el <strong>Taller Mi primer Blog en WordPress<\/strong>, se tendr\u00e1 acceso a una computadora dentro del laboratorio. <\/em><\/p>\n\n\n\n<p><strong>P:<\/strong> \u00bfPara qu\u00e9 edades es apropiado el KidsCamp?<\/p>\n\n\n\n<p><strong><em>R:<\/em><\/strong><em> Recomendamos edades entre los 3 y 17 a\u00f1os de edad. Dependiendo del taller existen requisitos de edad. Por favor, leer abajo donde se detallan las recomendaciones de edad para cada taller.<\/em><\/p>\n\n\n\n<p><em><strong>Taller Aprendiendo juntos con TITIBOTS <\/strong><\/em><\/p>\n\n\n\n<p><strong>P:<\/strong> \u00bfD\u00f3nde se impartir\u00e1 el taller?<\/p>\n\n\n\n<p><strong><em>R:<\/em><\/strong><em> Aula dentro de la Universidad Latina de Costa Rica, sede San Pedro.<\/em><\/p>\n\n\n\n<p><strong>P:<\/strong> \u00bfEn qu\u00e9 horario se realizar\u00e1 el taller y cu\u00e1l es su duraci\u00f3n?<\/p>\n\n\n\n<p><strong><em>R:<\/em><\/strong><em> Horario: 9am a 12pm. Duraci\u00f3n: 3 horas.<\/em><\/p>\n\n\n\n<p><strong>P:<\/strong> \u00bfNecesito llevar laptop o tablet?<\/p>\n\n\n\n<p><strong><em>R:<\/em><\/strong><em> Cada ni\u00f1o que asiste al taller debe llevar <strong>su propia tableta con sistema Android.<\/strong><\/em><\/p>\n\n\n\n<p><strong>P:<\/strong> \u00bfPara qu\u00e9 edades es apropiado?<\/p>\n\n\n\n<p><em><strong>R: <\/strong>Recomendamos edades entre los 3 y 8 a\u00f1os de edad.<\/em><\/p>\n\n\n\n<p><strong>P:<\/strong> \u00bfQui\u00e9n impartir\u00e1 el taller?<\/p>\n\n\n\n<p><strong><em>R: <\/em><\/strong><em> <\/em>Dra. Kryscia Ram\u00edrez Benavides, realizada en el Posgrado en Computaci\u00f3n e Inform\u00e1tica de la Universidad de Costa Rica, con \u00e9nfasis en Inform\u00e1tica Educativa. <\/p>\n\n\n\n<p style=\"text-align:center\"><strong>M\u00e1s informaci\u00f3n acerca de este taller, por favor, haga clic <a href=\"\/taller-aprendiendo-juntos-con-titibots-colab\" target=\"_blank\" rel=\"noreferrer noopener\" aria-label=\"aqu\u00ed (opens in a new tab)\">aqu\u00ed<\/a>.<\/strong><\/p>\n\n\n\n<p><em><strong>Taller Kids Explorando STEAM<\/strong><\/em><\/p>\n\n\n\n<p><strong>P:<\/strong> \u00bfD\u00f3nde se impartir\u00e1 el taller?<\/p>\n\n\n\n<p><strong><em>R:<\/em><\/strong><em> Aula dentro de la Universidad Latina de Costa Rica, sede San Pedro.<\/em><\/p>\n\n\n\n<p><strong>P:<\/strong> \u00bfEn qu\u00e9 horario se realizar\u00e1 el taller y cu\u00e1l es su duraci\u00f3n?<\/p>\n\n\n\n<p><strong><em>R:<\/em><\/strong><em> Horario: 9am a 12pm. Duraci\u00f3n: 3 horas.<\/em><\/p>\n\n\n\n<p><strong>P:<\/strong> \u00bfNecesito llevar laptop o tableta?<\/p>\n\n\n\n<p><strong><em>R:<\/em><\/strong><em> No es requisito llevar laptop ni tableta a este taller.<\/em><\/p>\n\n\n\n<p><strong>P:<\/strong> \u00bfPara qu\u00e9 edades es apropiado?<\/p>\n\n\n\n<p><em><strong>R: <\/strong>Recomendamos edades entre los 7 y 17 a\u00f1os de edad.<\/em><\/p>\n\n\n\n<p><strong>P:<\/strong> \u00bfQui\u00e9n impartir\u00e1 el taller?<\/p>\n\n\n\n<p><strong><em>R: <\/em><\/strong><em> <\/em><strong>William Jackson y Aida Correa<\/strong>,  son instructores de STEAM innovadores. Realizar\u00e1n actividades que despierten un pensamiento creativo y dise\u00f1o innovador. Las actividades son pr\u00e1cticas que utilizan recursos que desarrollan un pensamiento cr\u00edtico y de orden superior, creatividad en el aprendizaje basado en proyectos y trabajo en equipo dise\u00f1ado para fomentar la creaci\u00f3n de un ambiente de networking y colaboraci\u00f3n.<\/p>\n\n\n\n<p style=\"text-align:center\"><strong>M\u00e1s informaci\u00f3n acerca de este taller, por favor, haga clic <a href=\"\/taller-kids-explorando-steam\">aqu\u00ed<\/a>.<\/strong><\/p>\n\n\n\n<p><em><strong>Taller Mi Primer Blog en WordPress.<\/strong><\/em><\/p>\n\n\n\n<p><strong>P:<\/strong> \u00bfD\u00f3nde se impartir\u00e1 el taller?<\/p>\n\n\n\n<p><strong><em>R:<\/em><\/strong><em> Laboratorio dentro de la Universidad Latina de Costa Rica, sede San Pedro.<\/em><\/p>\n\n\n\n<p><strong>P:<\/strong> \u00bfEn qu\u00e9 horario se realizar\u00e1 el taller y cu\u00e1l es su duraci\u00f3n?<\/p>\n\n\n\n<p><strong><em>R:<\/em><\/strong><em> Horario: 1:30pm a 3:30pm. Duraci\u00f3n: 2 horas.<\/em><\/p>\n\n\n\n<p><strong>P:<\/strong> \u00bfNecesito llevar laptop o tablet?<\/p>\n\n\n\n<p><strong><em>R:<\/em><\/strong><em> Se har\u00e1 uso de las computadoras del Laboratorio de la Universidad Latina para impartir este taller, por lo que no es obligatorio llevar laptop, si el ni\u00f1o quiere llevar su propia laptop, puede hacerlo.<\/em><\/p>\n\n\n\n<p><strong>P:<\/strong> \u00bfPara qu\u00e9 edades es apropiado?<\/p>\n\n\n\n<p><em><strong>R: <\/strong>Recomendamos edades entre los 7 y 17 a\u00f1os de edad.<\/em><\/p>\n\n\n\n<p><strong>P:<\/strong> \u00bfQui\u00e9n impartir\u00e1 el taller?<\/p>\n\n\n\n<p><strong><em>R: <\/em><\/strong><em>Lic. Ericka Barboza. Ingeniera en Computaci\u00f3n e Inform\u00e1tica. Forma parte del equipo organizador del WordCamp San Jos\u00e9 Costa Rica por cuarta vez consecutiva. Miembro activo de la Comunidad de WordPress, a nivel nacional e internacional. Apasionada por el mundo WordPress y compartir con ni\u00f1os es una de las cosas que m\u00e1s la hacen feliz.<\/em><\/p>\n\n\n\n<p style=\"text-align:center\"><strong>M\u00e1s informaci\u00f3n acerca de este taller, por favor, haga clic <a href=\"\/taller-mi-primer-blog-en-wordpress\">aqu\u00ed<\/a>.<\/strong><\/p>\n\n\n\n<p><strong>P:<\/strong> \u00bfTiene alguna otra pregunta que quisiera enviarnos?<\/p>\n\n\n\n<p><strong><em>R:<\/em><\/strong><em> Contacte a los organizadores al correo <strong>sanjose@wordcamp.org.<\/strong><\/em><\/p>\n\n\n\n<p><em>Nota: Esta p\u00e1gina se estar\u00e1 actualizando con m\u00e1s detalles acerca del KidsCamp.<\/em><br><\/p>\n","protected":false},"excerpt":{"rendered":"<p>P: \u00bfCu\u00e1ndo es el KidsCamp? R: El KidsCamp se realizar\u00e1 el Domingo 8 de Setiembre, de 9am a 3:30pm. Con un receso para el almuerzo de 12pm a 1:30pm. P: \u00bfLa entrada cuenta con almuerzo para mi hijo? R: S\u00ed, se les brindara almuerzo a todos los ni\u00f1os que asistan al KidsCamp. P: \u00bfLa entrada &hellip; <\/p>\n<p class=\"link-more\"><a href=\"https:\/\/sanjose.wordcamp.org\/2019\/kidscamp-faqs\/\" class=\"more-link\">Continuar leyendo<span class=\"screen-reader-text\"> \u00abKidsCamp FAQs\u00bb<\/span><\/a><\/p>\n","protected":false},"author":15118541,"featured_media":0,"parent":0,"menu_order":0,"comment_status":"closed","ping_status":"closed","template":"","meta":{"jetpack_post_was_ever_published":false,"footnotes":""},"class_list":["post-4813","page","type-page","status-publish","hentry"],"jetpack_sharing_enabled":true,"jetpack_shortlink":"https:\/\/wp.me\/PaD4xW-1fD","jetpack_likes_enabled":true,"_links":{"self":[{"href":"https:\/\/sanjose.wordcamp.org\/2019\/wp-json\/wp\/v2\/pages\/4813","targetHints":{"allow":["GET"]}}],"collection":[{"href":"https:\/\/sanjose.wordcamp.org\/2019\/wp-json\/wp\/v2\/pages"}],"about":[{"href":"https:\/\/sanjose.wordcamp.org\/2019\/wp-json\/wp\/v2\/types\/page"}],"author":[{"embeddable":true,"href":"https:\/\/sanjose.wordcamp.org\/2019\/wp-json\/wp\/v2\/users\/15118541"}],"replies":[{"embeddable":true,"href":"https:\/\/sanjose.wordcamp.org\/2019\/wp-json\/wp\/v2\/comments?post=4813"}],"version-history":[{"count":40,"href":"https:\/\/sanjose.wordcamp.org\/2019\/wp-json\/wp\/v2\/pages\/4813\/revisions"}],"predecessor-version":[{"id":8881,"href":"https:\/\/sanjose.wordcamp.org\/2019\/wp-json\/wp\/v2\/pages\/4813\/revisions\/8881"}],"wp:attachment":[{"href":"https:\/\/sanjose.wordcamp.org\/2019\/wp-json\/wp\/v2\/media?parent=4813"}],"curies":[{"name":"wp","href":"https:\/\/api.w.org\/{rel}","templated":true}]}}