{"id":4811,"date":"2019-03-28T16:37:19","date_gmt":"2019-03-28T22:37:19","guid":{"rendered":"https:\/\/2019.sanjose.wordcamp.org\/?page_id=4811"},"modified":"2019-07-29T17:18:15","modified_gmt":"2019-07-29T23:18:15","slug":"kidscamp","status":"publish","type":"page","link":"https:\/\/sanjose.wordcamp.org\/2019\/kidscamp\/","title":{"rendered":"KidsCamp"},"content":{"rendered":"\n<div class=\"wp-block-image\"><figure class=\"aligncenter\"><img loading=\"lazy\" decoding=\"async\" width=\"1024\" height=\"549\" src=\"https:\/\/2019.sanjose.wordcamp.org\/files\/2019\/05\/kidscamp-logo-1024x549.png\" alt=\"\" class=\"wp-image-5973\" srcset=\"https:\/\/sanjose.wordcamp.org\/2019\/files\/2019\/05\/kidscamp-logo-1024x549.png 1024w, https:\/\/sanjose.wordcamp.org\/2019\/files\/2019\/05\/kidscamp-logo-300x161.png 300w, https:\/\/sanjose.wordcamp.org\/2019\/files\/2019\/05\/kidscamp-logo-768x411.png 768w, https:\/\/sanjose.wordcamp.org\/2019\/files\/2019\/05\/kidscamp-logo-500x268.png 500w, https:\/\/sanjose.wordcamp.org\/2019\/files\/2019\/05\/kidscamp-logo.png 1176w\" sizes=\"auto, (max-width: 767px) 89vw, (max-width: 1000px) 54vw, (max-width: 1071px) 543px, 580px\" \/><\/figure><\/div>\n\n\n\n<h3 style=\"text-align:center\" class=\"green wp-block-heading\"><strong>\u00a1La pr\u00f3xima generaci\u00f3n de WordPress estar\u00e1 presente en nuestro segundo KidsCamp!&nbsp;<\/strong><\/h3>\n\n\n\n<div style=\"height:50px\" aria-hidden=\"true\" class=\"wp-block-spacer\"><\/div>\n\n\n\n<p>El <strong>Domingo 8 de Setiembre<\/strong>, en un horario de <strong>9am a 3:30pm<\/strong> ser\u00e1 un d\u00eda lleno aprendizaje y entretenimiento, en el cual los ni\u00f1os pueden disfrutar en compa\u00f1\u00eda de sus padres de una serie de actividades que los ayudar\u00e1n a mejorar sus habilidades en \u00e1reas como la social-emocional,  pensamiento computacional, desarrollo, dise\u00f1o y en el uso de WordPress. <\/p>\n\n\n\n<p>El KidsCamp estar\u00e1 compuesto del Taller <strong>Aprendiendo juntos con TITIBOTS Colab<\/strong> para <strong>ni\u00f1os de 3 a 8 a\u00f1os<\/strong>, un Taller de exploraci\u00f3n de actividades <strong>STEAM<\/strong>, para <strong>ni\u00f1os de 7 a 14 a\u00f1os<\/strong>, ambos talleres se realizar\u00e1n simult\u00e1neamente de 9am a 12pm y un Taller para la creaci\u00f3n de <strong>Mi<\/strong> <strong>Primer Blog en WordPress<\/strong> para <strong>ni\u00f1os de 7 a 17 a\u00f1os<\/strong> de edad que comenzar\u00e1 a 1:30pm hasta las 3:30pm. Despu\u00e9s del receso de almuerzo.<\/p>\n\n\n\n<div style=\"height:50px\" aria-hidden=\"true\" class=\"wp-block-spacer\"><\/div>\n\n\n\n<ul class=\"wp-block-gallery columns-2 is-cropped wp-block-gallery-1 is-layout-flex wp-block-gallery-is-layout-flex\"><li class=\"blocks-gallery-item\"><figure><img loading=\"lazy\" decoding=\"async\" width=\"748\" height=\"748\" src=\"https:\/\/2019.sanjose.wordcamp.org\/files\/2019\/03\/aida-and-william.jpg\" alt=\"\" data-id=\"4988\" data-link=\"https:\/\/2019.sanjose.wordcamp.org\/kidscamp\/aida-and-william\/\" class=\"wp-image-4988\" srcset=\"https:\/\/sanjose.wordcamp.org\/2019\/files\/2019\/03\/aida-and-william.jpg 748w, https:\/\/sanjose.wordcamp.org\/2019\/files\/2019\/03\/aida-and-william-150x150.jpg 150w, https:\/\/sanjose.wordcamp.org\/2019\/files\/2019\/03\/aida-and-william-300x300.jpg 300w, https:\/\/sanjose.wordcamp.org\/2019\/files\/2019\/03\/aida-and-william-100x100.jpg 100w\" sizes=\"auto, (max-width: 706px) 89vw, (max-width: 767px) 82vw, 740px\" \/><figcaption>Taller STEAM con Aida Correa  y William Jackson<\/figcaption><\/figure><\/li><li class=\"blocks-gallery-item\"><figure><img loading=\"lazy\" decoding=\"async\" width=\"473\" height=\"630\" src=\"https:\/\/2019.sanjose.wordcamp.org\/files\/2019\/03\/IMG_3327_1.jpg\" alt=\"\" data-id=\"5029\" data-link=\"https:\/\/2019.sanjose.wordcamp.org\/2019\/03\/28\/kidscamp\/img_3327_1\/\" class=\"wp-image-5029\" srcset=\"https:\/\/sanjose.wordcamp.org\/2019\/files\/2019\/03\/IMG_3327_1.jpg 473w, https:\/\/sanjose.wordcamp.org\/2019\/files\/2019\/03\/IMG_3327_1-225x300.jpg 225w\" sizes=\"auto, (max-width: 473px) 100vw, 473px\" \/><figcaption>Taller creando mi primer Blog con WordPress<br>KidsCamp <br>WordCamp San Jos\u00e9, Costa Rica 2018<\/figcaption><\/figure><\/li><li class=\"blocks-gallery-item\"><figure><img loading=\"lazy\" decoding=\"async\" width=\"1024\" height=\"683\" src=\"https:\/\/2019.sanjose.wordcamp.org\/files\/2019\/03\/wcsj2018-265-1024x683.jpg\" alt=\"\" data-id=\"5225\" data-link=\"https:\/\/2019.sanjose.wordcamp.org\/kidscamp\/wcsj2018-265\/\" class=\"wp-image-5225\" srcset=\"https:\/\/sanjose.wordcamp.org\/2019\/files\/2019\/03\/wcsj2018-265-1024x683.jpg 1024w, https:\/\/sanjose.wordcamp.org\/2019\/files\/2019\/03\/wcsj2018-265-300x200.jpg 300w, https:\/\/sanjose.wordcamp.org\/2019\/files\/2019\/03\/wcsj2018-265-768x512.jpg 768w, https:\/\/sanjose.wordcamp.org\/2019\/files\/2019\/03\/wcsj2018-265-450x300.jpg 450w\" sizes=\"auto, (max-width: 767px) 89vw, (max-width: 1000px) 54vw, (max-width: 1071px) 543px, 580px\" \/><figcaption>Taller UX<br>KidsCamp <br>WordCamp San Jos\u00e9 Costa Rica 2018<\/figcaption><\/figure><\/li><\/ul>\n\n\n\n<div style=\"height:50px\" aria-hidden=\"true\" class=\"wp-block-spacer\"><\/div>\n\n\n\n<div class=\"wp-block-columns has-3-columns is-layout-flex wp-container-core-columns-is-layout-9d6595d7 wp-block-columns-is-layout-flex\">\n<div class=\"wp-block-column is-layout-flow wp-block-column-is-layout-flow\">\n<div class=\"wp-block-image\"><figure class=\"aligncenter is-resized\"><a href=\"\/taller-aprendiendo-juntos-con-titibots-colab\"><img loading=\"lazy\" decoding=\"async\" src=\"https:\/\/2019.sanjose.wordcamp.org\/files\/2019\/07\/alien.png\" alt=\"\" class=\"wp-image-7559\" width=\"128\" height=\"128\" srcset=\"https:\/\/sanjose.wordcamp.org\/2019\/files\/2019\/07\/alien.png 512w, https:\/\/sanjose.wordcamp.org\/2019\/files\/2019\/07\/alien-150x150.png 150w, https:\/\/sanjose.wordcamp.org\/2019\/files\/2019\/07\/alien-300x300.png 300w, https:\/\/sanjose.wordcamp.org\/2019\/files\/2019\/07\/alien-100x100.png 100w\" sizes=\"auto, (max-width: 128px) 100vw, 128px\" \/><\/a><\/figure><\/div>\n\n\n\n<p style=\"text-align:center\" class=\"green\"><strong>Taller Aprendiendo juntos con TITIBOTS Colab<\/strong><\/p>\n\n\n\n<p>Este taller es dirigido para<strong> ni\u00f1os de 3 a 8 a\u00f1os <\/strong>de edad, para conocer todos los detalles acerca de este taller, por favor haga clic <a href=\"\/taller-aprendiendo-juntos-con-titibots-colab\">aqu\u00ed<\/a>.<\/p>\n\n\n\n<p><\/p>\n<\/div>\n\n\n\n<div class=\"wp-block-column is-layout-flow wp-block-column-is-layout-flow\">\n<div class=\"wp-block-image\"><figure class=\"aligncenter is-resized\"><a href=\"\/taller-kids-explorando-steam\/\"><img loading=\"lazy\" decoding=\"async\" src=\"https:\/\/2019.sanjose.wordcamp.org\/files\/2019\/07\/web-design.png\" alt=\"\" class=\"wp-image-7561\" width=\"128\" height=\"128\" srcset=\"https:\/\/sanjose.wordcamp.org\/2019\/files\/2019\/07\/web-design.png 512w, https:\/\/sanjose.wordcamp.org\/2019\/files\/2019\/07\/web-design-150x150.png 150w, https:\/\/sanjose.wordcamp.org\/2019\/files\/2019\/07\/web-design-300x300.png 300w, https:\/\/sanjose.wordcamp.org\/2019\/files\/2019\/07\/web-design-100x100.png 100w\" sizes=\"auto, (max-width: 128px) 100vw, 128px\" \/><\/a><\/figure><\/div>\n\n\n\n<p style=\"text-align:center\" class=\"green\"><strong>Taller Kids explorando STEAM<\/strong><\/p>\n\n\n\n<p>Este taller es dirigido para<strong> ni\u00f1os de  7 a 14 a\u00f1os<\/strong>, para conocer todos los detalles acerca de este taller, por favor haga clic <a href=\"\/taller-kids-explorando-steam\/\">aqu\u00ed<\/a>.<\/p>\n\n\n\n<p><\/p>\n<\/div>\n\n\n\n<div class=\"wp-block-column is-layout-flow wp-block-column-is-layout-flow\">\n<div class=\"wp-block-image\"><figure class=\"aligncenter is-resized\"><a href=\"\/taller-mi-primer-blog-en-wordpress\"><img loading=\"lazy\" decoding=\"async\" src=\"https:\/\/2019.sanjose.wordcamp.org\/files\/2019\/07\/internet.png\" alt=\"\" class=\"wp-image-7560\" width=\"128\" height=\"128\" srcset=\"https:\/\/sanjose.wordcamp.org\/2019\/files\/2019\/07\/internet.png 512w, https:\/\/sanjose.wordcamp.org\/2019\/files\/2019\/07\/internet-150x150.png 150w, https:\/\/sanjose.wordcamp.org\/2019\/files\/2019\/07\/internet-300x300.png 300w, https:\/\/sanjose.wordcamp.org\/2019\/files\/2019\/07\/internet-100x100.png 100w\" sizes=\"auto, (max-width: 128px) 100vw, 128px\" \/><\/a><\/figure><\/div>\n\n\n\n<p style=\"text-align:center\" class=\"green\"><strong>Taller Mi primer Blog en WordPress<\/strong> <\/p>\n\n\n\n<p>Este taller es dirigido para<strong> ni\u00f1os de  7 a 17 a\u00f1os <\/strong>de edad, para conocer todos los detalles acerca de este taller, por favor haga clic <a href=\"\/taller-mi-primer-blog-en-wordpress\">aqu\u00ed<\/a>.<\/p>\n<\/div>\n<\/div>\n\n\n\n<h4 class=\"wp-block-heading\">Informaci\u00f3n importante<\/h4>\n\n\n\n<ul class=\"wp-block-list\"><li><strong>Con la entrada al KidsCamp cada ni\u00f1o contar\u00e1 con almuerzo, camiseta y swags.<\/strong><\/li><li><strong style=\"font-size: 1rem\">Los ni\u00f1os menores de 14 a\u00f1os deben ser acompa\u00f1ados por el padre o encargado y deben permanecer con ellos durante todo el KidsCamp.<\/strong><\/li><li><strong>Si los padres desean asistir a las charlas del WordCamp, disfrutar del almuerzo, camisetas y snacks, deben comprar una entrada de asistente.<\/strong><\/li><\/ul>\n\n\n\n<h4 class=\"wp-block-heading\">\u00bfPreguntas? Por favor, dir\u00edjase a <a href=\"https:\/\/2019.sanjose.wordcamp.org\/?page_id=4813\"><strong>KidsCamp FAQs.<\/strong><\/a><\/h4>\n\n\n\n<p><em>Nota: Esta p\u00e1gina se estar\u00e1 actualizando con m\u00e1s detalles acerca del KidsCamp.<\/em><\/p>\n\n\n\n<div style=\"height:25px\" aria-hidden=\"true\" class=\"wp-block-spacer\"><\/div>\n\n\n\n<h3 style=\"text-align:center\" class=\"green wp-block-heading\"><strong>Tiquetes<\/strong><\/h3>\n\n\n<a href=\"https:\/\/sanjose.wordcamp.org\/2019\/kidscamp\/\">Por favor, ve esta p\u00e1gina en un navegador para hacer una compra o gestionar entradas.<\/a>\n","protected":false},"excerpt":{"rendered":"<p>\u00a1La pr\u00f3xima generaci\u00f3n de WordPress estar\u00e1 presente en nuestro segundo KidsCamp!&nbsp; El Domingo 8 de Setiembre, en un horario de 9am a 3:30pm ser\u00e1 un d\u00eda lleno aprendizaje y entretenimiento, en el cual los ni\u00f1os pueden disfrutar en compa\u00f1\u00eda de sus padres de una serie de actividades que los ayudar\u00e1n a mejorar sus habilidades en &hellip; <\/p>\n<p class=\"link-more\"><a href=\"https:\/\/sanjose.wordcamp.org\/2019\/kidscamp\/\" class=\"more-link\">Continuar leyendo<span class=\"screen-reader-text\"> \u00abKidsCamp\u00bb<\/span><\/a><\/p>\n","protected":false},"author":15118541,"featured_media":0,"parent":0,"menu_order":0,"comment_status":"closed","ping_status":"closed","template":"","meta":{"jetpack_post_was_ever_published":false,"footnotes":""},"class_list":["post-4811","page","type-page","status-publish","hentry"],"jetpack_sharing_enabled":true,"jetpack_shortlink":"https:\/\/wp.me\/PaD4xW-1fB","jetpack_likes_enabled":true,"_links":{"self":[{"href":"https:\/\/sanjose.wordcamp.org\/2019\/wp-json\/wp\/v2\/pages\/4811","targetHints":{"allow":["GET"]}}],"collection":[{"href":"https:\/\/sanjose.wordcamp.org\/2019\/wp-json\/wp\/v2\/pages"}],"about":[{"href":"https:\/\/sanjose.wordcamp.org\/2019\/wp-json\/wp\/v2\/types\/page"}],"author":[{"embeddable":true,"href":"https:\/\/sanjose.wordcamp.org\/2019\/wp-json\/wp\/v2\/users\/15118541"}],"replies":[{"embeddable":true,"href":"https:\/\/sanjose.wordcamp.org\/2019\/wp-json\/wp\/v2\/comments?post=4811"}],"version-history":[{"count":65,"href":"https:\/\/sanjose.wordcamp.org\/2019\/wp-json\/wp\/v2\/pages\/4811\/revisions"}],"predecessor-version":[{"id":7822,"href":"https:\/\/sanjose.wordcamp.org\/2019\/wp-json\/wp\/v2\/pages\/4811\/revisions\/7822"}],"wp:attachment":[{"href":"https:\/\/sanjose.wordcamp.org\/2019\/wp-json\/wp\/v2\/media?parent=4811"}],"curies":[{"name":"wp","href":"https:\/\/api.w.org\/{rel}","templated":true}]}}