{"id":19,"date":"2019-01-16T18:33:17","date_gmt":"2019-01-16T18:33:17","guid":{"rendered":"https:\/\/2019.sanjose.wordcamp.org\/code-of-conduct\/"},"modified":"2019-03-22T05:08:41","modified_gmt":"2019-03-22T05:08:41","slug":"code-of-conduct","status":"publish","type":"page","link":"https:\/\/sanjose.wordcamp.org\/2019\/code-of-conduct\/","title":{"rendered":"C\u00f3digo de Conducta"},"content":{"rendered":"<h3>Prop\u00f3sito<\/h3>\n<p>WordCamp San Jos\u00e9, Costa Rica cree que nuestra comunidad debe estar abierta para todo el mundo. Como tal, estamos comprometidos a proporcionar un ambiente agradable, seguro y acogedor para todos, independientemente de su sexo, orientaci\u00f3n sexual, discapacidad, etnia, religi\u00f3n, sistema operativo preferido, lenguaje de programaci\u00f3n o editor de texto.<\/p>\n<p>Este c\u00f3digo de conducta resume nuestras expectativas para el comportamiento de los participantes, as\u00ed como las consecuencias de un comportamiento inaceptable.<\/p>\n<p>Instamos a todos los patrocinadores, voluntarios, conferenciantes, asistentes y otros participantes a ayudarnos a tener una experiencia de conferencia segura y positiva para todos.<\/p>\n<h3>Comunidad Open Source<\/h3>\n<p>Un objetivo adicional de este c\u00f3digo de conducta es incrementar la Comunidad Open Source, alentando a los participantes a reconocer y fortalecer las relaciones entre lo que hacemos y la sociedad en general<\/p>\n<p>Al servicio de este objetivo, los organizadores de WordCamp San Jos\u00e9, Costa Rica tomar\u00e1n notas para realizar nominaciones de los miembros ejemplares de la comunidad durante todo el evento y reconocer\u00e1n a los seleccionados despu\u00e9s de la conferencia en el sitio web.<\/p>\n<p>Queremos saber si ves a alguien que est\u00e1 haciendo un esfuerzo extra para asegurar que nuestra comunidad sea acogedora, amable y alienta a todos los participantes a contribuir en la mayor medida.<\/p>\n<h3>Comportamiento esperado<\/h3>\n<p>Sea considerado, respetuoso y colaborativo.<\/p>\n<p>Abstenerse de conducta y lenguaje degradante, discriminatorio o de acoso.<\/p>\n<p>Sea consciente de su entorno y de sus compa\u00f1eros. Alerte a los organizadores de la conferencia si usted nota una situaci\u00f3n peligrosa o que alguien est\u00e1 en peligro.<\/p>\n<p>Participe de una manera aut\u00e9ntica y activa. Al hacerlo, usted ayuda a crear WordCamp San Jos\u00e9, Costa Rica y eso cuenta.<\/p>\n<h3>Comportamiento inaceptable<\/h3>\n<p>Entre los comportamientos inaceptables se incluyen: intimidaci\u00f3n, acoso, abusivo conducta discriminatoria, despectiva o degradante por parte de cualquier asistentes WordCamp San Jos\u00e9, Costa Rica y eventos relacionados. Lugares WordCamp San Jos\u00e9, Costa Rica puede compartir espacios con otras personas; por favor ser respetuoso con todos en estos lugares.<\/p>\n<p>El acoso incluye: comentarios verbales ofensivos relacionados con el g\u00e9nero, la orientaci\u00f3n sexual, la raza, la religi\u00f3n, la discapacidad; uso inadecuado de desnudos y\/o im\u00e1genes sexuales en espacios p\u00fablicos (incluyendo diapositivas en la presentaci\u00f3n); intimidaci\u00f3n deliberada, acecho o siguiente; acosar fotograf\u00eda o grabaci\u00f3n; interrupci\u00f3n sostenida de charlas y otros eventos; contacto f\u00edsico inapropiado y atenci\u00f3n sexual no deseada.<\/p>\n<h3>Consecuencias de comportamiento inaceptable<\/h3>\n<p>El comportamiento inaceptable no ser\u00e1 tolerado por los dem\u00e1s asistentes, organizadores, personal del evento, patrocinadores u otras personas que compartan espacio con la WordCamp San Jos\u00e9, Costa Rica.<\/p>\n<p>Se espera que ante un comportamiento inaceptable sea detenido inmediatamente.<\/p>\n<p>Si un participante se involucra en una conducta inaceptable, los organizadores de la conferencia pueden tomar cualquier acci\u00f3n que consideren apropiada, hasta la expulsi\u00f3n de la conferencia sin previo aviso o reembolso.<\/p>\n<h3>\u00bfQu\u00e9 hacer si usted es testigo o es objeto de comportamiento inaceptable?<\/h3>\n<p>Si usted est\u00e1 sujeto a un comportamiento inaceptable, nota que alguien est\u00e1 siendo objeto del mismo, o tiene otras preocupaciones, por favor notifique a un organizador de la conferencia tan pronto como le sea posible.<\/p>\n<p>El equipo WordCamp San Jos\u00e9, Costa Rica estar\u00e1 disponible para ayudar a los participantes en el contacto con seguridad o la polic\u00eda local, para proporcionar servicios de acompa\u00f1antes, o para ayudar de otra manera a los que experimenten un comportamiento inaceptable o que se sientan seguros durante la duraci\u00f3n de la conferencia.<\/p>\n<p>Cualquier voluntario puede conectar con un organizador de la conferencia. Tambi\u00e9n puede llegar al mostrador especial de inscripci\u00f3n en el vest\u00edbulo y pedirlo a los organizadores.<\/p>\n<h3>Alcance<\/h3>\n<p>Esperamos que todos los participantes de la conferencia (patrocinadores, voluntarios, ponentes, asistentes y otros invitados) respeten el c\u00f3digo de conducta en todas las salas y los eventos sociales relacionados.<\/p>\n<h3>Informaci\u00f3n de contacto<\/h3>\n<p>Correo:\u00a0<a href=\"https:\/\/2018.sanjose.wordcamp.org\/contacto\/codigo-de-conducta\/sanjose@wordcamp.org\">sanjose@wordcamp.org<\/a><\/p>\n<h3>Licencia y atribuci\u00f3n<\/h3>\n<p>Este C\u00f3digo de Conducta est\u00e1 adaptado a nuestro evento partiendo del trabajo del Open Source Bridge. El original est\u00e1 disponible en http:\/\/opensourcebridge.org\/about\/code-of-conduct y est\u00e1 liberado bajo la misma licencia Creative Commons Reconocimiento \u2013 Compartir.<\/p>\n\n\n<hr class=\"wp-block-separator\" \/>\n\n\n\n<h2 class=\"wp-block-heading\">Purpose<\/h2>\n\n\n\n<p>WordCamp San Jos\u00e9, Costa Rica believes our community should be truly open for everyone. As such, we are committed to providing a friendly, safe and welcoming environment for all, regardless of gender, sexual orientation, disability, ethnicity, religion, preferred operating system, programming language, or text editor.<\/p>\n\n\n\n<p>This code of conduct outlines our expectations for participant behaviour as well as the consequences for unacceptable behaviour.<\/p>\n\n\n\n<p>We invite all sponsors, volunteers, speakers, attendees, and other participants to help us realize a safe and positive conference experience for everyone.<\/p>\n\n\n\n<h2 class=\"wp-block-heading\">Open Source Citizenship<\/h2>\n\n\n\n<p>A supplemental goal of this code of conduct is to increase open source citizenship by encouraging participants to recognize and strengthen the relationships between what we do and the community at large.<\/p>\n\n\n\n<p>In service of this goal, WordCamp San Jos\u00e9, Costa Rica organizers will be taking nominations for exemplary citizens throughout the event and will recognize select participants after the conference on the website.<\/p>\n\n\n\n<p>If you see someone who is making an extra effort to ensure our community is welcoming, friendly, and encourages all participants to contribute to the fullest extent, we want to know.<\/p>\n\n\n\n<h2 class=\"wp-block-heading\">Expected Behavior<\/h2>\n\n\n\n<p>Be considerate, respectful, and collaborative.<\/p>\n\n\n\n<p>Refrain from demeaning, discriminatory or harassing behavior and speech.<\/p>\n\n\n\n<p>Be mindful of your surroundings and of your fellow participants. Alert conference organizers if you notice a dangerous situation or someone in distress.<\/p>\n\n\n\n<p>Participate in an authentic and active way. In doing so, you help to create WordCamp San Jos\u00e9, Costa Rica and make it your own.<\/p>\n\n\n\n<h2 class=\"wp-block-heading\">Unacceptable Behavior<\/h2>\n\n\n\n<p>Unacceptable behaviors include: intimidating, harassing, abusive, discriminatory, derogatory or demeaning conduct by any attendees of WordCamp San Jos\u00e9, Costa Rica and related events. All<\/p>\n\n\n\n<p>WordCamp San Jos\u00e9, Costa Rica venues may be shared with members of the public; please be respectful to all patrons of these locations.<\/p>\n\n\n\n<p>Harassment includes: offensive verbal comments related to gender, sexual orientation, race, religion, disability; inappropriate use of nudity and\/or sexual images in public spaces (including presentation slides); deliberate intimidation, stalking or following; harassing photography or recording; sustained disruption of talks or other events; inappropriate physical contact, and unwelcome sexual attention.<\/p>\n\n\n\n<h2 class=\"wp-block-heading\">Consequences of unacceptable behavior<\/h2>\n\n\n\n<p>Unacceptable behavior will not be tolerated whether by other attendees, organizers, venue staff, sponsors, or other patrons of WordCamp San Jos\u00e9, Costa Rica venues.<\/p>\n\n\n\n<p>Anyone asked to stop unacceptable behavior is expected to comply immediately.<\/p>\n\n\n\n<p>If a participant engages in unacceptable behavior, the conference organizers may take any action they deem appropriate, up to and including expulsion from the conference without warning or refund.<\/p>\n\n\n\n<h2 class=\"wp-block-heading\">What to do if you witness or are subject to unacceptable behavior<\/h2>\n\n\n\n<p>If you are subject to unacceptable behavior, notice that someone else is being subject to unacceptable behavior, or have any other concerns, please notify a conference organizer as soon as possible.<\/p>\n\n\n\n<p>The WordCamp San Jos\u00e9, Costa Rica team will be available to help participants contact venue security or local law enforcement, to provide escorts, or to otherwise assist those experiencing unacceptable behaviour to feel safe for the duration of the conference.<br>Any volunteer can connect you with a conference organizer. You can also come to the special registration desk in the lobby and ask for the organizers.<\/p>\n\n\n\n<h2 class=\"wp-block-heading\">Scope<\/h2>\n\n\n\n<p>We expect all conference participants (sponsors, volunteers, speakers, attendees, and other guests) to abide by this code of conduct at all conference venues and conference-related social events.<\/p>\n\n\n\n<h2 class=\"wp-block-heading\">Contact Information<\/h2>\n\n\n\n<p>email: <a href=\"mailto:sanjose@wordcamp.org\">sanjose@wordcamp.org<\/a><\/p>\n\n\n\n<h2 class=\"wp-block-heading\">License and Attribution<\/h2>\n\n\n\n<p>This Code of Conduct is a direct swipe from the awesome work of Open Source Bridge, but with our event information substituted. The original is available at<br>http:\/\/opensourcebridge.org\/about\/code-of-conduct\/ and is released under a<br>Creative Commons Attribution-ShareAlike license.<\/p>\n\n\n\n<p><\/p>\n","protected":false},"excerpt":{"rendered":"<p>Prop\u00f3sito WordCamp San Jos\u00e9, Costa Rica cree que nuestra comunidad debe estar abierta para todo el mundo. Como tal, estamos comprometidos a proporcionar un ambiente agradable, seguro y acogedor para todos, independientemente de su sexo, orientaci\u00f3n sexual, discapacidad, etnia, religi\u00f3n, sistema operativo preferido, lenguaje de programaci\u00f3n o editor de texto. Este c\u00f3digo de conducta resume &hellip; <\/p>\n<p class=\"link-more\"><a href=\"https:\/\/sanjose.wordcamp.org\/2019\/code-of-conduct\/\" class=\"more-link\">Continuar leyendo<span class=\"screen-reader-text\"> \u00abC\u00f3digo de Conducta\u00bb<\/span><\/a><\/p>\n","protected":false},"author":15079632,"featured_media":0,"parent":0,"menu_order":0,"comment_status":"closed","ping_status":"closed","template":"","meta":{"jetpack_post_was_ever_published":false,"footnotes":""},"class_list":["post-19","page","type-page","status-publish","hentry"],"jetpack_sharing_enabled":true,"jetpack_shortlink":"https:\/\/wp.me\/PaD4xW-j","jetpack_likes_enabled":true,"_links":{"self":[{"href":"https:\/\/sanjose.wordcamp.org\/2019\/wp-json\/wp\/v2\/pages\/19","targetHints":{"allow":["GET"]}}],"collection":[{"href":"https:\/\/sanjose.wordcamp.org\/2019\/wp-json\/wp\/v2\/pages"}],"about":[{"href":"https:\/\/sanjose.wordcamp.org\/2019\/wp-json\/wp\/v2\/types\/page"}],"author":[{"embeddable":true,"href":"https:\/\/sanjose.wordcamp.org\/2019\/wp-json\/wp\/v2\/users\/15079632"}],"replies":[{"embeddable":true,"href":"https:\/\/sanjose.wordcamp.org\/2019\/wp-json\/wp\/v2\/comments?post=19"}],"version-history":[{"count":2,"href":"https:\/\/sanjose.wordcamp.org\/2019\/wp-json\/wp\/v2\/pages\/19\/revisions"}],"predecessor-version":[{"id":4472,"href":"https:\/\/sanjose.wordcamp.org\/2019\/wp-json\/wp\/v2\/pages\/19\/revisions\/4472"}],"wp:attachment":[{"href":"https:\/\/sanjose.wordcamp.org\/2019\/wp-json\/wp\/v2\/media?parent=19"}],"curies":[{"name":"wp","href":"https:\/\/api.w.org\/{rel}","templated":true}]}}