{"id":12,"date":"2019-01-16T18:33:17","date_gmt":"2019-01-16T18:33:17","guid":{"rendered":"https:\/\/2019.sanjose.wordcamp.org\/organizers\/"},"modified":"2023-01-05T10:50:18","modified_gmt":"2023-01-05T16:50:18","slug":"organizers","status":"publish","type":"page","link":"https:\/\/sanjose.wordcamp.org\/2019\/organizers\/","title":{"rendered":"Organizadores"},"content":{"rendered":"\t<div class=\"wp-block-jetpack-gif\">\n\t\t<figure>\n\t\t\t\t\t\t\t<div class=\"wp-block-jetpack-gif-wrapper\" style=\"padding-top:62%\">\n\t\t\t\t\t<iframe src=\"https:\/\/giphy.com\/embed\/MZY26BYnC4ieCLRURg\" title=\"https:\/\/media.giphy.com\/media\/MZY26BYnC4ieCLRURg\/giphy.gif\"><\/iframe>\n\t\t\t\t<\/div>\n\t\t\t\t\t\t\t\t<\/figure>\n\t<\/div>\n\t\n\n\n<p class=\"has-text-align-center\">El WordCamp San Jos\u00e9 es un evento que conlleva un esfuerzo de muchos meses por parte de un grupo de organizadores este a\u00f1o somos 11, trabajamos  voluntariamente para llevar el evento a cabo y que sea un \u00e9xito.  Claro en el camino hacia el #WordCamp tambi\u00e9n nos divertimos y aprendemos juntos. <\/p>\n\n\n\n<p>\u00bfQuienes est\u00e1n detr\u00e1s de cada proceso?, aqu\u00ed est\u00e1n:<\/p>\n\n\n\n<h2 class=\"has-text-align-center green wp-block-heading\">L\u00edder del Equipo<\/h2>\n\n\n\t<div class=\"wcorg-organizers\">\n\n\t\t\n\t\t\t<div class=\"wcorg-organizer\">\n\t\t\t\t<h2>Lidia Arroyo V<\/h2>\n\t\t\t\t<div class=\"wcorg-organizer-description\">\n\t\t\t\t\t\t\t\t\t\t<img alt='' src='https:\/\/secure.gravatar.com\/avatar\/bfb6e95851da7974d4c50f945adc9fe3be395ea892ccbb70ca91e2bbdac52de0?s=100&#038;d=mm&#038;r=g' srcset='https:\/\/secure.gravatar.com\/avatar\/bfb6e95851da7974d4c50f945adc9fe3be395ea892ccbb70ca91e2bbdac52de0?s=200&#038;d=mm&#038;r=g 2x' class='avatar avatar-100 photo' height='100' width='100' \/>\t\t\t\t\t\n<p>Ingeniera en Sistemas, 4 a\u00f1os de experiencia en sector del desarrollo e implementaci\u00f3n de soluciones para diferentes proyectos. Actualmente es la coordinadora del \u00e1rea de desarrollo web de la agencia ComDigital. Como una entusiasta del movimiento Open Source, ha destacado con su aporte al fortalecimiento, crecimiento y consolidaci\u00f3n de los objetivos para la comunidad \u201cWordPress en Costa Rica\u201d. <br> En su IV edici\u00f3n del \u201cWordCamp SJ 2019\u201d, lidera el grupo organizador con quienes trabaja para materializar un evento de gran provecho, para profesionales, emprendedores y estudiantes con el prop\u00f3sito de compartir y actualizar conocimiento.<\/p>\n\n\n\n<p>W: <a rel=\"noreferrer noopener\" aria-label=\"arroyovargas.com (opens in a new tab)\" href=\"https:\/\/www.arroyovargas.com\/\" target=\"_blank\">arroyovargas.com<\/a> T: <a href=\"https:\/\/twitter.com\/lidivanarroyo\" target=\"_blank\" rel=\"noreferrer noopener\" aria-label=\"@lidivanarroyo (opens in a new tab)\">@lidivanarroyo<\/a><\/p>\n\t\t\t\t<\/div>\n\t\t\t<\/div>\n\n\t\t\n\t<\/div><!-- .wcorg-organizers -->\n\t\n\n\n<div class=\"wp-block-image\">\n<figure class=\"aligncenter is-resized\"><img loading=\"lazy\" decoding=\"async\" src=\"https:\/\/2019.sanjose.wordcamp.org\/files\/2019\/05\/divider-green.png\" alt=\"\" class=\"wp-image-6212\" width=\"108\" height=\"13\" \/><\/figure>\n<\/div>\n\n\n<h2 class=\"has-text-align-center green wp-block-heading\">Venue &amp; KidsCamp<\/h2>\n\n\n<ul class=\"wordcamp-block wordcamp-post-list has-layout-list wordcamp-organizers\"><li class=\"wordcamp-post-list__post wordcamp-clearfix\">\n<div class=\"wordcamp-organizer wordcamp-organizers__post slug-ericka-barboza\">\n\t<h3 class=\"wordcamp-block__item-title wordcamp-organizers__title\">Ericka Barboza<\/h3>\n\t\t\t<div class=\"wordcamp-image__avatar-container align-left\">\n\t\t\t<img decoding=\"async\" src=\"https:\/\/secure.gravatar.com\/avatar\/f1adb1f79d160d1c3a7107159719d0e442202ee8efe7217aed6e27d7457b0dc9?s=150&amp;d=mm&amp;r=g\" alt=\"Avatar de Ericka Barboza\" \/>\t\t<\/div>\n\t\n\t\t\t<div class=\"wordcamp-block__item-content wordcamp-organizers__content is-full\"><p style=\"text-align:justify\"> Ericka Barboza es Licenciada en Ingenier\u00eda Inform\u00e1tica, apasionada por la tecnolog\u00eda web, trabaja como Desarrolladora Web Independiente en&nbsp;kekablue.com, a su vez, trabaja como parte del equipo de Partner Relations en la compa\u00f1\u00eda GreenGeeks Web Hosting. Es activa en la Comunidad Global de WordPress y le emociona conocer nuevas personas en cada actividad del \u00e1mbito tecnol\u00f3gico. Forma parte del equipo organizador del WordCamp San Jos\u00e9 Costa Rica 2019,&nbsp;siendo \u00e9sta la cuarta ocasi\u00f3n y en el a\u00f1o 2018 tuvo el honor de tener el rol de Lead Organizer. Ha sido voluntaria en el WordCamp Miami 2017 y en el WordCamp US 2018.<\/p>\n<p>Es entusiasta de las actividades que fomenten el empoderamiento de la mujer en la sociedad y tiene como objetivo alentar a la mujer a involucrarse en el mundo de la tecnolog\u00eda.&nbsp;La playa es su lugar favorito y pasar tiempo con su familia, es su mayor tesoro.<\/p>\n<p>Ericka este a\u00f1o es organizadora con el rol de Venue Wrangler y adem\u00e1s se encarga de la organizaci\u00f3n del <a href=\"\/kidscamp\/\">KidsCamp<\/a>.<\/p>\n<p style=\"text-align:center\" class=\"has-background has-very-light-gray-background-color lidi\">Ericka, es la  embajadora de WCSJ  fuera de Costa Rica. Siempre est\u00e1 buscando lo mejor para la comunidad. <\/p>\n<\/div>\t<\/div>\n\n<\/li><\/ul>\n\n<div class=\"wp-block-image\">\n<figure class=\"aligncenter is-resized\"><img loading=\"lazy\" decoding=\"async\" src=\"https:\/\/2019.sanjose.wordcamp.org\/files\/2019\/05\/divider-green.png\" alt=\"\" class=\"wp-image-6212\" width=\"108\" height=\"13\" \/><\/figure>\n<\/div>\n\n\n<h2 class=\"has-text-align-center green wp-block-heading\">Presupuesto \/ Patrocinios<\/h2>\n\n\n\t<div class=\"wcorg-organizers\">\n\n\t\t\n\t\t\t<div class=\"wcorg-organizer\">\n\t\t\t\t<h2>Edgar Jim\u00e9nez<\/h2>\n\t\t\t\t<div class=\"wcorg-organizer-description\">\n\t\t\t\t\t\t\t\t\t\t<img alt='' src='https:\/\/secure.gravatar.com\/avatar\/d3f73dbc823a2300e12c398d8dc1d9dc8b229f50eab00a494323a5f6a193dd52?s=100&#038;d=mm&#038;r=g' srcset='https:\/\/secure.gravatar.com\/avatar\/d3f73dbc823a2300e12c398d8dc1d9dc8b229f50eab00a494323a5f6a193dd52?s=200&#038;d=mm&#038;r=g 2x' class='avatar avatar-100 photo' height='100' width='100' \/>\t\t\t\t\t\n<p style=\"text-align:justify\">Licenciado de Administraci\u00f3n de Empresas de la Universidad de Costa Rica, Emprendedor, Huertero Emp\u00edrico y Consultor de Marketing Digital, especialista en campa\u00f1as de marketing en Google Adwords y\u00a0todo tipo de anuncios en Social Media. Apasionado del \u201cGiving Back\u201d me encanta que WordPress sea c\u00f3digo libre y contemplar el impacto positivo que la tecnolog\u00eda puede llegar a generar en la sociedad y en personas con necesidades.<\/p>\n\n\n\n<p style=\"text-align:center\" class=\"lidi\">Edgar  trabaja arduamente para estirar el presupuesto, conseguir patrocinadores, vender entradas, visitar empresas, conseguir pizzas para los meetups. Es el administrador  que todo equipo organizador necesita.  Vaya trabajo, el chico de los contactos!<\/p>\n\t\t\t\t<\/div>\n\t\t\t<\/div>\n\n\t\t\n\t<\/div><!-- .wcorg-organizers -->\n\t\n\n\n<div class=\"wp-block-image\">\n<figure class=\"aligncenter is-resized\"><img loading=\"lazy\" decoding=\"async\" src=\"https:\/\/2019.sanjose.wordcamp.org\/files\/2019\/05\/divider-green.png\" alt=\"\" class=\"wp-image-6212\" width=\"108\" height=\"13\" \/><\/figure>\n<\/div>\n\n\n<h2 class=\"has-text-align-center green wp-block-heading\">Team Dise\u00f1o \/ Marketing<\/h2>\n\n\n<ul class=\"wordcamp-block wordcamp-post-list has-layout-list wordcamp-organizers\"><li class=\"wordcamp-post-list__post wordcamp-clearfix\">\n<div class=\"wordcamp-organizer wordcamp-organizers__post slug-krysia-castillo-picado\">\n\t<h3 class=\"wordcamp-block__item-title wordcamp-organizers__title\">Krysia Castillo Picado<\/h3>\n\t\t\t<div class=\"wordcamp-image__avatar-container align-left\">\n\t\t\t<img decoding=\"async\" src=\"https:\/\/secure.gravatar.com\/avatar\/c144cca8a425a41d7033413204faaa0f18fc96d6e24fb3ab37be95680af869e2?s=150&amp;d=mm&amp;r=g\" alt=\"Avatar de Krysia Castillo Picado\" \/>\t\t<\/div>\n\t\n\t\t\t<div class=\"wordcamp-block__item-content wordcamp-organizers__content is-full\"><p style=\"text-align:justify\">Dise\u00f1adora Publicitaria,<br \/>\ncommunity manager y emprendedora. Siempre interesada en aprender diferentes<br \/>\nt\u00e9cnicas para crecimiento personal y profesional como tecnolog\u00edas de software<br \/>\ncomo es el WordPress. Le encanta participar en los meetup y ayudar a la<br \/>\ncomunidad WordPress colaborando como organizadora en la parte de redes sociales<br \/>\ny dise\u00f1o por tercer a\u00f1o consecutivo en el WordCamp San Jos\u00e9, Costa Rica.<\/p>\n<p style=\"text-align:justify\">Forma parte de otras comunidades<br \/>\ndigitales y de empoderamiento de la mujer en la parte tecnol\u00f3gica .<\/p>\n<p style=\"text-align:justify\"><em>\u00abTodo conocimiento es importante para desarrollarse como persona y como profesional y es lo que espero del WordCamp San Jos\u00e9 2019\u201d<\/em><\/p>\n<p style=\"text-align:center\" class=\"has-background has-very-light-gray-background-color lidi\">Adem\u00e1s de ser experta dise\u00f1ando y manejando nuestras redes sociales, es quien siempre nos llama a la calma. Nuestra gur\u00fa. <\/p>\n<\/div>\t<\/div>\n\n<\/li><li class=\"wordcamp-post-list__post wordcamp-clearfix\">\n<div class=\"wordcamp-organizer wordcamp-organizers__post slug-melissa-robles\">\n\t<h3 class=\"wordcamp-block__item-title wordcamp-organizers__title\">Melissa Robles<\/h3>\n\t\t\t<div class=\"wordcamp-image__avatar-container align-left\">\n\t\t\t<img decoding=\"async\" src=\"https:\/\/secure.gravatar.com\/avatar\/27a75961d5086c41341c2358a5cb3266c7320bffbc3f5975faad8137d5c6070c?s=150&amp;d=mm&amp;r=g\" alt=\"Avatar de Melissa Robles\" \/>\t\t<\/div>\n\t\n\t\t\t<div class=\"wordcamp-block__item-content wordcamp-organizers__content is-full\"><p style=\"text-align:justify\">Melissa es dise\u00f1adora gr\u00e1fica, productora audiovisual, community manager y emprendedora.  Se considera una aprendiz por su inter\u00e9s de explorar nuevos conocimientos.<\/p>\n<p style=\"text-align:justify\">A formado parte de la comunidad desde el 2016, desde el 2017 ha colaborado como voluntaria en el manejo de las redes sociales del WordCamp San Jos\u00e9  y como miembro de los organizadores del mismo.<\/p>\n<p style=\"text-align:center\" class=\"has-background has-very-light-gray-background-color lidi\">Meli es muy tierna, tiene magia para dibujar  y maneja las redes sociales como una pro, nuestras historias de Instagram lo demuestran.<\/p>\n<\/div>\t<\/div>\n\n<\/li><\/ul>\n\n<div class=\"wp-block-image\">\n<figure class=\"aligncenter is-resized\"><img loading=\"lazy\" decoding=\"async\" src=\"https:\/\/2019.sanjose.wordcamp.org\/files\/2019\/05\/divider-green.png\" alt=\"\" class=\"wp-image-6212\" width=\"108\" height=\"13\" \/><\/figure>\n<\/div>\n\n\n<h2 class=\"has-text-align-center green wp-block-heading\">Speaker<\/h2>\n\n\n<div class=\"wp-block-image\">\n<figure class=\"aligncenter is-resized\"><img loading=\"lazy\" decoding=\"async\" src=\"https:\/\/2019.sanjose.wordcamp.org\/files\/2019\/05\/divider-green.png\" alt=\"\" class=\"wp-image-6212\" width=\"108\" height=\"13\" \/><\/figure>\n<\/div>\n\n<ul class=\"wordcamp-block wordcamp-post-list has-layout-list wordcamp-organizers\"><li class=\"wordcamp-post-list__post wordcamp-clearfix\">\n<div class=\"wordcamp-organizer wordcamp-organizers__post slug-alex-aguilar\">\n\t<h3 class=\"wordcamp-block__item-title wordcamp-organizers__title\" style=\"text-align:left\">Alex Aguilar<\/h3>\n\t\t\t<div class=\"wordcamp-image__avatar-container align-left\">\n\t\t\t<img decoding=\"async\" src=\"https:\/\/secure.gravatar.com\/avatar\/5f000a03f0b8fb1eaa057ec12f69d180db5f9bb347e4b038565ef2a8e8e663c9?s=150&amp;d=mm&amp;r=g\" alt=\"Avatar de Alex Aguilar\" \/>\t\t<\/div>\n\t\n\t\t\t<div class=\"wordcamp-block__item-content wordcamp-organizers__content is-full\"><p style=\"text-align:justify\">Cuenta con 15 a\u00f1os de experiencia en Ventas y Servicio al Cliente y  m\u00e1s de 8 a\u00f1os en el \u00e1rea de Call Centers de distintas multinacionales, en 2007 decidi\u00f3 hacer  lo que realmente le apasiona: viajar y emprender, por eso cre\u00f3 su propia compa\u00f1\u00eda Antekk Software y  desde entonces  ha podido recorrer muchos pa\u00edses y al mismo tiempo trabajar en lo que le apasiona. <\/p>\n<p style=\"text-align:justify\">Alex viaja y trabaja como n\u00f3mada digital, mientras sigue aprendiendo y aplicando en sus proyectos todo el conocimiento adquirido, y en especial con estrategias de monetizaci\u00f3n.<\/p>\n<p style=\"text-align:center\" class=\"has-background has-very-light-gray-background-color lidi\"> Este es el primer a\u00f1o de Alex como organizador y lo hace genial con mucho entusiasmo, es quien coordina a todos los ponentes y sus necesidades.  Vaya tarea porque es el que m\u00e1s networking realiza antes del WordCamp. <\/p>\n<\/div>\t<\/div>\n\n<\/li><\/ul>\n\n\n<h2 class=\"has-text-align-center green wp-block-heading\">Voluntarios<\/h2>\n\n\n\t<div class=\"wcorg-organizers\">\n\n\t\t\n\t\t\t<div class=\"wcorg-organizer\">\n\t\t\t\t<h2>Juan Prendas D\u00edaz<\/h2>\n\t\t\t\t<div class=\"wcorg-organizer-description\">\n\t\t\t\t\t\t\t\t\t\t<img alt='' src='https:\/\/secure.gravatar.com\/avatar\/13d492913eaf7f9481074cf0860ea9410961fdcf2a051b81d86f422fdb1246b5?s=100&#038;d=mm&#038;r=g' srcset='https:\/\/secure.gravatar.com\/avatar\/13d492913eaf7f9481074cf0860ea9410961fdcf2a051b81d86f422fdb1246b5?s=200&#038;d=mm&#038;r=g 2x' class='avatar avatar-100 photo' height='100' width='100' \/>\t\t\t\t\t\n<p style=\"text-align:justify\">Juan Andr\u00e9s Prendas es estudiante de Ingenier\u00eda Inform\u00e1tica, apasionado de las tecnolog\u00edas web. Ha trabajado para  agencias de publicidad y de estrategia digital como desarrollador y se encuentra en busca de nuevos proyectos donde pueda aplicar y mejorar cada vez m\u00e1s sus habilidades.<\/p>\n\n\n\n<p style=\"text-align:justify\">Forma parte de la comunidad desde el 2017, fue voluntario para el WordCamp San Jos\u00e9 2018 y este a\u00f1o es el encargado de los voluntarios para el WordCamp San Jos\u00e9 2019.<\/p>\n\n\n\n<p style=\"text-align:center\" class=\"has-background has-very-light-gray-background-color lidi\">Juan es el Peter Parker de este equipo de Vengadores siendo el m\u00e1s joven pero sus ideas y aportes son geniales.<\/p>\n\t\t\t\t<\/div>\n\t\t\t<\/div>\n\n\t\t\n\t<\/div><!-- .wcorg-organizers -->\n\t\n\n\n<div class=\"wp-block-image\">\n<figure class=\"aligncenter is-resized\"><img loading=\"lazy\" decoding=\"async\" src=\"https:\/\/2019.sanjose.wordcamp.org\/files\/2019\/05\/divider-green.png\" alt=\"\" class=\"wp-image-6212\" width=\"108\" height=\"13\" \/><\/figure>\n<\/div>\n\n\n<h2 class=\"has-text-align-center green wp-block-heading\">Audio &amp; V\u00eddeo<\/h2>\n\n\n\t<div class=\"wcorg-organizers\">\n\n\t\t\n\t\t\t<div class=\"wcorg-organizer\">\n\t\t\t\t<h2>Mauricio Barrantes<\/h2>\n\t\t\t\t<div class=\"wcorg-organizer-description\">\n\t\t\t\t\t\t\t\t\t\t<img alt='' src='https:\/\/secure.gravatar.com\/avatar\/6d35c1e5c48caf037d3b7d0744d634dc3c4c3e72f36b3c10f8913a528538c49a?s=100&#038;d=mm&#038;r=g' srcset='https:\/\/secure.gravatar.com\/avatar\/6d35c1e5c48caf037d3b7d0744d634dc3c4c3e72f36b3c10f8913a528538c49a?s=200&#038;d=mm&#038;r=g 2x' class='avatar avatar-100 photo' height='100' width='100' \/>\t\t\t\t\t\n<p style=\"text-align:justify\">Publicista de vocaci\u00f3n y de profesi\u00f3n, con una trayectoria comprobada de m\u00e1s de 20 a\u00f1os en el empresa privada, sector p\u00fablico, acad\u00e9mico y voluntariado, donde ha contribuido en la construcci\u00f3n de imagen de marca, comunicaci\u00f3n, mercadeo, publicidad y producci\u00f3n. <\/p>\n\n\n\n<p style=\"text-align:justify\"><em>\u201cLos nuevos retos que tiene por delante la generaci\u00f3n de conocimientos, formaci\u00f3n, promoci\u00f3n de competencias, transferencia e innovaci\u00f3n, me estimulan para emprender con entusiasmo el reto de contribuir con el WordCampSj 2019\u201d &nbsp;&nbsp;&#8211; Mauricio B.<\/em> <\/p>\n\n\n\n<p style=\"text-align:justify\">Mauricio es el organizador a cargo de Audio &amp; V\u00eddeo,  Log\u00edstica del After Party y cena de expositores, patrocinadores, organizadores y voluntarios  para el WordCamp San Jos\u00e9 2019. <\/p>\n\n\n\n<p style=\"text-align:center\" class=\"has-background has-very-light-gray-background-color lidi\">\u00abEl genio detr\u00e1s de la c\u00e1mara\u00bb  de buen porte y adem\u00e1s quien m\u00e1s humor aporta al equipo, siempre est\u00e1 anim\u00e1ndonos. Si lo ves en el after no dejes de preguntarle por Berenice. <\/p>\n\n\n\n<p><\/p>\n\t\t\t\t<\/div>\n\t\t\t<\/div>\n\n\t\t\n\t<\/div><!-- .wcorg-organizers -->\n\t\n\n\n<div class=\"wp-block-image\">\n<figure class=\"aligncenter is-resized\"><img loading=\"lazy\" decoding=\"async\" src=\"https:\/\/2019.sanjose.wordcamp.org\/files\/2019\/05\/divider-green.png\" alt=\"\" class=\"wp-image-6212\" width=\"108\" height=\"13\" \/><\/figure>\n<\/div>\n\n\n<h2 class=\"has-text-align-center green wp-block-heading\">Web<\/h2>\n\n\n<div class=\"wp-block-image\">\n<figure class=\"aligncenter is-resized\"><img loading=\"lazy\" decoding=\"async\" src=\"https:\/\/2019.sanjose.wordcamp.org\/files\/2019\/05\/divider-green.png\" alt=\"\" class=\"wp-image-6212\" width=\"108\" height=\"13\" \/><\/figure>\n<\/div>\n\n<ul class=\"wordcamp-block wordcamp-post-list has-layout-list wordcamp-organizers\"><li class=\"wordcamp-post-list__post wordcamp-clearfix\">\n<div class=\"wordcamp-organizer wordcamp-organizers__post slug-francisco-leiton\">\n\t<h3 class=\"wordcamp-block__item-title wordcamp-organizers__title\">Francisco Leit\u00f3n<\/h3>\n\t\t\t<div class=\"wordcamp-image__avatar-container align-left\">\n\t\t\t<img decoding=\"async\" src=\"https:\/\/secure.gravatar.com\/avatar\/75197098b7c07248767eb94c967fe42a9731e7dc865e832282fd2d71755cd819?s=150&amp;d=mm&amp;r=g\" alt=\"Avatar de Francisco Leit\u00f3n\" \/>\t\t<\/div>\n\t\n\t\t\t<div class=\"wordcamp-block__item-content wordcamp-organizers__content is-full\"><p style=\"text-align:justify\">Dise\u00f1ador Web y Desarrollador Frontend con m\u00e1s de 6 a\u00f1os de experiencia en la creaci\u00f3n de sitios web, 5 de estos usando WordPress como CMS preferido. Ha trabajo como freelancer en agencias internacionales como Avventa (AKA Accenture) y como  POSSIBLE (Interactive Designer actualmente), adem\u00e1s forma parte del departamento de desarrollo de la agencia digital ARWEB, agencia costarricense que cuenta con m\u00e1s de 20 a\u00f1os de trayectoria en el mercado nacional.<\/p>\n<p style=\"text-align:justify\">Entusiasta del branding cuenta con un emprendimiento donde tambi\u00e9n brinda asesoramiento a Pymes sobre imagen corporativa y presencia en la web.<\/p>\n<p style=\"text-align:center\" class=\"has-background has-very-light-gray-background-color lidi\">Si te gusta el dise\u00f1o de este sitio, pues Chisquito es el genio desarrollador a cargo de todo el sitio web, adem\u00e1s colabora en el dise\u00f1o de los materiales y publicaciones necesarios para este gran evento. La calidad para \u00e9l es s\u00faper importante.<\/p>\n<p style=\"text-align:left\">W: <a rel=\"noreferrer noopener\" aria-label=\"chiscoleiton.com (opens in a new tab)\" href=\"http:\/\/chiscoleiton.com\" target=\"_blank\">chiscoleiton.com<\/a> | T: <a rel=\"noreferrer noopener\" aria-label=\"@chiscoleiton (opens in a new tab)\" href=\"https:\/\/twitter.com\/chiscoleiton\" target=\"_blank\">@chiscoleiton<\/a><\/p>\n<\/div>\t<\/div>\n\n<\/li><\/ul>\n\n\n<h2 class=\"has-text-align-center green wp-block-heading\">Contenido<\/h2>\n\n\n\t<div class=\"wcorg-organizers\">\n\n\t\t\n\t\t\t<div class=\"wcorg-organizer\">\n\t\t\t\t<h2>Lincy Gonz\u00e1lez<\/h2>\n\t\t\t\t<div class=\"wcorg-organizer-description\">\n\t\t\t\t\t\t\t\t\t\t<img alt='' src='https:\/\/secure.gravatar.com\/avatar\/65ddc3a33c9db08be1585afbd31274fee3933091c60e1d27dbb1663496eb54f7?s=100&#038;d=mm&#038;r=g' srcset='https:\/\/secure.gravatar.com\/avatar\/65ddc3a33c9db08be1585afbd31274fee3933091c60e1d27dbb1663496eb54f7?s=200&#038;d=mm&#038;r=g 2x' class='avatar avatar-100 photo' height='100' width='100' \/>\t\t\t\t\t\n<p style=\"text-align:justify\">Master en Auditor\u00eda de Sistemas de Informaci\u00f3n, adem\u00e1s de ingeniera en sistemas con especializaci\u00f3n en desarrollo web y profesora de <span class=\"__in\">Universidad<\/span> <span class=\"__in\">Nacional<\/span> en Costa Rica. Expositora en varios eventos, participe en comunidades de desarrollo de software open source y promotora de mujeres en tecnolog\u00eda.<\/p>\n\n\n\n<p style=\"text-align:justify\">Ella ha trabajado para grandes marcas inter<span class=\"__in\">nacional<\/span>es y en la actualidad trabaja para Gorilla Logic S.A. Adem\u00e1s, se encuentra aplicando los principios de miner\u00eda de datos a sus proyectos de inteligencia artificial para mejorar la experiencia del usuario final.<\/p>\n\n\n\n<p style=\"text-align:center\" class=\"has-background has-very-light-gray-background-color lidi\">Lincy trabaja ayudando con el contenido del sitio y ufff es una luchadora incansable.  Es nuestra campeona vendedora de entradas. <\/p>\n\t\t\t\t<\/div>\n\t\t\t<\/div>\n\n\t\t\n\t<\/div><!-- .wcorg-organizers -->\n\t\n\n\n\n<div class=\"wp-block-image\"><figure class=\"aligncenter\"><img loading=\"lazy\" decoding=\"async\" width=\"144\" height=\"17\" src=\"https:\/\/2019.sanjose.wordcamp.org\/files\/2019\/05\/divider-green.png\" alt=\"\" class=\"wp-image-6212\" \/><\/figure><\/div>\n\n\n\n<h2 class=\"has-text-align-center green wp-block-heading\">Mentora<\/h2>\n\n\n\t<div class=\"wcorg-organizers\">\n\n\t\t\n\t\t\t<div class=\"wcorg-organizer\">\n\t\t\t\t<h2>Rocio Valdivia<\/h2>\n\t\t\t\t<div class=\"wcorg-organizer-description\">\n\t\t\t\t\t\t\t\t\t\t<img alt='' src='https:\/\/secure.gravatar.com\/avatar\/17e3cbd63c4ddcf873d1848277de062a48239d962359ecaf1978e966429f5b6f?s=100&#038;d=mm&#038;r=g' srcset='https:\/\/secure.gravatar.com\/avatar\/17e3cbd63c4ddcf873d1848277de062a48239d962359ecaf1978e966429f5b6f?s=200&#038;d=mm&#038;r=g 2x' class='avatar avatar-100 photo' height='100' width='100' \/>\t\t\t\t\t\n<p style=\"text-align:justify\">Defensora del software libre y enamorada de la tecnolog\u00eda, los viajes y los retos personales. Trabaja en Automattic como Community Wrangler para WordCamp Central responsable de Europa y Asia. Con m\u00e1s de 10 a\u00f1os de experiencia en el mundo de la tecnolog\u00eda y con el proyecto de Software Libre de WordPress donde se especializ\u00f3 en la herramienta BuddyPress para el desarrollo de redes sociales.<\/p>\n\n\n\n<p style=\"text-align:justify\">Tuvo el honor de ser la primera y \u00fanica ponente espa\u00f1ola en las dos primeras ediciones de WordCamp Europa en Leiden (2013) y Sofia (2014). Miembro del equipo de organizaci\u00f3n de tres WordCamps Sevilla, Meetup WordPress Sevilla, WordPress Meetup Nuuk y de WordCamp Europa 2015, 2016 y 2017. Co-autora del libro \u00abWordPress para Dummies\u00bb (2012), responsable del programa internacional WordCamp Incubator Program 2018-2019<\/p>\n\n\n\n<p style=\"text-align:center\" class=\"has-background has-very-light-gray-background-color lidi\">Rocio es la mentora asignada por WordCamp Central por cuarto a\u00f1o consecutivo, nuestra gu\u00eda en todos los procesos y pasos para WCSJ.  Le tenemos mucho aprecio y estamos s\u00faper emocionados porque este a\u00f1o le vamos a conocer y poder abrazar. <\/p>\n\t\t\t\t<\/div>\n\t\t\t<\/div>\n\n\t\t\n\t<\/div><!-- .wcorg-organizers -->\n\t\n\n\n<div class=\"wp-block-image\">\n<figure class=\"aligncenter is-resized\"><img loading=\"lazy\" decoding=\"async\" src=\"https:\/\/2019.sanjose.wordcamp.org\/files\/2019\/05\/divider-green.png\" alt=\"\" class=\"wp-image-6212\" width=\"108\" height=\"13\" \/><\/figure>\n<\/div>\n\n\n<h2 class=\"has-text-align-center green wp-block-heading\">Mascota<\/h2>\n\n\n\t<div class=\"wcorg-organizers\">\n\n\t\t\n\t\t\t<div class=\"wcorg-organizer\">\n\t\t\t\t<h2>Pizotuu<\/h2>\n\t\t\t\t<div class=\"wcorg-organizer-description\">\n\t\t\t\t\t\t\t\t\t\t<img alt='' src='https:\/\/secure.gravatar.com\/avatar\/94adaa5618cab646a89286d9da5a5e1e5bb5636f7ecadc573d716a6e3970021e?s=100&#038;d=mm&#038;r=g' srcset='https:\/\/secure.gravatar.com\/avatar\/94adaa5618cab646a89286d9da5a5e1e5bb5636f7ecadc573d716a6e3970021e?s=200&#038;d=mm&#038;r=g 2x' class='avatar avatar-100 photo' height='100' width='100' \/>\t\t\t\t\t\n<p>Pizotuu es nuestra mascota para este Camp 2019, nacido de la forma de un Pizote, animal caracter\u00edstico en nuestra patria Costa Rica y que adem\u00e1s representa la biodiversidad tan grande que pueden encontrar en nuestro hermoso pa\u00eds.<\/p>\n\n\n\n<p style=\"text-align:center\" class=\"has-background has-very-light-gray-background-color lidi\">Aunado a ellos nos invita a trabajar en una propuesta m\u00e1s verde, m\u00e1s amigable con el ambiente y m\u00e1s fresca.<\/p>\n\n\n\n<p style=\"text-align:center\">T: <a rel=\"noreferrer noopener\" href=\"https:\/\/twitter.com\/pizotuucr\" target=\"_blank\">@pizotuucr<\/a><\/p>\n\t\t\t\t<\/div>\n\t\t\t<\/div>\n\n\t\t\n\t<\/div><!-- .wcorg-organizers -->\n\t\n\n\n<div class=\"wp-block-image\">\n<figure class=\"aligncenter is-resized\"><img loading=\"lazy\" decoding=\"async\" src=\"https:\/\/2019.sanjose.wordcamp.org\/files\/2019\/05\/divider-green.png\" alt=\"\" class=\"wp-image-6212\" width=\"108\" height=\"13\" \/><\/figure>\n<\/div>","protected":false},"excerpt":{"rendered":"<p>El WordCamp San Jos\u00e9 es un evento que conlleva un esfuerzo de muchos meses por parte de un grupo de organizadores este a\u00f1o somos 11, trabajamos voluntariamente para llevar el evento a cabo y que sea un \u00e9xito. Claro en el camino hacia el #WordCamp tambi\u00e9n nos divertimos y aprendemos juntos. \u00bfQuienes est\u00e1n detr\u00e1s de &hellip; <\/p>\n<p class=\"link-more\"><a href=\"https:\/\/sanjose.wordcamp.org\/2019\/organizer\/pizotuu\/\" class=\"more-link\">Continuar leyendo<span class=\"screen-reader-text\"> \u00abPizotuu\u00bb<\/span><\/a><\/p>\n","protected":false},"author":15079632,"featured_media":0,"parent":0,"menu_order":0,"comment_status":"closed","ping_status":"closed","template":"","meta":{"jetpack_post_was_ever_published":false,"footnotes":""},"class_list":["post-12","page","type-page","status-publish","hentry"],"jetpack_sharing_enabled":true,"jetpack_shortlink":"https:\/\/wp.me\/PaD4xW-c","jetpack_likes_enabled":true,"_links":{"self":[{"href":"https:\/\/sanjose.wordcamp.org\/2019\/wp-json\/wp\/v2\/pages\/12","targetHints":{"allow":["GET"]}}],"collection":[{"href":"https:\/\/sanjose.wordcamp.org\/2019\/wp-json\/wp\/v2\/pages"}],"about":[{"href":"https:\/\/sanjose.wordcamp.org\/2019\/wp-json\/wp\/v2\/types\/page"}],"author":[{"embeddable":true,"href":"https:\/\/sanjose.wordcamp.org\/2019\/wp-json\/wp\/v2\/users\/15079632"}],"replies":[{"embeddable":true,"href":"https:\/\/sanjose.wordcamp.org\/2019\/wp-json\/wp\/v2\/comments?post=12"}],"version-history":[{"count":41,"href":"https:\/\/sanjose.wordcamp.org\/2019\/wp-json\/wp\/v2\/pages\/12\/revisions"}],"predecessor-version":[{"id":9636,"href":"https:\/\/sanjose.wordcamp.org\/2019\/wp-json\/wp\/v2\/pages\/12\/revisions\/9636"}],"wp:attachment":[{"href":"https:\/\/sanjose.wordcamp.org\/2019\/wp-json\/wp\/v2\/media?parent=12"}],"curies":[{"name":"wp","href":"https:\/\/api.w.org\/{rel}","templated":true}]}}