{"id":2881,"date":"2018-06-20T23:35:47","date_gmt":"2018-06-21T05:35:47","guid":{"rendered":"https:\/\/2018.sanjose.wordcamp.org\/?page_id=2881"},"modified":"2018-07-22T13:20:55","modified_gmt":"2018-07-22T19:20:55","slug":"talleres","status":"publish","type":"page","link":"https:\/\/sanjose.wordcamp.org\/2018\/talleres\/","title":{"rendered":"Talleres"},"content":{"rendered":"<div class=\"talleres\"><a href=\"https:\/\/sanjose.wordcamp.org\/2018\/talleres\/\">Por favor, ve esta p\u00e1gina en un navegador para hacer una compra o gestionar entradas.<\/a><\/div>\n<p><a href=\"https:\/\/2018.sanjose.wordcamp.org\/taller-wordpress-101\/\">Taller WordPress 101<\/a><br \/>\n<a href=\"https:\/\/2018.sanjose.wordcamp.org\/taller-ux-para-principiantes\/\">Taller UX para principiantes<\/a><br \/>\n<a href=\"https:\/\/2018.sanjose.wordcamp.org\/taller-design-thinking\/\">Taller Design Thinking<\/a><br \/>\n<a href=\"https:\/\/2018.sanjose.wordcamp.org\/taller-impulsando-ventas-woocommerce-e-inteligencia-artificial\/\">Taller Impulsando ventas WooCommerce e inteligencia artificial<\/a><br \/>\n<a href=\"https:\/\/2018.sanjose.wordcamp.org\/taller-js-para-wordpress\/\">Taller JS para WordPress<\/a><br \/>\n<a href=\"https:\/\/2018.sanjose.wordcamp.org\/taller-intro-a-react-js\/\">Taller intro a React.js<\/a><br \/>\n<a href=\"https:\/\/2018.sanjose.wordcamp.org\/taller-prototipado-con-figma\/\">Taller Prototipado con Figma<\/a><\/p>\n<div class=\"tallerH\"><\/div>\n","protected":false},"excerpt":{"rendered":"<p>Taller WordPress 101 Taller UX para principiantes Taller Design Thinking Taller Impulsando ventas WooCommerce e inteligencia artificial Taller JS para WordPress Taller intro a React.js Taller Prototipado con Figma<\/p>\n","protected":false},"author":319559,"featured_media":3022,"parent":0,"menu_order":0,"comment_status":"closed","ping_status":"closed","template":"","meta":{"jetpack_post_was_ever_published":false,"footnotes":""},"class_list":["post-2881","page","type-page","status-publish","has-post-thumbnail","hentry"],"jetpack_sharing_enabled":true,"jetpack_shortlink":"https:\/\/wp.me\/P9ygju-Kt","jetpack-related-posts":[{"id":2986,"url":"https:\/\/sanjose.wordcamp.org\/2018\/taller-intro-a-react-js\/","url_meta":{"origin":2881,"position":0},"title":"Taller Intro a React.js","author":"remediosgraphic","date":"junio 23, 2018","format":false,"excerpt":"Temario: En este taller vamos a entender los elementos fundamentales de React y como utilizarlos en el desarrollo de una aplicaci\u00f3n web Lo que vamos a ver - \u00bfQu\u00e9 es un componente de React? - Componentes de clase y componentes funcionales - JSX - State - Manejo de eventos. -\u2026","rel":"","context":"Entrada similar","block_context":{"text":"Entrada similar","link":""},"img":{"alt_text":"","src":"https:\/\/i0.wp.com\/sanjose.wordcamp.org\/2018\/files\/2018\/03\/cropped-tixAsset-4.png?fit=600%2C600&resize=350%2C200#038;ssl=1","width":350,"height":200},"classes":[]},{"id":2540,"url":"https:\/\/sanjose.wordcamp.org\/2018\/taller-impulsando-ventas-woocommerce-e-inteligencia-artificial\/","url_meta":{"origin":2881,"position":1},"title":"Taller Impulsando ventas WooCommerce e inteligencia artificial","author":"Ericka Barboza","date":"junio 12, 2018","format":false,"excerpt":"En este taller crearemos, desde cero, paso a paso y en riguroso directo, una tienda online para vender productos f\u00edsicos y virtuales, usando varias pasarelas de pago, con distintos m\u00e9todos de env\u00edo y totalmente funcional. \u00bfQuieres aprovechar el taller para crear t\u00fa tambi\u00e9n una tienda online? Requisitos: -Inter\u00e9s por mejorar\u2026","rel":"","context":"Entrada similar","block_context":{"text":"Entrada similar","link":""},"img":{"alt_text":"","src":"https:\/\/i0.wp.com\/sanjose.wordcamp.org\/2018\/files\/2018\/03\/cropped-tixAsset-4.png?fit=600%2C600&resize=350%2C200#038;ssl=1","width":350,"height":200},"classes":[]},{"id":2982,"url":"https:\/\/sanjose.wordcamp.org\/2018\/taller-prototipado-con-figma\/","url_meta":{"origin":2881,"position":2},"title":"Taller Prototipado con Figma","author":"remediosgraphic","date":"junio 23, 2018","format":false,"excerpt":"Temario: Durante el taller se aprender\u00e1 sobre la importancia de realizar prototipos de mediana fidelidad. Adem\u00e1s de comprender la necesidad de abordar el prototipado como punto intermedio entre la conceptualizaci\u00f3n y el desarrollo de los productos digitales para optimizar el proceso de dise\u00f1o. Ahondaremos en los beneficios de utilizar herramientas\u2026","rel":"","context":"Entrada similar","block_context":{"text":"Entrada similar","link":""},"img":{"alt_text":"","src":"https:\/\/i0.wp.com\/sanjose.wordcamp.org\/2018\/files\/2018\/03\/cropped-tixAsset-4.png?fit=600%2C600&resize=350%2C200#038;ssl=1","width":350,"height":200},"classes":[]},{"id":2542,"url":"https:\/\/sanjose.wordcamp.org\/2018\/taller-js-para-wordpress\/","url_meta":{"origin":2881,"position":3},"title":"Taller JS para WordPress","author":"Ericka Barboza","date":"junio 12, 2018","format":false,"excerpt":"Temario: -Introducci\u00f3n al lenguaje JavaScript, tipos y estructura de datos. -Como trabajar con JavaScript en WordPress (que scripts incluye, backbone, jquery, underscore...) -Creando un plugin para un widget que muestre entradas obteniendo datos de la Rest Api. -Trayendo posts con la Rest Api con JavaScript y mostr\u00e1ndolos en el widget.\u2026","rel":"","context":"Entrada similar","block_context":{"text":"Entrada similar","link":""},"img":{"alt_text":"","src":"https:\/\/i0.wp.com\/sanjose.wordcamp.org\/2018\/files\/2018\/03\/cropped-tixAsset-4.png?fit=600%2C600&resize=350%2C200#038;ssl=1","width":350,"height":200},"classes":[]},{"id":2536,"url":"https:\/\/sanjose.wordcamp.org\/2018\/taller-wordpress-101\/","url_meta":{"origin":2881,"position":4},"title":"Taller WordPress 101","author":"Ericka Barboza","date":"junio 12, 2018","format":false,"excerpt":"Este a\u00f1o en WordCamp San Jos\u00e9, impartiremos un taller para las personas que comiencen con WordPress. Si ha escuchado hablar de WordPress pero no sabe por d\u00f3nde empezar, o trat\u00f3 de comenzar y se sinti\u00f3 abrumado, ahora tiene la oportunidad de avanzar con una mano gu\u00eda. Temario: - Historia. -\u2026","rel":"","context":"Entrada similar","block_context":{"text":"Entrada similar","link":""},"img":{"alt_text":"","src":"https:\/\/i0.wp.com\/sanjose.wordcamp.org\/2018\/files\/2018\/03\/cropped-tixAsset-4.png?fit=600%2C600&resize=350%2C200#038;ssl=1","width":350,"height":200},"classes":[]},{"id":2501,"url":"https:\/\/sanjose.wordcamp.org\/2018\/taller-ux-para-principiantes\/","url_meta":{"origin":2881,"position":5},"title":"Taller UX para principiantes","author":"Ericka Barboza","date":"junio 12, 2018","format":false,"excerpt":"Taller sobre los principios b\u00e1sicos de dise\u00f1o de experiencia (UX).\u00a0 Por medio de una charla introductoria, seguida de una actividad colaborativa, los participantes del taller podr\u00e1n realizar un ejercicio b\u00e1sico de an\u00e1lisis de usabilidad y experiencia, enfrent\u00e1ndose a una de las tareas m\u00e1s comunes: el re-dise\u00f1o de una p\u00e1gina web.\u2026","rel":"","context":"Entrada similar","block_context":{"text":"Entrada similar","link":""},"img":{"alt_text":"","src":"https:\/\/i0.wp.com\/sanjose.wordcamp.org\/2018\/files\/2018\/03\/cropped-tixAsset-4.png?fit=600%2C600&resize=350%2C200#038;ssl=1","width":350,"height":200},"classes":[]}],"jetpack_likes_enabled":true,"_links":{"self":[{"href":"https:\/\/sanjose.wordcamp.org\/2018\/wp-json\/wp\/v2\/pages\/2881","targetHints":{"allow":["GET"]}}],"collection":[{"href":"https:\/\/sanjose.wordcamp.org\/2018\/wp-json\/wp\/v2\/pages"}],"about":[{"href":"https:\/\/sanjose.wordcamp.org\/2018\/wp-json\/wp\/v2\/types\/page"}],"author":[{"embeddable":true,"href":"https:\/\/sanjose.wordcamp.org\/2018\/wp-json\/wp\/v2\/users\/319559"}],"replies":[{"embeddable":true,"href":"https:\/\/sanjose.wordcamp.org\/2018\/wp-json\/wp\/v2\/comments?post=2881"}],"version-history":[{"count":5,"href":"https:\/\/sanjose.wordcamp.org\/2018\/wp-json\/wp\/v2\/pages\/2881\/revisions"}],"predecessor-version":[{"id":3716,"href":"https:\/\/sanjose.wordcamp.org\/2018\/wp-json\/wp\/v2\/pages\/2881\/revisions\/3716"}],"wp:featuredmedia":[{"embeddable":true,"href":"https:\/\/sanjose.wordcamp.org\/2018\/wp-json\/wp\/v2\/media\/3022"}],"wp:attachment":[{"href":"https:\/\/sanjose.wordcamp.org\/2018\/wp-json\/wp\/v2\/media?parent=2881"}],"curies":[{"name":"wp","href":"https:\/\/api.w.org\/{rel}","templated":true}]}}