{"id":226,"date":"2018-03-06T20:55:23","date_gmt":"2018-03-06T20:55:23","guid":{"rendered":"https:\/\/2018.sanjose.wordcamp.org\/?page_id=226"},"modified":"2018-03-20T13:50:19","modified_gmt":"2018-03-20T19:50:19","slug":"info","status":"publish","type":"page","link":"https:\/\/sanjose.wordcamp.org\/2018\/info\/","title":{"rendered":"Info"},"content":{"rendered":"","protected":false},"excerpt":{"rendered":"","protected":false},"author":319559,"featured_media":0,"parent":0,"menu_order":0,"comment_status":"closed","ping_status":"closed","template":"","meta":{"jetpack_post_was_ever_published":false,"footnotes":""},"class_list":["post-226","page","type-page","status-publish","hentry"],"jetpack_sharing_enabled":true,"jetpack_shortlink":"https:\/\/wp.me\/P9ygju-3E","jetpack-related-posts":[{"id":191,"url":"https:\/\/sanjose.wordcamp.org\/2018\/info\/noticias\/","url_meta":{"origin":226,"position":0},"title":"Noticias","author":"remediosgraphic","date":"marzo 6, 2018","format":false,"excerpt":"","rel":"","context":"Entrada similar","block_context":{"text":"Entrada similar","link":""},"img":{"alt_text":"","src":"https:\/\/i0.wp.com\/sanjose.wordcamp.org\/2018\/files\/2018\/03\/IMG_2389.jpg?fit=1200%2C900&ssl=1&resize=350%2C200","width":350,"height":200,"srcset":"https:\/\/i0.wp.com\/sanjose.wordcamp.org\/2018\/files\/2018\/03\/IMG_2389.jpg?fit=1200%2C900&ssl=1&resize=350%2C200 1x, https:\/\/i0.wp.com\/sanjose.wordcamp.org\/2018\/files\/2018\/03\/IMG_2389.jpg?fit=1200%2C900&ssl=1&resize=525%2C300 1.5x, https:\/\/i0.wp.com\/sanjose.wordcamp.org\/2018\/files\/2018\/03\/IMG_2389.jpg?fit=1200%2C900&ssl=1&resize=700%2C400 2x, https:\/\/i0.wp.com\/sanjose.wordcamp.org\/2018\/files\/2018\/03\/IMG_2389.jpg?fit=1200%2C900&ssl=1&resize=1050%2C600 3x"},"classes":[]},{"id":230,"url":"https:\/\/sanjose.wordcamp.org\/2018\/info\/asistentes\/","url_meta":{"origin":226,"position":1},"title":"Asistentes","author":"remediosgraphic","date":"marzo 6, 2018","format":false,"excerpt":"","rel":"","context":"Entrada similar","block_context":{"text":"Entrada similar","link":""},"img":{"alt_text":"","src":"https:\/\/i0.wp.com\/sanjose.wordcamp.org\/2018\/files\/2018\/03\/cropped-tixAsset-4.png?fit=600%2C600&resize=350%2C200#038;ssl=1","width":350,"height":200},"classes":[]},{"id":10,"url":"https:\/\/sanjose.wordcamp.org\/2018\/info\/sponsors\/","url_meta":{"origin":226,"position":2},"title":"Sponsors","author":"Ericka Barboza","date":"diciembre 22, 2017","format":false,"excerpt":"\u00a0 Sponsors \u00bfInteresado en patrocinar el pr\u00f3ximo WordCamp San Jos\u00e9 ? Escribanos a sanjose@wordcamp.org y no pierda la oportunidad de ser parte de un evento mundial.","rel":"","context":"Entrada similar","block_context":{"text":"Entrada similar","link":""},"img":{"alt_text":"","src":"https:\/\/i0.wp.com\/sanjose.wordcamp.org\/2018\/files\/2018\/06\/banner_sponsors.jpg?fit=1200%2C675&ssl=1&resize=350%2C200","width":350,"height":200,"srcset":"https:\/\/i0.wp.com\/sanjose.wordcamp.org\/2018\/files\/2018\/06\/banner_sponsors.jpg?fit=1200%2C675&ssl=1&resize=350%2C200 1x, https:\/\/i0.wp.com\/sanjose.wordcamp.org\/2018\/files\/2018\/06\/banner_sponsors.jpg?fit=1200%2C675&ssl=1&resize=525%2C300 1.5x, https:\/\/i0.wp.com\/sanjose.wordcamp.org\/2018\/files\/2018\/06\/banner_sponsors.jpg?fit=1200%2C675&ssl=1&resize=700%2C400 2x, https:\/\/i0.wp.com\/sanjose.wordcamp.org\/2018\/files\/2018\/06\/banner_sponsors.jpg?fit=1200%2C675&ssl=1&resize=1050%2C600 3x"},"classes":[]},{"id":185,"url":"https:\/\/sanjose.wordcamp.org\/2018\/info\/demografia\/","url_meta":{"origin":226,"position":3},"title":"Demografia","author":"remediosgraphic","date":"marzo 6, 2018","format":false,"excerpt":"Edades: 18-65 Sexo: aproximadamente 67% hombres, 33% mujeres Porcentaje que sabe \/ usa WordPress: 80% Social: 90% de activos en Facebook, 50% de activos en Twitter Visitas 2017 30,095 mejor dia 2296 visitas Pa\u00edses Asistentes: Costa Rica, Nicaragua , El Salvador , Estados Unidos, Colombia, Guatemala, Mexico, Espana , Panama,\u2026","rel":"","context":"Entrada similar","block_context":{"text":"Entrada similar","link":""},"img":{"alt_text":"","src":"https:\/\/i0.wp.com\/sanjose.wordcamp.org\/2018\/files\/2018\/03\/cropped-tixAsset-4.png?fit=600%2C600&resize=350%2C200#038;ssl=1","width":350,"height":200},"classes":[]},{"id":204,"url":"https:\/\/sanjose.wordcamp.org\/2018\/info\/venue\/","url_meta":{"origin":226,"position":4},"title":"Venue","author":"remediosgraphic","date":"marzo 6, 2018","format":false,"excerpt":"\u00bfD\u00f3nde? El Wordcamp San Jos\u00e9 2018, se llevar\u00e1 cabo en el edificio C de la Universidad Latina . La Universidad Latina de Costa Rica es una de las pioneras en el desarrollo de la Educaci\u00f3n Superior Privada en el pa\u00eds. Forma parte de la red de universidades m\u00e1s grande a\u2026","rel":"","context":"Entrada similar","block_context":{"text":"Entrada similar","link":""},"img":{"alt_text":"","src":"https:\/\/i0.wp.com\/2017.sanjose.wordcamp.org\/files\/2017\/03\/WhatsApp-Image-2017-06-15-at-3.39.46-PM.jpeg?resize=350%2C200&ssl=1","width":350,"height":200},"classes":[]},{"id":1020,"url":"https:\/\/sanjose.wordcamp.org\/2018\/english\/general-info\/","url_meta":{"origin":226,"position":5},"title":"General Info","author":"remediosgraphic","date":"marzo 20, 2018","format":false,"excerpt":"THE WAITING IS FINISHED !, YOU CAN ALREADY RESERVE YOUR ENTRANCE TO WORDCAMP SAN JOS\u00c9 2018 We are really happy to announce and you can buy your ticket to enjoy an event organized by the local WordPress community and that will gather more than 500 attendees. WordPress is the engine\u2026","rel":"","context":"Entrada similar","block_context":{"text":"Entrada similar","link":""},"img":{"alt_text":"","src":"https:\/\/i0.wp.com\/sanjose.wordcamp.org\/2018\/files\/2018\/03\/cropped-tixAsset-4.png?fit=600%2C600&resize=350%2C200#038;ssl=1","width":350,"height":200},"classes":[]}],"jetpack_likes_enabled":true,"_links":{"self":[{"href":"https:\/\/sanjose.wordcamp.org\/2018\/wp-json\/wp\/v2\/pages\/226","targetHints":{"allow":["GET"]}}],"collection":[{"href":"https:\/\/sanjose.wordcamp.org\/2018\/wp-json\/wp\/v2\/pages"}],"about":[{"href":"https:\/\/sanjose.wordcamp.org\/2018\/wp-json\/wp\/v2\/types\/page"}],"author":[{"embeddable":true,"href":"https:\/\/sanjose.wordcamp.org\/2018\/wp-json\/wp\/v2\/users\/319559"}],"replies":[{"embeddable":true,"href":"https:\/\/sanjose.wordcamp.org\/2018\/wp-json\/wp\/v2\/comments?post=226"}],"version-history":[{"count":4,"href":"https:\/\/sanjose.wordcamp.org\/2018\/wp-json\/wp\/v2\/pages\/226\/revisions"}],"predecessor-version":[{"id":1019,"href":"https:\/\/sanjose.wordcamp.org\/2018\/wp-json\/wp\/v2\/pages\/226\/revisions\/1019"}],"wp:attachment":[{"href":"https:\/\/sanjose.wordcamp.org\/2018\/wp-json\/wp\/v2\/media?parent=226"}],"curies":[{"name":"wp","href":"https:\/\/api.w.org\/{rel}","templated":true}]}}