{"id":224,"date":"2018-03-06T20:54:47","date_gmt":"2018-03-06T20:54:47","guid":{"rendered":"https:\/\/2018.sanjose.wordcamp.org\/?page_id=224"},"modified":"2018-06-20T23:35:40","modified_gmt":"2018-06-21T05:35:40","slug":"tickets","status":"publish","type":"page","link":"https:\/\/sanjose.wordcamp.org\/2018\/tickets\/","title":{"rendered":"Tickets"},"content":{"rendered":"<div class=\"general\"><a href=\"https:\/\/sanjose.wordcamp.org\/2018\/tickets\/\">Por favor, ve esta p\u00e1gina en un navegador para hacer una compra o gestionar entradas.<\/a><\/div>\n","protected":false},"excerpt":{"rendered":"","protected":false},"author":319559,"featured_media":2822,"parent":0,"menu_order":0,"comment_status":"closed","ping_status":"closed","template":"","meta":{"jetpack_post_was_ever_published":false,"footnotes":""},"class_list":["post-224","page","type-page","status-publish","has-post-thumbnail","hentry"],"jetpack_sharing_enabled":true,"jetpack_shortlink":"https:\/\/wp.me\/P9ygju-3C","jetpack-related-posts":[{"id":2881,"url":"https:\/\/sanjose.wordcamp.org\/2018\/talleres\/","url_meta":{"origin":224,"position":0},"title":"Talleres","author":"remediosgraphic","date":"junio 20, 2018","format":false,"excerpt":"Taller WordPress 101 Taller UX para principiantes Taller Design Thinking Taller Impulsando ventas WooCommerce e inteligencia artificial Taller JS para WordPress Taller intro a React.js Taller Prototipado con Figma","rel":"","context":"Entrada similar","block_context":{"text":"Entrada similar","link":""},"img":{"alt_text":"","src":"https:\/\/i0.wp.com\/sanjose.wordcamp.org\/2018\/files\/2018\/06\/banner-talleres.jpg?fit=1200%2C675&ssl=1&resize=350%2C200","width":350,"height":200,"srcset":"https:\/\/i0.wp.com\/sanjose.wordcamp.org\/2018\/files\/2018\/06\/banner-talleres.jpg?fit=1200%2C675&ssl=1&resize=350%2C200 1x, https:\/\/i0.wp.com\/sanjose.wordcamp.org\/2018\/files\/2018\/06\/banner-talleres.jpg?fit=1200%2C675&ssl=1&resize=525%2C300 1.5x, https:\/\/i0.wp.com\/sanjose.wordcamp.org\/2018\/files\/2018\/06\/banner-talleres.jpg?fit=1200%2C675&ssl=1&resize=700%2C400 2x, https:\/\/i0.wp.com\/sanjose.wordcamp.org\/2018\/files\/2018\/06\/banner-talleres.jpg?fit=1200%2C675&ssl=1&resize=1050%2C600 3x"},"classes":[]},{"id":197,"url":"https:\/\/sanjose.wordcamp.org\/2018\/programa\/kids-camp\/","url_meta":{"origin":224,"position":1},"title":"Kids Camp","author":"remediosgraphic","date":"marzo 6, 2018","format":false,"excerpt":"\u00a1Ni\u00f1os y padres invitados a WordCamp San Jose! 2018 marca el comienzo de la pr\u00f3xima generaci\u00f3n de creadores de WordPress con nuestro primer KidsCamp. \u00a1Los padres que asisten a WordCamp pueden llevar a sus hijos y disfrutar de un d\u00eda de aprendizaje entre padres e hijos bajo la tutela de\u2026","rel":"","context":"Entrada similar","block_context":{"text":"Entrada similar","link":""},"img":{"alt_text":"","src":"https:\/\/i0.wp.com\/sanjose.wordcamp.org\/2018\/files\/2018\/03\/wapuu-1.jpg?fit=1200%2C558&ssl=1&resize=350%2C200","width":350,"height":200,"srcset":"https:\/\/i0.wp.com\/sanjose.wordcamp.org\/2018\/files\/2018\/03\/wapuu-1.jpg?fit=1200%2C558&ssl=1&resize=350%2C200 1x, https:\/\/i0.wp.com\/sanjose.wordcamp.org\/2018\/files\/2018\/03\/wapuu-1.jpg?fit=1200%2C558&ssl=1&resize=525%2C300 1.5x, https:\/\/i0.wp.com\/sanjose.wordcamp.org\/2018\/files\/2018\/03\/wapuu-1.jpg?fit=1200%2C558&ssl=1&resize=700%2C400 2x, https:\/\/i0.wp.com\/sanjose.wordcamp.org\/2018\/files\/2018\/03\/wapuu-1.jpg?fit=1200%2C558&ssl=1&resize=1050%2C600 3x"},"classes":[]},{"id":182,"url":"https:\/\/sanjose.wordcamp.org\/2018\/english\/call-to-sponsors\/","url_meta":{"origin":224,"position":2},"title":"Call to Sponsors","author":"remediosgraphic","date":"marzo 6, 2018","format":false,"excerpt":"This will be our third WordCamp in San Jos\u00e9 Costa Rica. Taking place on July 21 and 22 of 2018. WordCamp is possible thanks to the generous sponsors, with support the tickets are kept in a range of less than $20 per day. Among the 600 attendees, 2018 will host\u2026","rel":"","context":"Entrada similar","block_context":{"text":"Entrada similar","link":""},"img":{"alt_text":"","src":"https:\/\/i0.wp.com\/sanjose.wordcamp.org\/2018\/files\/2018\/03\/cropped-tixAsset-4.png?fit=600%2C600&resize=350%2C200#038;ssl=1","width":350,"height":200},"classes":[]},{"id":176,"url":"https:\/\/sanjose.wordcamp.org\/2018\/programa\/llamado-a-sponsors\/","url_meta":{"origin":224,"position":3},"title":"Llamado a Sponsors","author":"remediosgraphic","date":"marzo 6, 2018","format":false,"excerpt":"Este ser\u00e1 nuestro tercer WordCamp en San Jos\u00e9 Costa Rica, se llevar\u00e1 a cabo los d\u00edas 21 y 22 de julio del a\u00f1o 2018. Los WordCamps son posibles gracias a los generosos patrocinadores, con este apoyo los boletos se mantienen en un rango de menos de $20 por d\u00eda. Entre\u2026","rel":"","context":"Entrada similar","block_context":{"text":"Entrada similar","link":""},"img":{"alt_text":"","src":"https:\/\/i0.wp.com\/sanjose.wordcamp.org\/2018\/files\/2018\/03\/cropped-tixAsset-4.png?fit=600%2C600&resize=350%2C200#038;ssl=1","width":350,"height":200},"classes":[]},{"id":193,"url":"https:\/\/sanjose.wordcamp.org\/2018\/english\/","url_meta":{"origin":224,"position":4},"title":"English","author":"remediosgraphic","date":"marzo 6, 2018","format":false,"excerpt":"THE WAITING IS FINISHED !, YOU CAN ALREADY RESERVE YOUR ENTRANCE TO WORDCAMP SAN JOS\u00c9 2018 We are really happy to announce and you can buy your ticket to enjoy an event organized by the local WordPress community and that will gather more than 500 attendees. WordPress is the engine\u2026","rel":"","context":"Entrada similar","block_context":{"text":"Entrada similar","link":""},"img":{"alt_text":"","src":"https:\/\/i0.wp.com\/sanjose.wordcamp.org\/2018\/files\/2018\/03\/cropped-tixAsset-4.png?fit=600%2C600&resize=350%2C200#038;ssl=1","width":350,"height":200},"classes":[]},{"id":1020,"url":"https:\/\/sanjose.wordcamp.org\/2018\/english\/general-info\/","url_meta":{"origin":224,"position":5},"title":"General Info","author":"remediosgraphic","date":"marzo 20, 2018","format":false,"excerpt":"THE WAITING IS FINISHED !, YOU CAN ALREADY RESERVE YOUR ENTRANCE TO WORDCAMP SAN JOS\u00c9 2018 We are really happy to announce and you can buy your ticket to enjoy an event organized by the local WordPress community and that will gather more than 500 attendees. WordPress is the engine\u2026","rel":"","context":"Entrada similar","block_context":{"text":"Entrada similar","link":""},"img":{"alt_text":"","src":"https:\/\/i0.wp.com\/sanjose.wordcamp.org\/2018\/files\/2018\/03\/cropped-tixAsset-4.png?fit=600%2C600&resize=350%2C200#038;ssl=1","width":350,"height":200},"classes":[]}],"jetpack_likes_enabled":true,"_links":{"self":[{"href":"https:\/\/sanjose.wordcamp.org\/2018\/wp-json\/wp\/v2\/pages\/224","targetHints":{"allow":["GET"]}}],"collection":[{"href":"https:\/\/sanjose.wordcamp.org\/2018\/wp-json\/wp\/v2\/pages"}],"about":[{"href":"https:\/\/sanjose.wordcamp.org\/2018\/wp-json\/wp\/v2\/types\/page"}],"author":[{"embeddable":true,"href":"https:\/\/sanjose.wordcamp.org\/2018\/wp-json\/wp\/v2\/users\/319559"}],"replies":[{"embeddable":true,"href":"https:\/\/sanjose.wordcamp.org\/2018\/wp-json\/wp\/v2\/comments?post=224"}],"version-history":[{"count":3,"href":"https:\/\/sanjose.wordcamp.org\/2018\/wp-json\/wp\/v2\/pages\/224\/revisions"}],"predecessor-version":[{"id":2882,"href":"https:\/\/sanjose.wordcamp.org\/2018\/wp-json\/wp\/v2\/pages\/224\/revisions\/2882"}],"wp:featuredmedia":[{"embeddable":true,"href":"https:\/\/sanjose.wordcamp.org\/2018\/wp-json\/wp\/v2\/media\/2822"}],"wp:attachment":[{"href":"https:\/\/sanjose.wordcamp.org\/2018\/wp-json\/wp\/v2\/media?parent=224"}],"curies":[{"name":"wp","href":"https:\/\/api.w.org\/{rel}","templated":true}]}}