{"id":220,"date":"2018-03-06T20:53:01","date_gmt":"2018-03-06T20:53:01","guid":{"rendered":"https:\/\/2018.sanjose.wordcamp.org\/?page_id=220"},"modified":"2018-03-06T20:53:01","modified_gmt":"2018-03-06T20:53:01","slug":"social-media","status":"publish","type":"page","link":"https:\/\/sanjose.wordcamp.org\/2018\/contacto\/social-media\/","title":{"rendered":"Social Media"},"content":{"rendered":"","protected":false},"excerpt":{"rendered":"","protected":false},"author":319559,"featured_media":0,"parent":210,"menu_order":0,"comment_status":"closed","ping_status":"closed","template":"","meta":{"jetpack_post_was_ever_published":false,"footnotes":""},"class_list":["post-220","page","type-page","status-publish","hentry"],"jetpack_sharing_enabled":true,"jetpack_shortlink":"https:\/\/wp.me\/P9ygju-3y","jetpack-related-posts":[{"id":18,"url":"https:\/\/sanjose.wordcamp.org\/2018\/social-media-stream\/","url_meta":{"origin":220,"position":0},"title":"Social Media Stream","author":"Ericka Barboza","date":"diciembre 22, 2017","format":false,"excerpt":"Organizers note: The [tagregator] shortcode will pull in a stream of social media posts and display them. In order to use it, you'll need to follow the setup instructions at http:\/\/wordpress.org\/plugins\/tagregator\/installation, and then update \"#wcxyz\" below with your hashtag.","rel":"","context":"Entrada similar","block_context":{"text":"Entrada similar","link":""},"img":{"alt_text":"","src":"https:\/\/i0.wp.com\/sanjose.wordcamp.org\/2018\/files\/2018\/03\/cropped-tixAsset-4.png?fit=600%2C600&resize=350%2C200#038;ssl=1","width":350,"height":200},"classes":[]},{"id":176,"url":"https:\/\/sanjose.wordcamp.org\/2018\/programa\/llamado-a-sponsors\/","url_meta":{"origin":220,"position":1},"title":"Llamado a Sponsors","author":"remediosgraphic","date":"marzo 6, 2018","format":false,"excerpt":"Este ser\u00e1 nuestro tercer WordCamp en San Jos\u00e9 Costa Rica, se llevar\u00e1 a cabo los d\u00edas 21 y 22 de julio del a\u00f1o 2018. Los WordCamps son posibles gracias a los generosos patrocinadores, con este apoyo los boletos se mantienen en un rango de menos de $20 por d\u00eda. Entre\u2026","rel":"","context":"Entrada similar","block_context":{"text":"Entrada similar","link":""},"img":{"alt_text":"","src":"https:\/\/i0.wp.com\/sanjose.wordcamp.org\/2018\/files\/2018\/03\/cropped-tixAsset-4.png?fit=600%2C600&resize=350%2C200#038;ssl=1","width":350,"height":200},"classes":[]},{"id":243,"url":"https:\/\/sanjose.wordcamp.org\/2018\/programa\/llamado-a-speakers\/","url_meta":{"origin":220,"position":2},"title":"Llamado a Speakers","author":"remediosgraphic","date":"marzo 6, 2018","format":false,"excerpt":"En el Wordcamp San Jos\u00e9 2018 que se llevar\u00e1 a cabo los d\u00edas 21 y 22 de julio necesitamos contar con los mejores expositores y contigo es posible. Es nuestro tercer Wordcamp y queremos seguir cosechando \u00e9xitos y buenas experiencias. \u00bf Tienes un tema que la comunidad de wordpress e\u2026","rel":"","context":"Entrada similar","block_context":{"text":"Entrada similar","link":""},"img":{"alt_text":"","src":"https:\/\/i0.wp.com\/sanjose.wordcamp.org\/2018\/files\/2018\/03\/cropped-tixAsset-4.png?fit=600%2C600&resize=350%2C200#038;ssl=1","width":350,"height":200},"classes":[]},{"id":185,"url":"https:\/\/sanjose.wordcamp.org\/2018\/info\/demografia\/","url_meta":{"origin":220,"position":3},"title":"Demografia","author":"remediosgraphic","date":"marzo 6, 2018","format":false,"excerpt":"Edades: 18-65 Sexo: aproximadamente 67% hombres, 33% mujeres Porcentaje que sabe \/ usa WordPress: 80% Social: 90% de activos en Facebook, 50% de activos en Twitter Visitas 2017 30,095 mejor dia 2296 visitas Pa\u00edses Asistentes: Costa Rica, Nicaragua , El Salvador , Estados Unidos, Colombia, Guatemala, Mexico, Espana , Panama,\u2026","rel":"","context":"Entrada similar","block_context":{"text":"Entrada similar","link":""},"img":{"alt_text":"","src":"https:\/\/i0.wp.com\/sanjose.wordcamp.org\/2018\/files\/2018\/03\/cropped-tixAsset-4.png?fit=600%2C600&resize=350%2C200#038;ssl=1","width":350,"height":200},"classes":[]},{"id":182,"url":"https:\/\/sanjose.wordcamp.org\/2018\/english\/call-to-sponsors\/","url_meta":{"origin":220,"position":4},"title":"Call to Sponsors","author":"remediosgraphic","date":"marzo 6, 2018","format":false,"excerpt":"This will be our third WordCamp in San Jos\u00e9 Costa Rica. Taking place on July 21 and 22 of 2018. WordCamp is possible thanks to the generous sponsors, with support the tickets are kept in a range of less than $20 per day. Among the 600 attendees, 2018 will host\u2026","rel":"","context":"Entrada similar","block_context":{"text":"Entrada similar","link":""},"img":{"alt_text":"","src":"https:\/\/i0.wp.com\/sanjose.wordcamp.org\/2018\/files\/2018\/03\/cropped-tixAsset-4.png?fit=600%2C600&resize=350%2C200#038;ssl=1","width":350,"height":200},"classes":[]},{"id":361,"url":"https:\/\/sanjose.wordcamp.org\/2018\/programa\/workshops\/","url_meta":{"origin":220,"position":5},"title":"Workshops","author":"remediosgraphic","date":"marzo 8, 2018","format":false,"excerpt":"\u00bfQU\u00c9 HACER EN UN WORDCAMP? En WCSJCR podr\u00e1s aprender de los mejores, tendremos grandes speakers (incluso internacionales y developers del core de WordPress) que nos ense\u00f1ar\u00e1n las \u00faltimas novedades de WordPress y proyectos incre\u00edbles que se pueden realizar. En el WordCamp San Jos\u00e9 encontrar\u00e1s: CONOCIMIENTO 42 charlas con temas como\u2026","rel":"","context":"Entrada similar","block_context":{"text":"Entrada similar","link":""},"img":{"alt_text":"","src":"https:\/\/i0.wp.com\/2018.sanjose.wordcamp.org\/files\/2018\/03\/cloudsAsset-11-1-1024x1024.png?resize=350%2C200&ssl=1","width":350,"height":200,"srcset":"https:\/\/i0.wp.com\/2018.sanjose.wordcamp.org\/files\/2018\/03\/cloudsAsset-11-1-1024x1024.png?resize=350%2C200&ssl=1 1x, https:\/\/i0.wp.com\/2018.sanjose.wordcamp.org\/files\/2018\/03\/cloudsAsset-11-1-1024x1024.png?resize=525%2C300&ssl=1 1.5x"},"classes":[]}],"jetpack_likes_enabled":true,"_links":{"self":[{"href":"https:\/\/sanjose.wordcamp.org\/2018\/wp-json\/wp\/v2\/pages\/220","targetHints":{"allow":["GET"]}}],"collection":[{"href":"https:\/\/sanjose.wordcamp.org\/2018\/wp-json\/wp\/v2\/pages"}],"about":[{"href":"https:\/\/sanjose.wordcamp.org\/2018\/wp-json\/wp\/v2\/types\/page"}],"author":[{"embeddable":true,"href":"https:\/\/sanjose.wordcamp.org\/2018\/wp-json\/wp\/v2\/users\/319559"}],"replies":[{"embeddable":true,"href":"https:\/\/sanjose.wordcamp.org\/2018\/wp-json\/wp\/v2\/comments?post=220"}],"version-history":[{"count":1,"href":"https:\/\/sanjose.wordcamp.org\/2018\/wp-json\/wp\/v2\/pages\/220\/revisions"}],"predecessor-version":[{"id":222,"href":"https:\/\/sanjose.wordcamp.org\/2018\/wp-json\/wp\/v2\/pages\/220\/revisions\/222"}],"up":[{"embeddable":true,"href":"https:\/\/sanjose.wordcamp.org\/2018\/wp-json\/wp\/v2\/pages\/210"}],"wp:attachment":[{"href":"https:\/\/sanjose.wordcamp.org\/2018\/wp-json\/wp\/v2\/media?parent=220"}],"curies":[{"name":"wp","href":"https:\/\/api.w.org\/{rel}","templated":true}]}}