{"id":219,"date":"2018-03-06T20:52:47","date_gmt":"2018-03-06T20:52:47","guid":{"rendered":"https:\/\/2018.sanjose.wordcamp.org\/?page_id=219"},"modified":"2018-03-06T20:52:47","modified_gmt":"2018-03-06T20:52:47","slug":"slack","status":"publish","type":"page","link":"https:\/\/sanjose.wordcamp.org\/2018\/contacto\/slack\/","title":{"rendered":"Slack"},"content":{"rendered":"","protected":false},"excerpt":{"rendered":"","protected":false},"author":319559,"featured_media":0,"parent":210,"menu_order":0,"comment_status":"closed","ping_status":"closed","template":"","meta":{"jetpack_post_was_ever_published":false,"footnotes":""},"class_list":["post-219","page","type-page","status-publish","hentry"],"jetpack_sharing_enabled":true,"jetpack_shortlink":"https:\/\/wp.me\/P9ygju-3x","jetpack-related-posts":[{"id":2540,"url":"https:\/\/sanjose.wordcamp.org\/2018\/taller-impulsando-ventas-woocommerce-e-inteligencia-artificial\/","url_meta":{"origin":219,"position":0},"title":"Taller Impulsando ventas WooCommerce e inteligencia artificial","author":"Ericka Barboza","date":"junio 12, 2018","format":false,"excerpt":"En este taller crearemos, desde cero, paso a paso y en riguroso directo, una tienda online para vender productos f\u00edsicos y virtuales, usando varias pasarelas de pago, con distintos m\u00e9todos de env\u00edo y totalmente funcional. \u00bfQuieres aprovechar el taller para crear t\u00fa tambi\u00e9n una tienda online? Requisitos: -Inter\u00e9s por mejorar\u2026","rel":"","context":"Entrada similar","block_context":{"text":"Entrada similar","link":""},"img":{"alt_text":"","src":"https:\/\/i0.wp.com\/sanjose.wordcamp.org\/2018\/files\/2018\/03\/cropped-tixAsset-4.png?fit=600%2C600&resize=350%2C200#038;ssl=1","width":350,"height":200},"classes":[]}],"jetpack_likes_enabled":true,"_links":{"self":[{"href":"https:\/\/sanjose.wordcamp.org\/2018\/wp-json\/wp\/v2\/pages\/219","targetHints":{"allow":["GET"]}}],"collection":[{"href":"https:\/\/sanjose.wordcamp.org\/2018\/wp-json\/wp\/v2\/pages"}],"about":[{"href":"https:\/\/sanjose.wordcamp.org\/2018\/wp-json\/wp\/v2\/types\/page"}],"author":[{"embeddable":true,"href":"https:\/\/sanjose.wordcamp.org\/2018\/wp-json\/wp\/v2\/users\/319559"}],"replies":[{"embeddable":true,"href":"https:\/\/sanjose.wordcamp.org\/2018\/wp-json\/wp\/v2\/comments?post=219"}],"version-history":[{"count":1,"href":"https:\/\/sanjose.wordcamp.org\/2018\/wp-json\/wp\/v2\/pages\/219\/revisions"}],"predecessor-version":[{"id":221,"href":"https:\/\/sanjose.wordcamp.org\/2018\/wp-json\/wp\/v2\/pages\/219\/revisions\/221"}],"up":[{"embeddable":true,"href":"https:\/\/sanjose.wordcamp.org\/2018\/wp-json\/wp\/v2\/pages\/210"}],"wp:attachment":[{"href":"https:\/\/sanjose.wordcamp.org\/2018\/wp-json\/wp\/v2\/media?parent=219"}],"curies":[{"name":"wp","href":"https:\/\/api.w.org\/{rel}","templated":true}]}}