{"id":197,"date":"2018-03-06T20:24:05","date_gmt":"2018-03-06T20:24:05","guid":{"rendered":"https:\/\/2018.sanjose.wordcamp.org\/?page_id=197"},"modified":"2018-06-20T23:45:06","modified_gmt":"2018-06-21T05:45:06","slug":"kids-camp","status":"publish","type":"page","link":"https:\/\/sanjose.wordcamp.org\/2018\/programa\/kids-camp\/","title":{"rendered":"Kids Camp"},"content":{"rendered":"<h2>\u00a1Ni\u00f1os y padres invitados a WordCamp San Jose!<\/h2>\n<hr>\n<h3 style=\"text-align: center\">2018 marca el comienzo de la pr\u00f3xima generaci\u00f3n de creadores de WordPress con nuestro primer KidsCamp.<\/h3>\n<p>\u00a1Los padres que asisten a WordCamp pueden llevar a sus hijos y disfrutar de un d\u00eda de aprendizaje entre padres e hijos bajo la tutela de algunos de nuestros creadores de WordPress!<\/p>\n<p>Estas lecciones especiales para ni\u00f1os le presentar\u00e1n a su hijo el mundo de WordPress y lo ayudar\u00e1n a aprender o mejorar las habilidades de desarrollo, dise\u00f1o UI UX y uso de WordPress, y una intro a Robotica \u00a1Su hijo tendr\u00e1 la oportunidad de tener su propio sitio de WordPress en funcionamiento!<\/p>\n<p>Los padres o tutores interesados \u200b\u200bde WordPress deber\u00e1n tener un boleto para la asistencia de fin de semana comprada antes de inscribir sus chicos. Los padres ser\u00e1n responsables de quedarse con sus hijos durante KidsCamp, pero pueden cambiar pap\u00e1\/mam\u00e1 durante el transcurso del d\u00eda si ambos asisten. Cada ni\u00f1o necesitar\u00e1 su propia computadora port\u00e1til o tableta para trabajar (Esto puede cambiar estamos viendo si podemos hacer uso de un laboratorio en la U).<\/p>\n<p>Cada boleto KidsCamp proporciona almuerzo, merienda, camiseta y acceso completo a las lecciones del d\u00eda. Estamos aceptando ni\u00f1os de entre 8 y 14 a\u00f1os de edad para participar en estas lecciones especiales y la capacidad estar\u00e1 limitada a solo 25 espacios (sin incluir a sus padres \/ tutores).<br \/>\n<!--more--><\/p>\n<p>\u00bfListos para comenzar con su propio proyecto de WordPress? Las entradas para KidsCamp.<\/p>\n<div class=\"kids\"><a href=\"https:\/\/sanjose.wordcamp.org\/2018\/programa\/kids-camp\/\">Por favor, ve esta p\u00e1gina en un navegador para hacer una compra o gestionar entradas.<\/a><\/div>\n<h2>Domingo 22 &#8211; 07 &#8211; 2018 Kids Camp<\/h2>\n<div class=\"kids\">\n<table class=\"wcpt-schedule\" border=\"0\"><thead><tr><th class=\"wcpt-col-time\">Hora<\/th><th class=\"wcpt-col-track\"> <span class=\"wcpt-track-name\">kids<\/span> <span class=\"wcpt-track-description\"><\/span> <\/th><\/tr><\/thead><tbody><tr class=\"wcpt-time-900am global-session intro-a-ux\"><td class=\"wcpt-time\">9:00&nbsp;am<\/td><td colspan=\"1\" class=\"wcb-speaker-ana-maria-montero wcb-track-kids wcpt-session-type-session wcb-session-intro-a-ux\" data-track-title=\"kids\" data-session-id=\"2207\"><div class=\"wcb-session-cell-content\"><a class=\"wcpt-session-title\" href=\"https:\/\/sanjose.wordcamp.org\/2018\/session\/intro-a-ux\/\">Intro a UX<\/a> <span class=\"wcpt-session-speakers\"><a href=\"https:\/\/sanjose.wordcamp.org\/2018\/speakers\/#wcorg-speaker-ana-maria-montero\">Ana Mar\u00eda Montero<\/a><\/span><\/div><div class=\"wcb-session-favourite-icon\"><a href=\"#\" role=\"button\" class=\"fav-session-button\" aria-pressed=\"false\"><span class=\"screen-reader-text\">Sesi\u00f3n favorita: Intro a UX<\/span><span class=\"dashicons dashicons-star-filled\"><\/span><\/a><\/div><\/td><\/tr><tr class=\"wcpt-time-1100am global-session creando-mi-sitio-en-wordpress\"><td class=\"wcpt-time\">11:00&nbsp;am<\/td><td colspan=\"1\" class=\"wcb-speaker-roberto-remedios wcb-track-kids wcpt-session-type-session wcb-session-creando-mi-sitio-en-wordpress\" data-track-title=\"kids\" data-session-id=\"2209\"><div class=\"wcb-session-cell-content\"><a class=\"wcpt-session-title\" href=\"https:\/\/sanjose.wordcamp.org\/2018\/session\/creando-mi-sitio-en-wordpress\/\">Creando mi Sitio en WordPress<\/a> <span class=\"wcpt-session-speakers\"><a href=\"https:\/\/sanjose.wordcamp.org\/2018\/speakers\/#wcorg-speaker-roberto-remedios\">Roberto Remedios<\/a><\/span><\/div><div class=\"wcb-session-favourite-icon\"><a href=\"#\" role=\"button\" class=\"fav-session-button\" aria-pressed=\"false\"><span class=\"screen-reader-text\">Sesi\u00f3n favorita: Creando mi Sitio en WordPress<\/span><span class=\"dashicons dashicons-star-filled\"><\/span><\/a><\/div><\/td><\/tr><tr class=\"wcpt-time-1200pm global-session lunch\"><td class=\"wcpt-time\">12:00&nbsp;pm<\/td><td colspan=\"1\" class=\"wcb-track-kids wcpt-session-type-custom wcb-session-lunch-3\" data-track-title=\"kids\" data-session-id=\"2213\"><div class=\"wcb-session-cell-content\"><span class=\"wcpt-session-title\">Lunch<\/span><\/div><\/td><\/tr><tr class=\"wcpt-time-130pm global-session creando-mi-sitio-en-wordpress\"><td class=\"wcpt-time\">1:30&nbsp;pm<\/td><td colspan=\"1\" class=\"wcb-speaker-roberto-remedios wcb-track-kids wcpt-session-type-session wcb-session-creando-mi-sitio-en-wordpress-2\" data-track-title=\"kids\" data-session-id=\"2211\"><div class=\"wcb-session-cell-content\"><a class=\"wcpt-session-title\" href=\"https:\/\/sanjose.wordcamp.org\/2018\/session\/creando-mi-sitio-en-wordpress-2\/\">Creando mi Sitio en WordPress<\/a> <span class=\"wcpt-session-speakers\"><a href=\"https:\/\/sanjose.wordcamp.org\/2018\/speakers\/#wcorg-speaker-roberto-remedios\">Roberto Remedios<\/a><\/span><\/div><div class=\"wcb-session-favourite-icon\"><a href=\"#\" role=\"button\" class=\"fav-session-button\" aria-pressed=\"false\"><span class=\"screen-reader-text\">Sesi\u00f3n favorita: Creando mi Sitio en WordPress<\/span><span class=\"dashicons dashicons-star-filled\"><\/span><\/a><\/div><\/td><\/tr><tr class=\"wcpt-time-230pm global-session robtica-u-latina\"><td class=\"wcpt-time\">2:30&nbsp;pm<\/td><td colspan=\"1\" class=\"wcb-track-kids wcpt-session-type-session wcb-session-robotica-u-latina\" data-track-title=\"kids\" data-session-id=\"2215\"><div class=\"wcb-session-cell-content\"><a class=\"wcpt-session-title\" href=\"https:\/\/sanjose.wordcamp.org\/2018\/session\/robotica-u-latina\/\">Rob\u00f3tica U Latina<\/a><\/div><div class=\"wcb-session-favourite-icon\"><a href=\"#\" role=\"button\" class=\"fav-session-button\" aria-pressed=\"false\"><span class=\"screen-reader-text\">Sesi\u00f3n favorita: Rob\u00f3tica U Latina<\/span><span class=\"dashicons dashicons-star-filled\"><\/span><\/a><\/div><\/td><\/tr><tr class=\"wcpt-time-445pm global-session cierre\"><td class=\"wcpt-time\">4:45&nbsp;pm<\/td><td colspan=\"1\" class=\"wcb-track-basico-emprendedor wcb-track-design-marketing wcb-track-developer-avanzado wcb-track-kids wcpt-session-type-custom wcb-session-cierre\" data-track-title=\"Basico \/ Emprendedor, Design \/ Marketing, Developer \/ Avanzado, kids\" data-session-id=\"2154\"><div class=\"wcb-session-cell-content\"><span class=\"wcpt-session-title\">Cierre<\/span><\/div><\/td><\/tr><\/tbody><\/table>\n\t<div class=\"email-form fav-session-email-form-hide\">\n\t\t<!-- Tab links -->\n\t\t<div class=\"fav-session-share-tab\">\n\t\t\t\t\t\t\t<div class=\"fav-session-tablinks\" id=\"fav-session-btn-email\">\n\t\t\t\t\tCorreo electr\u00f3nico\t\t\t\t<\/div>\n\t\t\t\n\t\t\t<div class=\"fav-session-tablinks\" id=\"fav-session-btn-link\">\n\t\t\t\tEnlace\t\t\t<\/div>\n\n\t\t\t<div class=\"fav-session-tablinks\" id=\"fav-session-btn-print\">\n\t\t\t\tImprimir\t\t\t<\/div>\n\t\t<\/div>\n\n\t\t<!-- Tab content -->\n\t\t\t\t\t<div id=\"fav-session-tab-email\" class=\"fav-session-share-tabcontent\">\n\t\t\t\t<div id=\"fav-session-email-form\">\n\t\t\t\t\tEnv\u00edame mis sesiones favoritas:\n\t\t\t\t\t<form id=\"fav-sessions-form\">\n\t\t\t\t\t\t<input\n\t\t\t\t\t\t\ttype=\"text\"\n\t\t\t\t\t\t\tname=\"email_address\"\n\t\t\t\t\t\t\tid=\"fav-sessions-email-address\"\n\t\t\t\t\t\t\tplaceholder=\"me@protonmail.com\"\n\t\t\t\t\t\t\/>\n\t\t\t\t\t\t<input type=\"submit\" value=\"Enviar\" \/>\n\t\t\t\t\t<\/form>\n\t\t\t\t<\/div>\n\n\t\t\t\t<div class=\"fav-session-email-wait-spinner\"><\/div>\n\t\t\t\t<div class=\"fav-session-email-result\"><\/div>\n\t\t\t<\/div>\n\t\t\n\t\t<div id=\"fav-session-tab-link\" class=\"fav-session-share-tabcontent\">\n\t\t\tEnlace compartible:\t\t\t<br \/>\n\t\t\t<a id=\"fav-sessions-link\" href=\"\"><\/a>\n\t\t<\/div>\n\n\t\t<div id=\"fav-session-tab-print\" class=\"fav-session-share-tabcontent\">\n\t\t\t<button id=\"fav-session-print\">\n\t\t\t\tImprimir sesiones favoritas\t\t\t<\/button>\n\t\t<\/div>\n\t<\/div>\n\n\t<a class=\"show-email-form\" href=\"javascript:\">\n\t\t<span class=\"dashicons dashicons-star-filled\"><\/span>\n\t\t<span class=\"dashicons dashicons-email-alt\"><\/span>\n\t<\/a>\n\n\t\n<\/div>\n","protected":false},"excerpt":{"rendered":"<p>\u00a1Ni\u00f1os y padres invitados a WordCamp San Jose! 2018 marca el comienzo de la pr\u00f3xima generaci\u00f3n de creadores de WordPress con nuestro primer KidsCamp. \u00a1Los padres que asisten a WordCamp pueden llevar a sus hijos y disfrutar de un d\u00eda de aprendizaje entre padres e hijos bajo la tutela de algunos de nuestros creadores de &hellip; <\/p>\n<p class=\"link-more\"><a href=\"https:\/\/sanjose.wordcamp.org\/2018\/programa\/kids-camp\/\" class=\"more-link\">Continuar leyendo<span class=\"screen-reader-text\"> \u00abKids Camp\u00bb<\/span><\/a><\/p>\n","protected":false},"author":319559,"featured_media":390,"parent":206,"menu_order":0,"comment_status":"closed","ping_status":"closed","template":"","meta":{"jetpack_post_was_ever_published":false,"footnotes":""},"class_list":["post-197","page","type-page","status-publish","has-post-thumbnail","hentry"],"jetpack_sharing_enabled":true,"jetpack_shortlink":"https:\/\/wp.me\/P9ygju-3b","jetpack-related-posts":[{"id":193,"url":"https:\/\/sanjose.wordcamp.org\/2018\/english\/","url_meta":{"origin":197,"position":0},"title":"English","author":"remediosgraphic","date":"marzo 6, 2018","format":false,"excerpt":"THE WAITING IS FINISHED !, YOU CAN ALREADY RESERVE YOUR ENTRANCE TO WORDCAMP SAN JOS\u00c9 2018 We are really happy to announce and you can buy your ticket to enjoy an event organized by the local WordPress community and that will gather more than 500 attendees. WordPress is the engine\u2026","rel":"","context":"Entrada similar","block_context":{"text":"Entrada similar","link":""},"img":{"alt_text":"","src":"https:\/\/i0.wp.com\/sanjose.wordcamp.org\/2018\/files\/2018\/03\/cropped-tixAsset-4.png?fit=600%2C600&resize=350%2C200#038;ssl=1","width":350,"height":200},"classes":[]},{"id":1020,"url":"https:\/\/sanjose.wordcamp.org\/2018\/english\/general-info\/","url_meta":{"origin":197,"position":1},"title":"General Info","author":"remediosgraphic","date":"marzo 20, 2018","format":false,"excerpt":"THE WAITING IS FINISHED !, YOU CAN ALREADY RESERVE YOUR ENTRANCE TO WORDCAMP SAN JOS\u00c9 2018 We are really happy to announce and you can buy your ticket to enjoy an event organized by the local WordPress community and that will gather more than 500 attendees. WordPress is the engine\u2026","rel":"","context":"Entrada similar","block_context":{"text":"Entrada similar","link":""},"img":{"alt_text":"","src":"https:\/\/i0.wp.com\/sanjose.wordcamp.org\/2018\/files\/2018\/03\/cropped-tixAsset-4.png?fit=600%2C600&resize=350%2C200#038;ssl=1","width":350,"height":200},"classes":[]},{"id":2540,"url":"https:\/\/sanjose.wordcamp.org\/2018\/taller-impulsando-ventas-woocommerce-e-inteligencia-artificial\/","url_meta":{"origin":197,"position":2},"title":"Taller Impulsando ventas WooCommerce e inteligencia artificial","author":"Ericka Barboza","date":"junio 12, 2018","format":false,"excerpt":"En este taller crearemos, desde cero, paso a paso y en riguroso directo, una tienda online para vender productos f\u00edsicos y virtuales, usando varias pasarelas de pago, con distintos m\u00e9todos de env\u00edo y totalmente funcional. \u00bfQuieres aprovechar el taller para crear t\u00fa tambi\u00e9n una tienda online? Requisitos: -Inter\u00e9s por mejorar\u2026","rel":"","context":"Entrada similar","block_context":{"text":"Entrada similar","link":""},"img":{"alt_text":"","src":"https:\/\/i0.wp.com\/sanjose.wordcamp.org\/2018\/files\/2018\/03\/cropped-tixAsset-4.png?fit=600%2C600&resize=350%2C200#038;ssl=1","width":350,"height":200},"classes":[]},{"id":591,"url":"https:\/\/sanjose.wordcamp.org\/2018\/es-para-mi-un-wordcamp\/","url_meta":{"origin":197,"position":3},"title":"\u00bfEs para m\u00ed un WordCamp?","author":"melirocor","date":"marzo 12, 2018","format":false,"excerpt":"A un WordCamp puede acudir cualquier tipo de persona con un perfil relacionado con WordPress e internet. Algunas ideas de los perfiles que han acudido a los anteriores WCSJ: freelance desarrolladores, dise\u00f1adores gr\u00e1ficos\/ web, SEO, bloggers, community manager, periodistas, emprendedores, agencias de marketing, comunicaci\u00f3n, empresas de cualquier sector que quieran\u2026","rel":"","context":"Entrada similar","block_context":{"text":"Entrada similar","link":""},"img":{"alt_text":"","src":"https:\/\/i0.wp.com\/sanjose.wordcamp.org\/2018\/files\/2018\/03\/cropped-tixAsset-4.png?fit=600%2C600&resize=350%2C200#038;ssl=1","width":350,"height":200},"classes":[]},{"id":188,"url":"https:\/\/sanjose.wordcamp.org\/2018\/","url_meta":{"origin":197,"position":4},"title":"Inicio","author":"remediosgraphic","date":"marzo 6, 2018","format":false,"excerpt":"\u00a1SE ACAB\u00d3 LA ESPERA!, YA PUEDES RESERVAR TU ENTRADA PARA WORDCAMP SAN JOS\u00c9 2018 \u00a1Estamos realmente felices! de poder anunciar que, ya puedes adquirir tu entrada para disfrutar de un evento organizado por la comunidad local de WordPress, que reunir\u00e1 a m\u00e1s de 500 asistentes. WordPress es el motor del\u2026","rel":"","context":"Entrada similar","block_context":{"text":"Entrada similar","link":""},"img":{"alt_text":"","src":"https:\/\/i0.wp.com\/2018.sanjose.wordcamp.org\/files\/2018\/03\/cloudsAsset-8-260x300.png?resize=350%2C200&ssl=1","width":350,"height":200},"classes":[]},{"id":361,"url":"https:\/\/sanjose.wordcamp.org\/2018\/programa\/workshops\/","url_meta":{"origin":197,"position":5},"title":"Workshops","author":"remediosgraphic","date":"marzo 8, 2018","format":false,"excerpt":"\u00bfQU\u00c9 HACER EN UN WORDCAMP? En WCSJCR podr\u00e1s aprender de los mejores, tendremos grandes speakers (incluso internacionales y developers del core de WordPress) que nos ense\u00f1ar\u00e1n las \u00faltimas novedades de WordPress y proyectos incre\u00edbles que se pueden realizar. En el WordCamp San Jos\u00e9 encontrar\u00e1s: CONOCIMIENTO 42 charlas con temas como\u2026","rel":"","context":"Entrada similar","block_context":{"text":"Entrada similar","link":""},"img":{"alt_text":"","src":"https:\/\/i0.wp.com\/2018.sanjose.wordcamp.org\/files\/2018\/03\/cloudsAsset-11-1-1024x1024.png?resize=350%2C200&ssl=1","width":350,"height":200,"srcset":"https:\/\/i0.wp.com\/2018.sanjose.wordcamp.org\/files\/2018\/03\/cloudsAsset-11-1-1024x1024.png?resize=350%2C200&ssl=1 1x, https:\/\/i0.wp.com\/2018.sanjose.wordcamp.org\/files\/2018\/03\/cloudsAsset-11-1-1024x1024.png?resize=525%2C300&ssl=1 1.5x"},"classes":[]}],"jetpack_likes_enabled":true,"_links":{"self":[{"href":"https:\/\/sanjose.wordcamp.org\/2018\/wp-json\/wp\/v2\/pages\/197","targetHints":{"allow":["GET"]}}],"collection":[{"href":"https:\/\/sanjose.wordcamp.org\/2018\/wp-json\/wp\/v2\/pages"}],"about":[{"href":"https:\/\/sanjose.wordcamp.org\/2018\/wp-json\/wp\/v2\/types\/page"}],"author":[{"embeddable":true,"href":"https:\/\/sanjose.wordcamp.org\/2018\/wp-json\/wp\/v2\/users\/319559"}],"replies":[{"embeddable":true,"href":"https:\/\/sanjose.wordcamp.org\/2018\/wp-json\/wp\/v2\/comments?post=197"}],"version-history":[{"count":10,"href":"https:\/\/sanjose.wordcamp.org\/2018\/wp-json\/wp\/v2\/pages\/197\/revisions"}],"predecessor-version":[{"id":2886,"href":"https:\/\/sanjose.wordcamp.org\/2018\/wp-json\/wp\/v2\/pages\/197\/revisions\/2886"}],"up":[{"embeddable":true,"href":"https:\/\/sanjose.wordcamp.org\/2018\/wp-json\/wp\/v2\/pages\/206"}],"wp:featuredmedia":[{"embeddable":true,"href":"https:\/\/sanjose.wordcamp.org\/2018\/wp-json\/wp\/v2\/media\/390"}],"wp:attachment":[{"href":"https:\/\/sanjose.wordcamp.org\/2018\/wp-json\/wp\/v2\/media?parent=197"}],"curies":[{"name":"wp","href":"https:\/\/api.w.org\/{rel}","templated":true}]}}