{"id":19,"date":"2017-12-22T20:51:30","date_gmt":"2017-12-22T20:51:30","guid":{"rendered":"https:\/\/2018.sanjose.wordcamp.org\/code-of-conduct\/"},"modified":"2018-03-06T20:54:00","modified_gmt":"2018-03-06T20:54:00","slug":"code-of-conduct","status":"publish","type":"page","link":"https:\/\/sanjose.wordcamp.org\/2018\/english\/contact\/code-of-conduct\/","title":{"rendered":"Code of Conduct"},"content":{"rendered":"<p><em>Organizers note:<\/em> Below is a boilerplate code of conduct that you can customize; another great example is the Ada Initiative <a href=\"http:\/\/geekfeminism.wikia.com\/wiki\/Conference_anti-harassment\/Policy\">anti-harassment policy.<\/a><\/p>\n<p>We also recommend the organizing team read this article on <a href=\"http:\/\/geekfeminism.wikia.com\/wiki\/Conference_anti-harassment\/Responding_to_reports\">how to take a harassment report<\/a><\/p>\n<p>Please update the portions <span style=\"color: red;text-decoration: underline\">with red text<\/span>. You can use the \u00abRemove Formatting\u00bb button on the toolbar (the eraser icon on the second line) to remove the color and underline.<\/p>\n<ol>\n<li>\n<h3>Purpose<\/h3>\n<p>\n\t\t\t\t\t<span style=\"color: red;text-decoration: underline\">WordCamp YourCityName<\/span> believes our community should be truly open for everyone. As such, we are committed to providing a friendly, safe and welcoming environment for all, regardless of gender, sexual orientation, disability, ethnicity, religion, preferred operating system, programming language, or text editor.\n\t\t\t\t<\/p>\n<p>This code of conduct outlines our expectations for participant behavior as well as the consequences for unacceptable behavior.<\/p>\n<p>We invite all sponsors, volunteers, speakers, attendees, and other participants to help us realize a safe and positive conference experience for everyone.<\/p>\n<\/li>\n<li>\n<h3>Open Source Citizenship<\/h3>\n<p>A supplemental goal of this code of conduct is to increase open source citizenship by encouraging participants to recognize and strengthen the relationships between what we do and the community at large.<\/p>\n<p>In service of this goal,<br \/>\n\t\t\t\t\t<span style=\"color: red;text-decoration: underline\">WordCamp YourCityName<\/span> organizers will be taking nominations for exemplary citizens throughout the event and will recognize select participants after the conference on the website.\n\t\t\t\t<\/p>\n<p>If you see someone who is making an extra effort to ensure our community is welcoming, friendly, and encourages all participants to contribute to the fullest extent, we want to know.<br \/>\n\t\t\t\t\t<span style=\"color: red;text-decoration: underline\">You can nominate someone at the Registration table or online at URL HERE.<\/span>\n\t\t\t\t<\/p>\n<\/li>\n<li>\n<h3>Expected Behavior<\/h3>\n<ul>\n<li>Be considerate, respectful, and collaborative.<\/li>\n<li>Refrain from demeaning, discriminatory or harassing behavior and speech.<\/li>\n<li>Be mindful of your surroundings and of your fellow participants. Alert conference organizers if you notice a dangerous situation or someone in distress.<\/li>\n<li>Participate in an authentic and active way. In doing so, you help to create<br \/>\n\t\t\t\t\t\t<span style=\"color: red;text-decoration: underline\">WordCamp YourCityName<\/span> and make it your own.\n\t\t\t\t\t<\/li>\n<\/ul>\n<\/li>\n<li>\n<h3>Unacceptable Behavior<\/h3>\n<p>Unacceptable behaviors include: intimidating, harassing, abusive, discriminatory, derogatory or demeaning conduct by any attendees of<br \/>\n\t\t\t\t\t<span style=\"color: red;text-decoration: underline\">WordCamp YourCityName<\/span> and related events. All<br \/>\n\t\t\t\t\t<span style=\"color: red;text-decoration: underline\">WordCamp YourCityName<\/span> venues may be shared with members of the public; please be respectful to all patrons of these locations.\n\t\t\t\t<\/p>\n<p>Harassment includes: offensive verbal comments related to gender, sexual orientation, race, religion, disability; inappropriate use of nudity and\/or sexual images in public spaces (including presentation slides); deliberate intimidation, stalking or following; harassing photography or recording; sustained disruption of talks or other events; inappropriate physical contact, and unwelcome sexual attention.<\/p>\n<\/li>\n<li>\n<h3>Consequences Of Unacceptable Behavior<\/h3>\n<p>Unacceptable behavior will not be tolerated whether by other attendees, organizers, venue staff, sponsors, or other patrons of<br \/>\n\t\t\t\t\t<span style=\"color: red;text-decoration: underline\">WordCamp YourCityName<\/span> venues.<\/p>\n<p>Anyone asked to stop unacceptable behavior is expected to comply immediately.<\/p>\n<p>If a participant engages in unacceptable behavior, the conference organizers may take any action they deem appropriate, up to and including expulsion from the conference without warning or refund.<\/p>\n<\/li>\n<li>\n<h3>What To Do If You Witness Or Are Subject To Unacceptable Behavior<\/h3>\n<p>If you are subject to unacceptable behavior, notice that someone else is being subject to unacceptable behavior, or have any other concerns, please notify a conference organizer as soon as possible.<\/p>\n<p>The<br \/>\n\t\t\t\t\t<span style=\"color: red;text-decoration: underline\">WordCamp YourCityName<\/span> team will be available to help participants contact venue security or local law enforcement, to provide escorts, or to otherwise assist those experiencing unacceptable behavior to feel safe for the duration of the conference.<br \/>\n\t\t\t\t\t<span style=\"color: red;text-decoration: underline\">Volunteers will be wearing XXXXXXXXXXXXXXXXXXXXXXXX.<\/span> Any volunteer can connect you with a conference organizer. You can also come to the special registration desk in the lobby and ask for the organizers.\n\t\t\t\t<\/p>\n<\/li>\n<li>\n<h3>Scope<\/h3>\n<p>We expect all conference participants (sponsors, volunteers, speakers, attendees, and other guests) to abide by this code of conduct at all conference venues and conference-related social events.<\/p>\n<\/li>\n<li>\n<h3>Contact Information<\/h3>\n<p>\n\t\t\t\t\t<span style=\"color: red;text-decoration: underline\">Contact info here! Make sure this includes a way to access the organizers during the event.<\/span>\n\t\t\t\t<\/p>\n<\/li>\n<li>\n<h3>License And Attribution<\/h3>\n<p>This Code of Conduct is a direct swipe from the awesome work of Open Source Bridge, but with our event information substituted. The original is available at<br \/>\n\t\t\t\t\t<a href=\"http:\/\/opensourcebridge.org\/about\/code-of-conduct\/\">http:\/\/opensourcebridge.org\/about\/code-of-conduct\/<\/a> and is released under a<br \/>\n\t\t\t\t\t<a href=\"http:\/\/creativecommons.org\/licenses\/by-sa\/3.0\/\">Creative Commons Attribution-ShareAlike<\/a> license.\n\t\t\t\t<\/p>\n<\/li>\n<\/ol>\n","protected":false},"excerpt":{"rendered":"<p>Organizers note: Below is a boilerplate code of conduct that you can customize; another great example is the Ada Initiative anti-harassment policy. We also recommend the organizing team read this article on how to take a harassment report Please update the portions with red text. You can use the \u00abRemove Formatting\u00bb button on the toolbar &hellip; <\/p>\n<p class=\"link-more\"><a href=\"https:\/\/sanjose.wordcamp.org\/2018\/english\/contact\/code-of-conduct\/\" class=\"more-link\">Continuar leyendo<span class=\"screen-reader-text\"> \u00abCode of Conduct\u00bb<\/span><\/a><\/p>\n","protected":false},"author":15118541,"featured_media":0,"parent":17,"menu_order":0,"comment_status":"closed","ping_status":"closed","template":"","meta":{"jetpack_post_was_ever_published":false,"footnotes":""},"class_list":["post-19","page","type-page","status-publish","hentry"],"jetpack_sharing_enabled":true,"jetpack_shortlink":"https:\/\/wp.me\/P9ygju-j","jetpack-related-posts":[{"id":216,"url":"https:\/\/sanjose.wordcamp.org\/2018\/contacto\/codigo-de-conducta\/","url_meta":{"origin":19,"position":0},"title":"Codigo de Conducta","author":"remediosgraphic","date":"marzo 6, 2018","format":false,"excerpt":"Prop\u00f3sito WordCamp San Jos\u00e9, Costa Rica cree que nuestra comunidad debe estar abierta para todo el mundo. Como tal, estamos comprometidos a proporcionar un ambiente agradable, seguro y acogedor para todos, independientemente de su sexo, orientaci\u00f3n sexual, discapacidad, etnia, religi\u00f3n, sistema operativo preferido, lenguaje de programaci\u00f3n o editor de texto.\u2026","rel":"","context":"Entrada similar","block_context":{"text":"Entrada similar","link":""},"img":{"alt_text":"","src":"https:\/\/i0.wp.com\/sanjose.wordcamp.org\/2018\/files\/2018\/03\/cropped-tixAsset-4.png?fit=600%2C600&resize=350%2C200#038;ssl=1","width":350,"height":200},"classes":[]},{"id":1003,"url":"https:\/\/sanjose.wordcamp.org\/2018\/english\/call-to-speakers\/","url_meta":{"origin":19,"position":1},"title":"Call to Speakers","author":"remediosgraphic","date":"marzo 20, 2018","format":false,"excerpt":"Wordcamp San Jos\u00e9 2018 will take place on July 21 and 22 and we are on the search for the best speakers. This is our third Wordcamp and we want to keep reaping successes and good experiences. Do you have a topic that the WordPress community needs to hear? The\u2026","rel":"","context":"Entrada similar","block_context":{"text":"Entrada similar","link":""},"img":{"alt_text":"","src":"https:\/\/i0.wp.com\/sanjose.wordcamp.org\/2018\/files\/2018\/03\/cropped-tixAsset-4.png?fit=600%2C600&resize=350%2C200#038;ssl=1","width":350,"height":200},"classes":[]},{"id":193,"url":"https:\/\/sanjose.wordcamp.org\/2018\/english\/","url_meta":{"origin":19,"position":2},"title":"English","author":"remediosgraphic","date":"marzo 6, 2018","format":false,"excerpt":"THE WAITING IS FINISHED !, YOU CAN ALREADY RESERVE YOUR ENTRANCE TO WORDCAMP SAN JOS\u00c9 2018 We are really happy to announce and you can buy your ticket to enjoy an event organized by the local WordPress community and that will gather more than 500 attendees. WordPress is the engine\u2026","rel":"","context":"Entrada similar","block_context":{"text":"Entrada similar","link":""},"img":{"alt_text":"","src":"https:\/\/i0.wp.com\/sanjose.wordcamp.org\/2018\/files\/2018\/03\/cropped-tixAsset-4.png?fit=600%2C600&resize=350%2C200#038;ssl=1","width":350,"height":200},"classes":[]},{"id":182,"url":"https:\/\/sanjose.wordcamp.org\/2018\/english\/call-to-sponsors\/","url_meta":{"origin":19,"position":3},"title":"Call to Sponsors","author":"remediosgraphic","date":"marzo 6, 2018","format":false,"excerpt":"This will be our third WordCamp in San Jos\u00e9 Costa Rica. Taking place on July 21 and 22 of 2018. WordCamp is possible thanks to the generous sponsors, with support the tickets are kept in a range of less than $20 per day. Among the 600 attendees, 2018 will host\u2026","rel":"","context":"Entrada similar","block_context":{"text":"Entrada similar","link":""},"img":{"alt_text":"","src":"https:\/\/i0.wp.com\/sanjose.wordcamp.org\/2018\/files\/2018\/03\/cropped-tixAsset-4.png?fit=600%2C600&resize=350%2C200#038;ssl=1","width":350,"height":200},"classes":[]},{"id":1020,"url":"https:\/\/sanjose.wordcamp.org\/2018\/english\/general-info\/","url_meta":{"origin":19,"position":4},"title":"General Info","author":"remediosgraphic","date":"marzo 20, 2018","format":false,"excerpt":"THE WAITING IS FINISHED !, YOU CAN ALREADY RESERVE YOUR ENTRANCE TO WORDCAMP SAN JOS\u00c9 2018 We are really happy to announce and you can buy your ticket to enjoy an event organized by the local WordPress community and that will gather more than 500 attendees. WordPress is the engine\u2026","rel":"","context":"Entrada similar","block_context":{"text":"Entrada similar","link":""},"img":{"alt_text":"","src":"https:\/\/i0.wp.com\/sanjose.wordcamp.org\/2018\/files\/2018\/03\/cropped-tixAsset-4.png?fit=600%2C600&resize=350%2C200#038;ssl=1","width":350,"height":200},"classes":[]},{"id":2,"url":"https:\/\/sanjose.wordcamp.org\/2018\/sample-page\/","url_meta":{"origin":19,"position":5},"title":"Sample Page","author":"Ericka Barboza","date":"diciembre 22, 2017","format":false,"excerpt":"This is an example page. It's different from a blog post because it will stay in one place and will show up in your site navigation (in most themes). Most people start with an About page that introduces them to potential site visitors. It might say something like this: Hi\u2026","rel":"","context":"Entrada similar","block_context":{"text":"Entrada similar","link":""},"img":{"alt_text":"","src":"https:\/\/i0.wp.com\/sanjose.wordcamp.org\/2018\/files\/2018\/03\/cropped-tixAsset-4.png?fit=600%2C600&resize=350%2C200#038;ssl=1","width":350,"height":200},"classes":[]}],"jetpack_likes_enabled":true,"_links":{"self":[{"href":"https:\/\/sanjose.wordcamp.org\/2018\/wp-json\/wp\/v2\/pages\/19","targetHints":{"allow":["GET"]}}],"collection":[{"href":"https:\/\/sanjose.wordcamp.org\/2018\/wp-json\/wp\/v2\/pages"}],"about":[{"href":"https:\/\/sanjose.wordcamp.org\/2018\/wp-json\/wp\/v2\/types\/page"}],"author":[{"embeddable":true,"href":"https:\/\/sanjose.wordcamp.org\/2018\/wp-json\/wp\/v2\/users\/15118541"}],"replies":[{"embeddable":true,"href":"https:\/\/sanjose.wordcamp.org\/2018\/wp-json\/wp\/v2\/comments?post=19"}],"version-history":[{"count":1,"href":"https:\/\/sanjose.wordcamp.org\/2018\/wp-json\/wp\/v2\/pages\/19\/revisions"}],"predecessor-version":[{"id":223,"href":"https:\/\/sanjose.wordcamp.org\/2018\/wp-json\/wp\/v2\/pages\/19\/revisions\/223"}],"up":[{"embeddable":true,"href":"https:\/\/sanjose.wordcamp.org\/2018\/wp-json\/wp\/v2\/pages\/17"}],"wp:attachment":[{"href":"https:\/\/sanjose.wordcamp.org\/2018\/wp-json\/wp\/v2\/media?parent=19"}],"curies":[{"name":"wp","href":"https:\/\/api.w.org\/{rel}","templated":true}]}}