{"id":188,"date":"2018-03-06T20:10:40","date_gmt":"2018-03-06T20:10:40","guid":{"rendered":"https:\/\/2018.sanjose.wordcamp.org\/?page_id=188"},"modified":"2018-03-21T20:23:14","modified_gmt":"2018-03-22T02:23:14","slug":"inicio","status":"publish","type":"page","link":"https:\/\/sanjose.wordcamp.org\/2018\/","title":{"rendered":"Inicio"},"content":{"rendered":"<h2 style=\"text-align: center\">\u00a1SE ACAB\u00d3 LA ESPERA!, YA PUEDES RESERVAR TU ENTRADA PARA WORDCAMP SAN JOS\u00c9 2018<\/h2>\n<p style=\"text-align: center\">\u00a1Estamos realmente felices! de poder anunciar que, ya puedes adquirir tu entrada para disfrutar de un evento organizado por la comunidad local de WordPress, que reunir\u00e1 a m\u00e1s de 500 asistentes. WordPress es el motor del 30% de todos los sitios en el mundo, brindando soluciones escalables que van desde un simple blog a una tienda en l\u00ednea, un app nativo o un peri\u00f3dico visitado por millones de usuarios. WordPress y su REST API son sumamente vers\u00e1tiles por lo cual en un WordCamp podr\u00e1s aprender de tecnologias, metodologias y ecosistemas que se integran con WordPress. Temas como plugins, actualizaciones de WP, Hospedaje Web, Seguridad, UX UI design, theme design, marketing, SEO, administraci\u00f3n de proyectos, educaci\u00f3n, desarrollo en lenguajes como PHP, JS, Angular, React, React Native, Mobile ser\u00e1n la tem\u00e1tica de este evento.<\/p>\n<div class=\"sjwc2018-row\">\n<div class=\"column-1-3\">\n<p><img data-recalc-dims=\"1\" loading=\"lazy\" decoding=\"async\" data-attachment-id=\"482\" data-permalink=\"https:\/\/sanjose.wordcamp.org\/2018\/inicio\/cloudsasset-8\/\" data-orig-file=\"https:\/\/i0.wp.com\/sanjose.wordcamp.org\/2018\/files\/2018\/03\/cloudsAsset-8.png?fit=500%2C576&amp;ssl=1\" data-orig-size=\"500,576\" data-comments-opened=\"1\" data-image-meta=\"{&quot;aperture&quot;:&quot;0&quot;,&quot;credit&quot;:&quot;&quot;,&quot;camera&quot;:&quot;&quot;,&quot;caption&quot;:&quot;&quot;,&quot;created_timestamp&quot;:&quot;0&quot;,&quot;copyright&quot;:&quot;&quot;,&quot;focal_length&quot;:&quot;0&quot;,&quot;iso&quot;:&quot;0&quot;,&quot;shutter_speed&quot;:&quot;0&quot;,&quot;title&quot;:&quot;&quot;,&quot;orientation&quot;:&quot;0&quot;}\" data-image-title=\"cloudsAsset 8\" data-image-description=\"\" data-image-caption=\"\" data-medium-file=\"https:\/\/i0.wp.com\/sanjose.wordcamp.org\/2018\/files\/2018\/03\/cloudsAsset-8.png?fit=260%2C300&amp;ssl=1\" data-large-file=\"https:\/\/i0.wp.com\/sanjose.wordcamp.org\/2018\/files\/2018\/03\/cloudsAsset-8.png?fit=500%2C576&amp;ssl=1\" class=\"alignnone size-medium wp-image-482\" src=\"https:\/\/i0.wp.com\/2018.sanjose.wordcamp.org\/files\/2018\/03\/cloudsAsset-8-260x300.png?resize=260%2C300&#038;ssl=1\" alt=\"\" width=\"260\" height=\"300\" srcset=\"https:\/\/i0.wp.com\/sanjose.wordcamp.org\/2018\/files\/2018\/03\/cloudsAsset-8.png?resize=260%2C300&amp;ssl=1 260w, https:\/\/i0.wp.com\/sanjose.wordcamp.org\/2018\/files\/2018\/03\/cloudsAsset-8.png?w=500&amp;ssl=1 500w\" sizes=\"auto, (max-width: 260px) 100vw, 260px\" \/><\/p>\n<h3 style=\"text-align: center\">2 Dias, 50 Charlas, Workshops<\/h3>\n<\/div>\n<div class=\"column-1-3\">\n<p><img data-recalc-dims=\"1\" loading=\"lazy\" decoding=\"async\" data-attachment-id=\"483\" data-permalink=\"https:\/\/sanjose.wordcamp.org\/2018\/inicio\/cloudsasset-9\/\" data-orig-file=\"https:\/\/i0.wp.com\/sanjose.wordcamp.org\/2018\/files\/2018\/03\/cloudsAsset-9.png?fit=500%2C548&amp;ssl=1\" data-orig-size=\"500,548\" data-comments-opened=\"1\" data-image-meta=\"{&quot;aperture&quot;:&quot;0&quot;,&quot;credit&quot;:&quot;&quot;,&quot;camera&quot;:&quot;&quot;,&quot;caption&quot;:&quot;&quot;,&quot;created_timestamp&quot;:&quot;0&quot;,&quot;copyright&quot;:&quot;&quot;,&quot;focal_length&quot;:&quot;0&quot;,&quot;iso&quot;:&quot;0&quot;,&quot;shutter_speed&quot;:&quot;0&quot;,&quot;title&quot;:&quot;&quot;,&quot;orientation&quot;:&quot;0&quot;}\" data-image-title=\"cloudsAsset 9\" data-image-description=\"\" data-image-caption=\"\" data-medium-file=\"https:\/\/i0.wp.com\/sanjose.wordcamp.org\/2018\/files\/2018\/03\/cloudsAsset-9.png?fit=274%2C300&amp;ssl=1\" data-large-file=\"https:\/\/i0.wp.com\/sanjose.wordcamp.org\/2018\/files\/2018\/03\/cloudsAsset-9.png?fit=500%2C548&amp;ssl=1\" class=\"alignnone size-medium wp-image-483\" src=\"https:\/\/i0.wp.com\/2018.sanjose.wordcamp.org\/files\/2018\/03\/cloudsAsset-9-274x300.png?resize=274%2C300&#038;ssl=1\" alt=\"\" width=\"274\" height=\"300\" srcset=\"https:\/\/i0.wp.com\/sanjose.wordcamp.org\/2018\/files\/2018\/03\/cloudsAsset-9.png?resize=274%2C300&amp;ssl=1 274w, https:\/\/i0.wp.com\/sanjose.wordcamp.org\/2018\/files\/2018\/03\/cloudsAsset-9.png?w=500&amp;ssl=1 500w\" sizes=\"auto, (max-width: 274px) 100vw, 274px\" \/><\/p>\n<h3 style=\"text-align: center\">S\u00e1bado 21 Y Domingo 22 De Julio.<\/h3>\n<\/div>\n<div class=\"column-1-3\">\n<p><img data-recalc-dims=\"1\" loading=\"lazy\" decoding=\"async\" data-attachment-id=\"484\" data-permalink=\"https:\/\/sanjose.wordcamp.org\/2018\/inicio\/cloudsasset-10\/\" data-orig-file=\"https:\/\/i0.wp.com\/sanjose.wordcamp.org\/2018\/files\/2018\/03\/cloudsAsset-10.png?fit=500%2C492&amp;ssl=1\" data-orig-size=\"500,492\" data-comments-opened=\"1\" data-image-meta=\"{&quot;aperture&quot;:&quot;0&quot;,&quot;credit&quot;:&quot;&quot;,&quot;camera&quot;:&quot;&quot;,&quot;caption&quot;:&quot;&quot;,&quot;created_timestamp&quot;:&quot;0&quot;,&quot;copyright&quot;:&quot;&quot;,&quot;focal_length&quot;:&quot;0&quot;,&quot;iso&quot;:&quot;0&quot;,&quot;shutter_speed&quot;:&quot;0&quot;,&quot;title&quot;:&quot;&quot;,&quot;orientation&quot;:&quot;0&quot;}\" data-image-title=\"cloudsAsset 10\" data-image-description=\"\" data-image-caption=\"\" data-medium-file=\"https:\/\/i0.wp.com\/sanjose.wordcamp.org\/2018\/files\/2018\/03\/cloudsAsset-10.png?fit=300%2C295&amp;ssl=1\" data-large-file=\"https:\/\/i0.wp.com\/sanjose.wordcamp.org\/2018\/files\/2018\/03\/cloudsAsset-10.png?fit=500%2C492&amp;ssl=1\" class=\"alignnone size-medium wp-image-484\" src=\"https:\/\/i0.wp.com\/2018.sanjose.wordcamp.org\/files\/2018\/03\/cloudsAsset-10-300x295.png?resize=300%2C295&#038;ssl=1\" alt=\"\" width=\"300\" height=\"295\" srcset=\"https:\/\/i0.wp.com\/sanjose.wordcamp.org\/2018\/files\/2018\/03\/cloudsAsset-10.png?resize=300%2C295&amp;ssl=1 300w, https:\/\/i0.wp.com\/sanjose.wordcamp.org\/2018\/files\/2018\/03\/cloudsAsset-10.png?resize=305%2C300&amp;ssl=1 305w, https:\/\/i0.wp.com\/sanjose.wordcamp.org\/2018\/files\/2018\/03\/cloudsAsset-10.png?w=500&amp;ssl=1 500w\" sizes=\"auto, (max-width: 300px) 100vw, 300px\" \/><\/p>\n<h3 style=\"text-align: center\">ULatina Campus De San Pedro.<\/h3>\n<\/div>\n<\/div>\n","protected":false},"excerpt":{"rendered":"<p>\u00a1SE ACAB\u00d3 LA ESPERA!, YA PUEDES RESERVAR TU ENTRADA PARA WORDCAMP SAN JOS\u00c9 2018 \u00a1Estamos realmente felices! de poder anunciar que, ya puedes adquirir tu entrada para disfrutar de un evento organizado por la comunidad local de WordPress, que reunir\u00e1 a m\u00e1s de 500 asistentes. WordPress es el motor del 30% de todos los sitios &hellip; <\/p>\n<p class=\"link-more\"><a href=\"https:\/\/sanjose.wordcamp.org\/2018\/\" class=\"more-link\">Continuar leyendo<span class=\"screen-reader-text\"> \u00abInicio\u00bb<\/span><\/a><\/p>\n","protected":false},"author":319559,"featured_media":0,"parent":0,"menu_order":0,"comment_status":"closed","ping_status":"closed","template":"","meta":{"jetpack_post_was_ever_published":false,"footnotes":""},"class_list":["post-188","page","type-page","status-publish","hentry"],"jetpack_sharing_enabled":true,"jetpack_shortlink":"https:\/\/wp.me\/P9ygju-32","jetpack-related-posts":[{"id":193,"url":"https:\/\/sanjose.wordcamp.org\/2018\/english\/","url_meta":{"origin":188,"position":0},"title":"English","author":"remediosgraphic","date":"marzo 6, 2018","format":false,"excerpt":"THE WAITING IS FINISHED !, YOU CAN ALREADY RESERVE YOUR ENTRANCE TO WORDCAMP SAN JOS\u00c9 2018 We are really happy to announce and you can buy your ticket to enjoy an event organized by the local WordPress community and that will gather more than 500 attendees. WordPress is the engine\u2026","rel":"","context":"Entrada similar","block_context":{"text":"Entrada similar","link":""},"img":{"alt_text":"","src":"https:\/\/i0.wp.com\/sanjose.wordcamp.org\/2018\/files\/2018\/03\/cropped-tixAsset-4.png?fit=600%2C600&resize=350%2C200#038;ssl=1","width":350,"height":200},"classes":[]},{"id":1020,"url":"https:\/\/sanjose.wordcamp.org\/2018\/english\/general-info\/","url_meta":{"origin":188,"position":1},"title":"General Info","author":"remediosgraphic","date":"marzo 20, 2018","format":false,"excerpt":"THE WAITING IS FINISHED !, YOU CAN ALREADY RESERVE YOUR ENTRANCE TO WORDCAMP SAN JOS\u00c9 2018 We are really happy to announce and you can buy your ticket to enjoy an event organized by the local WordPress community and that will gather more than 500 attendees. WordPress is the engine\u2026","rel":"","context":"Entrada similar","block_context":{"text":"Entrada similar","link":""},"img":{"alt_text":"","src":"https:\/\/i0.wp.com\/sanjose.wordcamp.org\/2018\/files\/2018\/03\/cropped-tixAsset-4.png?fit=600%2C600&resize=350%2C200#038;ssl=1","width":350,"height":200},"classes":[]},{"id":2986,"url":"https:\/\/sanjose.wordcamp.org\/2018\/taller-intro-a-react-js\/","url_meta":{"origin":188,"position":2},"title":"Taller Intro a React.js","author":"remediosgraphic","date":"junio 23, 2018","format":false,"excerpt":"Temario: En este taller vamos a entender los elementos fundamentales de React y como utilizarlos en el desarrollo de una aplicaci\u00f3n web Lo que vamos a ver - \u00bfQu\u00e9 es un componente de React? - Componentes de clase y componentes funcionales - JSX - State - Manejo de eventos. -\u2026","rel":"","context":"Entrada similar","block_context":{"text":"Entrada similar","link":""},"img":{"alt_text":"","src":"https:\/\/i0.wp.com\/sanjose.wordcamp.org\/2018\/files\/2018\/03\/cropped-tixAsset-4.png?fit=600%2C600&resize=350%2C200#038;ssl=1","width":350,"height":200},"classes":[]},{"id":243,"url":"https:\/\/sanjose.wordcamp.org\/2018\/programa\/llamado-a-speakers\/","url_meta":{"origin":188,"position":3},"title":"Llamado a Speakers","author":"remediosgraphic","date":"marzo 6, 2018","format":false,"excerpt":"En el Wordcamp San Jos\u00e9 2018 que se llevar\u00e1 a cabo los d\u00edas 21 y 22 de julio necesitamos contar con los mejores expositores y contigo es posible. Es nuestro tercer Wordcamp y queremos seguir cosechando \u00e9xitos y buenas experiencias. \u00bf Tienes un tema que la comunidad de wordpress e\u2026","rel":"","context":"Entrada similar","block_context":{"text":"Entrada similar","link":""},"img":{"alt_text":"","src":"https:\/\/i0.wp.com\/sanjose.wordcamp.org\/2018\/files\/2018\/03\/cropped-tixAsset-4.png?fit=600%2C600&resize=350%2C200#038;ssl=1","width":350,"height":200},"classes":[]},{"id":2542,"url":"https:\/\/sanjose.wordcamp.org\/2018\/taller-js-para-wordpress\/","url_meta":{"origin":188,"position":4},"title":"Taller JS para WordPress","author":"Ericka Barboza","date":"junio 12, 2018","format":false,"excerpt":"Temario: -Introducci\u00f3n al lenguaje JavaScript, tipos y estructura de datos. -Como trabajar con JavaScript en WordPress (que scripts incluye, backbone, jquery, underscore...) -Creando un plugin para un widget que muestre entradas obteniendo datos de la Rest Api. -Trayendo posts con la Rest Api con JavaScript y mostr\u00e1ndolos en el widget.\u2026","rel":"","context":"Entrada similar","block_context":{"text":"Entrada similar","link":""},"img":{"alt_text":"","src":"https:\/\/i0.wp.com\/sanjose.wordcamp.org\/2018\/files\/2018\/03\/cropped-tixAsset-4.png?fit=600%2C600&resize=350%2C200#038;ssl=1","width":350,"height":200},"classes":[]},{"id":361,"url":"https:\/\/sanjose.wordcamp.org\/2018\/programa\/workshops\/","url_meta":{"origin":188,"position":5},"title":"Workshops","author":"remediosgraphic","date":"marzo 8, 2018","format":false,"excerpt":"\u00bfQU\u00c9 HACER EN UN WORDCAMP? En WCSJCR podr\u00e1s aprender de los mejores, tendremos grandes speakers (incluso internacionales y developers del core de WordPress) que nos ense\u00f1ar\u00e1n las \u00faltimas novedades de WordPress y proyectos incre\u00edbles que se pueden realizar. En el WordCamp San Jos\u00e9 encontrar\u00e1s: CONOCIMIENTO 42 charlas con temas como\u2026","rel":"","context":"Entrada similar","block_context":{"text":"Entrada similar","link":""},"img":{"alt_text":"","src":"https:\/\/i0.wp.com\/2018.sanjose.wordcamp.org\/files\/2018\/03\/cloudsAsset-11-1-1024x1024.png?resize=350%2C200&ssl=1","width":350,"height":200,"srcset":"https:\/\/i0.wp.com\/2018.sanjose.wordcamp.org\/files\/2018\/03\/cloudsAsset-11-1-1024x1024.png?resize=350%2C200&ssl=1 1x, https:\/\/i0.wp.com\/2018.sanjose.wordcamp.org\/files\/2018\/03\/cloudsAsset-11-1-1024x1024.png?resize=525%2C300&ssl=1 1.5x"},"classes":[]}],"jetpack_likes_enabled":true,"_links":{"self":[{"href":"https:\/\/sanjose.wordcamp.org\/2018\/wp-json\/wp\/v2\/pages\/188","targetHints":{"allow":["GET"]}}],"collection":[{"href":"https:\/\/sanjose.wordcamp.org\/2018\/wp-json\/wp\/v2\/pages"}],"about":[{"href":"https:\/\/sanjose.wordcamp.org\/2018\/wp-json\/wp\/v2\/types\/page"}],"author":[{"embeddable":true,"href":"https:\/\/sanjose.wordcamp.org\/2018\/wp-json\/wp\/v2\/users\/319559"}],"replies":[{"embeddable":true,"href":"https:\/\/sanjose.wordcamp.org\/2018\/wp-json\/wp\/v2\/comments?post=188"}],"version-history":[{"count":14,"href":"https:\/\/sanjose.wordcamp.org\/2018\/wp-json\/wp\/v2\/pages\/188\/revisions"}],"predecessor-version":[{"id":1044,"href":"https:\/\/sanjose.wordcamp.org\/2018\/wp-json\/wp\/v2\/pages\/188\/revisions\/1044"}],"wp:attachment":[{"href":"https:\/\/sanjose.wordcamp.org\/2018\/wp-json\/wp\/v2\/media?parent=188"}],"curies":[{"name":"wp","href":"https:\/\/api.w.org\/{rel}","templated":true}]}}