{"id":1811,"date":"2018-05-25T09:44:54","date_gmt":"2018-05-25T15:44:54","guid":{"rendered":"https:\/\/2018.sanjose.wordcamp.org\/?page_id=1811"},"modified":"2018-05-25T10:57:55","modified_gmt":"2018-05-25T16:57:55","slug":"live","status":"publish","type":"page","link":"https:\/\/sanjose.wordcamp.org\/2018\/live\/","title":{"rendered":"live"},"content":{"rendered":"<p>Todas las publicaciones con #WCSJ, Wordcamp Costa Rica, #wordcampCR, #wordpressCR, WordCamp San Jose seran visibles aqui.<\/p>\n<hr>\n<div\n\tid=\"tggr-media-item-container\"\n\tclass=\"three-column\"\n\tdata-hashtag=\"WCSJ,Wordcamp Costa Rica,wordcampCR,wordpressCR,WordCamp San Jose\"\n\taria-live=\"polite\">\n\n\t<p>Loading new posts.<\/p>\n<\/div> <!-- end media-item-container -->\n\n<script type=\"text\/javascript\">\n\tvar tggrData = {\n\t\tApiUrl:          'https:\/\/sanjose.wordcamp.org\/2018\/wp-json\/',\n\t\tlogos:            [\"https:\\\/\\\/sanjose.wordcamp.org\\\/2018\\\/wp-content\\\/plugins\\\/tagregator\\\/images\\\/source-logos\\\/tweets.png\",\"https:\\\/\\\/sanjose.wordcamp.org\\\/2018\\\/wp-content\\\/plugins\\\/tagregator\\\/images\\\/source-logos\\\/instagram.png\",\"https:\\\/\\\/sanjose.wordcamp.org\\\/2018\\\/wp-content\\\/plugins\\\/tagregator\\\/images\\\/source-logos\\\/flickr.png\",\"https:\\\/\\\/sanjose.wordcamp.org\\\/2018\\\/wp-content\\\/plugins\\\/tagregator\\\/images\\\/source-logos\\\/google.png\"],\n\t\thashtags:        'WCSJ,Wordcamp Costa Rica,wordcampCR,wordpressCR,WordCamp San Jose',\n\t\tlayout:          'three-column',\n\t\trefreshInterval:  30\t};\n<\/script>\n\n<hr>\n","protected":false},"excerpt":{"rendered":"<p>Todas las publicaciones con #WCSJ, Wordcamp Costa Rica, #wordcampCR, #wordpressCR, WordCamp San Jose seran visibles aqui.<\/p>\n","protected":false},"author":319559,"featured_media":0,"parent":0,"menu_order":0,"comment_status":"closed","ping_status":"closed","template":"","meta":{"jetpack_post_was_ever_published":false,"footnotes":""},"class_list":["post-1811","page","type-page","status-publish","hentry"],"jetpack_sharing_enabled":true,"jetpack_shortlink":"https:\/\/wp.me\/P9ygju-td","jetpack-related-posts":[{"id":204,"url":"https:\/\/sanjose.wordcamp.org\/2018\/info\/venue\/","url_meta":{"origin":1811,"position":0},"title":"Venue","author":"remediosgraphic","date":"marzo 6, 2018","format":false,"excerpt":"\u00bfD\u00f3nde? El Wordcamp San Jos\u00e9 2018, se llevar\u00e1 cabo en el edificio C de la Universidad Latina . La Universidad Latina de Costa Rica es una de las pioneras en el desarrollo de la Educaci\u00f3n Superior Privada en el pa\u00eds. Forma parte de la red de universidades m\u00e1s grande a\u2026","rel":"","context":"Entrada similar","block_context":{"text":"Entrada similar","link":""},"img":{"alt_text":"","src":"https:\/\/i0.wp.com\/2017.sanjose.wordcamp.org\/files\/2017\/03\/WhatsApp-Image-2017-06-15-at-3.39.46-PM.jpeg?resize=350%2C200&ssl=1","width":350,"height":200},"classes":[]},{"id":216,"url":"https:\/\/sanjose.wordcamp.org\/2018\/contacto\/codigo-de-conducta\/","url_meta":{"origin":1811,"position":1},"title":"Codigo de Conducta","author":"remediosgraphic","date":"marzo 6, 2018","format":false,"excerpt":"Prop\u00f3sito WordCamp San Jos\u00e9, Costa Rica cree que nuestra comunidad debe estar abierta para todo el mundo. Como tal, estamos comprometidos a proporcionar un ambiente agradable, seguro y acogedor para todos, independientemente de su sexo, orientaci\u00f3n sexual, discapacidad, etnia, religi\u00f3n, sistema operativo preferido, lenguaje de programaci\u00f3n o editor de texto.\u2026","rel":"","context":"Entrada similar","block_context":{"text":"Entrada similar","link":""},"img":{"alt_text":"","src":"https:\/\/i0.wp.com\/sanjose.wordcamp.org\/2018\/files\/2018\/03\/cropped-tixAsset-4.png?fit=600%2C600&resize=350%2C200#038;ssl=1","width":350,"height":200},"classes":[]},{"id":185,"url":"https:\/\/sanjose.wordcamp.org\/2018\/info\/demografia\/","url_meta":{"origin":1811,"position":2},"title":"Demografia","author":"remediosgraphic","date":"marzo 6, 2018","format":false,"excerpt":"Edades: 18-65 Sexo: aproximadamente 67% hombres, 33% mujeres Porcentaje que sabe \/ usa WordPress: 80% Social: 90% de activos en Facebook, 50% de activos en Twitter Visitas 2017 30,095 mejor dia 2296 visitas Pa\u00edses Asistentes: Costa Rica, Nicaragua , El Salvador , Estados Unidos, Colombia, Guatemala, Mexico, Espana , Panama,\u2026","rel":"","context":"Entrada similar","block_context":{"text":"Entrada similar","link":""},"img":{"alt_text":"","src":"https:\/\/i0.wp.com\/sanjose.wordcamp.org\/2018\/files\/2018\/03\/cropped-tixAsset-4.png?fit=600%2C600&resize=350%2C200#038;ssl=1","width":350,"height":200},"classes":[]},{"id":195,"url":"https:\/\/sanjose.wordcamp.org\/2018\/que-hacer-en-un-wordcamp\/","url_meta":{"origin":1811,"position":3},"title":"\u00bfQu\u00e9 hacer en un WordCamp?","author":"remediosgraphic","date":"marzo 6, 2018","format":false,"excerpt":"El WordCamp San Jos\u00e9 es un evento anual en donde celebramos con toda la comunidad de WordPress Costa Rica, compartiremos las \u00faltimas novedades, tendencias, conocimientos y proyectos incre\u00edbles, todo esto gracias al aporte de los mejores speakers nacionales e internacionales. En el WCSJCR encontraras: Conocimiento Ser\u00e1n 42 charlas con temas\u2026","rel":"","context":"Entrada similar","block_context":{"text":"Entrada similar","link":""},"img":{"alt_text":"","src":"https:\/\/i0.wp.com\/sanjose.wordcamp.org\/2018\/files\/2018\/03\/logo.png?fit=1200%2C729&ssl=1&resize=350%2C200","width":350,"height":200,"srcset":"https:\/\/i0.wp.com\/sanjose.wordcamp.org\/2018\/files\/2018\/03\/logo.png?fit=1200%2C729&ssl=1&resize=350%2C200 1x, https:\/\/i0.wp.com\/sanjose.wordcamp.org\/2018\/files\/2018\/03\/logo.png?fit=1200%2C729&ssl=1&resize=525%2C300 1.5x, https:\/\/i0.wp.com\/sanjose.wordcamp.org\/2018\/files\/2018\/03\/logo.png?fit=1200%2C729&ssl=1&resize=700%2C400 2x, https:\/\/i0.wp.com\/sanjose.wordcamp.org\/2018\/files\/2018\/03\/logo.png?fit=1200%2C729&ssl=1&resize=1050%2C600 3x"},"classes":[]},{"id":176,"url":"https:\/\/sanjose.wordcamp.org\/2018\/programa\/llamado-a-sponsors\/","url_meta":{"origin":1811,"position":4},"title":"Llamado a Sponsors","author":"remediosgraphic","date":"marzo 6, 2018","format":false,"excerpt":"Este ser\u00e1 nuestro tercer WordCamp en San Jos\u00e9 Costa Rica, se llevar\u00e1 a cabo los d\u00edas 21 y 22 de julio del a\u00f1o 2018. Los WordCamps son posibles gracias a los generosos patrocinadores, con este apoyo los boletos se mantienen en un rango de menos de $20 por d\u00eda. Entre\u2026","rel":"","context":"Entrada similar","block_context":{"text":"Entrada similar","link":""},"img":{"alt_text":"","src":"https:\/\/i0.wp.com\/sanjose.wordcamp.org\/2018\/files\/2018\/03\/cropped-tixAsset-4.png?fit=600%2C600&resize=350%2C200#038;ssl=1","width":350,"height":200},"classes":[]},{"id":2536,"url":"https:\/\/sanjose.wordcamp.org\/2018\/taller-wordpress-101\/","url_meta":{"origin":1811,"position":5},"title":"Taller WordPress 101","author":"Ericka Barboza","date":"junio 12, 2018","format":false,"excerpt":"Este a\u00f1o en WordCamp San Jos\u00e9, impartiremos un taller para las personas que comiencen con WordPress. Si ha escuchado hablar de WordPress pero no sabe por d\u00f3nde empezar, o trat\u00f3 de comenzar y se sinti\u00f3 abrumado, ahora tiene la oportunidad de avanzar con una mano gu\u00eda. Temario: - Historia. -\u2026","rel":"","context":"Entrada similar","block_context":{"text":"Entrada similar","link":""},"img":{"alt_text":"","src":"https:\/\/i0.wp.com\/sanjose.wordcamp.org\/2018\/files\/2018\/03\/cropped-tixAsset-4.png?fit=600%2C600&resize=350%2C200#038;ssl=1","width":350,"height":200},"classes":[]}],"jetpack_likes_enabled":true,"_links":{"self":[{"href":"https:\/\/sanjose.wordcamp.org\/2018\/wp-json\/wp\/v2\/pages\/1811","targetHints":{"allow":["GET"]}}],"collection":[{"href":"https:\/\/sanjose.wordcamp.org\/2018\/wp-json\/wp\/v2\/pages"}],"about":[{"href":"https:\/\/sanjose.wordcamp.org\/2018\/wp-json\/wp\/v2\/types\/page"}],"author":[{"embeddable":true,"href":"https:\/\/sanjose.wordcamp.org\/2018\/wp-json\/wp\/v2\/users\/319559"}],"replies":[{"embeddable":true,"href":"https:\/\/sanjose.wordcamp.org\/2018\/wp-json\/wp\/v2\/comments?post=1811"}],"version-history":[{"count":27,"href":"https:\/\/sanjose.wordcamp.org\/2018\/wp-json\/wp\/v2\/pages\/1811\/revisions"}],"predecessor-version":[{"id":1813,"href":"https:\/\/sanjose.wordcamp.org\/2018\/wp-json\/wp\/v2\/pages\/1811\/revisions\/1813"}],"wp:attachment":[{"href":"https:\/\/sanjose.wordcamp.org\/2018\/wp-json\/wp\/v2\/media?parent=1811"}],"curies":[{"name":"wp","href":"https:\/\/api.w.org\/{rel}","templated":true}]}}