{"id":2433,"date":"2017-08-30T21:55:32","date_gmt":"2017-08-30T21:55:32","guid":{"rendered":"https:\/\/2017.sanjose.wordcamp.org\/?page_id=2433"},"modified":"2017-08-30T23:05:41","modified_gmt":"2017-08-30T23:05:41","slug":"como-llegar-al-wordcamp-san-jose-2017","status":"publish","type":"page","link":"https:\/\/sanjose.wordcamp.org\/2017\/como-llegar-al-wordcamp-san-jose-2017\/","title":{"rendered":"\u00bfC\u00f3mo llegar al Wordcamp San Jos\u00e9 2017?"},"content":{"rendered":"<p><strong>WordCamp San Jos\u00e9 2017<\/strong> se celebrar\u00e1 en el edificio C de\u00a0 la <a href=\"http:\/\/ulatina.ac.cr\/\" rel=\"nofollow\"><strong>Universidad Latina<\/strong><\/a>, a continuaci\u00f3n tienes toda la informaci\u00f3n de su localizaci\u00f3n y c\u00f3mo llegar.<\/p>\n<h3>Direcci\u00f3n:<\/h3>\n<p>100 mts norte de Mu\u00f1oz y Nanne en Lourdes Montes de Oca<br \/>\nSan Pedro, San Jose, Costa Rica<\/p>\n<h3>C\u00f3mo llegar:<\/h3>\n<ul>\n<li><strong>Autobus:<\/strong> Santa Marta\/San Pedro,\u00a0 Granadilla\/San Pedro, Cedros\/San Pedro, San Ram\u00f3n\/Tres R\u00edos.<\/li>\n<li><strong>Aut\u00f3movil:<\/strong> Tenemos dos parqueos disponibles con capacidad para 190 veh\u00edculos. (Parqueo La Bandera y Puesto 7 contiguo edificio A)<\/li>\n<li><strong>Tren:<\/strong>\u00a0 a continuaci\u00f3n el detalle de los horarios del tren para el d\u00eda Sabado<\/li>\n<\/ul>\n<p><img data-recalc-dims=\"1\" loading=\"lazy\" decoding=\"async\" data-attachment-id=\"2442\" data-permalink=\"https:\/\/sanjose.wordcamp.org\/2017\/como-llegar-al-wordcamp-san-jose-2017\/imagen-1\/\" data-orig-file=\"https:\/\/i0.wp.com\/sanjose.wordcamp.org\/2017\/files\/2017\/08\/Imagen-1.png?fit=1146%2C658&amp;ssl=1\" data-orig-size=\"1146,658\" data-comments-opened=\"1\" data-image-meta=\"{&quot;aperture&quot;:&quot;0&quot;,&quot;credit&quot;:&quot;&quot;,&quot;camera&quot;:&quot;&quot;,&quot;caption&quot;:&quot;&quot;,&quot;created_timestamp&quot;:&quot;0&quot;,&quot;copyright&quot;:&quot;&quot;,&quot;focal_length&quot;:&quot;0&quot;,&quot;iso&quot;:&quot;0&quot;,&quot;shutter_speed&quot;:&quot;0&quot;,&quot;title&quot;:&quot;&quot;,&quot;orientation&quot;:&quot;0&quot;}\" data-image-title=\"Horario Tren\" data-image-description=\"\" data-image-caption=\"\" data-large-file=\"https:\/\/i0.wp.com\/sanjose.wordcamp.org\/2017\/files\/2017\/08\/Imagen-1.png?fit=525%2C301&amp;ssl=1\" class=\"alignnone wp-image-2442 size-large\" src=\"https:\/\/i0.wp.com\/2017.sanjose.wordcamp.org\/files\/2017\/08\/Imagen-1-1024x588.png?resize=990%2C568&#038;ssl=1\" alt=\"\" width=\"990\" height=\"568\" srcset=\"https:\/\/i0.wp.com\/sanjose.wordcamp.org\/2017\/files\/2017\/08\/Imagen-1.png?resize=1024%2C588&amp;ssl=1 1024w, https:\/\/i0.wp.com\/sanjose.wordcamp.org\/2017\/files\/2017\/08\/Imagen-1.png?resize=300%2C172&amp;ssl=1 300w, https:\/\/i0.wp.com\/sanjose.wordcamp.org\/2017\/files\/2017\/08\/Imagen-1.png?resize=768%2C441&amp;ssl=1 768w, https:\/\/i0.wp.com\/sanjose.wordcamp.org\/2017\/files\/2017\/08\/Imagen-1.png?resize=500%2C287&amp;ssl=1 500w, https:\/\/i0.wp.com\/sanjose.wordcamp.org\/2017\/files\/2017\/08\/Imagen-1.png?w=1146&amp;ssl=1 1146w\" sizes=\"auto, (max-width: 767px) 89vw, (max-width: 1000px) 54vw, (max-width: 1071px) 543px, 580px\" \/><\/p>\n<p>M\u00e1s informaci\u00f3n en:\u00a0 <a href=\"http:\/\/www.incofer.go.cr\/tren-urbano-cartago-estacion-atlantico\/\">http:\/\/www.incofer.go.cr\/tren-urbano-cartago-estacion-atlantico\/<\/a><\/p>\n<p>&nbsp;<\/p>\n<div class=\"googlemaps\">\n\t\t\t\t<iframe loading=\"lazy\" width=\"600\" height=\"450\" frameborder=\"0\" scrolling=\"no\" marginheight=\"0\" marginwidth=\"0\"  src=\"https:\/\/www.google.com\/maps\/embed?pb=!1m18!1m12!1m3!1d3930.0201216523214!2d-84.04582253491891!3d9.93228197692109!2m3!1f0!2f0!3f0!3m2!1i1024!2i768!4f13.1!3m3!1m2!1s0x8fa0e38954ac9dbf:0x117a348da84974e3!2sUniversidad%20Latina%20De%20Costa%20Rica!5e0!3m2!1ses!2scr!4v1504129979489\"><\/iframe>\n\t\t\t<\/div>\n","protected":false},"excerpt":{"rendered":"<p>WordCamp San Jos\u00e9 2017 se celebrar\u00e1 en el edificio C de\u00a0 la Universidad Latina, a continuaci\u00f3n tienes toda la informaci\u00f3n de su localizaci\u00f3n y c\u00f3mo llegar. Direcci\u00f3n: 100 mts norte de Mu\u00f1oz y Nanne en Lourdes Montes de Oca San Pedro, San Jose, Costa Rica C\u00f3mo llegar: Autobus: Santa Marta\/San Pedro,\u00a0 Granadilla\/San Pedro, Cedros\/San Pedro, &hellip; <\/p>\n<p class=\"link-more\"><a href=\"https:\/\/sanjose.wordcamp.org\/2017\/como-llegar-al-wordcamp-san-jose-2017\/\" class=\"more-link\">Continuar leyendo<span class=\"screen-reader-text\"> \u00ab\u00bfC\u00f3mo llegar al Wordcamp San Jos\u00e9 2017?\u00bb<\/span><\/a><\/p>\n","protected":false},"author":15079632,"featured_media":0,"parent":0,"menu_order":0,"comment_status":"closed","ping_status":"closed","template":"","meta":{"_crdt_document":"","jetpack_post_was_ever_published":false,"footnotes":""},"class_list":["post-2433","page","type-page","status-publish","hentry"],"jetpack_sharing_enabled":true,"jetpack_shortlink":"https:\/\/wp.me\/P8zBjl-Df","jetpack-related-posts":[{"id":11,"url":"https:\/\/sanjose.wordcamp.org\/2017\/location\/","url_meta":{"origin":2433,"position":0},"title":"Venue","author":"elpuas","date":"marzo 31, 2017","format":false,"excerpt":"La Universidad Latina de Costa Rica es una de las pioneras en el desarrollo de la Educaci\u00f3n Superior Privada en el pa\u00eds. Forma parte de la red de universidades m\u00e1s grande a nivel mundial denominada Laureate International Universities, la cual le permite tener contacto con m\u00e1s de 80 universidades e\u2026","rel":"","context":"Entrada similar","block_context":{"text":"Entrada similar","link":""},"img":{"alt_text":"","src":"https:\/\/i0.wp.com\/2017.sanjose.wordcamp.org\/files\/2017\/03\/WhatsApp-Image-2017-06-15-at-3.40.01-PM.jpeg?resize=350%2C200&ssl=1","width":350,"height":200,"srcset":"https:\/\/i0.wp.com\/2017.sanjose.wordcamp.org\/files\/2017\/03\/WhatsApp-Image-2017-06-15-at-3.40.01-PM.jpeg?resize=350%2C200&ssl=1 1x, https:\/\/i0.wp.com\/2017.sanjose.wordcamp.org\/files\/2017\/03\/WhatsApp-Image-2017-06-15-at-3.40.01-PM.jpeg?resize=525%2C300&ssl=1 1.5x, https:\/\/i0.wp.com\/2017.sanjose.wordcamp.org\/files\/2017\/03\/WhatsApp-Image-2017-06-15-at-3.40.01-PM.jpeg?resize=700%2C400&ssl=1 2x, https:\/\/i0.wp.com\/2017.sanjose.wordcamp.org\/files\/2017\/03\/WhatsApp-Image-2017-06-15-at-3.40.01-PM.jpeg?resize=1050%2C600&ssl=1 3x"},"classes":[]},{"id":2041,"url":"https:\/\/sanjose.wordcamp.org\/2017\/vip-dinner\/","url_meta":{"origin":2433,"position":1},"title":"VIP dinner","author":"remediosgraphic","date":"agosto 15, 2017","format":false,"excerpt":"Queremos invitarte a compartir un rato antes del evento a la cena de voluntarios, speakers y sponsors, la misma se realizar\u00e1 el viernes 1 de septiembre a las 7:00pm en el restaurante Tin-Jo (Sal\u00f3n Bamb\u00fa, frente al teatro lucho barahona. Calle 11, ave 6 y 8, San Jos\u00e9.), el lugar\u2026","rel":"","context":"Entrada similar","block_context":{"text":"Entrada similar","link":""},"img":{"alt_text":"","src":"https:\/\/i0.wp.com\/sanjose.wordcamp.org\/2017\/files\/2017\/05\/cropped-cropped-logoWordCampSJ2017.png?fit=512%2C512&resize=350%2C200#038;ssl=1","width":350,"height":200},"classes":[]},{"id":90,"url":"https:\/\/sanjose.wordcamp.org\/2017\/","url_meta":{"origin":2433,"position":2},"title":"Inicio","author":"remediosgraphic","date":"junio 6, 2017","format":false,"excerpt":"\u00a1Se acab\u00f3 la espera!, ya puedes reservar tu entrada para WordCamp San Jos\u00e9 2017 WordCamp San Jos\u00e9 es un evento oficial de WordPress, respaldado por la fundaci\u00f3n WordPress, los eventos se realizan a lo largo del mundo por comunidades locales, exigiendo a estas \u00a0est\u00e1ndares de calidad tanto en el contenido\u2026","rel":"","context":"Entrada similar","block_context":{"text":"Entrada similar","link":""},"img":{"alt_text":"","src":"https:\/\/i0.wp.com\/2017.sanjose.wordcamp.org\/files\/2017\/06\/Charlas-300x273.png?resize=350%2C200&ssl=1","width":350,"height":200},"classes":[]},{"id":13,"url":"https:\/\/sanjose.wordcamp.org\/2017\/tickets\/","url_meta":{"origin":2433,"position":3},"title":"Tickets","author":"elpuas","date":"junio 21, 2017","format":false,"excerpt":"Entradas Costo de la Entrada: $30 Tickets Agotados\/ Sold Out Incluye: Dos d\u00edas de conferencias #WCSJO (S\u00e1bado y Domingo) Alimentaci\u00f3n (almuerzo, caf\u00e9 y snacks) Entrada a la fiesta Wordcamp San Jos\u00e9, Costa Rica 2017 \u00a0Camiseta y regalos promocionales. ( Las camisetas s\u00f3lo se garantizan si el boleto se compra antes\u2026","rel":"","context":"Entrada similar","block_context":{"text":"Entrada similar","link":""},"img":{"alt_text":"","src":"https:\/\/i0.wp.com\/sanjose.wordcamp.org\/2017\/files\/2017\/05\/cropped-cropped-logoWordCampSJ2017.png?fit=512%2C512&resize=350%2C200#038;ssl=1","width":350,"height":200},"classes":[]},{"id":155,"url":"https:\/\/sanjose.wordcamp.org\/2017\/codigo-de-conducta\/","url_meta":{"origin":2433,"position":4},"title":"C\u00f3digo de Conducta","author":"remediosgraphic","date":"junio 11, 2017","format":false,"excerpt":"Prop\u00f3sito WordCamp San Jos\u00e9, Costa Rica cree que nuestra comunidad debe estar abierta para todo el mundo. Como tal, estamos comprometidos a proporcionar un ambiente agradable, seguro y acogedor para todos, independientemente de su sexo, orientaci\u00f3n sexual, discapacidad, etnia, religi\u00f3n, sistema operativo preferido, lenguaje de programaci\u00f3n o editor de texto.\u2026","rel":"","context":"Entrada similar","block_context":{"text":"Entrada similar","link":""},"img":{"alt_text":"","src":"https:\/\/i0.wp.com\/sanjose.wordcamp.org\/2017\/files\/2017\/05\/cropped-cropped-logoWordCampSJ2017.png?fit=512%2C512&resize=350%2C200#038;ssl=1","width":350,"height":200},"classes":[]},{"id":173,"url":"https:\/\/sanjose.wordcamp.org\/2017\/que-hacer-en-un-wordcamp\/","url_meta":{"origin":2433,"position":5},"title":"\u00bfQu\u00e9 hacer en un WordCamp?","author":"remediosgraphic","date":"junio 11, 2017","format":false,"excerpt":"\u00bfQu\u00e9 hacer en un WordCamp? En\u00a0WCSJCR\u00a0podr\u00e1s aprender de los mejores, tendremos grandes speakers (incluso internacionales y developers del core de WordPress) que nos ense\u00f1ar\u00e1n las \u00faltimas novedades de WordPress y proyectos incre\u00edbles que se pueden realizar. En el WordCamp San Jos\u00e9 encontrar\u00e1s: Conocimiento 42 charlas\u00a0 con temas como JavaScript, PHP,\u2026","rel":"","context":"Entrada similar","block_context":{"text":"Entrada similar","link":""},"img":{"alt_text":"","src":"https:\/\/i0.wp.com\/sanjose.wordcamp.org\/2017\/files\/2017\/06\/cielo2.jpg?fit=960%2C720&ssl=1&resize=350%2C200","width":350,"height":200,"srcset":"https:\/\/i0.wp.com\/sanjose.wordcamp.org\/2017\/files\/2017\/06\/cielo2.jpg?fit=960%2C720&ssl=1&resize=350%2C200 1x, https:\/\/i0.wp.com\/sanjose.wordcamp.org\/2017\/files\/2017\/06\/cielo2.jpg?fit=960%2C720&ssl=1&resize=525%2C300 1.5x, https:\/\/i0.wp.com\/sanjose.wordcamp.org\/2017\/files\/2017\/06\/cielo2.jpg?fit=960%2C720&ssl=1&resize=700%2C400 2x"},"classes":[]}],"jetpack_likes_enabled":true,"_links":{"self":[{"href":"https:\/\/sanjose.wordcamp.org\/2017\/wp-json\/wp\/v2\/pages\/2433","targetHints":{"allow":["GET"]}}],"collection":[{"href":"https:\/\/sanjose.wordcamp.org\/2017\/wp-json\/wp\/v2\/pages"}],"about":[{"href":"https:\/\/sanjose.wordcamp.org\/2017\/wp-json\/wp\/v2\/types\/page"}],"author":[{"embeddable":true,"href":"https:\/\/sanjose.wordcamp.org\/2017\/wp-json\/wp\/v2\/users\/15079632"}],"replies":[{"embeddable":true,"href":"https:\/\/sanjose.wordcamp.org\/2017\/wp-json\/wp\/v2\/comments?post=2433"}],"version-history":[{"count":10,"href":"https:\/\/sanjose.wordcamp.org\/2017\/wp-json\/wp\/v2\/pages\/2433\/revisions"}],"predecessor-version":[{"id":2453,"href":"https:\/\/sanjose.wordcamp.org\/2017\/wp-json\/wp\/v2\/pages\/2433\/revisions\/2453"}],"wp:attachment":[{"href":"https:\/\/sanjose.wordcamp.org\/2017\/wp-json\/wp\/v2\/media?parent=2433"}],"curies":[{"name":"wp","href":"https:\/\/api.w.org\/{rel}","templated":true}]}}