{"id":162,"date":"2017-06-11T05:28:37","date_gmt":"2017-06-11T05:28:37","guid":{"rendered":"https:\/\/2017.sanjose.wordcamp.org\/?page_id=162"},"modified":"2017-08-10T14:50:20","modified_gmt":"2017-08-10T14:50:20","slug":"organizadores","status":"publish","type":"page","link":"https:\/\/sanjose.wordcamp.org\/2017\/organizadores\/","title":{"rendered":"Organizadores"},"content":{"rendered":"\t<div class=\"wcorg-organizers\">\n\n\t\t\n\t\t\t<div class=\"wcorg-organizer\">\n\t\t\t\t<h2>Roberto Remedios<\/h2>\n\t\t\t\t<div class=\"wcorg-organizer-description\">\n\t\t\t\t\t\t\t\t\t\t<img alt='' src='https:\/\/secure.gravatar.com\/avatar\/f98513a1df4f806f7a19678341f9bc8a6957f9cb7b2974f509a3e2bd063dc2e7?s=100&#038;d=mm&#038;r=g' srcset='https:\/\/secure.gravatar.com\/avatar\/f98513a1df4f806f7a19678341f9bc8a6957f9cb7b2974f509a3e2bd063dc2e7?s=200&#038;d=mm&#038;r=g 2x' class='avatar avatar-100 photo' height='100' width='100' \/>\t\t\t\t\t<p>UX Designer y Frontend Developer. Siempre buscando aprender y compartir sus conocimientos de WordPress con otros. Colaborador en WordCamp Miami 2016, NYC 2016, Boston 2016 y organizador de WordPress Meetup Costa Rica.<\/p>\n<hr \/>\n<p>UX Designer and Frontend Developer. Always enjoying to learn and share his knowledge about WordPress with others. Volunteer at WordCamp Miami 2016, NYC 2016, Boston 2016 and organizer at WordPress Meetup Costa Rica.<\/p>\n\t\t\t\t<\/div>\n\t\t\t<\/div>\n\n\t\t\n\t\t\t<div class=\"wcorg-organizer\">\n\t\t\t\t<h2>Johanna Alfaro<\/h2>\n\t\t\t\t<div class=\"wcorg-organizer-description\">\n\t\t\t\t\t\t\t\t\t\t<img alt='' src='https:\/\/secure.gravatar.com\/avatar\/7769d7fa82a6d7181c3d3746e64f206ed35ef0561dd681b00a92e5eb431d3e42?s=100&#038;d=mm&#038;r=g' srcset='https:\/\/secure.gravatar.com\/avatar\/7769d7fa82a6d7181c3d3746e64f206ed35ef0561dd681b00a92e5eb431d3e42?s=200&#038;d=mm&#038;r=g 2x' class='avatar avatar-100 photo' height='100' width='100' \/>\t\t\t\t\t<p>Headhunter de profesi\u00f3n y autoproclamada gaticornio. Johanna nos trae m\u00e1s de 10 a\u00f1os de experiencia creando estrategias de branding efectivo, energ\u00eda positiva y habilidades de networker. Recientemente denominada como figura p\u00fablica en LinkedIn con m\u00e1s de 12 000 contactos, sobrepasando el 75% de los usuarios de la red.<\/p>\n<hr \/>\n<p>Professional headhunter, and self -proclaimed caticorn, Johanna has brought us more than 10 years of experience creating effective branding strategies, a great positive energy and networking skills. Recently highlighted as a public figure on LinkedIn, Johanna now has more than 12,000 contacts and growing, surpassing more than 75% of the LinkedIn users.<\/p>\n\t\t\t\t<\/div>\n\t\t\t<\/div>\n\n\t\t\n\t\t\t<div class=\"wcorg-organizer\">\n\t\t\t\t<h2>Alfredo Navas-Fernandini<\/h2>\n\t\t\t\t<div class=\"wcorg-organizer-description\">\n\t\t\t\t\t\t\t\t\t\t<img alt='' src='https:\/\/secure.gravatar.com\/avatar\/da7d307ebfb0adb021f10ce5f9b2c28bbd2d5322250200864fb7cd25470ab4cd?s=100&#038;d=mm&#038;r=g' srcset='https:\/\/secure.gravatar.com\/avatar\/da7d307ebfb0adb021f10ce5f9b2c28bbd2d5322250200864fb7cd25470ab4cd?s=200&#038;d=mm&#038;r=g 2x' class='avatar avatar-100 photo' height='100' width='100' \/>\t\t\t\t\t<p>El Puas es un WordPress Front-End Developer, Full Stack Designer \u00a0y Artista del Comic, apasionado de todo lo que se relacione con desarrollo de nuevas tecnolog\u00edas, se considera un evangelizador de WordPress<\/p>\n<hr \/>\n<p>El Puas is a WordPress Front-End Developer, \u00a0Full Stack Designer &amp; Comics Artist, is passionate about everything that is related to development of new technologies, he consider himself as a WordPress Evangelist.<\/p>\n\t\t\t\t<\/div>\n\t\t\t<\/div>\n\n\t\t\n\t\t\t<div class=\"wcorg-organizer\">\n\t\t\t\t<h2>Lidia Arroyo Vargas<\/h2>\n\t\t\t\t<div class=\"wcorg-organizer-description\">\n\t\t\t\t\t\t\t\t\t\t<img alt='' src='https:\/\/secure.gravatar.com\/avatar\/bfb6e95851da7974d4c50f945adc9fe3be395ea892ccbb70ca91e2bbdac52de0?s=100&#038;d=mm&#038;r=g' srcset='https:\/\/secure.gravatar.com\/avatar\/bfb6e95851da7974d4c50f945adc9fe3be395ea892ccbb70ca91e2bbdac52de0?s=200&#038;d=mm&#038;r=g 2x' class='avatar avatar-100 photo' height='100' width='100' \/>\t\t\t\t\t<p>Ingeniera en Inform\u00e1tica, actualmente trabaja como administradora de servidores y mantenimiento de sitios en WordPress. Trabaja en la comunidad del Guarco impartiendo lecciones de inform\u00e1tica a personas de la tercera edad, le encanta aprender todo sobre WordPress y compartir sus conocimiento. 100% identificada con el movimiento Open Source.<\/p>\n<p><span id=\"result_box\" class=\"\" lang=\"en\">Computer Engineer, currently works as server administrator and site maintenance on WordPress. He works in the community of Guarco teaching computer lessons to seniors, loves to learn everything about WordPress and share their knowledge. <span class=\"\">100% identified with the Open Source movement.<\/span><\/span><\/p>\n\t\t\t\t<\/div>\n\t\t\t<\/div>\n\n\t\t\n\t\t\t<div class=\"wcorg-organizer\">\n\t\t\t\t<h2>Rommel Castro<\/h2>\n\t\t\t\t<div class=\"wcorg-organizer-description\">\n\t\t\t\t\t\t\t\t\t\t<img alt='' src='https:\/\/secure.gravatar.com\/avatar\/3c0ad87ba1419b167d2f1f47b701112f249ca455c6f8e8510212c91effed8ada?s=100&#038;d=mm&#038;r=g' srcset='https:\/\/secure.gravatar.com\/avatar\/3c0ad87ba1419b167d2f1f47b701112f249ca455c6f8e8510212c91effed8ada?s=200&#038;d=mm&#038;r=g 2x' class='avatar avatar-100 photo' height='100' width='100' \/>\t\t\t\t\t<p>Web Engineer at 10up.com Ha estado enamorado de WordPress desde la versi\u00f3n 2.7. Comenz\u00f3 el grupo local de WordPress en Costa Rica y tambi\u00e9n es activo en los foros de ayuda.<\/p>\n<hr>\n<p>Web Engineer at 10up.com He\u2019s been in love with WordPress since version 2.7, he loves building solutions based on WordPress. He started a local WordPress group in Costa Rica and it\u2019s also active on forums helping people with their issues.<\/p>\n\t\t\t\t<\/div>\n\t\t\t<\/div>\n\n\t\t\n\t\t\t<div class=\"wcorg-organizer\">\n\t\t\t\t<h2>Ericka Barboza<\/h2>\n\t\t\t\t<div class=\"wcorg-organizer-description\">\n\t\t\t\t\t\t\t\t\t\t<img alt='' src='https:\/\/secure.gravatar.com\/avatar\/f1adb1f79d160d1c3a7107159719d0e442202ee8efe7217aed6e27d7457b0dc9?s=100&#038;d=mm&#038;r=g' srcset='https:\/\/secure.gravatar.com\/avatar\/f1adb1f79d160d1c3a7107159719d0e442202ee8efe7217aed6e27d7457b0dc9?s=200&#038;d=mm&#038;r=g 2x' class='avatar avatar-100 photo' height='100' width='100' \/>\t\t\t\t\t<p>Ingeniera en Computaci\u00f3n e Inform\u00e1tica de la Universidad de Costa Rica. Actualmente, trabaja de forma independiente como Desarrolladora Web y es estudiante de tesis de Licenciatura en Desarrollo de Aplicaciones Web. Fan de WordPress y otros CMS. Colaboradora en eventos que involucran el conocimiento en temas de tecnolog\u00eda.  Apasionada por el aprendizaje constante del mundo web. <\/p>\n<hr>\n<p>Computer and Informatics Engineer at the University of Costa Rica. Currently, she works as a freelance Web Developer and she&#8217;s student of the thesis in Web Application Development.<br \/>\nWordpress Fan and other CMS. Collaborator in events that involve the knowledge in subjects of technology. Passionate about the constant learning of the web world.<\/p>\n\t\t\t\t<\/div>\n\t\t\t<\/div>\n\n\t\t\n\t\t\t<div class=\"wcorg-organizer\">\n\t\t\t\t<h2>Gian Carlos Villalobos<\/h2>\n\t\t\t\t<div class=\"wcorg-organizer-description\">\n\t\t\t\t\t\t\t\t\t\t<img alt='' src='https:\/\/secure.gravatar.com\/avatar\/44a4916c41e691e36c2d860e97eabc9951d58551c0d14b5331e2374492b0a795?s=100&#038;d=mm&#038;r=g' srcset='https:\/\/secure.gravatar.com\/avatar\/44a4916c41e691e36c2d860e97eabc9951d58551c0d14b5331e2374492b0a795?s=200&#038;d=mm&#038;r=g 2x' class='avatar avatar-100 photo' height='100' width='100' \/>\t\t\t\t\t<p>Ingeniero en Sistemas actualmente trabajo en una empresa de log\u00edstica. Emprendedor, Mentor de Pymes, LDS, experto WMS, Implementador de CRM. Me apasiona la tecnolog\u00eda,Wordpress, las comunidades de Open Source, Arduino, loT.<\/p>\n<hr \/>\n<p>Systems Engineer currently working in a logistics company. Entrepreneur, PYMES Mentor, LDS, WMS Expert, CRM Implementer. I am passionate about technology, WordPress, Open Source communities, Arduino, loT.<\/p>\n\t\t\t\t<\/div>\n\t\t\t<\/div>\n\n\t\t\n\t\t\t<div class=\"wcorg-organizer\">\n\t\t\t\t<h2>Jos\u00e9 A Neira<\/h2>\n\t\t\t\t<div class=\"wcorg-organizer-description\">\n\t\t\t\t\t\t\t\t\t\t<img alt='' src='https:\/\/secure.gravatar.com\/avatar\/eb0759883dd7e3cfe42fab98b8f2438e60c2658d1fec8b78d94983ebb22a25ca?s=100&#038;d=mm&#038;r=g' srcset='https:\/\/secure.gravatar.com\/avatar\/eb0759883dd7e3cfe42fab98b8f2438e60c2658d1fec8b78d94983ebb22a25ca?s=200&#038;d=mm&#038;r=g 2x' class='avatar avatar-100 photo' height='100' width='100' \/>\t\t\t\t\t<p>Jos\u00e9 Neira es Ingeniero en Inform\u00e1tica, empresario, desarrollador web y consultor de Marketing online con \u00e9nfasis en SEO y WordPress. Es chileno y vive en Costa Rica desde hace 11 a\u00f1os, en los cuales se ha desempe\u00f1ado como Desarrollador Web, Dise\u00f1ador Gr\u00e1fico, Consultor de Marketing Online y SEO. Ha desarrollado muchas campa\u00f1as de marketing en Google Adwords, Social Media y Publicidad online en Chile y Costa Rica.<\/p>\n\t\t\t\t<\/div>\n\t\t\t<\/div>\n\n\t\t\n\t\t\t<div class=\"wcorg-organizer\">\n\t\t\t\t<h2>Krysia Castillo<\/h2>\n\t\t\t\t<div class=\"wcorg-organizer-description\">\n\t\t\t\t\t\t\t\t\t\t<img alt='' src='https:\/\/secure.gravatar.com\/avatar\/c144cca8a425a41d7033413204faaa0f18fc96d6e24fb3ab37be95680af869e2?s=100&#038;d=mm&#038;r=g' srcset='https:\/\/secure.gravatar.com\/avatar\/c144cca8a425a41d7033413204faaa0f18fc96d6e24fb3ab37be95680af869e2?s=200&#038;d=mm&#038;r=g 2x' class='avatar avatar-100 photo' height='100' width='100' \/>\t\t\t\t\t<p>Dise\u00f1adora Publicitaria, community manager y emprendedora. Siempre interesada en aprender diferentes t\u00e9cnicas y software CMS como el WordPress. Me encanta participar en los meetup y ayudar a la comunidad WordPress colaborando en el WordCamp Costa Rica.<\/p>\n<hr \/>\n<p>Graphic designer, community manager and entrepreneur. Always interested in learning different techniques and CMS software like WordPress. I love to be involve in meetup and helping the WordPress community by colaborating in the WordCamp Costa Rica.<\/p>\n\t\t\t\t<\/div>\n\t\t\t<\/div>\n\n\t\t\n\t<\/div><!-- .wcorg-organizers -->\n\t\n<div class=\"clear\"><\/div>\n","protected":false},"excerpt":{"rendered":"","protected":false},"author":319559,"featured_media":0,"parent":0,"menu_order":0,"comment_status":"closed","ping_status":"closed","template":"","meta":{"_crdt_document":"","jetpack_post_was_ever_published":false,"footnotes":""},"class_list":["post-162","page","type-page","status-publish","hentry"],"jetpack_sharing_enabled":true,"jetpack_shortlink":"https:\/\/wp.me\/P8zBjl-2C","jetpack-related-posts":[{"id":9,"url":"https:\/\/sanjose.wordcamp.org\/2017\/sessions\/","url_meta":{"origin":162,"position":0},"title":"Sessions","author":"elpuas","date":"marzo 31, 2017","format":false,"excerpt":"","rel":"","context":"Entrada similar","block_context":{"text":"Entrada similar","link":""},"img":{"alt_text":"","src":"https:\/\/i0.wp.com\/sanjose.wordcamp.org\/2017\/files\/2017\/05\/cropped-cropped-logoWordCampSJ2017.png?fit=512%2C512&resize=350%2C200#038;ssl=1","width":350,"height":200},"classes":[]},{"id":8,"url":"https:\/\/sanjose.wordcamp.org\/2017\/speakers\/","url_meta":{"origin":162,"position":1},"title":"Speakers","author":"elpuas","date":"marzo 31, 2017","format":false,"excerpt":"","rel":"","context":"Entrada similar","block_context":{"text":"Entrada similar","link":""},"img":{"alt_text":"","src":"https:\/\/i0.wp.com\/sanjose.wordcamp.org\/2017\/files\/2017\/05\/cropped-cropped-logoWordCampSJ2017.png?fit=512%2C512&resize=350%2C200#038;ssl=1","width":350,"height":200},"classes":[]},{"id":155,"url":"https:\/\/sanjose.wordcamp.org\/2017\/codigo-de-conducta\/","url_meta":{"origin":162,"position":2},"title":"C\u00f3digo de Conducta","author":"remediosgraphic","date":"junio 11, 2017","format":false,"excerpt":"Prop\u00f3sito WordCamp San Jos\u00e9, Costa Rica cree que nuestra comunidad debe estar abierta para todo el mundo. Como tal, estamos comprometidos a proporcionar un ambiente agradable, seguro y acogedor para todos, independientemente de su sexo, orientaci\u00f3n sexual, discapacidad, etnia, religi\u00f3n, sistema operativo preferido, lenguaje de programaci\u00f3n o editor de texto.\u2026","rel":"","context":"Entrada similar","block_context":{"text":"Entrada similar","link":""},"img":{"alt_text":"","src":"https:\/\/i0.wp.com\/sanjose.wordcamp.org\/2017\/files\/2017\/05\/cropped-cropped-logoWordCampSJ2017.png?fit=512%2C512&resize=350%2C200#038;ssl=1","width":350,"height":200},"classes":[]},{"id":18,"url":"https:\/\/sanjose.wordcamp.org\/2017\/social-media-stream\/","url_meta":{"origin":162,"position":3},"title":"Social Media Stream","author":"elpuas","date":"marzo 31, 2017","format":false,"excerpt":"Organizers note: The [tagregator] shortcode will pull in a stream of social media posts and display them. In order to use it, you'll need to follow the setup instructions at http:\/\/wordpress.org\/plugins\/tagregator\/installation, and then update \"#wcxyz\" below with your hashtag.","rel":"","context":"Entrada similar","block_context":{"text":"Entrada similar","link":""},"img":{"alt_text":"","src":"https:\/\/i0.wp.com\/sanjose.wordcamp.org\/2017\/files\/2017\/05\/cropped-cropped-logoWordCampSJ2017.png?fit=512%2C512&resize=350%2C200#038;ssl=1","width":350,"height":200},"classes":[]},{"id":2026,"url":"https:\/\/sanjose.wordcamp.org\/2017\/organizadores\/voluntarios\/","url_meta":{"origin":162,"position":4},"title":"Voluntarios","author":"remediosgraphic","date":"agosto 15, 2017","format":false,"excerpt":"","rel":"","context":"Entrada similar","block_context":{"text":"Entrada similar","link":""},"img":{"alt_text":"","src":"https:\/\/i0.wp.com\/sanjose.wordcamp.org\/2017\/files\/2017\/05\/cropped-cropped-logoWordCampSJ2017.png?fit=512%2C512&resize=350%2C200#038;ssl=1","width":350,"height":200},"classes":[]},{"id":133,"url":"https:\/\/sanjose.wordcamp.org\/2017\/llamado-a-speakers\/","url_meta":{"origin":162,"position":5},"title":"Llamado a Speakers","author":"elpuas","date":"junio 11, 2017","format":false,"excerpt":"El a\u00f1o 2016 tuvimos nuestro primer WordCamp en Costa Rica, realizado en San Jos\u00e9, el cual fue todo un \u00e9xito y este a\u00f1o vamos por mucho m\u00e1s.\u00a0Queremos que sea un evento memorable y que seas parte de nuestra legendaria lista de expositores. Nos reuniremos el pr\u00f3ximo 2 y 3 de\u2026","rel":"","context":"Entrada similar","block_context":{"text":"Entrada similar","link":""},"img":{"alt_text":"","src":"https:\/\/i0.wp.com\/sanjose.wordcamp.org\/2017\/files\/2017\/05\/cropped-cropped-logoWordCampSJ2017.png?fit=512%2C512&resize=350%2C200#038;ssl=1","width":350,"height":200},"classes":[]}],"jetpack_likes_enabled":true,"_links":{"self":[{"href":"https:\/\/sanjose.wordcamp.org\/2017\/wp-json\/wp\/v2\/pages\/162","targetHints":{"allow":["GET"]}}],"collection":[{"href":"https:\/\/sanjose.wordcamp.org\/2017\/wp-json\/wp\/v2\/pages"}],"about":[{"href":"https:\/\/sanjose.wordcamp.org\/2017\/wp-json\/wp\/v2\/types\/page"}],"author":[{"embeddable":true,"href":"https:\/\/sanjose.wordcamp.org\/2017\/wp-json\/wp\/v2\/users\/319559"}],"replies":[{"embeddable":true,"href":"https:\/\/sanjose.wordcamp.org\/2017\/wp-json\/wp\/v2\/comments?post=162"}],"version-history":[{"count":2,"href":"https:\/\/sanjose.wordcamp.org\/2017\/wp-json\/wp\/v2\/pages\/162\/revisions"}],"predecessor-version":[{"id":1811,"href":"https:\/\/sanjose.wordcamp.org\/2017\/wp-json\/wp\/v2\/pages\/162\/revisions\/1811"}],"wp:attachment":[{"href":"https:\/\/sanjose.wordcamp.org\/2017\/wp-json\/wp\/v2\/media?parent=162"}],"curies":[{"name":"wp","href":"https:\/\/api.w.org\/{rel}","templated":true}]}}