{"id":13,"date":"2017-06-21T14:04:26","date_gmt":"2017-06-21T14:04:26","guid":{"rendered":"https:\/\/2017.sanjose.wordcamp.org\/?page_id=13"},"modified":"2018-02-13T21:51:26","modified_gmt":"2018-02-13T21:51:26","slug":"tickets","status":"publish","type":"page","link":"https:\/\/sanjose.wordcamp.org\/2017\/tickets\/","title":{"rendered":"Tickets"},"content":{"rendered":"<h4>Entradas<\/h4>\n<p>Costo de la Entrada: $30<\/p>\n<h2 style=\"color:orange\">Tickets Agotados\/ Sold Out<\/h2>\n<p>Incluye:<\/p>\n<ul>\n<li>Dos d\u00edas de conferencias #WCSJO (S\u00e1bado y Domingo)<\/li>\n<li>Alimentaci\u00f3n (almuerzo, caf\u00e9 y snacks)<\/li>\n<li>Entrada a la fiesta Wordcamp San Jos\u00e9, Costa Rica 2017<\/li>\n<li>\u00a0Camiseta y regalos promocionales. ( Las camisetas s\u00f3lo se garantizan si el boleto se compra antes del 15 de agosto de 2017.)<\/li>\n<\/ul>\n<h4>Tickets<\/h4>\n<p>Entry Fee: $ 30<\/p>\n<p>It includes:<\/p>\n<ul>\n<li>Admission to WordCamp #WCSJO Saturday and Sunday<\/li>\n<li>It also includes the after party on Saturday evening, lunch on Sunday, and great swag from WordCamp San Jos\u00e9, Costa Rica 2017 and our sponsors.<\/li>\n<li>T-shirts only guaranteed if ticket purchased by August \u00a015, 2017.<\/li>\n<\/ul>\n<h3>Compra tu entrada Al WordCamp San Jose Costa Rica 2017<\/h3>\n<hr \/>\n<h2 style=\"color:orange\">Tickets Agotados\/ Sold Out<\/h2>\n<p><small>Para prop\u00f3sitos de construcci\u00f3n comunitaria y promoci\u00f3n, habr\u00e1 fot\u00f3grafos voluntarios y \/ o profesionales y camar\u00f3grafos en el evento de WordCamp San Jose 2017. Al asistir al evento, usted acepta que su imagen se utilice en las fotos o videos resultantes que puedan mostrar su participaci\u00f3n en el WordCamp San Jose 2017.<\/small><\/p>\n<p>&nbsp;<br \/>\n <a href=\"https:\/\/sanjose.wordcamp.org\/2017\/tickets\/\">Por favor, ve esta p\u00e1gina en un navegador para hacer una compra o gestionar entradas.<\/a><\/p>\n","protected":false},"excerpt":{"rendered":"<p>Entradas Costo de la Entrada: $30 Tickets Agotados\/ Sold Out Incluye: Dos d\u00edas de conferencias #WCSJO (S\u00e1bado y Domingo) Alimentaci\u00f3n (almuerzo, caf\u00e9 y snacks) Entrada a la fiesta Wordcamp San Jos\u00e9, Costa Rica 2017 \u00a0Camiseta y regalos promocionales. ( Las camisetas s\u00f3lo se garantizan si el boleto se compra antes del 15 de agosto de &hellip; <\/p>\n<p class=\"link-more\"><a href=\"https:\/\/sanjose.wordcamp.org\/2017\/tickets\/\" class=\"more-link\">Continuar leyendo<span class=\"screen-reader-text\"> \u00abTickets\u00bb<\/span><\/a><\/p>\n","protected":false},"author":7579285,"featured_media":0,"parent":0,"menu_order":0,"comment_status":"closed","ping_status":"closed","template":"","meta":{"_crdt_document":"","jetpack_post_was_ever_published":false,"footnotes":""},"class_list":["post-13","page","type-page","status-publish","hentry"],"jetpack_sharing_enabled":true,"jetpack_shortlink":"https:\/\/wp.me\/P8zBjl-d","jetpack-related-posts":[{"id":155,"url":"https:\/\/sanjose.wordcamp.org\/2017\/codigo-de-conducta\/","url_meta":{"origin":13,"position":0},"title":"C\u00f3digo de Conducta","author":"remediosgraphic","date":"junio 11, 2017","format":false,"excerpt":"Prop\u00f3sito WordCamp San Jos\u00e9, Costa Rica cree que nuestra comunidad debe estar abierta para todo el mundo. Como tal, estamos comprometidos a proporcionar un ambiente agradable, seguro y acogedor para todos, independientemente de su sexo, orientaci\u00f3n sexual, discapacidad, etnia, religi\u00f3n, sistema operativo preferido, lenguaje de programaci\u00f3n o editor de texto.\u2026","rel":"","context":"Entrada similar","block_context":{"text":"Entrada similar","link":""},"img":{"alt_text":"","src":"https:\/\/i0.wp.com\/sanjose.wordcamp.org\/2017\/files\/2017\/05\/cropped-cropped-logoWordCampSJ2017.png?fit=512%2C512&resize=350%2C200#038;ssl=1","width":350,"height":200},"classes":[]},{"id":90,"url":"https:\/\/sanjose.wordcamp.org\/2017\/","url_meta":{"origin":13,"position":1},"title":"Inicio","author":"remediosgraphic","date":"junio 6, 2017","format":false,"excerpt":"\u00a1Se acab\u00f3 la espera!, ya puedes reservar tu entrada para WordCamp San Jos\u00e9 2017 WordCamp San Jos\u00e9 es un evento oficial de WordPress, respaldado por la fundaci\u00f3n WordPress, los eventos se realizan a lo largo del mundo por comunidades locales, exigiendo a estas \u00a0est\u00e1ndares de calidad tanto en el contenido\u2026","rel":"","context":"Entrada similar","block_context":{"text":"Entrada similar","link":""},"img":{"alt_text":"","src":"https:\/\/i0.wp.com\/2017.sanjose.wordcamp.org\/files\/2017\/06\/Charlas-300x273.png?resize=350%2C200&ssl=1","width":350,"height":200},"classes":[]},{"id":14,"url":"https:\/\/sanjose.wordcamp.org\/2017\/tickets\/attendees\/","url_meta":{"origin":13,"position":2},"title":"Asistentes","author":"elpuas","date":"junio 11, 2017","format":false,"excerpt":"","rel":"","context":"Entrada similar","block_context":{"text":"Entrada similar","link":""},"img":{"alt_text":"","src":"https:\/\/i0.wp.com\/sanjose.wordcamp.org\/2017\/files\/2017\/05\/cropped-cropped-logoWordCampSJ2017.png?fit=512%2C512&resize=350%2C200#038;ssl=1","width":350,"height":200},"classes":[]},{"id":2433,"url":"https:\/\/sanjose.wordcamp.org\/2017\/como-llegar-al-wordcamp-san-jose-2017\/","url_meta":{"origin":13,"position":3},"title":"\u00bfC\u00f3mo llegar al Wordcamp San Jos\u00e9 2017?","author":"Lidia Arroyo Vargas","date":"agosto 30, 2017","format":false,"excerpt":"WordCamp San Jos\u00e9 2017 se celebrar\u00e1 en el edificio C de\u00a0 la Universidad Latina, a continuaci\u00f3n tienes toda la informaci\u00f3n de su localizaci\u00f3n y c\u00f3mo llegar. Direcci\u00f3n: 100 mts norte de Mu\u00f1oz y Nanne en Lourdes Montes de Oca San Pedro, San Jose, Costa Rica C\u00f3mo llegar: Autobus: Santa Marta\/San\u2026","rel":"","context":"Entrada similar","block_context":{"text":"Entrada similar","link":""},"img":{"alt_text":"","src":"https:\/\/i0.wp.com\/2017.sanjose.wordcamp.org\/files\/2017\/08\/Imagen-1-1024x588.png?resize=350%2C200&ssl=1","width":350,"height":200,"srcset":"https:\/\/i0.wp.com\/2017.sanjose.wordcamp.org\/files\/2017\/08\/Imagen-1-1024x588.png?resize=350%2C200&ssl=1 1x, https:\/\/i0.wp.com\/2017.sanjose.wordcamp.org\/files\/2017\/08\/Imagen-1-1024x588.png?resize=525%2C300&ssl=1 1.5x, https:\/\/i0.wp.com\/2017.sanjose.wordcamp.org\/files\/2017\/08\/Imagen-1-1024x588.png?resize=700%2C400&ssl=1 2x"},"classes":[]},{"id":133,"url":"https:\/\/sanjose.wordcamp.org\/2017\/llamado-a-speakers\/","url_meta":{"origin":13,"position":4},"title":"Llamado a Speakers","author":"elpuas","date":"junio 11, 2017","format":false,"excerpt":"El a\u00f1o 2016 tuvimos nuestro primer WordCamp en Costa Rica, realizado en San Jos\u00e9, el cual fue todo un \u00e9xito y este a\u00f1o vamos por mucho m\u00e1s.\u00a0Queremos que sea un evento memorable y que seas parte de nuestra legendaria lista de expositores. Nos reuniremos el pr\u00f3ximo 2 y 3 de\u2026","rel":"","context":"Entrada similar","block_context":{"text":"Entrada similar","link":""},"img":{"alt_text":"","src":"https:\/\/i0.wp.com\/sanjose.wordcamp.org\/2017\/files\/2017\/05\/cropped-cropped-logoWordCampSJ2017.png?fit=512%2C512&resize=350%2C200#038;ssl=1","width":350,"height":200},"classes":[]},{"id":2103,"url":"https:\/\/sanjose.wordcamp.org\/2017\/late-access\/","url_meta":{"origin":13,"position":5},"title":"Late Access","author":"elpuas","date":"agosto 17, 2017","format":false,"excerpt":"Entrada Late Access Costo de la Entrada: $15 Incluye: Dos d\u00edas de conferencias #WCSJO (S\u00e1bado y Domingo) No Incluye Almuerzo No Incluye Camiseta del evento","rel":"","context":"Entrada similar","block_context":{"text":"Entrada similar","link":""},"img":{"alt_text":"","src":"https:\/\/i0.wp.com\/sanjose.wordcamp.org\/2017\/files\/2017\/05\/cropped-cropped-logoWordCampSJ2017.png?fit=512%2C512&resize=350%2C200#038;ssl=1","width":350,"height":200},"classes":[]}],"jetpack_likes_enabled":true,"_links":{"self":[{"href":"https:\/\/sanjose.wordcamp.org\/2017\/wp-json\/wp\/v2\/pages\/13","targetHints":{"allow":["GET"]}}],"collection":[{"href":"https:\/\/sanjose.wordcamp.org\/2017\/wp-json\/wp\/v2\/pages"}],"about":[{"href":"https:\/\/sanjose.wordcamp.org\/2017\/wp-json\/wp\/v2\/types\/page"}],"author":[{"embeddable":true,"href":"https:\/\/sanjose.wordcamp.org\/2017\/wp-json\/wp\/v2\/users\/7579285"}],"replies":[{"embeddable":true,"href":"https:\/\/sanjose.wordcamp.org\/2017\/wp-json\/wp\/v2\/comments?post=13"}],"version-history":[{"count":18,"href":"https:\/\/sanjose.wordcamp.org\/2017\/wp-json\/wp\/v2\/pages\/13\/revisions"}],"predecessor-version":[{"id":2527,"href":"https:\/\/sanjose.wordcamp.org\/2017\/wp-json\/wp\/v2\/pages\/13\/revisions\/2527"}],"wp:attachment":[{"href":"https:\/\/sanjose.wordcamp.org\/2017\/wp-json\/wp\/v2\/media?parent=13"}],"curies":[{"name":"wp","href":"https:\/\/api.w.org\/{rel}","templated":true}]}}