{"id":295,"date":"2016-08-30T12:27:43","date_gmt":"2016-08-30T12:27:43","guid":{"rendered":"http:\/\/2016.sanjose.wordcamp.org\/?page_id=295"},"modified":"2016-10-08T17:00:02","modified_gmt":"2016-10-08T17:00:02","slug":"organizadores","status":"publish","type":"page","link":"https:\/\/sanjose.wordcamp.org\/2016\/contactenos\/organizadores\/","title":{"rendered":"Organizadores"},"content":{"rendered":"\t<div class=\"wcorg-organizers\">\n\n\t\t\n\t\t\t<div class=\"wcorg-organizer\">\n\t\t\t\t<h2>Mario Quir\u00f3s<\/h2>\n\t\t\t\t<div class=\"wcorg-organizer-description\">\n\t\t\t\t\t\t\t\t\t\t<img alt='' src='https:\/\/secure.gravatar.com\/avatar\/a002e94c0c5b1b7ade6bbc46fe2f16b97cc46ea4f54510fbb1c90466995a18d3?s=100&#038;d=mm&#038;r=g' srcset='https:\/\/secure.gravatar.com\/avatar\/a002e94c0c5b1b7ade6bbc46fe2f16b97cc46ea4f54510fbb1c90466995a18d3?s=200&#038;d=mm&#038;r=g 2x' class='avatar avatar-100 photo' height='100' width='100' \/>\t\t\t\t\t<div class=\"entry-content\">\n<p>Trabaja como desarrollador en tecnolog\u00eda web, actualmente en vive en Costa Rica y trabaja para algunas empresas internacionales como freelance. Apasionado por la plataforma WordPress y trabajando en comunidades activas para esparcir el conocimiento.<\/p>\n<hr \/>\n<p>Working as a developer in web technology, currently live and work in Costa Rica for some international companies as a freelance. Fascinated by WordPress platform and working in active communities to spread the knowledge.<\/p>\n<\/div>\n\t\t\t\t<\/div>\n\t\t\t<\/div>\n\n\t\t\n\t\t\t<div class=\"wcorg-organizer\">\n\t\t\t\t<h2>Sharon Garcia Cavallini<\/h2>\n\t\t\t\t<div class=\"wcorg-organizer-description\">\n\t\t\t\t\t\t\t\t\t\t<img alt='' src='https:\/\/secure.gravatar.com\/avatar\/bd95acb3b24156ae91b3bdbe0f4c118fe11c46259b114415ff31127924b8982b?s=100&#038;d=mm&#038;r=g' srcset='https:\/\/secure.gravatar.com\/avatar\/bd95acb3b24156ae91b3bdbe0f4c118fe11c46259b114415ff31127924b8982b?s=200&#038;d=mm&#038;r=g 2x' class='avatar avatar-100 photo' height='100' width='100' \/>\t\t\t\t\t<div class=\"entry-content\">\n<p>Comunicadora y actriz. Parte del equipo de la Unidad de Migraci\u00f3n a Software Libre en la Universidad de Costa Rica, gestora de charlas de tecnolog\u00eda y creativa. Le interesa la tecnolog\u00eda como herramienta que mejore la brecha educativa y social.<\/p>\n<hr>\n<p>Journalist and actress. Part of the team Unit Migration to Free Software at the University of Costa Rica, manager of technology and creative talks. Interested technology as a tool to improve the educational and social divide.<\/p>\n<\/div>\n\t\t\t\t<\/div>\n\t\t\t<\/div>\n\n\t\t\n\t\t\t<div class=\"wcorg-organizer\">\n\t\t\t\t<h2>Rocio Valdivia<\/h2>\n\t\t\t\t<div class=\"wcorg-organizer-description\">\n\t\t\t\t\t\t\t\t\t\t<img alt='' src='https:\/\/secure.gravatar.com\/avatar\/17e3cbd63c4ddcf873d1848277de062a48239d962359ecaf1978e966429f5b6f?s=100&#038;d=mm&#038;r=g' srcset='https:\/\/secure.gravatar.com\/avatar\/17e3cbd63c4ddcf873d1848277de062a48239d962359ecaf1978e966429f5b6f?s=200&#038;d=mm&#038;r=g 2x' class='avatar avatar-100 photo' height='100' width='100' \/>\t\t\t\t\t<div class=\"entry-content\">\n<p>Nuestra mentora desde WordCamp Central. Community Wrangler @ Automattic, Desarrolladora espa\u00f1ola de WordPress y BuddyPress.<br \/>\nEl Futuro es cooperaci\u00f3n, no competencia.<\/p>\n<hr>\n<p>Our mentor from WordCamp Central. Community Wrangler @ Automattic. Spanish WordPress and Buddypress developer.<br \/>\nFuture is cooperation, not competition<\/p>\n<\/div>\n\t\t\t\t<\/div>\n\t\t\t<\/div>\n\n\t\t\n\t\t\t<div class=\"wcorg-organizer\">\n\t\t\t\t<h2>Linda Torres<\/h2>\n\t\t\t\t<div class=\"wcorg-organizer-description\">\n\t\t\t\t\t\t\t\t\t\t<img alt='' src='https:\/\/secure.gravatar.com\/avatar\/7dc1493040d90b728173396985630d0c1d2536a3b71f0a965c6845d8896c0b68?s=100&#038;d=mm&#038;r=g' srcset='https:\/\/secure.gravatar.com\/avatar\/7dc1493040d90b728173396985630d0c1d2536a3b71f0a965c6845d8896c0b68?s=200&#038;d=mm&#038;r=g 2x' class='avatar avatar-100 photo' height='100' width='100' \/>\t\t\t\t\t<div class=\"entry-content\">\n<p>Linda es profesional en Periodismo y Relaciones P\u00fablicas, actualmente estudia una Maestr\u00eda en Comunicaci\u00f3n Corporativa, adem\u00e1s de programaci\u00f3n web, ha participado en la organizaci\u00f3n de m\u00e1s de 300 actividades enfocadas principalmente a la comunicaci\u00f3n y la tecnolog\u00eda.<\/p>\n<hr \/>\n<p>Linda is professional in Journalism and Public Relations, currently studying a Masters in Corporate Communication, in addition to web programming, has participated in the organization of more than 300 activities focused mainly on communication and technology.<\/p>\n<\/div>\n\t\t\t\t<\/div>\n\t\t\t<\/div>\n\n\t\t\n\t\t\t<div class=\"wcorg-organizer\">\n\t\t\t\t<h2>Johanna Alfaro<\/h2>\n\t\t\t\t<div class=\"wcorg-organizer-description\">\n\t\t\t\t\t\t\t\t\t\t<img alt='' src='https:\/\/secure.gravatar.com\/avatar\/7769d7fa82a6d7181c3d3746e64f206ed35ef0561dd681b00a92e5eb431d3e42?s=100&#038;d=mm&#038;r=g' srcset='https:\/\/secure.gravatar.com\/avatar\/7769d7fa82a6d7181c3d3746e64f206ed35ef0561dd681b00a92e5eb431d3e42?s=200&#038;d=mm&#038;r=g 2x' class='avatar avatar-100 photo' height='100' width='100' \/>\t\t\t\t\t<p>Headhunter de profesi\u00f3n y autoproclamada gaticornio. Johanna nos trae m\u00e1s de 10 a\u00f1os de experiencia creando estrategias de branding efectivo, energ\u00eda positiva y habilidades de networker. Recientemente denominada como figura p\u00fablica en LinkedIn con m\u00e1s de 12 000 contactos, sobrepasando el 75% de los usuarios de la red.<\/p>\n<hr \/>\n<p>Professional headhunter, and self -proclaimed caticorn, Johanna has brought us more than 10 years of experience creating effective branding strategies, a great positive energy and networking skills. Recently highlighted as a public figure on LinkedIn, Johanna now has more than 12,000 contacts and growing, surpassing more than 75% of the LinkedIn users.<\/p>\n\t\t\t\t<\/div>\n\t\t\t<\/div>\n\n\t\t\n\t\t\t<div class=\"wcorg-organizer\">\n\t\t\t\t<h2>Roberto Remedios<\/h2>\n\t\t\t\t<div class=\"wcorg-organizer-description\">\n\t\t\t\t\t\t\t\t\t\t<img alt='' src='https:\/\/secure.gravatar.com\/avatar\/f98513a1df4f806f7a19678341f9bc8a6957f9cb7b2974f509a3e2bd063dc2e7?s=100&#038;d=mm&#038;r=g' srcset='https:\/\/secure.gravatar.com\/avatar\/f98513a1df4f806f7a19678341f9bc8a6957f9cb7b2974f509a3e2bd063dc2e7?s=200&#038;d=mm&#038;r=g 2x' class='avatar avatar-100 photo' height='100' width='100' \/>\t\t\t\t\t<div class=\"entry-content\">\n<p>UX Designer y Frontend Developer. Siempre buscando aprender y compartir sus conocimientos de WordPress con otros. Colaborador en WordCamp Miami 2016, NYC 2016, Boston 2016 y organizador de WordPress Meetup Costa Rica.<\/p>\n<hr \/>\n<p>UX Designer and Frontend Developer. Always enjoying to learn and share his knowledge about WordPress with others. Volunteer at WordCamp Miami 2016, NYC 2016, Boston 2016 and organizer at WordPress Meetup Costa Rica.<\/p>\n<\/div>\n\t\t\t\t<\/div>\n\t\t\t<\/div>\n\n\t\t\n\t\t\t<div class=\"wcorg-organizer\">\n\t\t\t\t<h2>Alfredo Navas<\/h2>\n\t\t\t\t<div class=\"wcorg-organizer-description\">\n\t\t\t\t\t\t\t\t\t\t<img alt='' src='https:\/\/secure.gravatar.com\/avatar\/da7d307ebfb0adb021f10ce5f9b2c28bbd2d5322250200864fb7cd25470ab4cd?s=100&#038;d=mm&#038;r=g' srcset='https:\/\/secure.gravatar.com\/avatar\/da7d307ebfb0adb021f10ce5f9b2c28bbd2d5322250200864fb7cd25470ab4cd?s=200&#038;d=mm&#038;r=g 2x' class='avatar avatar-100 photo' height='100' width='100' \/>\t\t\t\t\t<p>Front-end Developer, Designer &amp; Comics Artist, le encanta WordPress, nacido en Per\u00fa de madre Italiana, lleg\u00f3 a Costa Rica en 1986, se dedica al dise\u00f1o y desarrollo web desde 1998.<\/p>\n<hr \/>\n<p>Front -end Developer, Designer &amp; Comics Artist , He love WordPress, born in Peru of Italian mother , arrives Costa Rica in 1986 He work as a designer and web developer since 1998.<\/p>\n\t\t\t\t<\/div>\n\t\t\t<\/div>\n\n\t\t\n\t\t\t<div class=\"wcorg-organizer\">\n\t\t\t\t<h2>Ericka Barboza<\/h2>\n\t\t\t\t<div class=\"wcorg-organizer-description\">\n\t\t\t\t\t\t\t\t\t\t<img alt='' src='https:\/\/secure.gravatar.com\/avatar\/f1adb1f79d160d1c3a7107159719d0e442202ee8efe7217aed6e27d7457b0dc9?s=100&#038;d=mm&#038;r=g' srcset='https:\/\/secure.gravatar.com\/avatar\/f1adb1f79d160d1c3a7107159719d0e442202ee8efe7217aed6e27d7457b0dc9?s=200&#038;d=mm&#038;r=g 2x' class='avatar avatar-100 photo' height='100' width='100' \/>\t\t\t\t\t<div class=\"entry-content\">\n<p>Ingeniera en Computaci\u00f3n e Inform\u00e1tica de la Universidad de Costa Rica. Actualmente, trabaja de forma independiente como Desarrolladora Web y es estudiante de tesis de Licenciatura en Desarrollo de Aplicaciones Web. Fan de WordPress y otros CMS. Colaboradora en eventos que involucran el aprendizaje en temas de tecnolog\u00eda.  Apasionada por aprendizaje en el mundo web.<\/p>\n<hr>\n<p>Computer and Informatics Engineer at the University of Costa Rica. Currently, she works as a freelance Web Developer and she&#8217;s student of the thesis in Web Application Development. WordPress Fan and others CMS. Collaborator in events that involve learning technology issues. Fascinated by learning in the web world.\n<\/p><\/div>\n\t\t\t\t<\/div>\n\t\t\t<\/div>\n\n\t\t\n\t<\/div><!-- .wcorg-organizers -->\n\t\n<div class=\"clear\"><\/div>\n","protected":false},"excerpt":{"rendered":"","protected":false},"author":319559,"featured_media":0,"parent":112,"menu_order":0,"comment_status":"closed","ping_status":"closed","template":"","meta":{"jetpack_post_was_ever_published":false,"footnotes":""},"class_list":["post-295","page","type-page","status-publish","hentry"],"jetpack_sharing_enabled":true,"jetpack_shortlink":"https:\/\/wp.me\/P7DKHr-4L","jetpack-related-posts":[{"id":797,"url":"https:\/\/sanjose.wordcamp.org\/2016\/programa\/charlas\/","url_meta":{"origin":295,"position":0},"title":"Charlas","author":"remediosgraphic","date":"September 25, 2016","format":false,"excerpt":"","rel":"","context":"Similar post","block_context":{"text":"Similar post","link":""},"img":{"alt_text":"","src":"https:\/\/i0.wp.com\/sanjose.wordcamp.org\/2016\/files\/2016\/08\/cropped-wordcampSanJose-1-1.png?fit=512%2C512&resize=350%2C200#038;ssl=1","width":350,"height":200},"classes":[]},{"id":795,"url":"https:\/\/sanjose.wordcamp.org\/2016\/programa\/speakers\/","url_meta":{"origin":295,"position":1},"title":"Speakers","author":"remediosgraphic","date":"September 25, 2016","format":false,"excerpt":"","rel":"","context":"Similar post","block_context":{"text":"Similar post","link":""},"img":{"alt_text":"","src":"https:\/\/i0.wp.com\/sanjose.wordcamp.org\/2016\/files\/2016\/08\/cropped-wordcampSanJose-1-1.png?fit=512%2C512&resize=350%2C200#038;ssl=1","width":350,"height":200},"classes":[]},{"id":118,"url":"https:\/\/sanjose.wordcamp.org\/2016\/contactenos\/codigo-de-conducta\/","url_meta":{"origin":295,"position":2},"title":"C\u00f3digo de Conducta","author":"remediosgraphic","date":"August 28, 2016","format":false,"excerpt":"Prop\u00f3sito WordCamp San Jos\u00e9, Costa Rica cree que nuestra comunidad debe estar abierta para todo el mundo. Como tal, estamos comprometidos a proporcionar un ambiente agradable, seguro y acogedor para todos, independientemente de su sexo, orientaci\u00f3n sexual, discapacidad, etnia, religi\u00f3n, sistema operativo preferido, lenguaje de programaci\u00f3n o editor de texto.\u2026","rel":"","context":"Similar post","block_context":{"text":"Similar post","link":""},"img":{"alt_text":"","src":"https:\/\/i0.wp.com\/sanjose.wordcamp.org\/2016\/files\/2016\/08\/cropped-wordcampSanJose-1-1.png?fit=512%2C512&resize=350%2C200#038;ssl=1","width":350,"height":200},"classes":[]},{"id":648,"url":"https:\/\/sanjose.wordcamp.org\/2016\/encuesta-de-temas-de-speakers-branch-1\/","url_meta":{"origin":295,"position":3},"title":"Encuesta de temas de Speakers branch #1","author":"remediosgraphic","date":"September 9, 2016","format":false,"excerpt":"\u00bfQu\u00e9 temas le gustar\u00eda ver en el WordCam Costa Rica 2016?. Estos son algunas de las charlas que ya hemos recibido. Vota por las que mas te gusten, puede sugerir un tema si lo deseas y hacer seleccion multiple. Anunciaremos un primer grupo de speakers el 19 de septiembre y\u2026","rel":"","context":"Similar post","block_context":{"text":"Similar post","link":""},"img":{"alt_text":"speakers","src":"https:\/\/i0.wp.com\/2016.sanjose.wordcamp.org\/files\/2016\/09\/speakers.jpg?resize=350%2C200","width":350,"height":200,"srcset":"https:\/\/i0.wp.com\/2016.sanjose.wordcamp.org\/files\/2016\/09\/speakers.jpg?resize=350%2C200 1x, https:\/\/i0.wp.com\/2016.sanjose.wordcamp.org\/files\/2016\/09\/speakers.jpg?resize=525%2C300 1.5x, https:\/\/i0.wp.com\/2016.sanjose.wordcamp.org\/files\/2016\/09\/speakers.jpg?resize=700%2C400 2x"},"classes":[]},{"id":116,"url":"https:\/\/sanjose.wordcamp.org\/2016\/venue\/que-hacer-en-costa-rica\/","url_meta":{"origin":295,"position":4},"title":"\u00bfQu\u00e9 hacer en Costa Rica?","author":"remediosgraphic","date":"August 28, 2016","format":false,"excerpt":"Playas, bosques tropicales, una sociedad altamente desarrollada y una calidad de vida envidiable: vivir en Costa Rica puede sonar demasiado bueno para ser verdad. Gracias a la variedad de actividades que ofrece Costa Rica, sus visitantes\u00a0 tienen la ventaja de poder hacer muchas cosas diferentes en un solo viaje. \u00bfQuieres\u2026","rel":"","context":"Similar post","block_context":{"text":"Similar post","link":""},"img":{"alt_text":"cr-beach-wordcamp","src":"https:\/\/i0.wp.com\/2016.sanjose.wordcamp.org\/files\/2016\/08\/cr-beach-wordcamp-1024x596.jpg?resize=350%2C200","width":350,"height":200,"srcset":"https:\/\/i0.wp.com\/2016.sanjose.wordcamp.org\/files\/2016\/08\/cr-beach-wordcamp-1024x596.jpg?resize=350%2C200 1x, https:\/\/i0.wp.com\/2016.sanjose.wordcamp.org\/files\/2016\/08\/cr-beach-wordcamp-1024x596.jpg?resize=525%2C300 1.5x"},"classes":[]}],"_links":{"self":[{"href":"https:\/\/sanjose.wordcamp.org\/2016\/wp-json\/wp\/v2\/pages\/295","targetHints":{"allow":["GET"]}}],"collection":[{"href":"https:\/\/sanjose.wordcamp.org\/2016\/wp-json\/wp\/v2\/pages"}],"about":[{"href":"https:\/\/sanjose.wordcamp.org\/2016\/wp-json\/wp\/v2\/types\/page"}],"author":[{"embeddable":true,"href":"https:\/\/sanjose.wordcamp.org\/2016\/wp-json\/wp\/v2\/users\/319559"}],"replies":[{"embeddable":true,"href":"https:\/\/sanjose.wordcamp.org\/2016\/wp-json\/wp\/v2\/comments?post=295"}],"version-history":[{"count":4,"href":"https:\/\/sanjose.wordcamp.org\/2016\/wp-json\/wp\/v2\/pages\/295\/revisions"}],"predecessor-version":[{"id":1123,"href":"https:\/\/sanjose.wordcamp.org\/2016\/wp-json\/wp\/v2\/pages\/295\/revisions\/1123"}],"up":[{"embeddable":true,"href":"https:\/\/sanjose.wordcamp.org\/2016\/wp-json\/wp\/v2\/pages\/112"}],"wp:attachment":[{"href":"https:\/\/sanjose.wordcamp.org\/2016\/wp-json\/wp\/v2\/media?parent=295"}],"curies":[{"name":"wp","href":"https:\/\/api.w.org\/{rel}","templated":true}]}}