{"id":182,"date":"2016-08-28T18:44:41","date_gmt":"2016-08-28T18:44:41","guid":{"rendered":"http:\/\/2016.sanjose.wordcamp.org\/?page_id=182"},"modified":"2017-06-20T23:28:41","modified_gmt":"2017-06-20T23:28:41","slug":"tickets","status":"publish","type":"page","link":"https:\/\/sanjose.wordcamp.org\/2016\/tickets\/","title":{"rendered":"Tickets"},"content":{"rendered":"<h4>Entradas<\/h4>\n<p>Tu entrada a la conferencia de <strong>WordCamp San Jos\u00e9, Costa Rica 2016<\/strong> acredita para:<\/p>\n<ul>\n<li>Un d\u00eda de conferencias #WCCR (s\u00e1bado).<\/li>\n<li>Almuerzo, caf\u00e9 y snacks durante el d\u00eda.<\/li>\n<li>D\u00eda de comunidad #WCCR* (domingo).<\/li>\n<li>Entrada a la fiesta de WordCamp San Jos\u00e9, Costa Rica 2016.<\/li>\n<li>Camiseta y otros regalos promocionales.<\/li>\n<\/ul>\n<p>*El registro del d\u00eda de comunidad se har\u00e1 por separado.<\/p>\n<h4>Tickets<\/h4>\n<p>Your WordCamp San Jos\u00e9, Costa Rica 2016 Conference ticket covers one conference day (Saturday, November 5th), lunch, coffee and snacks, #WCCR contributor day on Sunday, a t-shirt and other awesome swag, and entrance to the WordCamp San Jos\u00e9, Costa Rica 2016 after-party.<\/p>\n<p>Contributor Day registration will open separately.<\/p>\n<a href=\"https:\/\/sanjose.wordcamp.org\/2016\/tickets\/\">Please view this page in a browser to purchase or manage tickets.<\/a>\n","protected":false},"excerpt":{"rendered":"<p>Entradas Tu entrada a la conferencia de WordCamp San Jos\u00e9, Costa Rica 2016 acredita para: Un d\u00eda de conferencias #WCCR (s\u00e1bado). Almuerzo, caf\u00e9 y snacks durante el d\u00eda. D\u00eda de comunidad #WCCR* (domingo). Entrada a la fiesta de WordCamp San &hellip; <a href=\"https:\/\/sanjose.wordcamp.org\/2016\/tickets\/\">Continue reading <span class=\"assistive-text\">Tickets<\/span>  <span class=\"meta-nav\">&rarr;<\/span><\/a><\/p>\n","protected":false},"author":319559,"featured_media":0,"parent":0,"menu_order":0,"comment_status":"closed","ping_status":"closed","template":"","meta":{"jetpack_post_was_ever_published":false,"footnotes":""},"class_list":["post-182","page","type-page","status-publish","hentry"],"jetpack_sharing_enabled":true,"jetpack_shortlink":"https:\/\/wp.me\/P7DKHr-2W","jetpack-related-posts":[{"id":1311,"url":"https:\/\/sanjose.wordcamp.org\/2016\/tickets\/microsponsor\/","url_meta":{"origin":182,"position":0},"title":"Microsponsor","author":"remediosgraphic","date":"October 13, 2016","format":false,"excerpt":"WordCamp San Jos\u00e9, Costa Rica 2016 Micropatrocinio Es tu oportunidad de conseguir una entrada para WordCamp San Jos\u00e9, Costa Rica 2016 demostrando un poco m\u00e1s de amor por el evento. Tu nombre y logotipo aparecer\u00e1n en la web WordCamp San Jos\u00e9, Costa Rica 2016 cuando se publique el post de\u2026","rel":"","context":"Similar post","block_context":{"text":"Similar post","link":""},"img":{"alt_text":"","src":"https:\/\/i0.wp.com\/sanjose.wordcamp.org\/2016\/files\/2016\/08\/cropped-wordcampSanJose-1-1.png?fit=512%2C512&resize=350%2C200#038;ssl=1","width":350,"height":200},"classes":[]},{"id":118,"url":"https:\/\/sanjose.wordcamp.org\/2016\/contactenos\/codigo-de-conducta\/","url_meta":{"origin":182,"position":1},"title":"C\u00f3digo de Conducta","author":"remediosgraphic","date":"August 28, 2016","format":false,"excerpt":"Prop\u00f3sito WordCamp San Jos\u00e9, Costa Rica cree que nuestra comunidad debe estar abierta para todo el mundo. Como tal, estamos comprometidos a proporcionar un ambiente agradable, seguro y acogedor para todos, independientemente de su sexo, orientaci\u00f3n sexual, discapacidad, etnia, religi\u00f3n, sistema operativo preferido, lenguaje de programaci\u00f3n o editor de texto.\u2026","rel":"","context":"Similar post","block_context":{"text":"Similar post","link":""},"img":{"alt_text":"","src":"https:\/\/i0.wp.com\/sanjose.wordcamp.org\/2016\/files\/2016\/08\/cropped-wordcampSanJose-1-1.png?fit=512%2C512&resize=350%2C200#038;ssl=1","width":350,"height":200},"classes":[]},{"id":106,"url":"https:\/\/sanjose.wordcamp.org\/2016\/venue\/","url_meta":{"origin":182,"position":2},"title":"Venue","author":"remediosgraphic","date":"August 28, 2016","format":false,"excerpt":"La Universidad de Costa Rica (UCR) es una universidad p\u00fablica de la Rep\u00fablica de Costa Rica, en Centroam\u00e9rica. Su campus principal, Ciudad Universitaria Rodrigo Facio, se encuentra en San Pedro de Montes de Oca, en la provincia de San Jos\u00e9. Es la instituci\u00f3n m\u00e1s antigua, m\u00e1s grande y de mayor\u2026","rel":"","context":"Similar post","block_context":{"text":"Similar post","link":""},"img":{"alt_text":"","src":"https:\/\/i0.wp.com\/sanjose.wordcamp.org\/2016\/files\/2016\/08\/cropped-wordcampSanJose-1-1.png?fit=512%2C512&resize=350%2C200#038;ssl=1","width":350,"height":200},"classes":[]},{"id":116,"url":"https:\/\/sanjose.wordcamp.org\/2016\/venue\/que-hacer-en-costa-rica\/","url_meta":{"origin":182,"position":3},"title":"\u00bfQu\u00e9 hacer en Costa Rica?","author":"remediosgraphic","date":"August 28, 2016","format":false,"excerpt":"Playas, bosques tropicales, una sociedad altamente desarrollada y una calidad de vida envidiable: vivir en Costa Rica puede sonar demasiado bueno para ser verdad. Gracias a la variedad de actividades que ofrece Costa Rica, sus visitantes\u00a0 tienen la ventaja de poder hacer muchas cosas diferentes en un solo viaje. \u00bfQuieres\u2026","rel":"","context":"Similar post","block_context":{"text":"Similar post","link":""},"img":{"alt_text":"cr-beach-wordcamp","src":"https:\/\/i0.wp.com\/2016.sanjose.wordcamp.org\/files\/2016\/08\/cr-beach-wordcamp-1024x596.jpg?resize=350%2C200","width":350,"height":200,"srcset":"https:\/\/i0.wp.com\/2016.sanjose.wordcamp.org\/files\/2016\/08\/cr-beach-wordcamp-1024x596.jpg?resize=350%2C200 1x, https:\/\/i0.wp.com\/2016.sanjose.wordcamp.org\/files\/2016\/08\/cr-beach-wordcamp-1024x596.jpg?resize=525%2C300 1.5x"},"classes":[]},{"id":114,"url":"https:\/\/sanjose.wordcamp.org\/2016\/venue\/hospedaje\/","url_meta":{"origin":182,"position":4},"title":"Hospedaje","author":"remediosgraphic","date":"August 28, 2016","format":false,"excerpt":"Hotel Ave del Pariaso Hotel Ave del Paraiso - Eco Boutique Hotel ofrece a sus hu\u00e9spedes amplias y atractivas zonas verdes donde pueden relajarse, disfrutar de un buen libro, una conversaci\u00f3n agradable, el canto de los p\u00e1jaros o un simple pero estimulante contacto con la naturaleza. Contiguo al campus de\u2026","rel":"","context":"Similar post","block_context":{"text":"Similar post","link":""},"img":{"alt_text":"","src":"https:\/\/i0.wp.com\/sanjose.wordcamp.org\/2016\/files\/2016\/08\/cropped-wordcampSanJose-1-1.png?fit=512%2C512&resize=350%2C200#038;ssl=1","width":350,"height":200},"classes":[]},{"id":120,"url":"https:\/\/sanjose.wordcamp.org\/2016\/sponsors\/como-ayudar\/","url_meta":{"origin":182,"position":5},"title":"Niveles de patrocinio","author":"remediosgraphic","date":"August 28, 2016","format":false,"excerpt":"Niveles de patrocinio que ofrecemos: Opci\u00f3n 1 \u2013 Patrocinador Platino (Aportaci\u00f3n: $1.000) 4 Entradas para el WordCamp. 2 Invitaciones para participar en la cena de patrocinadores y expositores. Presencia global durante el WordCamp con la opci\u00f3n de Carteler\u00eda de gran tama\u00f1o en el sal\u00f3n del evento. Posibilidad de inclusi\u00f3n publicitaria\u2026","rel":"","context":"Similar post","block_context":{"text":"Similar post","link":""},"img":{"alt_text":"","src":"https:\/\/i0.wp.com\/sanjose.wordcamp.org\/2016\/files\/2016\/08\/cropped-wordcampSanJose-1-1.png?fit=512%2C512&resize=350%2C200#038;ssl=1","width":350,"height":200},"classes":[]}],"_links":{"self":[{"href":"https:\/\/sanjose.wordcamp.org\/2016\/wp-json\/wp\/v2\/pages\/182","targetHints":{"allow":["GET"]}}],"collection":[{"href":"https:\/\/sanjose.wordcamp.org\/2016\/wp-json\/wp\/v2\/pages"}],"about":[{"href":"https:\/\/sanjose.wordcamp.org\/2016\/wp-json\/wp\/v2\/types\/page"}],"author":[{"embeddable":true,"href":"https:\/\/sanjose.wordcamp.org\/2016\/wp-json\/wp\/v2\/users\/319559"}],"replies":[{"embeddable":true,"href":"https:\/\/sanjose.wordcamp.org\/2016\/wp-json\/wp\/v2\/comments?post=182"}],"version-history":[{"count":11,"href":"https:\/\/sanjose.wordcamp.org\/2016\/wp-json\/wp\/v2\/pages\/182\/revisions"}],"predecessor-version":[{"id":1901,"href":"https:\/\/sanjose.wordcamp.org\/2016\/wp-json\/wp\/v2\/pages\/182\/revisions\/1901"}],"wp:attachment":[{"href":"https:\/\/sanjose.wordcamp.org\/2016\/wp-json\/wp\/v2\/media?parent=182"}],"curies":[{"name":"wp","href":"https:\/\/api.w.org\/{rel}","templated":true}]}}