{"id":116,"date":"2016-08-28T02:53:33","date_gmt":"2016-08-28T02:53:33","guid":{"rendered":"http:\/\/2016.sanjose.wordcamp.org\/?page_id=116"},"modified":"2016-10-10T22:08:44","modified_gmt":"2016-10-10T22:08:44","slug":"que-hacer-en-costa-rica","status":"publish","type":"page","link":"https:\/\/sanjose.wordcamp.org\/2016\/venue\/que-hacer-en-costa-rica\/","title":{"rendered":"\u00bfQu\u00e9 hacer en Costa Rica?"},"content":{"rendered":"<p><img data-recalc-dims=\"1\" loading=\"lazy\" decoding=\"async\" data-attachment-id=\"72\" data-permalink=\"https:\/\/sanjose.wordcamp.org\/2016\/venue\/que-hacer-en-costa-rica\/cr-beach-wordcamp\/\" data-orig-file=\"https:\/\/i0.wp.com\/sanjose.wordcamp.org\/2016\/files\/2016\/08\/cr-beach-wordcamp.jpg?fit=1400%2C815&amp;ssl=1\" data-orig-size=\"1400,815\" data-comments-opened=\"1\" data-image-meta=\"{&quot;aperture&quot;:&quot;0&quot;,&quot;credit&quot;:&quot;&quot;,&quot;camera&quot;:&quot;&quot;,&quot;caption&quot;:&quot;&quot;,&quot;created_timestamp&quot;:&quot;0&quot;,&quot;copyright&quot;:&quot;&quot;,&quot;focal_length&quot;:&quot;0&quot;,&quot;iso&quot;:&quot;0&quot;,&quot;shutter_speed&quot;:&quot;0&quot;,&quot;title&quot;:&quot;&quot;,&quot;orientation&quot;:&quot;0&quot;}\" data-image-title=\"cr-beach-wordcamp\" data-image-description=\"\" data-image-caption=\"\" data-medium-file=\"https:\/\/i0.wp.com\/sanjose.wordcamp.org\/2016\/files\/2016\/08\/cr-beach-wordcamp.jpg?fit=300%2C175&amp;ssl=1\" data-large-file=\"https:\/\/i0.wp.com\/sanjose.wordcamp.org\/2016\/files\/2016\/08\/cr-beach-wordcamp.jpg?fit=640%2C373&amp;ssl=1\" class=\"size-large wp-image-72 aligncenter\" src=\"https:\/\/i0.wp.com\/2016.sanjose.wordcamp.org\/files\/2016\/08\/cr-beach-wordcamp-1024x596.jpg?resize=640%2C373\" alt=\"cr-beach-wordcamp\" width=\"640\" height=\"373\" srcset=\"https:\/\/i0.wp.com\/sanjose.wordcamp.org\/2016\/files\/2016\/08\/cr-beach-wordcamp.jpg?resize=1024%2C596&amp;ssl=1 1024w, https:\/\/i0.wp.com\/sanjose.wordcamp.org\/2016\/files\/2016\/08\/cr-beach-wordcamp.jpg?resize=300%2C175&amp;ssl=1 300w, https:\/\/i0.wp.com\/sanjose.wordcamp.org\/2016\/files\/2016\/08\/cr-beach-wordcamp.jpg?resize=768%2C447&amp;ssl=1 768w, https:\/\/i0.wp.com\/sanjose.wordcamp.org\/2016\/files\/2016\/08\/cr-beach-wordcamp.jpg?resize=500%2C291&amp;ssl=1 500w, https:\/\/i0.wp.com\/sanjose.wordcamp.org\/2016\/files\/2016\/08\/cr-beach-wordcamp.jpg?resize=1000%2C582&amp;ssl=1 1000w, https:\/\/i0.wp.com\/sanjose.wordcamp.org\/2016\/files\/2016\/08\/cr-beach-wordcamp.jpg?w=1400&amp;ssl=1 1400w, https:\/\/i0.wp.com\/sanjose.wordcamp.org\/2016\/files\/2016\/08\/cr-beach-wordcamp.jpg?w=1280&amp;ssl=1 1280w\" sizes=\"auto, (max-width: 640px) 100vw, 640px\" \/><br \/>\nPlayas, bosques tropicales, una sociedad altamente desarrollada y una calidad de vida envidiable: vivir en Costa Rica puede sonar demasiado bueno para ser verdad.<\/p>\n<p>Gracias a la variedad de actividades que ofrece Costa Rica, sus visitantes\u00a0 tienen la ventaja de poder hacer muchas cosas diferentes en un solo viaje. \u00bfQuieres ir de pesca?, pasar un d\u00eda relajante en las aguas termales, una caminata en el bosque lluvioso, un viaje en balsa por el r\u00edo Pacuare, canopy en San Carlos, buceo, luego clases de surf, todo eso y m\u00e1s es posible. Con tantas cosas que hacer en Costa Rica, la elecci\u00f3n puede ser dif\u00edcil, por lo que es recomendable tener un plan.<\/p>\n<p>Esta es mi lista personal de actividades favoritas:<\/p>\n<p><strong>1.<\/strong>\u00a0San Jos\u00e9 <a href=\"http:\/\/www.carpechepe.com\/\"> Costa Rica Pub Crawl <\/a> encontrar\u00e1 recomendaciones sobre lugares para comer, beber, visitar o alojarse y disfruta conociendo san jose con locales.<br \/>\n<strong>2.<\/strong>\u00a0Escape al valle de Oros\u00ed, Cartago. La mezcla de verde marr\u00f3n y de las monta\u00f1as, las aguas que fluyen en silencio, caminos r\u00fasticos, as\u00ed como largos mantos de flores y \u00e1rboles puede quitar el aliento a cualquier persona que se encuentra con este valle de Costa Rica.<br \/>\n<strong>3.<\/strong>\u00a0 Gastropubs Barrio Escalante, San Jos\u00e9 Barrio Escalante es el \u00e1rea con los pubs y gastrobares m\u00e1s populares de la ciudad. Comparte un rato con la gente local y aprende por qu\u00e9 estos lugares son tan populares.<br \/>\n<strong>4.<\/strong>\u00a0 Puerto Viejo en el Caribe, conocido por su ambiente relajado y famoso por su surf, Puerto Viejo atrae a los visitantes con sus\u00a0 influencias culturales afro-caribe\u00f1a.<\/p>\n<hr \/>\n<header class=\"entry-header\">\n<h1 class=\"entry-title\" style=\"padding-bottom: 5px\">Things to do in Costa Rica<\/h1>\n<\/header>\n<p>Beaches, tropical rainforest, a highly developed society and an enviable quality of life: living in Costa Rica may sound almost too good to be true.<\/p>\n<p>Thanks to the variety of things to do in Costa Rica, visitors\u00a0 are able to do\u00a0 many things in a single visit.If\u00a0 you want to go sport fishing, spend a day relaxing in the hot springs, trekking (walking) on the rain forest, a rafting\u00a0 down the Pacuare River, zip lines in San Carlos, scubadiving, or surfing lessons at the beach.. all that is possible. With so many things to do in Costa Rica\u00a0 you will need a plan.<\/p>\n<p>This is my personal list of top choices:<\/p>\n<p><strong>1.<\/strong>\u00a0San Jos<span class=\"st\"><em>\u00e9<\/em><\/span> . <a href=\"http:\/\/www.carpechepe.com\/\">costa rica pub crawl<\/a> you will find recommendations about places to eat, drink, visit or accomodations .<br \/>\n<strong>2.<\/strong>\u00a0Cartago. Escape to Orosi Valley,\u00a0 The brown-and-green blend of the mountains, quietly flowing waters, rustic roads as well as long blankets of blossoms and trees can take away your breath .<br \/>\n<strong>3.<\/strong>\u00a0San Jos<span class=\"st\"><em>\u00e9<\/em><\/span> . Explore Barrio Escalante gastropubs. Barrio Escalante is an area with the most popular pubs, and gastrobars. Rubbing elbows with locals and learning why these spots are so beloved.<br \/>\n<strong>4.<\/strong>\u00a0Caribe . Puerto Viejo. Known for its laidback attitude and famous for it&#8217;s surfing, Puerto Viejo beckons visitors to come experience Costa Rica\u2019s eccentric side. The village\u2019s cultural influences are interesting to be sure: a mix of Afro-Caribbean, Bribri Indian, tico and hippyesque counterculture, this small port town is an anthropological study in itself.<\/p>\n","protected":false},"excerpt":{"rendered":"<p>Playas, bosques tropicales, una sociedad altamente desarrollada y una calidad de vida envidiable: vivir en Costa Rica puede sonar demasiado bueno para ser verdad. Gracias a la variedad de actividades que ofrece Costa Rica, sus visitantes\u00a0 tienen la ventaja de &hellip; <a href=\"https:\/\/sanjose.wordcamp.org\/2016\/venue\/que-hacer-en-costa-rica\/\">Continue reading <span class=\"assistive-text\">\u00bfQu\u00e9 hacer en Costa Rica?<\/span>  <span class=\"meta-nav\">&rarr;<\/span><\/a><\/p>\n","protected":false},"author":319559,"featured_media":0,"parent":106,"menu_order":0,"comment_status":"closed","ping_status":"closed","template":"","meta":{"jetpack_post_was_ever_published":false,"footnotes":""},"class_list":["post-116","page","type-page","status-publish","hentry"],"jetpack_sharing_enabled":true,"jetpack_shortlink":"https:\/\/wp.me\/P7DKHr-1S","jetpack-related-posts":[{"id":118,"url":"https:\/\/sanjose.wordcamp.org\/2016\/contactenos\/codigo-de-conducta\/","url_meta":{"origin":116,"position":0},"title":"C\u00f3digo de Conducta","author":"remediosgraphic","date":"August 28, 2016","format":false,"excerpt":"Prop\u00f3sito WordCamp San Jos\u00e9, Costa Rica cree que nuestra comunidad debe estar abierta para todo el mundo. Como tal, estamos comprometidos a proporcionar un ambiente agradable, seguro y acogedor para todos, independientemente de su sexo, orientaci\u00f3n sexual, discapacidad, etnia, religi\u00f3n, sistema operativo preferido, lenguaje de programaci\u00f3n o editor de texto.\u2026","rel":"","context":"Similar post","block_context":{"text":"Similar post","link":""},"img":{"alt_text":"","src":"https:\/\/i0.wp.com\/sanjose.wordcamp.org\/2016\/files\/2016\/08\/cropped-wordcampSanJose-1-1.png?fit=512%2C512&resize=350%2C200#038;ssl=1","width":350,"height":200},"classes":[]},{"id":182,"url":"https:\/\/sanjose.wordcamp.org\/2016\/tickets\/","url_meta":{"origin":116,"position":1},"title":"Tickets","author":"remediosgraphic","date":"August 28, 2016","format":false,"excerpt":"Entradas Tu entrada a la conferencia de WordCamp San Jos\u00e9, Costa Rica 2016 acredita para: Un d\u00eda de conferencias #WCCR (s\u00e1bado). Almuerzo, caf\u00e9 y snacks durante el d\u00eda. D\u00eda de comunidad #WCCR* (domingo). Entrada a la fiesta de WordCamp San Jos\u00e9, Costa Rica 2016. Camiseta y otros regalos promocionales. *El\u2026","rel":"","context":"Similar post","block_context":{"text":"Similar post","link":""},"img":{"alt_text":"","src":"https:\/\/i0.wp.com\/sanjose.wordcamp.org\/2016\/files\/2016\/08\/cropped-wordcampSanJose-1-1.png?fit=512%2C512&resize=350%2C200#038;ssl=1","width":350,"height":200},"classes":[]},{"id":1311,"url":"https:\/\/sanjose.wordcamp.org\/2016\/tickets\/microsponsor\/","url_meta":{"origin":116,"position":2},"title":"Microsponsor","author":"remediosgraphic","date":"October 13, 2016","format":false,"excerpt":"WordCamp San Jos\u00e9, Costa Rica 2016 Micropatrocinio Es tu oportunidad de conseguir una entrada para WordCamp San Jos\u00e9, Costa Rica 2016 demostrando un poco m\u00e1s de amor por el evento. Tu nombre y logotipo aparecer\u00e1n en la web WordCamp San Jos\u00e9, Costa Rica 2016 cuando se publique el post de\u2026","rel":"","context":"Similar post","block_context":{"text":"Similar post","link":""},"img":{"alt_text":"","src":"https:\/\/i0.wp.com\/sanjose.wordcamp.org\/2016\/files\/2016\/08\/cropped-wordcampSanJose-1-1.png?fit=512%2C512&resize=350%2C200#038;ssl=1","width":350,"height":200},"classes":[]},{"id":106,"url":"https:\/\/sanjose.wordcamp.org\/2016\/venue\/","url_meta":{"origin":116,"position":3},"title":"Venue","author":"remediosgraphic","date":"August 28, 2016","format":false,"excerpt":"La Universidad de Costa Rica (UCR) es una universidad p\u00fablica de la Rep\u00fablica de Costa Rica, en Centroam\u00e9rica. Su campus principal, Ciudad Universitaria Rodrigo Facio, se encuentra en San Pedro de Montes de Oca, en la provincia de San Jos\u00e9. Es la instituci\u00f3n m\u00e1s antigua, m\u00e1s grande y de mayor\u2026","rel":"","context":"Similar post","block_context":{"text":"Similar post","link":""},"img":{"alt_text":"","src":"https:\/\/i0.wp.com\/sanjose.wordcamp.org\/2016\/files\/2016\/08\/cropped-wordcampSanJose-1-1.png?fit=512%2C512&resize=350%2C200#038;ssl=1","width":350,"height":200},"classes":[]},{"id":114,"url":"https:\/\/sanjose.wordcamp.org\/2016\/venue\/hospedaje\/","url_meta":{"origin":116,"position":4},"title":"Hospedaje","author":"remediosgraphic","date":"August 28, 2016","format":false,"excerpt":"Hotel Ave del Pariaso Hotel Ave del Paraiso - Eco Boutique Hotel ofrece a sus hu\u00e9spedes amplias y atractivas zonas verdes donde pueden relajarse, disfrutar de un buen libro, una conversaci\u00f3n agradable, el canto de los p\u00e1jaros o un simple pero estimulante contacto con la naturaleza. Contiguo al campus de\u2026","rel":"","context":"Similar post","block_context":{"text":"Similar post","link":""},"img":{"alt_text":"","src":"https:\/\/i0.wp.com\/sanjose.wordcamp.org\/2016\/files\/2016\/08\/cropped-wordcampSanJose-1-1.png?fit=512%2C512&resize=350%2C200#038;ssl=1","width":350,"height":200},"classes":[]},{"id":648,"url":"https:\/\/sanjose.wordcamp.org\/2016\/encuesta-de-temas-de-speakers-branch-1\/","url_meta":{"origin":116,"position":5},"title":"Encuesta de temas de Speakers branch #1","author":"remediosgraphic","date":"September 9, 2016","format":false,"excerpt":"\u00bfQu\u00e9 temas le gustar\u00eda ver en el WordCam Costa Rica 2016?. Estos son algunas de las charlas que ya hemos recibido. Vota por las que mas te gusten, puede sugerir un tema si lo deseas y hacer seleccion multiple. Anunciaremos un primer grupo de speakers el 19 de septiembre y\u2026","rel":"","context":"Similar post","block_context":{"text":"Similar post","link":""},"img":{"alt_text":"speakers","src":"https:\/\/i0.wp.com\/2016.sanjose.wordcamp.org\/files\/2016\/09\/speakers.jpg?resize=350%2C200","width":350,"height":200,"srcset":"https:\/\/i0.wp.com\/2016.sanjose.wordcamp.org\/files\/2016\/09\/speakers.jpg?resize=350%2C200 1x, https:\/\/i0.wp.com\/2016.sanjose.wordcamp.org\/files\/2016\/09\/speakers.jpg?resize=525%2C300 1.5x, https:\/\/i0.wp.com\/2016.sanjose.wordcamp.org\/files\/2016\/09\/speakers.jpg?resize=700%2C400 2x"},"classes":[]}],"_links":{"self":[{"href":"https:\/\/sanjose.wordcamp.org\/2016\/wp-json\/wp\/v2\/pages\/116","targetHints":{"allow":["GET"]}}],"collection":[{"href":"https:\/\/sanjose.wordcamp.org\/2016\/wp-json\/wp\/v2\/pages"}],"about":[{"href":"https:\/\/sanjose.wordcamp.org\/2016\/wp-json\/wp\/v2\/types\/page"}],"author":[{"embeddable":true,"href":"https:\/\/sanjose.wordcamp.org\/2016\/wp-json\/wp\/v2\/users\/319559"}],"replies":[{"embeddable":true,"href":"https:\/\/sanjose.wordcamp.org\/2016\/wp-json\/wp\/v2\/comments?post=116"}],"version-history":[{"count":32,"href":"https:\/\/sanjose.wordcamp.org\/2016\/wp-json\/wp\/v2\/pages\/116\/revisions"}],"predecessor-version":[{"id":1258,"href":"https:\/\/sanjose.wordcamp.org\/2016\/wp-json\/wp\/v2\/pages\/116\/revisions\/1258"}],"up":[{"embeddable":true,"href":"https:\/\/sanjose.wordcamp.org\/2016\/wp-json\/wp\/v2\/pages\/106"}],"wp:attachment":[{"href":"https:\/\/sanjose.wordcamp.org\/2016\/wp-json\/wp\/v2\/media?parent=116"}],"curies":[{"name":"wp","href":"https:\/\/api.w.org\/{rel}","templated":true}]}}