{"id":114,"date":"2016-08-28T02:53:00","date_gmt":"2016-08-28T02:53:00","guid":{"rendered":"http:\/\/2016.sanjose.wordcamp.org\/?page_id=114"},"modified":"2016-09-10T00:24:43","modified_gmt":"2016-09-10T00:24:43","slug":"hospedaje","status":"publish","type":"page","link":"https:\/\/sanjose.wordcamp.org\/2016\/venue\/hospedaje\/","title":{"rendered":"Hospedaje"},"content":{"rendered":"<div class=\"wcorg-sponsor-description\">\n<ul>\n<li>\n<h3>Hotel Ave del Pariaso<\/h3>\n<div class=\"entry-content\">\n<p><a>Hotel Ave del Paraiso<\/a> &#8211; Eco Boutique Hotel ofrece a sus hu\u00e9spedes amplias y atractivas zonas verdes donde pueden relajarse, disfrutar de un buen libro, una conversaci\u00f3n agradable, el canto de los p\u00e1jaros o un simple pero estimulante contacto con la naturaleza. Contiguo al campus de la UCR es una de las locaciones mas estrat\u00e9gicas para asistir al campus. Para los WordCampers que deseen hospedarse en el <a href=\"http:\/\/hotelavedelparaiso.com\/\" target=\"_blank\">Hotel Ave del Paraiso<\/a> no olviden mencionar que vienen al WordCamp Costa Rica y recibir\u00e1n un 10% de descuento en pagos e efectivo. Sus trarifas van de $60 a $120 dependiendo de la habitaci\u00f3n.<\/p>\n<hr \/>\n<p><a href=\"http:\/\/hotelavedelparaiso.com\/\" target=\"_blank\">Hotel Ave del Paraiso<\/a> \u2013 Eco Boutique Hotel offers our guests wide and attractive green areas where they will feel comfortable to relax, enjoy a good book, a nice conversation, the singing of the birds or a simple but energizing contact with nature. Adjacent to the campus (UCR) this is one of the most strategic locations to attend the event. For WordCampers who wish to stay at <a href=\"http:\/\/hotelavedelparaiso.com\/\" target=\"_blank\">Hotel Ave del Paraiso<\/a> mention you are attending to WordCamp Costa Rica and get a 10% discount on cash payments. Their prices range from $ 60 to $ 120 depending on the room.<\/p>\n<\/div>\n<p>&nbsp;<\/li>\n<li>\n<h3>Apartotel Tairona<\/h3>\n<div class=\"entry-content\">\n<p><a href=\"http:\/\/www.taironainn.com\/\" target=\"_blank\">Apartotel Tairona<\/a> se encuentra en Barrio Dent, San Pedro a s\u00f3lo 2 minutos caminando del campus (UCR) y el Mall San Pedro. Con varias opciones disponibles para comer y lugares para visitar, todas las habitaciones tienen cocina equipada, posee un centro de negocios abierto las 24 horas, servicio conserjer\u00eda, desayuno continental gratuito, adem\u00e1s servicio de lavander\u00eda. Las habitaciones tienen un costo desde los $60 en adelante.<\/p>\n<hr \/>\n<p><a href=\"http:\/\/www.taironainn.com\/\" target=\"_blank\">Apartotel Tairona<\/a> is located in Barrio Dent, San Pedro Only 2 minutes away from the UCR campus and the Mall San Pedro, with plenty of dining options and places to visit. All the rooms have full kitchen, along with a 24-hour business center, meeting room and concierge services, complimentary continental breakfast, dry cleaning and laundry facilities. Room rates start at $60.<\/p>\n<\/div>\n<p>&nbsp;<\/li>\n<li>\n<h3>Hotel El Mundo En Un Castillo<\/h3>\n<div class=\"entry-content\">\n<p><a href=\"http:\/\/www.castillohostel.com\" target=\"_blank\">Hotel El Mundo En Un Castillo<\/a>, es un hotel colonial moderno ubicado en el coraz\u00f3n de San Pedro de Montes de Oca (7 min caminando al campus), cuenta con habitaciones finamente decoradas(Tem\u00e1ticas de pa\u00edses) en donde el descanso ser\u00e1 el protagonista y en donde podr\u00e1s disfrutar de tu visita al WordCamp Costa Rica 2016 , ya\u00a0 sea en habitaciones privadas o compartidas. Sus tarifas son de $60 con desayuno incluido ($50 sin desayuno) habitaci\u00f3n doble y $80 habitaci\u00f3n cu\u00e1druple. ($25 adicionales x persona).Mencione que viene al WordCamp y obtenga un 10% de descuento en habitaciones dobles con desayuno incluido ($55).<\/p>\n<hr \/>\n<p><a href=\"http:\/\/www.castillohostel.com\" target=\"_blank\">Hotel El Mundo En Un Castillo<\/a>, is a modern colonial inn located in the heart of San Pedro de Montes de Oca (7 min walk from the campus), with finely decorated rooms where you can relax or just enjoy your visit to WordCamp Costa Rica 2016.\u00a0 There are private or shared rooms. Their rates are $60 double room with breakfast included ($50 without breakfast) and $80 quadruple room. ($ 25 additional x person). Mention the WordCamp adn get 10% off on a double room with breakfast($55). <\/p>\n<\/div>\n<\/li>\n<li>\n<h3>Trip on open house<\/h3>\n<div class=\"entry-content\">\n<p><a href=\"http:\/\/www.triponopenhouse.com\" target=\"_blank\">Trip on open house<\/a> es uno de los hostales m\u00e1s nuevos y m\u00e1s limpios de San Jos\u00e9, Costa Rica. Est\u00e1n situados a s\u00f3lo a 10 minutos caminando de la UCR, 5 minutos de centros comerciales, restaurantes, bares, y a menos de 50 metros de la residencia del\u00a0 presidente de Costa Rica. Ofrecen un desayuno buffet y se ofrecen las siguientes tarifas para los WordCampers.<br \/>\nPara noviembre (inicio de la temporada alta), los precios son los siguientes:<br \/>\nhabitaci\u00f3n de 10 camas $ 12<br \/>\nhabitaci\u00f3n de 8 camas $ 13<br \/>\nhabitaci\u00f3n de 5 camas $ 14<br \/>\nhabitaci\u00f3n de 6 camas $ 15<br \/>\nTambi\u00e9n tienen habitaciones privadas con ba\u00f1o compartido y privado con ba\u00f1o privado &#8211; de $40 &#8211; $60<\/p>\n<hr \/>\n<p><a href=\"http:\/\/www.triponopenhouse.com\" target=\"_blank\">TripOn Open House hostel<\/a> is one of the newest and cleanest hostels in San Jose, Costa Rica. They are located only 5 minutes\u00a0 away from mall San Pedro , restaurants, bars, 10 min from UCR, and its located a block away from the house of the president of Costa Rica . They have a full breakfast buffet included on the rate and they offer this price for campers.<br \/>\nFor November ( Start of the high season), prices are:<br \/>\nrooms 10 Beds $12<br \/>\nrooms 8 Beds $13<br \/>\nrooms 5 Beds $14<br \/>\nrooms 6 Beds $15<br \/>\nThey also have private rooms with shared bathroom and private with en-suite &#8211; these ranges from $40 &#8211; $60<\/p>\n<\/div>\n<p>&nbsp;<\/li>\n<\/ul>\n<\/div>\n","protected":false},"excerpt":{"rendered":"<p>Hotel Ave del Pariaso Hotel Ave del Paraiso &#8211; Eco Boutique Hotel ofrece a sus hu\u00e9spedes amplias y atractivas zonas verdes donde pueden relajarse, disfrutar de un buen libro, una conversaci\u00f3n agradable, el canto de los p\u00e1jaros o un simple &hellip; <a href=\"https:\/\/sanjose.wordcamp.org\/2016\/venue\/hospedaje\/\">Continue reading <span class=\"assistive-text\">Hospedaje<\/span>  <span class=\"meta-nav\">&rarr;<\/span><\/a><\/p>\n","protected":false},"author":319559,"featured_media":0,"parent":106,"menu_order":0,"comment_status":"closed","ping_status":"closed","template":"","meta":{"jetpack_post_was_ever_published":false,"footnotes":""},"class_list":["post-114","page","type-page","status-publish","hentry"],"jetpack_sharing_enabled":true,"jetpack_shortlink":"https:\/\/wp.me\/P7DKHr-1Q","jetpack-related-posts":[{"id":106,"url":"https:\/\/sanjose.wordcamp.org\/2016\/venue\/","url_meta":{"origin":114,"position":0},"title":"Venue","author":"remediosgraphic","date":"August 28, 2016","format":false,"excerpt":"La Universidad de Costa Rica (UCR) es una universidad p\u00fablica de la Rep\u00fablica de Costa Rica, en Centroam\u00e9rica. Su campus principal, Ciudad Universitaria Rodrigo Facio, se encuentra en San Pedro de Montes de Oca, en la provincia de San Jos\u00e9. Es la instituci\u00f3n m\u00e1s antigua, m\u00e1s grande y de mayor\u2026","rel":"","context":"Similar post","block_context":{"text":"Similar post","link":""},"img":{"alt_text":"","src":"https:\/\/i0.wp.com\/sanjose.wordcamp.org\/2016\/files\/2016\/08\/cropped-wordcampSanJose-1-1.png?fit=512%2C512&resize=350%2C200#038;ssl=1","width":350,"height":200},"classes":[]},{"id":116,"url":"https:\/\/sanjose.wordcamp.org\/2016\/venue\/que-hacer-en-costa-rica\/","url_meta":{"origin":114,"position":1},"title":"\u00bfQu\u00e9 hacer en Costa Rica?","author":"remediosgraphic","date":"August 28, 2016","format":false,"excerpt":"Playas, bosques tropicales, una sociedad altamente desarrollada y una calidad de vida envidiable: vivir en Costa Rica puede sonar demasiado bueno para ser verdad. Gracias a la variedad de actividades que ofrece Costa Rica, sus visitantes\u00a0 tienen la ventaja de poder hacer muchas cosas diferentes en un solo viaje. \u00bfQuieres\u2026","rel":"","context":"Similar post","block_context":{"text":"Similar post","link":""},"img":{"alt_text":"cr-beach-wordcamp","src":"https:\/\/i0.wp.com\/2016.sanjose.wordcamp.org\/files\/2016\/08\/cr-beach-wordcamp-1024x596.jpg?resize=350%2C200","width":350,"height":200,"srcset":"https:\/\/i0.wp.com\/2016.sanjose.wordcamp.org\/files\/2016\/08\/cr-beach-wordcamp-1024x596.jpg?resize=350%2C200 1x, https:\/\/i0.wp.com\/2016.sanjose.wordcamp.org\/files\/2016\/08\/cr-beach-wordcamp-1024x596.jpg?resize=525%2C300 1.5x"},"classes":[]},{"id":120,"url":"https:\/\/sanjose.wordcamp.org\/2016\/sponsors\/como-ayudar\/","url_meta":{"origin":114,"position":2},"title":"Niveles de patrocinio","author":"remediosgraphic","date":"August 28, 2016","format":false,"excerpt":"Niveles de patrocinio que ofrecemos: Opci\u00f3n 1 \u2013 Patrocinador Platino (Aportaci\u00f3n: $1.000) 4 Entradas para el WordCamp. 2 Invitaciones para participar en la cena de patrocinadores y expositores. Presencia global durante el WordCamp con la opci\u00f3n de Carteler\u00eda de gran tama\u00f1o en el sal\u00f3n del evento. Posibilidad de inclusi\u00f3n publicitaria\u2026","rel":"","context":"Similar post","block_context":{"text":"Similar post","link":""},"img":{"alt_text":"","src":"https:\/\/i0.wp.com\/sanjose.wordcamp.org\/2016\/files\/2016\/08\/cropped-wordcampSanJose-1-1.png?fit=512%2C512&resize=350%2C200#038;ssl=1","width":350,"height":200},"classes":[]},{"id":118,"url":"https:\/\/sanjose.wordcamp.org\/2016\/contactenos\/codigo-de-conducta\/","url_meta":{"origin":114,"position":3},"title":"C\u00f3digo de Conducta","author":"remediosgraphic","date":"August 28, 2016","format":false,"excerpt":"Prop\u00f3sito WordCamp San Jos\u00e9, Costa Rica cree que nuestra comunidad debe estar abierta para todo el mundo. Como tal, estamos comprometidos a proporcionar un ambiente agradable, seguro y acogedor para todos, independientemente de su sexo, orientaci\u00f3n sexual, discapacidad, etnia, religi\u00f3n, sistema operativo preferido, lenguaje de programaci\u00f3n o editor de texto.\u2026","rel":"","context":"Similar post","block_context":{"text":"Similar post","link":""},"img":{"alt_text":"","src":"https:\/\/i0.wp.com\/sanjose.wordcamp.org\/2016\/files\/2016\/08\/cropped-wordcampSanJose-1-1.png?fit=512%2C512&resize=350%2C200#038;ssl=1","width":350,"height":200},"classes":[]}],"_links":{"self":[{"href":"https:\/\/sanjose.wordcamp.org\/2016\/wp-json\/wp\/v2\/pages\/114","targetHints":{"allow":["GET"]}}],"collection":[{"href":"https:\/\/sanjose.wordcamp.org\/2016\/wp-json\/wp\/v2\/pages"}],"about":[{"href":"https:\/\/sanjose.wordcamp.org\/2016\/wp-json\/wp\/v2\/types\/page"}],"author":[{"embeddable":true,"href":"https:\/\/sanjose.wordcamp.org\/2016\/wp-json\/wp\/v2\/users\/319559"}],"replies":[{"embeddable":true,"href":"https:\/\/sanjose.wordcamp.org\/2016\/wp-json\/wp\/v2\/comments?post=114"}],"version-history":[{"count":13,"href":"https:\/\/sanjose.wordcamp.org\/2016\/wp-json\/wp\/v2\/pages\/114\/revisions"}],"predecessor-version":[{"id":660,"href":"https:\/\/sanjose.wordcamp.org\/2016\/wp-json\/wp\/v2\/pages\/114\/revisions\/660"}],"up":[{"embeddable":true,"href":"https:\/\/sanjose.wordcamp.org\/2016\/wp-json\/wp\/v2\/pages\/106"}],"wp:attachment":[{"href":"https:\/\/sanjose.wordcamp.org\/2016\/wp-json\/wp\/v2\/media?parent=114"}],"curies":[{"name":"wp","href":"https:\/\/api.w.org\/{rel}","templated":true}]}}