{"id":106,"date":"2016-08-28T02:49:09","date_gmt":"2016-08-28T02:49:09","guid":{"rendered":"http:\/\/2016.sanjose.wordcamp.org\/?page_id=106"},"modified":"2016-09-10T23:49:45","modified_gmt":"2016-09-10T23:49:45","slug":"venue","status":"publish","type":"page","link":"https:\/\/sanjose.wordcamp.org\/2016\/venue\/","title":{"rendered":"Venue"},"content":{"rendered":"<div class=\"googlemaps\">\n\t\t\t\t<iframe loading=\"lazy\" width=\"100\" height=\"450\" frameborder=\"0\" scrolling=\"no\" marginheight=\"0\" marginwidth=\"0\"  src=\"https:\/\/www.google.com\/maps\/embed?pb=!1m18!1m12!1m3!1d1964.97774804775!2d-84.05029982016286!3d9.937661060759007!2m3!1f0!2f0!3f0!3m2!1i1024!2i768!4f13.1!3m3!1m2!1s0x8fa0e387f0eb8bdd:0xef4caf5661edd649!2sFacultad%20de%20Microbiolog\u00eda!5e0!3m2!1sen!2sus!4v1472739487009\"><\/iframe>\n\t\t\t<\/div>\n<div class=\"entry-content\">\n<p>La Universidad de Costa Rica (UCR) es una universidad p\u00fablica de la Rep\u00fablica de Costa Rica, en Centroam\u00e9rica. Su campus principal, Ciudad Universitaria Rodrigo Facio, se encuentra en San Pedro de Montes de Oca, en la provincia de San Jos\u00e9. Es la instituci\u00f3n m\u00e1s antigua, m\u00e1s grande y de mayor prestigio de educaci\u00f3n superior en Costa Rica. Tambi\u00e9n es la universidad de investigaci\u00f3n m\u00e1s importante en el pa\u00eds y en Am\u00e9rica Central. Aproximadamente 39.000 estudiantes asisten a la UCR durante todo el a\u00f1o. Este a\u00f1o, vamos a celebrar nuestro WordCamp San Jos\u00e9 2016 en el campus llamado Rodrigo Facio Brenes, con el apoyo del Centro de Inform\u00e1tica y del equipo de la Unidad de Migraci\u00f3n a Software Libre, se llevar\u00e1 a cabo en la Facultad de Microbiolog\u00eda en el campus.<\/p>\n<p>\u00bfC\u00f3mo llegar? La universidad es uno de los puntos m\u00e1s accesibles en la ciudad, tiene su propia terminal de tren urbano, m\u00faltiples rutas de autob\u00fas (San Pedro, Sabanilla, Perif\u00e9rica, internas UCR\u2026), servicio de taxi y Uber s\u00faper eficiente, si buscas un m\u00e9todo m\u00e1s ecol\u00f3gico el lugar es bello para transitar en bicicleta, se cuenta con una ciclov\u00eda que se encuentra cerca del campus.<\/p>\n<hr \/>\n<p>The University of Costa Rica (Spanish: Universidad de Costa Rica, abbreviated UCR) is a public university in the Republic of Costa Rica, Central America. Its main campus, Ciudad Universitaria Rodrigo Facio, is located in San Pedro Montes de Oca,\u00a0 at the province of San Jos\u00e9. It is the oldest, largest, and most prestigious institution of higher education of Costa Rica, originally established as the Universidad de Santo Tom\u00e1s in 1843. It is also the most important research university in the country, and Central America. Approximately 39,000 students attend UCR throughout the year.<\/p>\n<p>This year we will celebrate our WordCamp San Jose 2016 at the campus, with the support of the computer center and the\u00a0 Migration to Free Software Unit Team at the Microbiology School at campus &#8220;Rodrigo Facio Brenes&#8221;.<\/p>\n<p>How to get there? The university is one of the most accessible places in the city, has its own interurban station, multiple bus routes (San pedro, Sabanilla, Perif\u00e9rica, internal UCR &#8230;), highly efficient taxi services and Uber. The place is beautiful to ride a bike, San Pedro has a bike path that is near the campus.<\/p>\n<\/div>\n","protected":false},"excerpt":{"rendered":"<p>La Universidad de Costa Rica (UCR) es una universidad p\u00fablica de la Rep\u00fablica de Costa Rica, en Centroam\u00e9rica. Su campus principal, Ciudad Universitaria Rodrigo Facio, se encuentra en San Pedro de Montes de Oca, en la provincia de San Jos\u00e9. &hellip; <a href=\"https:\/\/sanjose.wordcamp.org\/2016\/venue\/\">Continue reading <span class=\"assistive-text\">Venue<\/span>  <span class=\"meta-nav\">&rarr;<\/span><\/a><\/p>\n","protected":false},"author":319559,"featured_media":0,"parent":0,"menu_order":0,"comment_status":"closed","ping_status":"closed","template":"","meta":{"jetpack_post_was_ever_published":false,"footnotes":""},"class_list":["post-106","page","type-page","status-publish","hentry"],"jetpack_sharing_enabled":true,"jetpack_shortlink":"https:\/\/wp.me\/P7DKHr-1I","jetpack-related-posts":[{"id":114,"url":"https:\/\/sanjose.wordcamp.org\/2016\/venue\/hospedaje\/","url_meta":{"origin":106,"position":0},"title":"Hospedaje","author":"remediosgraphic","date":"August 28, 2016","format":false,"excerpt":"Hotel Ave del Pariaso Hotel Ave del Paraiso - Eco Boutique Hotel ofrece a sus hu\u00e9spedes amplias y atractivas zonas verdes donde pueden relajarse, disfrutar de un buen libro, una conversaci\u00f3n agradable, el canto de los p\u00e1jaros o un simple pero estimulante contacto con la naturaleza. Contiguo al campus de\u2026","rel":"","context":"Similar post","block_context":{"text":"Similar post","link":""},"img":{"alt_text":"","src":"https:\/\/i0.wp.com\/sanjose.wordcamp.org\/2016\/files\/2016\/08\/cropped-wordcampSanJose-1-1.png?fit=512%2C512&resize=350%2C200#038;ssl=1","width":350,"height":200},"classes":[]},{"id":182,"url":"https:\/\/sanjose.wordcamp.org\/2016\/tickets\/","url_meta":{"origin":106,"position":1},"title":"Tickets","author":"remediosgraphic","date":"August 28, 2016","format":false,"excerpt":"Entradas Tu entrada a la conferencia de WordCamp San Jos\u00e9, Costa Rica 2016 acredita para: Un d\u00eda de conferencias #WCCR (s\u00e1bado). Almuerzo, caf\u00e9 y snacks durante el d\u00eda. D\u00eda de comunidad #WCCR* (domingo). Entrada a la fiesta de WordCamp San Jos\u00e9, Costa Rica 2016. Camiseta y otros regalos promocionales. *El\u2026","rel":"","context":"Similar post","block_context":{"text":"Similar post","link":""},"img":{"alt_text":"","src":"https:\/\/i0.wp.com\/sanjose.wordcamp.org\/2016\/files\/2016\/08\/cropped-wordcampSanJose-1-1.png?fit=512%2C512&resize=350%2C200#038;ssl=1","width":350,"height":200},"classes":[]},{"id":1311,"url":"https:\/\/sanjose.wordcamp.org\/2016\/tickets\/microsponsor\/","url_meta":{"origin":106,"position":2},"title":"Microsponsor","author":"remediosgraphic","date":"October 13, 2016","format":false,"excerpt":"WordCamp San Jos\u00e9, Costa Rica 2016 Micropatrocinio Es tu oportunidad de conseguir una entrada para WordCamp San Jos\u00e9, Costa Rica 2016 demostrando un poco m\u00e1s de amor por el evento. Tu nombre y logotipo aparecer\u00e1n en la web WordCamp San Jos\u00e9, Costa Rica 2016 cuando se publique el post de\u2026","rel":"","context":"Similar post","block_context":{"text":"Similar post","link":""},"img":{"alt_text":"","src":"https:\/\/i0.wp.com\/sanjose.wordcamp.org\/2016\/files\/2016\/08\/cropped-wordcampSanJose-1-1.png?fit=512%2C512&resize=350%2C200#038;ssl=1","width":350,"height":200},"classes":[]},{"id":116,"url":"https:\/\/sanjose.wordcamp.org\/2016\/venue\/que-hacer-en-costa-rica\/","url_meta":{"origin":106,"position":3},"title":"\u00bfQu\u00e9 hacer en Costa Rica?","author":"remediosgraphic","date":"August 28, 2016","format":false,"excerpt":"Playas, bosques tropicales, una sociedad altamente desarrollada y una calidad de vida envidiable: vivir en Costa Rica puede sonar demasiado bueno para ser verdad. Gracias a la variedad de actividades que ofrece Costa Rica, sus visitantes\u00a0 tienen la ventaja de poder hacer muchas cosas diferentes en un solo viaje. \u00bfQuieres\u2026","rel":"","context":"Similar post","block_context":{"text":"Similar post","link":""},"img":{"alt_text":"cr-beach-wordcamp","src":"https:\/\/i0.wp.com\/2016.sanjose.wordcamp.org\/files\/2016\/08\/cr-beach-wordcamp-1024x596.jpg?resize=350%2C200","width":350,"height":200,"srcset":"https:\/\/i0.wp.com\/2016.sanjose.wordcamp.org\/files\/2016\/08\/cr-beach-wordcamp-1024x596.jpg?resize=350%2C200 1x, https:\/\/i0.wp.com\/2016.sanjose.wordcamp.org\/files\/2016\/08\/cr-beach-wordcamp-1024x596.jpg?resize=525%2C300 1.5x"},"classes":[]},{"id":118,"url":"https:\/\/sanjose.wordcamp.org\/2016\/contactenos\/codigo-de-conducta\/","url_meta":{"origin":106,"position":4},"title":"C\u00f3digo de Conducta","author":"remediosgraphic","date":"August 28, 2016","format":false,"excerpt":"Prop\u00f3sito WordCamp San Jos\u00e9, Costa Rica cree que nuestra comunidad debe estar abierta para todo el mundo. Como tal, estamos comprometidos a proporcionar un ambiente agradable, seguro y acogedor para todos, independientemente de su sexo, orientaci\u00f3n sexual, discapacidad, etnia, religi\u00f3n, sistema operativo preferido, lenguaje de programaci\u00f3n o editor de texto.\u2026","rel":"","context":"Similar post","block_context":{"text":"Similar post","link":""},"img":{"alt_text":"","src":"https:\/\/i0.wp.com\/sanjose.wordcamp.org\/2016\/files\/2016\/08\/cropped-wordcampSanJose-1-1.png?fit=512%2C512&resize=350%2C200#038;ssl=1","width":350,"height":200},"classes":[]},{"id":1127,"url":"https:\/\/sanjose.wordcamp.org\/2016\/menu-cena-speakers-sponsors\/","url_meta":{"origin":106,"position":5},"title":"Men\u00fa cena speakers sponsors","author":"remediosgraphic","date":"October 9, 2016","format":false,"excerpt":"Queremos invitarte a compartir un rato antes del evento a la cena de speakers y sponsors, la misma se realizar\u00e1 el viernes 4 de Noviembre a las 7:00pm en Caf\u00e9 Mundo (Avenida 9, calle 15, San Jos\u00e9, Costa Rica. Tel\u00e9fono 2222-6190), el lugar tiene parqueo amplio y es muy\u00a0acogedor. Todos\u2026","rel":"","context":"Similar post","block_context":{"text":"Similar post","link":""},"img":{"alt_text":"","src":"https:\/\/i0.wp.com\/sanjose.wordcamp.org\/2016\/files\/2016\/08\/cropped-wordcampSanJose-1-1.png?fit=512%2C512&resize=350%2C200#038;ssl=1","width":350,"height":200},"classes":[]}],"_links":{"self":[{"href":"https:\/\/sanjose.wordcamp.org\/2016\/wp-json\/wp\/v2\/pages\/106","targetHints":{"allow":["GET"]}}],"collection":[{"href":"https:\/\/sanjose.wordcamp.org\/2016\/wp-json\/wp\/v2\/pages"}],"about":[{"href":"https:\/\/sanjose.wordcamp.org\/2016\/wp-json\/wp\/v2\/types\/page"}],"author":[{"embeddable":true,"href":"https:\/\/sanjose.wordcamp.org\/2016\/wp-json\/wp\/v2\/users\/319559"}],"replies":[{"embeddable":true,"href":"https:\/\/sanjose.wordcamp.org\/2016\/wp-json\/wp\/v2\/comments?post=106"}],"version-history":[{"count":11,"href":"https:\/\/sanjose.wordcamp.org\/2016\/wp-json\/wp\/v2\/pages\/106\/revisions"}],"predecessor-version":[{"id":675,"href":"https:\/\/sanjose.wordcamp.org\/2016\/wp-json\/wp\/v2\/pages\/106\/revisions\/675"}],"wp:attachment":[{"href":"https:\/\/sanjose.wordcamp.org\/2016\/wp-json\/wp\/v2\/media?parent=106"}],"curies":[{"name":"wp","href":"https:\/\/api.w.org\/{rel}","templated":true}]}}